{"id":5997,"date":"2022-03-22T10:14:46","date_gmt":"2022-03-22T10:14:46","guid":{"rendered":"https:\/\/www.ghostysky.com\/?post_type=product&#038;p=5997"},"modified":"2024-08-09T01:13:52","modified_gmt":"2024-08-09T01:13:52","slug":"swellpro-splashdrone-4-and-gc3-s-4k-3-axis-bundle","status":"publish","type":"product","link":"https:\/\/www.ghostysky.com\/pt\/product\/swellpro-splashdrone-4-and-gc3-s-4k-3-axis-bundle\/","title":{"rendered":"Bundle Swellpro SplashDrone 4 e GC3-S (4K\/3 eixos)"},"content":{"rendered":"<p>A 5\u00aa Gera\u00e7\u00e3o dos Drones Imperme\u00e1veis Swellpro chegou \u2013 e \u00e9\u00a0<strong>melhor do que nunca<\/strong>.<\/p>\n<p>O SD4 representa mais de sete anos de melhorias de experi\u00eancia e design, resultando na plataforma flutuante e voadora totalmente digital da Swellpro, mais poderosa que nunca.<\/p>\n<p>Sem d\u00favida, a nova refer\u00eancia para Drones \u00e0 prova d'\u00e1gua foi novamente redefinida, simplesmente n\u00e3o h\u00e1 drone no mundo como ele.<\/p>\n<ul>\n<li>Drone \u00e0 prova d&#039;\u00e1gua com classifica\u00e7\u00e3o IP67<\/li>\n<li>Controlador com classifica\u00e7\u00e3o IP66 - agora com a op\u00e7\u00e3o de montar um smartphone ou tablet<\/li>\n<li>Alcance de transmiss\u00e3o de imagem de 5 km com antenas padr\u00e3o<\/li>\n<li>Autonomia de voo de 30 minutos<\/li>\n<li>Capacidade de carga \u00fatil de 2KG<\/li>\n<li>Bateria inteligente de compartimento pr\u00f3prio<\/li>\n<\/ul>\n<p><img fetchpriority=\"high\" decoding=\"async\" class=\"\" src=\"https:\/\/cdn.shopify.com\/s\/files\/1\/2536\/9450\/files\/drone-intelligent-battery.jpg?v=1624103430\" alt=\"bateria de drone \u00e0 prova d&#039;\u00e1gua\" width=\"503\" height=\"234\" \/><\/p>\n<p>O SD4 vem com muito mais recursos e uma gama ainda maior de payloads, incluindo a c\u00e2mera estabilizada de tr\u00eas eixos, que agora grava ficheiros RAW.<\/p>\n<p>Est\u00e1 dispon\u00edvel uma s\u00e9rie de mecanismos de liberta\u00e7\u00e3o de carga \u00fatil bem como uma op\u00e7\u00e3o de c\u00e2mera de imagem t\u00e9rmica. O Splashdrone 4 tamb\u00e9m vem equipado com uma nova poderosa aplica\u00e7\u00e3o m\u00f3vel melhorada.<\/p>\n<p><strong>Caracter\u00edsticas<\/strong><br \/>\nCorpo \u00e0 prova de \u00e1gua do mar com prote\u00e7\u00e3o IP67, controle remoto \u00e0 prova d&#039;\u00e1gua com prote\u00e7\u00e3o IP66, transmiss\u00e3o de imagem at\u00e9 5 km, mudan\u00e7a autom\u00e1tica de pot\u00eancia, capacidade de carga \u00fatil de at\u00e9 2 kg, autonomia de voo at\u00e9 30 min, bateria inteligente remov\u00edvel e recursos como retorno din\u00e2mico para Piloto e muito mais.<\/p>\n<p>SplashDrone 4 \u00e9 o drone \u00e0 prova d&#039;\u00e1gua de 5\u00aa gera\u00e7\u00e3o que representa os 7 anos de conhecimento da SwellPro em tecnologia de impermeabiliza\u00e7\u00e3o de drones.<\/p>\n<p><strong>O SplashDrone 4 foi projetado para ter a melhor tecnologia de impermeabiliza\u00e7\u00e3o do setor.<\/strong><br \/>\nA fuselagem r\u00edgida e forte \u00e9 feita de ABS de grau industrial. Cada SplashDrone 4 \u00e9 selado de f\u00e1brica nos m\u00ednimos detalhes e a press\u00e3o do ar \u00e9 testada para nossa exclusiva garantia \u00e0 prova d&#039;\u00e1gua 100% com prote\u00e7\u00e3o IP67. Os motores \u00e0 prova d&#039;\u00e1gua e a eletr\u00f4nica interna tamb\u00e9m s\u00e3o revestidos com um revestimento resistente \u00e0 corros\u00e3o que adiciona uma camada extra de prote\u00e7\u00e3o.<\/p>\n<p><strong>Novo controle remoto SplashDrone 4<\/strong><br \/>\nO controle remoto \u00e9 \u00e0 prova d'\u00e1gua, pode at\u00e9 lan\u00e7\u00e1-lo na \u00e1gua e este ir\u00e1 flutuar. Estar\u00e1 sempre seguro pois este \u00e9 certificado para prote\u00e7\u00e3o IP66, \u00e0 prova de \u00e0gua e particulas de p\u00f3. O GPS integrado oferece uma variedade de novos recursos, incluindo rastreamento em tempo real, retorno autom\u00e1tico ao piloto e muito mais. Al\u00e9m disso, agora \u00e9 capaz de oferecer conex\u00e3o a v\u00e1rios dispositivos.<br \/>\nO inovador e patenteado controle de voo Smooth+ permite que o piloto ajuste a rota\u00e7\u00e3o e guinada do SplashDrone 4.<\/p>\n<p><strong>Op\u00e7\u00f5es multifuncionais de payloads<\/strong><br \/>\nCom o novo sistema de payloads modular multifuncional e o seu design, o SplashDrone 4 pode ser rapidamente adaptado a diferentes miss\u00f5es.<br \/>\nO SD4 permite adicionar um dos m\u00f3dulos de c\u00e2mera (GC3-S ou GC3-T ou GC2-S ou GC1-S ou FAC) e ao mesmo tempo o m\u00f3dulo de libera\u00e7\u00e3o de carga \u00fatil (PL1-S), que \u00e9 usado para transportar e libertar uma b\u00f3ia, isca, colete, \u2026 com capacidade de carga total de at\u00e9 2kg.<br \/>\nIsso significa que o m\u00f3dulo PL1-S (liberta\u00e7\u00e3o de carga) pode ser acoplado a qualquer um dos m\u00f3dulos de c\u00e2mera (GC3-S ou GC3-T ou GC2-S ou GC1-S ou FAC) ao mesmo tempo.<\/p>\n<p><strong>Sistema de motores de alto desempenho<\/strong><br \/>\nCom motores de 740Kv mais potentes, 40A ESC, juntamente com um design aerodin\u00e2mico otimizado, permitem um controle preciso e responsivo do SplashDrone 4 em quaisquer condi\u00e7\u00f5es climat\u00e9ricas. O SD4 \u00e9 resistente a ventos fortes de 7 beaufort (33 n\u00f3s \u2013 60 km\/h \u2013 31 mph). Possui ainda a capacidade de carregar at\u00e9 2Kg de peso.<\/p>\n<p><strong>Bateria Inteligente (IB4)<\/strong><br \/>\nA nova bateria IB4 \u00e9 remov\u00edvel permitindo a sua r\u00e1pida substitui\u00e7\u00e3o. A nova bateria IB4 possui um sistema interno de gest\u00e3o de energia (tanto carga quanto descarga). As c\u00e9lulas de tecnologia de l\u00edtio de 6600 mAh de alto desempenho fornecem ao SD4 at\u00e9 30 minutos de tempo de voo.<\/p>\n<h3 class=\"product-title\">GC3-S 4K 3 EIXOS GIMBAL 4K C\u00c2MERA IMPERME\u00c1VEL<\/h3>\n<p><img decoding=\"async\" class=\"\" src=\"https:\/\/www.leicesterdrones.com\/image\/cache\/catalog\/sd4-gc3-s\/sd4-gc3-s-01-700x700.jpg\" alt=\"SwellPro SplashDrone 4 GC3-S 4K 3 eixos Gimbal 4k c\u00e2mera \u00e0 prova d&#039;\u00e1gua\" width=\"279\" height=\"416\" \/><\/p>\n<table class=\"table table-bordered\">\n<thead>\n<tr>\n<td colspan=\"2\"><strong>C\u00e2mera<\/strong><\/td>\n<\/tr>\n<\/thead>\n<tbody>\n<tr>\n<td>Taxa de bits m\u00e1xima de v\u00eddeo:<\/td>\n<td>64 Mbps<\/td>\n<\/tr>\n<tr>\n<td>Formatos de fotos:<\/td>\n<td>JPEG \/ DNG<\/td>\n<\/tr>\n<tr>\n<td>Resolu\u00e7\u00f5es de fotos:<\/td>\n<td>4:3\/16:9 12M pixel<\/td>\n<\/tr>\n<tr>\n<td>Formatos de v\u00eddeo:<\/td>\n<td>MP4, MOV<\/td>\n<\/tr>\n<tr>\n<td>Resolu\u00e7\u00e3o de v\u00eddeo:<\/td>\n<td>4K: 3840*2160\/30P | 2,7K: 2704*1520\/60P | FHD: 1920*1080 30\/60\/120p | HD: 1280*720\/240p<\/td>\n<\/tr>\n<tr>\n<td>Peso:<\/td>\n<td>Aproximadamente. 310g<\/td>\n<\/tr>\n<tr>\n<td>Temperatura de trabalho:<\/td>\n<td>-10\u2103 a 40\u2103<\/td>\n<\/tr>\n<tr>\n<td>Classifica\u00e7\u00e3o de IP:<\/td>\n<td>IP67<\/td>\n<\/tr>\n<tr>\n<td>Sensor:<\/td>\n<td>1\/2,3\u2033 12M SONY CMOS<\/td>\n<\/tr>\n<tr>\n<td>Lente:<\/td>\n<td>F4.53mm f\/2.65, FOV: 92.6\u00b0<\/td>\n<\/tr>\n<tr>\n<td>Intervalos ISO:<\/td>\n<td>100 \u2013 3200<\/td>\n<\/tr>\n<tr>\n<td>Velocidade do obturador:<\/td>\n<td>16 \u2013 1\/16000 s<\/td>\n<\/tr>\n<tr>\n<td>Tamanho:<\/td>\n<td>113*92*110mm<\/td>\n<\/tr>\n<tr>\n<td>Tipos de cart\u00e3o SD suportados:<\/td>\n<td>Cart\u00e3o micro-SD com capacidade m\u00e1xima de 128 GB, velocidade de grava\u00e7\u00e3o \u226515 MB\/s, suporta Classe 10 ou superior e classifica\u00e7\u00e3o UHS-1<\/td>\n<\/tr>\n<tr>\n<td>Modos de foto:<\/td>\n<td>Disparo \u00fanico, Foto de rajada: 3\/5\/10 unid. Foto do intervalo: 1\/3\/5\/10s<\/td>\n<\/tr>\n<\/tbody>\n<thead>\n<tr>\n<td colspan=\"2\"><strong>Gimbal<\/strong><\/td>\n<\/tr>\n<\/thead>\n<tbody>\n<tr>\n<td>Eixo:<\/td>\n<td>3 eixos (pitch, roll, yaw)<\/td>\n<\/tr>\n<tr>\n<td>Tom:<\/td>\n<td>-90\u00b0 a 0\u00b0<\/td>\n<\/tr>\n<\/tbody>\n<\/table>\n<h2 class=\"oBOnKe\"><span class=\"JLqJ4b ChMk0b\" data-language-for-alternatives=\"en\" data-language-to-translate-into=\"es\" data-phrase-index=\"2\" data-number-of-phrases=\"6\">O Splash Drone 4 inclui os seguintes itens:<\/span><\/h2>\n<ul>\n<li class=\"oBOnKe\"><span class=\"JLqJ4b ChMk0b\" data-language-for-alternatives=\"en\" data-language-to-translate-into=\"es\" data-phrase-index=\"4\" data-number-of-phrases=\"6\">\u00d71 Drone Splash 4 Drone<\/span><\/li>\n<li><span class=\"JLqJ4b ChMk0b\" data-language-for-alternatives=\"en\" data-language-to-translate-into=\"es\" data-phrase-index=\"4\" data-number-of-phrases=\"6\">\u00d71 GC3-S 4K 3 Axis gimbal 4K c\u00e2mera \u00e0 prova d&#039;\u00e1gua<\/span><\/li>\n<li class=\"oBOnKe\"><span class=\"JLqJ4b ChMk0b\" data-language-for-alternatives=\"en\" data-language-to-translate-into=\"es\" data-phrase-index=\"4\" data-number-of-phrases=\"6\">\u00d71 Controle Remoto SD4<\/span><\/li>\n<li class=\"oBOnKe\"><span class=\"JLqJ4b ChMk0b\" data-language-for-alternatives=\"en\" data-language-to-translate-into=\"es\" data-phrase-index=\"4\" data-number-of-phrases=\"6\">\u00d72 Par de H\u00e9lices<\/span><\/li>\n<li class=\"oBOnKe\"><span class=\"JLqJ4b ChMk0b\" data-language-for-alternatives=\"en\" data-language-to-translate-into=\"es\" data-phrase-index=\"4\" data-number-of-phrases=\"6\">\u00d71 Bateria Inteligente (IB4)<\/span><\/li>\n<li class=\"oBOnKe\"><span class=\"JLqJ4b ChMk0b\" data-language-for-alternatives=\"en\" data-language-to-translate-into=\"es\" data-phrase-index=\"4\" data-number-of-phrases=\"6\">\u00d71 Carregador para IB4<\/span><\/li>\n<li class=\"oBOnKe\"><span class=\"JLqJ4b ChMk0b\" data-language-for-alternatives=\"en\" data-language-to-translate-into=\"es\" data-phrase-index=\"4\" data-number-of-phrases=\"6\">\u00d71 Cabo de Alimenta\u00e7\u00e3o CA<\/span><\/li>\n<li class=\"oBOnKe\"><span class=\"JLqJ4b ChMk0b\" data-language-for-alternatives=\"en\" data-language-to-translate-into=\"es\" data-phrase-index=\"4\" data-number-of-phrases=\"6\">\u00d71 Cabo de Alimenta\u00e7\u00e3o para Controle Remoto<\/span><\/li>\n<li class=\"oBOnKe\"><span class=\"JLqJ4b ChMk0b\" data-language-for-alternatives=\"en\" data-language-to-translate-into=\"es\" data-phrase-index=\"4\" data-number-of-phrases=\"6\">\u00d7<\/span>\u00a0<span class=\"JLqJ4b ChMk0b\" data-language-for-alternatives=\"en\" data-language-to-translate-into=\"es\" data-phrase-index=\"5\" data-number-of-phrases=\"6\">1 Cabo Micro USB<\/span><\/li>\n<li class=\"oBOnKe\"><span class=\"JLqJ4b ChMk0b\" data-language-for-alternatives=\"en\" data-language-to-translate-into=\"es\" data-phrase-index=\"5\" data-number-of-phrases=\"6\">\u00d7 1 chave de fenda sextavada<\/span><\/li>\n<li class=\"oBOnKe\"><span class=\"JLqJ4b ChMk0b\" data-language-for-alternatives=\"en\" data-language-to-translate-into=\"es\" data-phrase-index=\"5\" data-number-of-phrases=\"6\">\u00d7 2 parafusos sextavados<\/span><\/li>\n<li class=\"oBOnKe\"><span class=\"JLqJ4b ChMk0b\" data-language-for-alternatives=\"en\" data-language-to-translate-into=\"es\" data-phrase-index=\"5\" data-number-of-phrases=\"6\">\u00d71 Ventila\u00e7\u00e3o Barom\u00e9trica (extra)<\/span><\/li>\n<li class=\"oBOnKe\"><span class=\"JLqJ4b ChMk0b\" data-language-for-alternatives=\"en\" data-language-to-translate-into=\"es\" data-phrase-index=\"5\" data-number-of-phrases=\"6\">\u00d71 Manual do Utilisador<\/span><\/li>\n<li class=\"oBOnKe\"><span class=\"JLqJ4b ChMk0b\" data-language-for-alternatives=\"en\" data-language-to-translate-into=\"es\" data-phrase-index=\"5\" data-number-of-phrases=\"6\">\u00d71 Certificado<\/span><\/li>\n<li class=\"oBOnKe\"><span class=\"JLqJ4b ChMk0b\" data-language-for-alternatives=\"en\" data-language-to-translate-into=\"es\" data-phrase-index=\"5\" data-number-of-phrases=\"6\">\u00d71 Guia de Manuten\u00e7\u00e3o<\/span><\/li>\n<li class=\"oBOnKe\"><span class=\"JLqJ4b ChMk0b\" data-language-for-alternatives=\"en\" data-language-to-translate-into=\"es\" data-phrase-index=\"5\" data-number-of-phrases=\"6\">\u00d71 Estojo de Transporte.<\/span><\/li>\n<\/ul>","protected":false},"excerpt":{"rendered":"<p><strong>SplashDrone 4 \u00e9 a 5\u00aa gera\u00e7\u00e3o<\/strong> drone \u00e0 prova d'\u00e1gua representando os 7 anos de conhecimento e compreens\u00e3o da SwellPro sobre a tecnologia de impermeabiliza\u00e7\u00e3o de drones.<\/p>\n<p>SplashDrone 4 \u00e9 a nova plataforma de v\u00f4o \u00e0 prova d'\u00e1gua projectada para opera\u00e7\u00f5es multifuncionais em qualquer tipo de ambiente.<\/p>\n<p>O pacote inclui Swellpro&#039;s <strong>m\u00f3dulo de c\u00e2mera 4K GC3-S \u00e0 prova d&#039;\u00e1gua<\/strong> com <strong>cardan de tr\u00eas eixos<\/strong>.<\/p>","protected":false},"featured_media":5998,"comment_status":"open","ping_status":"closed","template":"","meta":[],"product_brand":[],"product_cat":[314,29,278],"product_tag":[312,311,313,310,279],"class_list":{"0":"post-5997","1":"product","2":"type-product","3":"status-publish","4":"has-post-thumbnail","6":"product_cat-bundle-swellpro","7":"product_cat-drones","8":"product_cat-swellpro","9":"product_tag-4k","10":"product_tag-gc3-s","11":"product_tag-gimbal-3-axis","12":"product_tag-sd4","13":"product_tag-swellpro","15":"first","16":"onbackorder","17":"taxable","18":"shipping-taxable","19":"product-type-simple"},"yoast_head":"<!-- This site is optimized with the Yoast SEO plugin v27.4 - https:\/\/yoast.com\/product\/yoast-seo-wordpress\/ -->\n<title>Swellpro SplashDrone 4 and GC3-S (4K\/3-Axis) Bundle -<\/title>\n<meta name=\"description\" content=\"SplashDrone 4 is the 5th generation waterproof drone representing SwellPro&#039;s 7 years of knowledge and understanding of drone waterproofing technology.\" \/>\n<meta name=\"robots\" content=\"index, follow, max-snippet:-1, max-image-preview:large, max-video-preview:-1\" \/>\n<link rel=\"canonical\" href=\"https:\/\/www.ghostysky.com\/pt\/produto-2\/swellpro-splashdrone-4-and-gc3-s-4k-3-axis-bundle\/\" \/>\n<meta property=\"og:locale\" content=\"pt_PT\" \/>\n<meta property=\"og:type\" content=\"article\" \/>\n<meta property=\"og:title\" content=\"Swellpro SplashDrone 4 and GC3-S (4K\/3-Axis) Bundle -\" \/>\n<meta property=\"og:description\" content=\"SplashDrone 4 is the 5th generation waterproof drone representing SwellPro&#039;s 7 years of knowledge and understanding of drone waterproofing technology.\" \/>\n<meta property=\"og:url\" content=\"https:\/\/www.ghostysky.com\/pt\/produto-2\/swellpro-splashdrone-4-and-gc3-s-4k-3-axis-bundle\/\" \/>\n<meta property=\"og:site_name\" content=\"Ghostysky\" \/>\n<meta property=\"article:publisher\" content=\"https:\/\/www.facebook.com\/people\/Ghostysky\/100057676170234\/\" \/>\n<meta property=\"article:modified_time\" content=\"2024-08-09T01:13:52+00:00\" \/>\n<meta property=\"og:image\" content=\"https:\/\/www.ghostysky.com\/wp-content\/uploads\/2022\/03\/SP-SD4-A100_10-GC3PL1.jpg\" \/>\n\t<meta property=\"og:image:width\" content=\"1200\" \/>\n\t<meta property=\"og:image:height\" content=\"1200\" \/>\n\t<meta property=\"og:image:type\" content=\"image\/jpeg\" \/>\n<meta name=\"twitter:card\" content=\"summary_large_image\" \/>\n<meta name=\"twitter:site\" content=\"@Gh0stysky\" \/>\n<meta name=\"twitter:label1\" content=\"Tempo estimado de leitura\" \/>\n\t<meta name=\"twitter:data1\" content=\"4 minutos\" \/>\n<script type=\"application\/ld+json\" class=\"yoast-schema-graph\">{\"@context\":\"https:\\\/\\\/schema.org\",\"@graph\":[{\"@type\":\"WebPage\",\"@id\":\"https:\\\/\\\/www.ghostysky.com\\\/product\\\/swellpro-splashdrone-4-and-gc3-s-4k-3-axis-bundle\\\/\",\"url\":\"https:\\\/\\\/www.ghostysky.com\\\/product\\\/swellpro-splashdrone-4-and-gc3-s-4k-3-axis-bundle\\\/\",\"name\":\"Swellpro SplashDrone 4 and GC3-S (4K\\\/3-Axis) Bundle -\",\"isPartOf\":{\"@id\":\"https:\\\/\\\/www.ghostysky.com\\\/#website\"},\"primaryImageOfPage\":{\"@id\":\"https:\\\/\\\/www.ghostysky.com\\\/product\\\/swellpro-splashdrone-4-and-gc3-s-4k-3-axis-bundle\\\/#primaryimage\"},\"image\":{\"@id\":\"https:\\\/\\\/www.ghostysky.com\\\/product\\\/swellpro-splashdrone-4-and-gc3-s-4k-3-axis-bundle\\\/#primaryimage\"},\"thumbnailUrl\":\"https:\\\/\\\/www.ghostysky.com\\\/wp-content\\\/uploads\\\/2022\\\/03\\\/SP-SD4-A100_10-GC3PL1.jpg\",\"datePublished\":\"2022-03-22T10:14:46+00:00\",\"dateModified\":\"2024-08-09T01:13:52+00:00\",\"description\":\"SplashDrone 4 is the 5th generation waterproof drone representing SwellPro's 7 years of knowledge and understanding of drone waterproofing technology.\",\"breadcrumb\":{\"@id\":\"https:\\\/\\\/www.ghostysky.com\\\/product\\\/swellpro-splashdrone-4-and-gc3-s-4k-3-axis-bundle\\\/#breadcrumb\"},\"inLanguage\":\"pt-PT\",\"potentialAction\":[{\"@type\":\"ReadAction\",\"target\":[\"https:\\\/\\\/www.ghostysky.com\\\/product\\\/swellpro-splashdrone-4-and-gc3-s-4k-3-axis-bundle\\\/\"]}]},{\"@type\":\"ImageObject\",\"inLanguage\":\"pt-PT\",\"@id\":\"https:\\\/\\\/www.ghostysky.com\\\/product\\\/swellpro-splashdrone-4-and-gc3-s-4k-3-axis-bundle\\\/#primaryimage\",\"url\":\"https:\\\/\\\/www.ghostysky.com\\\/wp-content\\\/uploads\\\/2022\\\/03\\\/SP-SD4-A100_10-GC3PL1.jpg\",\"contentUrl\":\"https:\\\/\\\/www.ghostysky.com\\\/wp-content\\\/uploads\\\/2022\\\/03\\\/SP-SD4-A100_10-GC3PL1.jpg\",\"width\":1200,\"height\":1200},{\"@type\":\"BreadcrumbList\",\"@id\":\"https:\\\/\\\/www.ghostysky.com\\\/product\\\/swellpro-splashdrone-4-and-gc3-s-4k-3-axis-bundle\\\/#breadcrumb\",\"itemListElement\":[{\"@type\":\"ListItem\",\"position\":1,\"name\":\"Home\",\"item\":\"https:\\\/\\\/www.ghostysky.com\\\/\"},{\"@type\":\"ListItem\",\"position\":2,\"name\":\"Shop\",\"item\":\"https:\\\/\\\/www.ghostysky.com\\\/shop\\\/\"},{\"@type\":\"ListItem\",\"position\":3,\"name\":\"Swellpro SplashDrone 4 and GC3-S (4K\\\/3-Axis) Bundle\"}]},{\"@type\":\"WebSite\",\"@id\":\"https:\\\/\\\/www.ghostysky.com\\\/#website\",\"url\":\"https:\\\/\\\/www.ghostysky.com\\\/\",\"name\":\"Ghostysky\",\"description\":\"Delivering professional drones and robotics solutions\",\"publisher\":{\"@id\":\"https:\\\/\\\/www.ghostysky.com\\\/#organization\"},\"potentialAction\":[{\"@type\":\"SearchAction\",\"target\":{\"@type\":\"EntryPoint\",\"urlTemplate\":\"https:\\\/\\\/www.ghostysky.com\\\/?s={search_term_string}\"},\"query-input\":{\"@type\":\"PropertyValueSpecification\",\"valueRequired\":true,\"valueName\":\"search_term_string\"}}],\"inLanguage\":\"pt-PT\"},{\"@type\":\"Organization\",\"@id\":\"https:\\\/\\\/www.ghostysky.com\\\/#organization\",\"name\":\"Ghostysky\",\"url\":\"https:\\\/\\\/www.ghostysky.com\\\/\",\"logo\":{\"@type\":\"ImageObject\",\"inLanguage\":\"pt-PT\",\"@id\":\"https:\\\/\\\/www.ghostysky.com\\\/#\\\/schema\\\/logo\\\/image\\\/\",\"url\":\"https:\\\/\\\/www.ghostysky.com\\\/wp-content\\\/uploads\\\/2020\\\/06\\\/cropped-ghostyskylogo_text_white2.png\",\"contentUrl\":\"https:\\\/\\\/www.ghostysky.com\\\/wp-content\\\/uploads\\\/2020\\\/06\\\/cropped-ghostyskylogo_text_white2.png\",\"width\":169,\"height\":56,\"caption\":\"Ghostysky\"},\"image\":{\"@id\":\"https:\\\/\\\/www.ghostysky.com\\\/#\\\/schema\\\/logo\\\/image\\\/\"},\"sameAs\":[\"https:\\\/\\\/www.facebook.com\\\/people\\\/Ghostysky\\\/100057676170234\\\/\",\"https:\\\/\\\/x.com\\\/Gh0stysky\",\"https:\\\/\\\/www.linkedin.com\\\/company\\\/34739653\",\"https:\\\/\\\/www.instagram.com\\\/gh0stysky\"]}]}<\/script>\n<!-- \/ Yoast SEO plugin. -->","yoast_head_json":{"title":"Pacote Swellpro SplashDrone 4 e GC3-S (4K\/3 eixos) -","description":"SplashDrone 4 \u00e9 o drone \u00e0 prova d&#039;\u00e1gua de 5\u00aa gera\u00e7\u00e3o que representa os 7 anos de conhecimento e compreens\u00e3o da SwellPro em tecnologia de impermeabiliza\u00e7\u00e3o de drones.","robots":{"index":"index","follow":"follow","max-snippet":"max-snippet:-1","max-image-preview":"max-image-preview:large","max-video-preview":"max-video-preview:-1"},"canonical":"https:\/\/www.ghostysky.com\/pt\/produto-2\/swellpro-splashdrone-4-and-gc3-s-4k-3-axis-bundle\/","og_locale":"pt_PT","og_type":"article","og_title":"Swellpro SplashDrone 4 and GC3-S (4K\/3-Axis) Bundle -","og_description":"SplashDrone 4 is the 5th generation waterproof drone representing SwellPro's 7 years of knowledge and understanding of drone waterproofing technology.","og_url":"https:\/\/www.ghostysky.com\/pt\/produto-2\/swellpro-splashdrone-4-and-gc3-s-4k-3-axis-bundle\/","og_site_name":"Ghostysky","article_publisher":"https:\/\/www.facebook.com\/people\/Ghostysky\/100057676170234\/","article_modified_time":"2024-08-09T01:13:52+00:00","og_image":[{"width":1200,"height":1200,"url":"https:\/\/www.ghostysky.com\/wp-content\/uploads\/2022\/03\/SP-SD4-A100_10-GC3PL1.jpg","type":"image\/jpeg"}],"twitter_card":"summary_large_image","twitter_site":"@Gh0stysky","twitter_misc":{"Tempo estimado de leitura":"4 minutos"},"schema":{"@context":"https:\/\/schema.org","@graph":[{"@type":"WebPage","@id":"https:\/\/www.ghostysky.com\/product\/swellpro-splashdrone-4-and-gc3-s-4k-3-axis-bundle\/","url":"https:\/\/www.ghostysky.com\/product\/swellpro-splashdrone-4-and-gc3-s-4k-3-axis-bundle\/","name":"Pacote Swellpro SplashDrone 4 e GC3-S (4K\/3 eixos) -","isPartOf":{"@id":"https:\/\/www.ghostysky.com\/#website"},"primaryImageOfPage":{"@id":"https:\/\/www.ghostysky.com\/product\/swellpro-splashdrone-4-and-gc3-s-4k-3-axis-bundle\/#primaryimage"},"image":{"@id":"https:\/\/www.ghostysky.com\/product\/swellpro-splashdrone-4-and-gc3-s-4k-3-axis-bundle\/#primaryimage"},"thumbnailUrl":"https:\/\/www.ghostysky.com\/wp-content\/uploads\/2022\/03\/SP-SD4-A100_10-GC3PL1.jpg","datePublished":"2022-03-22T10:14:46+00:00","dateModified":"2024-08-09T01:13:52+00:00","description":"SplashDrone 4 \u00e9 o drone \u00e0 prova d&#039;\u00e1gua de 5\u00aa gera\u00e7\u00e3o que representa os 7 anos de conhecimento e compreens\u00e3o da SwellPro em tecnologia de impermeabiliza\u00e7\u00e3o de drones.","breadcrumb":{"@id":"https:\/\/www.ghostysky.com\/product\/swellpro-splashdrone-4-and-gc3-s-4k-3-axis-bundle\/#breadcrumb"},"inLanguage":"pt-PT","potentialAction":[{"@type":"ReadAction","target":["https:\/\/www.ghostysky.com\/product\/swellpro-splashdrone-4-and-gc3-s-4k-3-axis-bundle\/"]}]},{"@type":"ImageObject","inLanguage":"pt-PT","@id":"https:\/\/www.ghostysky.com\/product\/swellpro-splashdrone-4-and-gc3-s-4k-3-axis-bundle\/#primaryimage","url":"https:\/\/www.ghostysky.com\/wp-content\/uploads\/2022\/03\/SP-SD4-A100_10-GC3PL1.jpg","contentUrl":"https:\/\/www.ghostysky.com\/wp-content\/uploads\/2022\/03\/SP-SD4-A100_10-GC3PL1.jpg","width":1200,"height":1200},{"@type":"BreadcrumbList","@id":"https:\/\/www.ghostysky.com\/product\/swellpro-splashdrone-4-and-gc3-s-4k-3-axis-bundle\/#breadcrumb","itemListElement":[{"@type":"ListItem","position":1,"name":"Home","item":"https:\/\/www.ghostysky.com\/"},{"@type":"ListItem","position":2,"name":"Shop","item":"https:\/\/www.ghostysky.com\/shop\/"},{"@type":"ListItem","position":3,"name":"Swellpro SplashDrone 4 and GC3-S (4K\/3-Axis) Bundle"}]},{"@type":"WebSite","@id":"https:\/\/www.ghostysky.com\/#website","url":"https:\/\/www.ghostysky.com\/","name":"Ghostysky","description":"Fornecendo solu\u00e7\u00f5es profissionais em drones e rob\u00f3tica.","publisher":{"@id":"https:\/\/www.ghostysky.com\/#organization"},"potentialAction":[{"@type":"SearchAction","target":{"@type":"EntryPoint","urlTemplate":"https:\/\/www.ghostysky.com\/?s={search_term_string}"},"query-input":{"@type":"PropertyValueSpecification","valueRequired":true,"valueName":"search_term_string"}}],"inLanguage":"pt-PT"},{"@type":"Organization","@id":"https:\/\/www.ghostysky.com\/#organization","name":"Ghostysky","url":"https:\/\/www.ghostysky.com\/","logo":{"@type":"ImageObject","inLanguage":"pt-PT","@id":"https:\/\/www.ghostysky.com\/#\/schema\/logo\/image\/","url":"https:\/\/www.ghostysky.com\/wp-content\/uploads\/2020\/06\/cropped-ghostyskylogo_text_white2.png","contentUrl":"https:\/\/www.ghostysky.com\/wp-content\/uploads\/2020\/06\/cropped-ghostyskylogo_text_white2.png","width":169,"height":56,"caption":"Ghostysky"},"image":{"@id":"https:\/\/www.ghostysky.com\/#\/schema\/logo\/image\/"},"sameAs":["https:\/\/www.facebook.com\/people\/Ghostysky\/100057676170234\/","https:\/\/x.com\/Gh0stysky","https:\/\/www.linkedin.com\/company\/34739653","https:\/\/www.instagram.com\/gh0stysky"]}]}},"_links":{"self":[{"href":"https:\/\/www.ghostysky.com\/pt\/wp-json\/wp\/v2\/product\/5997","targetHints":{"allow":["GET"]}}],"collection":[{"href":"https:\/\/www.ghostysky.com\/pt\/wp-json\/wp\/v2\/product"}],"about":[{"href":"https:\/\/www.ghostysky.com\/pt\/wp-json\/wp\/v2\/types\/product"}],"replies":[{"embeddable":true,"href":"https:\/\/www.ghostysky.com\/pt\/wp-json\/wp\/v2\/comments?post=5997"}],"version-history":[{"count":0,"href":"https:\/\/www.ghostysky.com\/pt\/wp-json\/wp\/v2\/product\/5997\/revisions"}],"wp:featuredmedia":[{"embeddable":true,"href":"https:\/\/www.ghostysky.com\/pt\/wp-json\/wp\/v2\/media\/5998"}],"wp:attachment":[{"href":"https:\/\/www.ghostysky.com\/pt\/wp-json\/wp\/v2\/media?parent=5997"}],"wp:term":[{"taxonomy":"product_brand","embeddable":true,"href":"https:\/\/www.ghostysky.com\/pt\/wp-json\/wp\/v2\/product_brand?post=5997"},{"taxonomy":"product_cat","embeddable":true,"href":"https:\/\/www.ghostysky.com\/pt\/wp-json\/wp\/v2\/product_cat?post=5997"},{"taxonomy":"product_tag","embeddable":true,"href":"https:\/\/www.ghostysky.com\/pt\/wp-json\/wp\/v2\/product_tag?post=5997"}],"curies":[{"name":"wp","href":"https:\/\/api.w.org\/{rel}","templated":true}]}}