{"id":6019,"date":"2022-03-22T11:31:37","date_gmt":"2022-03-22T11:31:37","guid":{"rendered":"https:\/\/www.ghostysky.com\/?post_type=product&#038;p=6019"},"modified":"2024-05-30T05:28:37","modified_gmt":"2024-05-30T05:28:37","slug":"swellpro-spry-waterproof-drone","status":"publish","type":"product","link":"https:\/\/www.ghostysky.com\/pt\/product\/swellpro-spry-waterproof-drone\/","title":{"rendered":"Drone \u00e0 prova d&#039;\u00e1gua Swellpro Spry+ (4K\/1080P)"},"content":{"rendered":"<h2>Drone \u00e0 prova d'\u00e1gua<\/h2>\n<p><strong>100% \u00e0 prova d&#039;\u00e1gua com classifica\u00e7\u00e3o IP67<\/strong><\/p>\n<p>O drone Spry+ foi projectado para ser flutuante, \u00e0 prova d'\u00e1gua. Foi constru\u00eddo especificamente para ambientes marinhos hostis, com motores revestidos a materiais resistentes \u00e0 corros\u00e3o. Descole e aterre da \u00e1gua com total tranquilidade.<\/p>\n<p><strong>Compacto e Port\u00e1til<\/strong><\/p>\n<p>O Spry+ \u00e9 compacto, robusto e pronto a acompanh\u00e1-lo na \u00e1gua. O Spry+ vem com um pacote completo numa mala de transporte personalizada e leve, para que seja f\u00e1cil de levar para qualquer tipo de aventura.<\/p>\n<p><strong>Alta agilidade<\/strong><\/p>\n<p>O Spry+ foi projectado para ser um drone compacto, extremamente resistente e  aerodinamico afim de reduzir o arrasto e a turbul\u00eancia.<\/p>\n<p>Motores e ESCs de alta pot\u00eancia aumentam o limite de velocidade do Spry para mais de 65 KM\/H no modo manual. Permite descolar facilmente da \u00e1gua, realizar manobras a\u00e9reas e at\u00e9 mesmo mergulhar de froma breve debaixo d'\u00e1gua.<\/p>\n<p>O Spry +\u00e9 um drone din\u00e2mico para filmagem em passeios de barco, surf, wakeboard, jet-ski, caiaque e esqui aqu\u00e1tico.<\/p>\n<p><strong>F\u00e1cil de voar<\/strong><\/p>\n<p>O Spry+ \u00e9 r\u00e1pido, imperme\u00e1vel, de f\u00e1cil utiliza\u00e7\u00e3o e divertido de voar. Voe no modo GPS para controle autom\u00e1tico em modo hover ou mude altere para o modo de voo ATTI para uma experi\u00eancia de pilotagem mais livre. O modo voar em c\u00edrculo mant\u00e9m automaticamente o drone voltado para um ponto central enquanto orbita em torno dele.<\/p>\n<h2>A ci\u00eancia do design do Spry+<\/h2>\n<hr \/>\n<p><strong>Quadro aerodin\u00e2mico<\/strong><\/p>\n<p>O Spry+ foi projectado para ser simples, compacto e aerodin\u00e2mico afim de reduzir o arrasto e a turbul\u00eancia.<\/p>\n<p><img decoding=\"async\" src=\"data:image\/gif;base64,R0lGODlhAQABAAAAACH5BAEKAAEALAAAAAABAAEAAAICTAEAOw==\" alt=\"Drone aerodin\u00e2mico \u00e0 prova d&#039;\u00e1gua Follow Me\" class=\"lazyload\" data-src=\"https:\/\/cdn.shopify.com\/s\/files\/1\/2536\/9450\/files\/aerodynamics-design-drone.jpg?v=1546901439\"><\/p>\n<p><strong>Dissipa\u00e7\u00e3o de calor<\/strong><\/p>\n<p>Uma grelha de dissipadores de calor de alum\u00ednio mant\u00e9m o drone a uma temperatura ideal, dissipando o calor para o lado de fora da estrutura selada.<\/p>\n<p><img decoding=\"async\" src=\"data:image\/gif;base64,R0lGODlhAQABAAAAACH5BAEKAAEALAAAAAABAAEAAAICTAEAOw==\" alt=\"Drone \u00e0 prova d&#039;\u00e1gua de dissipa\u00e7\u00e3o de calor\" class=\"lazyload\" data-src=\"https:\/\/cdn.shopify.com\/s\/files\/1\/2536\/9450\/files\/heat-dissipation-drone.jpg?v=1546901734\"><\/p>\n<p><strong>P\u00e1ra-choques de aterragem<\/strong><\/p>\n<p>Quatro amortecedores de borracha absorvem as vibra\u00e7\u00f5es quando o Spry+ aterra no ch\u00e3o.<\/p>\n<p><img decoding=\"async\" src=\"data:image\/gif;base64,R0lGODlhAQABAAAAACH5BAEKAAEALAAAAAABAAEAAAICTAEAOw==\" alt=\"Drone \u00e0 prova d&#039;\u00e1gua com amortecedores de pouso\" class=\"lazyload\" data-src=\"https:\/\/cdn.shopify.com\/s\/files\/1\/2536\/9450\/files\/landing-bumpers-drone.jpg?v=1546901846\"><\/p>\n<p><strong>Tampa da Escotilha<\/strong><\/p>\n<p>A escotilha projetada exclusivamente pela Swellpro ventila a estrutura da aeronave, evitando a entrada de \u00e1gua. O design da tampa tamb\u00e9m evita que a \u00e1gua entre na fuselagem quando a tampa \u00e9 aberta.<\/p>\n<p><img decoding=\"async\" src=\"data:image\/gif;base64,R0lGODlhAQABAAAAACH5BAEKAAEALAAAAAABAAEAAAICTAEAOw==\" alt=\"Drone \u00e0 prova d&#039;\u00e1gua com tampa de escotilha\" class=\"lazyload\" data-src=\"https:\/\/cdn.shopify.com\/s\/files\/1\/2536\/9450\/files\/hatch-lid-air-vent-drone.jpg?v=1546901872\"><\/p>\n<p><strong>Interruptor externo LIGADO\/DESLIGADO<\/strong><\/p>\n<p>Um interruptor externo \u00e0 prova d'\u00e1gua permite que voc\u00ea ligue ou desligue o spry+ sem abrir a tampa da escotilha.<\/p>\n<p><img decoding=\"async\" src=\"data:image\/gif;base64,R0lGODlhAQABAAAAACH5BAEKAAEALAAAAAABAAEAAAICTAEAOw==\" alt=\"Drone \u00e0 prova d&#039;\u00e1gua com interruptor de alimenta\u00e7\u00e3o externo\" class=\"lazyload\" data-src=\"https:\/\/cdn.shopify.com\/s\/files\/1\/2536\/9450\/files\/external-switch-drone.jpg?v=1546901895\"><\/p>\n<p><strong><em>Pequeno sonho, grande sonho<\/em><\/strong><\/p>\n<p><a title=\"Baixe o manual do usu\u00e1rio do Spry + Drone\" href=\"https:\/\/cdn.shopify.com\/s\/files\/1\/2536\/9450\/files\/Spry_User_Manual__EN_V1.1.pdf?232\" target=\"_blank\" rel=\"noopener noreferrer\">Baixar manual do usu\u00e1rio<\/a><\/p>\n<p><strong>Por favor, note que este n\u00e3o \u00e9 um brinquedo e n\u00e3o podemos vender para menores de 16 anos.<\/strong><\/p>\n<p>&nbsp;<\/p>\n<h3>Drone<\/h3>\n<ul>\n<li>N\u00edvel \u00e0 prova d&#039;\u00e1gua da aeronave: IP67<\/li>\n<li>Di\u00e2metro (motor a motor): 270mm<\/li>\n<li>Dimens\u00f5es (CxLxA): 233,5 x 249 x 90mm<\/li>\n<li>Peso: 780g (com bateria)<\/li>\n<li>Motores de propuls\u00e3o: Brushless 2206 1420KV<\/li>\n<li>Controle do Motor ESC: 30A<\/li>\n<li>H\u00e9lices: #6045<\/li>\n<li>Bateria do drone: 3S 2800mAh HiLV<\/li>\n<li>Peso da bateria: 222g<\/li>\n<li>Tempo de carregamento: 90 minutos<\/li>\n<li>Transmissor de v\u00eddeo: 5.8G 8CH<\/li>\n<li>Pot\u00eancia de transmiss\u00e3o de v\u00eddeo: 200mW<\/li>\n<li>Tempo de voo: 15~17 minutos<\/li>\n<li>Alcance M\u00e1ximo de Voo: 800m<\/li>\n<li>Altitude m\u00e1xima de v\u00f4o: 200m<\/li>\n<li>Velocidade m\u00e1xima de v\u00f4o: 18 m\/s (65 km\/h)<\/li>\n<li>Velocidade m\u00e1xima de subida: 4m\/s (240m\/min)<\/li>\n<li>Velocidade m\u00e1xima de seguimento: 10 m\/s (36 km\/h)<\/li>\n<li>Sistema de Posicionamento Espacial: Sat\u00e9lites Duplos \u2013 GPS\/GLONASS<\/li>\n<li>Precis\u00e3o de hover: \u00b10,5m<\/li>\n<li>Resist\u00eancia ao vento: &lt; 10m\/s<\/li>\n<li>Temperatura de opera\u00e7\u00e3o: -10C\u00b0~ 40C\u00b0<\/li>\n<li>Controlador de voo propriet\u00e1rio: Sim<\/li>\n<li>OSD integrado (On Screen Display): Sim<\/li>\n<li>Controle de aplica\u00e7\u00f5es m\u00f3veis: sim<\/li>\n<li>Modos de voo: Auto-descolagem, Auto-hover, Follow-me, RTH, Orbit fly, Tap fly, Navega\u00e7\u00e3o aut\u00f4noma<\/li>\n<\/ul>\n<h3>Controle remoto<\/h3>\n<ul>\n<li>N\u00edvel de prova d'\u00e1gua: IP67 (flutuar na \u00e1gua)<\/li>\n<li>Peso: 560g (incluindo bateria)<\/li>\n<li>Banda de frequ\u00eancia: 2405 ~ 2475HM<\/li>\n<li>N\u00famero de canais: 8 canais<\/li>\n<li>Faixa de controle: 0,8 km<\/li>\n<li>Sensibilidade do Receptor (1%PER): -105dbm<\/li>\n<li>Corrente de trabalho: 120 mA<\/li>\n<li>Capacidade da bateria: Constru\u00eddo em 2S 2000mAh LiPo<\/li>\n<li>Autonomia: 2 horas<\/li>\n<li>Tempo de carregamento: 90 minutos<\/li>\n<\/ul>\n<h3>Monitor FPV<\/h3>\n<ul>\n<li>Banda de frequ\u00eancia: 5645 ~ 5965HMZ<\/li>\n<li>Tamanho do ecr\u00e3: 4,3 polegadas<\/li>\n<li>Resolu\u00e7\u00e3o: 800 x 480 pixels<\/li>\n<li>Brilho: 600 cd\/m\u00b2<\/li>\n<\/ul>\n<h3>C\u00e2mera<\/h3>\n<ul>\n<li>Sensor de imagem: SONY 1\/2,3\u201d CMOS, 1200M<\/li>\n<li>Lente: F4.53mm f\/2.65<\/li>\n<li>FOV: 92,6\u00b0<\/li>\n<li>Intervalo ISO: 100-1600<\/li>\n<li>Resolu\u00e7\u00e3o da foto: 12MP (16:9)<\/li>\n<li>Resolu\u00e7\u00e3o de v\u00eddeo: 4K 30FPS (3840*2160) | 2,5K 60FPS (2560*1440) | 1080P 30\/60\/120FPS (1920*1080) | 720P 240FPS (1280*720)<\/li>\n<li>Bitrate m\u00e1ximo de v\u00eddeo: 64 mbps<\/li>\n<li>Formato da foto: JPEG<\/li>\n<li>Formato de v\u00eddeo: MOV MP4<\/li>\n<li>Armazenamento: Cart\u00e3o Micro SD Classe 10 de alta velocidade ou UHS-1 e especifica\u00e7\u00f5es superiores Cart\u00e3o Micro SD, suporte m\u00e1ximo de 64 GB<\/li>\n<\/ul>\n<p><img decoding=\"async\" src=\"data:image\/gif;base64,R0lGODlhAQABAAAAACH5BAEKAAEALAAAAAABAAEAAAICTAEAOw==\" alt=\"\" class=\"lazyload\" data-src=\"https:\/\/cdn.shopify.com\/s\/files\/1\/0016\/1572\/4608\/files\/20200314141848.jpg?v=1584166840\"><\/p>","protected":false},"excerpt":{"rendered":"<p>A aeronave e o controle remoto do Spry+ s\u00e3o totalmente \u00e0 prova d&#039;\u00e1gua e resistentes \u00e0 corros\u00e3o. <strong>Aterrissar e decolar da \u00e1gua com a tranquilidade do 100%<\/strong> pois o Spry+ pode flutuar com seguran\u00e7a. <strong>Os motores s\u00e3o especialmente revestidos com materiais resistentes \u00e0 corros\u00e3o<\/strong>, e as <strong>c\u00e2mera do cardan<\/strong> \u00e9 envolto em um opticamente<\/p>","protected":false},"featured_media":6020,"comment_status":"open","ping_status":"closed","template":"","meta":[],"product_brand":[],"product_cat":[29,303,278],"product_tag":[321,279,282],"class_list":{"0":"post-6019","1":"product","2":"type-product","3":"status-publish","4":"has-post-thumbnail","6":"product_cat-drones","7":"product_cat-drones-sweellpro","8":"product_cat-swellpro","9":"product_tag-spry","10":"product_tag-swellpro","11":"product_tag-waterproof-drone","13":"first","14":"outofstock","15":"taxable","16":"shipping-taxable","17":"product-type-simple"},"yoast_head":"<!-- This site is optimized with the Yoast SEO plugin v27.1.1 - https:\/\/yoast.com\/product\/yoast-seo-wordpress\/ -->\n<title>Swellpro Spry+ Waterproof Drone (4K\/1080P) -<\/title>\n<meta name=\"description\" content=\"The aircraft and remote controller of Spry+ are totally waterproof and corrosion-resistant. Landing and taking off from the water with 100% peace of mind as the Spry+ can safely float.\" \/>\n<meta name=\"robots\" content=\"index, follow, max-snippet:-1, max-image-preview:large, max-video-preview:-1\" \/>\n<link rel=\"canonical\" href=\"https:\/\/www.ghostysky.com\/pt\/produto-2\/swellpro-spry-waterproof-drone\/\" \/>\n<meta property=\"og:locale\" content=\"pt_PT\" \/>\n<meta property=\"og:type\" content=\"article\" \/>\n<meta property=\"og:title\" content=\"Swellpro Spry+ Waterproof Drone (4K\/1080P) -\" \/>\n<meta property=\"og:description\" content=\"The aircraft and remote controller of Spry+ are totally waterproof and corrosion-resistant. Landing and taking off from the water with 100% peace of mind as the Spry+ can safely float.\" \/>\n<meta property=\"og:url\" content=\"https:\/\/www.ghostysky.com\/pt\/produto-2\/swellpro-spry-waterproof-drone\/\" \/>\n<meta property=\"og:site_name\" content=\"Ghostysky\" \/>\n<meta property=\"article:publisher\" content=\"https:\/\/www.facebook.com\/people\/Ghostysky\/100057676170234\/\" \/>\n<meta property=\"article:modified_time\" content=\"2024-05-30T05:28:37+00:00\" \/>\n<meta property=\"og:image\" content=\"https:\/\/www.ghostysky.com\/wp-content\/uploads\/2022\/03\/SP-SPY-A008_01.jpg\" \/>\n\t<meta property=\"og:image:width\" content=\"1200\" \/>\n\t<meta property=\"og:image:height\" content=\"1200\" \/>\n\t<meta property=\"og:image:type\" content=\"image\/jpeg\" \/>\n<meta name=\"twitter:card\" content=\"summary_large_image\" \/>\n<meta name=\"twitter:site\" content=\"@Gh0stysky\" \/>\n<meta name=\"twitter:label1\" content=\"Tempo estimado de leitura\" \/>\n\t<meta name=\"twitter:data1\" content=\"4 minutos\" \/>\n<script type=\"application\/ld+json\" class=\"yoast-schema-graph\">{\"@context\":\"https:\/\/schema.org\",\"@graph\":[{\"@type\":\"WebPage\",\"@id\":\"https:\/\/www.ghostysky.com\/product\/swellpro-spry-waterproof-drone\/\",\"url\":\"https:\/\/www.ghostysky.com\/product\/swellpro-spry-waterproof-drone\/\",\"name\":\"Swellpro Spry+ Waterproof Drone (4K\/1080P) -\",\"isPartOf\":{\"@id\":\"https:\/\/www.ghostysky.com\/#website\"},\"primaryImageOfPage\":{\"@id\":\"https:\/\/www.ghostysky.com\/product\/swellpro-spry-waterproof-drone\/#primaryimage\"},\"image\":{\"@id\":\"https:\/\/www.ghostysky.com\/product\/swellpro-spry-waterproof-drone\/#primaryimage\"},\"thumbnailUrl\":\"https:\/\/www.ghostysky.com\/wp-content\/uploads\/2022\/03\/SP-SPY-A008_01.jpg\",\"datePublished\":\"2022-03-22T11:31:37+00:00\",\"dateModified\":\"2024-05-30T05:28:37+00:00\",\"description\":\"The aircraft and remote controller of Spry+ are totally waterproof and corrosion-resistant. Landing and taking off from the water with 100% peace of mind as the Spry+ can safely float.\",\"breadcrumb\":{\"@id\":\"https:\/\/www.ghostysky.com\/product\/swellpro-spry-waterproof-drone\/#breadcrumb\"},\"inLanguage\":\"pt-PT\",\"potentialAction\":[{\"@type\":\"ReadAction\",\"target\":[\"https:\/\/www.ghostysky.com\/product\/swellpro-spry-waterproof-drone\/\"]}]},{\"@type\":\"ImageObject\",\"inLanguage\":\"pt-PT\",\"@id\":\"https:\/\/www.ghostysky.com\/product\/swellpro-spry-waterproof-drone\/#primaryimage\",\"url\":\"https:\/\/www.ghostysky.com\/wp-content\/uploads\/2022\/03\/SP-SPY-A008_01.jpg\",\"contentUrl\":\"https:\/\/www.ghostysky.com\/wp-content\/uploads\/2022\/03\/SP-SPY-A008_01.jpg\",\"width\":1200,\"height\":1200},{\"@type\":\"BreadcrumbList\",\"@id\":\"https:\/\/www.ghostysky.com\/product\/swellpro-spry-waterproof-drone\/#breadcrumb\",\"itemListElement\":[{\"@type\":\"ListItem\",\"position\":1,\"name\":\"Home\",\"item\":\"https:\/\/www.ghostysky.com\/\"},{\"@type\":\"ListItem\",\"position\":2,\"name\":\"Shop\",\"item\":\"https:\/\/www.ghostysky.com\/shop\/\"},{\"@type\":\"ListItem\",\"position\":3,\"name\":\"Swellpro Spry+ Waterproof Drone (4K\/1080P)\"}]},{\"@type\":\"WebSite\",\"@id\":\"https:\/\/www.ghostysky.com\/#website\",\"url\":\"https:\/\/www.ghostysky.com\/\",\"name\":\"Ghostysky\",\"description\":\"Delivering professional drones and services\",\"publisher\":{\"@id\":\"https:\/\/www.ghostysky.com\/#organization\"},\"potentialAction\":[{\"@type\":\"SearchAction\",\"target\":{\"@type\":\"EntryPoint\",\"urlTemplate\":\"https:\/\/www.ghostysky.com\/?s={search_term_string}\"},\"query-input\":{\"@type\":\"PropertyValueSpecification\",\"valueRequired\":true,\"valueName\":\"search_term_string\"}}],\"inLanguage\":\"pt-PT\"},{\"@type\":\"Organization\",\"@id\":\"https:\/\/www.ghostysky.com\/#organization\",\"name\":\"Ghostysky\",\"url\":\"https:\/\/www.ghostysky.com\/\",\"logo\":{\"@type\":\"ImageObject\",\"inLanguage\":\"pt-PT\",\"@id\":\"https:\/\/www.ghostysky.com\/#\/schema\/logo\/image\/\",\"url\":\"https:\/\/www.ghostysky.com\/wp-content\/uploads\/2020\/06\/cropped-ghostyskylogo_text_white2.png\",\"contentUrl\":\"https:\/\/www.ghostysky.com\/wp-content\/uploads\/2020\/06\/cropped-ghostyskylogo_text_white2.png\",\"width\":169,\"height\":56,\"caption\":\"Ghostysky\"},\"image\":{\"@id\":\"https:\/\/www.ghostysky.com\/#\/schema\/logo\/image\/\"},\"sameAs\":[\"https:\/\/www.facebook.com\/people\/Ghostysky\/100057676170234\/\",\"https:\/\/x.com\/Gh0stysky\",\"https:\/\/www.linkedin.com\/company\/34739653\",\"https:\/\/www.instagram.com\/gh0stysky\"]}]}<\/script>\n<!-- \/ Yoast SEO plugin. -->","yoast_head_json":{"title":"Drone \u00e0 prova d&#039;\u00e1gua Swellpro Spry + (4K \/ 1080P) -","description":"A aeronave e o controle remoto do Spry+ s\u00e3o totalmente \u00e0 prova d&#039;\u00e1gua e resistentes \u00e0 corros\u00e3o. Aterrissando e decolando da \u00e1gua com tranquilidade do 100%, pois o Spry + pode flutuar com seguran\u00e7a.","robots":{"index":"index","follow":"follow","max-snippet":"max-snippet:-1","max-image-preview":"max-image-preview:large","max-video-preview":"max-video-preview:-1"},"canonical":"https:\/\/www.ghostysky.com\/pt\/produto-2\/swellpro-spry-waterproof-drone\/","og_locale":"pt_PT","og_type":"article","og_title":"Swellpro Spry+ Waterproof Drone (4K\/1080P) -","og_description":"The aircraft and remote controller of Spry+ are totally waterproof and corrosion-resistant. Landing and taking off from the water with 100% peace of mind as the Spry+ can safely float.","og_url":"https:\/\/www.ghostysky.com\/pt\/produto-2\/swellpro-spry-waterproof-drone\/","og_site_name":"Ghostysky","article_publisher":"https:\/\/www.facebook.com\/people\/Ghostysky\/100057676170234\/","article_modified_time":"2024-05-30T05:28:37+00:00","og_image":[{"width":1200,"height":1200,"url":"https:\/\/www.ghostysky.com\/wp-content\/uploads\/2022\/03\/SP-SPY-A008_01.jpg","type":"image\/jpeg"}],"twitter_card":"summary_large_image","twitter_site":"@Gh0stysky","twitter_misc":{"Tempo estimado de leitura":"4 minutos"},"schema":{"@context":"https:\/\/schema.org","@graph":[{"@type":"WebPage","@id":"https:\/\/www.ghostysky.com\/product\/swellpro-spry-waterproof-drone\/","url":"https:\/\/www.ghostysky.com\/product\/swellpro-spry-waterproof-drone\/","name":"Drone \u00e0 prova d&#039;\u00e1gua Swellpro Spry + (4K \/ 1080P) -","isPartOf":{"@id":"https:\/\/www.ghostysky.com\/#website"},"primaryImageOfPage":{"@id":"https:\/\/www.ghostysky.com\/product\/swellpro-spry-waterproof-drone\/#primaryimage"},"image":{"@id":"https:\/\/www.ghostysky.com\/product\/swellpro-spry-waterproof-drone\/#primaryimage"},"thumbnailUrl":"https:\/\/www.ghostysky.com\/wp-content\/uploads\/2022\/03\/SP-SPY-A008_01.jpg","datePublished":"2022-03-22T11:31:37+00:00","dateModified":"2024-05-30T05:28:37+00:00","description":"A aeronave e o controle remoto do Spry+ s\u00e3o totalmente \u00e0 prova d&#039;\u00e1gua e resistentes \u00e0 corros\u00e3o. Aterrissando e decolando da \u00e1gua com tranquilidade do 100%, pois o Spry + pode flutuar com seguran\u00e7a.","breadcrumb":{"@id":"https:\/\/www.ghostysky.com\/product\/swellpro-spry-waterproof-drone\/#breadcrumb"},"inLanguage":"pt-PT","potentialAction":[{"@type":"ReadAction","target":["https:\/\/www.ghostysky.com\/product\/swellpro-spry-waterproof-drone\/"]}]},{"@type":"ImageObject","inLanguage":"pt-PT","@id":"https:\/\/www.ghostysky.com\/product\/swellpro-spry-waterproof-drone\/#primaryimage","url":"https:\/\/www.ghostysky.com\/wp-content\/uploads\/2022\/03\/SP-SPY-A008_01.jpg","contentUrl":"https:\/\/www.ghostysky.com\/wp-content\/uploads\/2022\/03\/SP-SPY-A008_01.jpg","width":1200,"height":1200},{"@type":"BreadcrumbList","@id":"https:\/\/www.ghostysky.com\/product\/swellpro-spry-waterproof-drone\/#breadcrumb","itemListElement":[{"@type":"ListItem","position":1,"name":"Home","item":"https:\/\/www.ghostysky.com\/"},{"@type":"ListItem","position":2,"name":"Shop","item":"https:\/\/www.ghostysky.com\/shop\/"},{"@type":"ListItem","position":3,"name":"Swellpro Spry+ Waterproof Drone (4K\/1080P)"}]},{"@type":"WebSite","@id":"https:\/\/www.ghostysky.com\/#website","url":"https:\/\/www.ghostysky.com\/","name":"Ghostysky","description":"Fornecendo drones e servi\u00e7os profissionais","publisher":{"@id":"https:\/\/www.ghostysky.com\/#organization"},"potentialAction":[{"@type":"SearchAction","target":{"@type":"EntryPoint","urlTemplate":"https:\/\/www.ghostysky.com\/?s={search_term_string}"},"query-input":{"@type":"PropertyValueSpecification","valueRequired":true,"valueName":"search_term_string"}}],"inLanguage":"pt-PT"},{"@type":"Organization","@id":"https:\/\/www.ghostysky.com\/#organization","name":"Ghostysky","url":"https:\/\/www.ghostysky.com\/","logo":{"@type":"ImageObject","inLanguage":"pt-PT","@id":"https:\/\/www.ghostysky.com\/#\/schema\/logo\/image\/","url":"https:\/\/www.ghostysky.com\/wp-content\/uploads\/2020\/06\/cropped-ghostyskylogo_text_white2.png","contentUrl":"https:\/\/www.ghostysky.com\/wp-content\/uploads\/2020\/06\/cropped-ghostyskylogo_text_white2.png","width":169,"height":56,"caption":"Ghostysky"},"image":{"@id":"https:\/\/www.ghostysky.com\/#\/schema\/logo\/image\/"},"sameAs":["https:\/\/www.facebook.com\/people\/Ghostysky\/100057676170234\/","https:\/\/x.com\/Gh0stysky","https:\/\/www.linkedin.com\/company\/34739653","https:\/\/www.instagram.com\/gh0stysky"]}]}},"_links":{"self":[{"href":"https:\/\/www.ghostysky.com\/pt\/wp-json\/wp\/v2\/product\/6019","targetHints":{"allow":["GET"]}}],"collection":[{"href":"https:\/\/www.ghostysky.com\/pt\/wp-json\/wp\/v2\/product"}],"about":[{"href":"https:\/\/www.ghostysky.com\/pt\/wp-json\/wp\/v2\/types\/product"}],"replies":[{"embeddable":true,"href":"https:\/\/www.ghostysky.com\/pt\/wp-json\/wp\/v2\/comments?post=6019"}],"wp:featuredmedia":[{"embeddable":true,"href":"https:\/\/www.ghostysky.com\/pt\/wp-json\/wp\/v2\/media\/6020"}],"wp:attachment":[{"href":"https:\/\/www.ghostysky.com\/pt\/wp-json\/wp\/v2\/media?parent=6019"}],"wp:term":[{"taxonomy":"product_brand","embeddable":true,"href":"https:\/\/www.ghostysky.com\/pt\/wp-json\/wp\/v2\/product_brand?post=6019"},{"taxonomy":"product_cat","embeddable":true,"href":"https:\/\/www.ghostysky.com\/pt\/wp-json\/wp\/v2\/product_cat?post=6019"},{"taxonomy":"product_tag","embeddable":true,"href":"https:\/\/www.ghostysky.com\/pt\/wp-json\/wp\/v2\/product_tag?post=6019"}],"curies":[{"name":"wp","href":"https:\/\/api.w.org\/{rel}","templated":true}]}}