{"id":6229,"date":"2022-03-23T13:24:34","date_gmt":"2022-03-23T13:24:34","guid":{"rendered":"https:\/\/www.ghostysky.com\/?post_type=product&#038;p=6229"},"modified":"2025-10-14T11:30:17","modified_gmt":"2025-10-14T11:30:17","slug":"gc3-t-4k-3-axis-gimbal-thermal-camera","status":"publish","type":"product","link":"https:\/\/www.ghostysky.com\/pt\/product\/gc3-t-4k-3-axis-gimbal-thermal-camera\/","title":{"rendered":"C\u00e2mera T\u00e9rmica Gimbal de 3 Eixos GC3-T 4K"},"content":{"rendered":"<p><img decoding=\"async\" src=\"data:image\/gif;base64,R0lGODlhAQABAAAAACH5BAEKAAEALAAAAAABAAEAAAICTAEAOw==\" alt=\"C\u00e2mera t\u00e9rmica \u00e0 prova d&#039;\u00e1gua\" class=\"lazyload\" data-src=\"https:\/\/cdn.shopify.com\/s\/files\/1\/2536\/9450\/files\/GC3-T-description.jpg?v=1642436762\"><\/p>\n<p>A c\u00e2mera t\u00e9rmica de 3 eixos \u00e0 prova d'\u00e1gua da Swellpro combina uma c\u00e2mera t\u00e9rmica infravermelha de alta resolu\u00e7\u00e3o e uma c\u00e2mera full HD para baixa luminosidade com uma lanterna LED regul\u00e1vel, que pode fornecer imagens de luz infravermelha e vis\u00edvel em simult\u00e2neo.<\/p>\n<p>Utilize a imagem t\u00e9rmica para identificar objetos do seu interesse e, em seguida, alterne rapidamente para o modo de baixa luminosidade para identificar o objeto com mais detalhes. A integra\u00e7\u00e3o do GC3-T com o\u00a0<a href=\"https:\/\/www.ghostysky.com\/pt\/produto-2\/swellpro-splashdrone-4-multifunctional-waterproof-drone\/\" target=\"_blank\" rel=\"noopener\">SD4<\/a>\u00a0permite a muitas equipes cumprir as suas miss\u00f5es de forma mais inteligente, r\u00e1pida, com muito menos risco e custo.<\/p>\n<p>A imagem t\u00e9rmica a\u00e9rea pode ajudar os bombeiros a ver atrav\u00e9s da fumo denso, aos agricultores a monitorizar a sa\u00fade das planta\u00e7\u00f5es, ou para auxiliar nas opera\u00e7\u00f5es de busca e resgate por parte de equipas de resgate.<\/p>\n<p><img decoding=\"async\" class=\"aligncenter lazyload\" src=\"data:image\/gif;base64,R0lGODlhAQABAAAAACH5BAEKAAEALAAAAAABAAEAAAICTAEAOw==\" alt=\"\" data-src=\"https:\/\/cdn.shopify.com\/s\/files\/1\/2536\/9450\/files\/Thermal-Camera.jpg?v=1642437150\"><\/p>\n<p><img decoding=\"async\" class=\"aligncenter lazyload\" src=\"data:image\/gif;base64,R0lGODlhAQABAAAAACH5BAEKAAEALAAAAAABAAEAAAICTAEAOw==\" alt=\"\" data-src=\"https:\/\/cdn.shopify.com\/s\/files\/1\/2536\/9450\/files\/Thermal-Camera-Rainproof.jpg?v=1642437376\">\u00a0<img decoding=\"async\" class=\"aligncenter lazyload\" src=\"data:image\/gif;base64,R0lGODlhAQABAAAAACH5BAEKAAEALAAAAAABAAEAAAICTAEAOw==\" alt=\"\" data-src=\"https:\/\/cdn.shopify.com\/s\/files\/1\/2536\/9450\/files\/IP67-Thermal-Camera-Rainproof.jpg?v=1642437395\"><\/p>\n<table width=\"1089\">\n<tbody>\n<tr>\n<td width=\"313\">\n<h3>C\u00e2mera T\u00e9rmica Gimbal de 3 Eixos (GC3-T)<\/h3>\n<\/td>\n<\/tr>\n<\/tbody>\n<\/table>\n<table width=\"1089\">\n<tbody>\n<tr>\n<td width=\"313\"><\/td>\n<td width=\"776\"><\/td>\n<\/tr>\n<tr>\n<td>\u00c0 prova d&#039;\u00e1gua:<\/td>\n<td>IP67<\/td>\n<\/tr>\n<tr>\n<td>Eixo:<\/td>\n<td>3 eixos (pitch,roll,yaw)<\/td>\n<\/tr>\n<tr>\n<td>\u00c2ngulo de lan\u00e7amento:<\/td>\n<td>-90\u00b0 a 0\u00b0<\/td>\n<\/tr>\n<tr>\n<td>Velocidade m\u00e1xima de controle:<\/td>\n<td>Pitch 60\u00b0\/s<\/td>\n<\/tr>\n<tr>\n<td>Peso:<\/td>\n<td>Aproximadamente. 450g<\/td>\n<\/tr>\n<tr>\n<td>Tamanho:<\/td>\n<td>110*100*115mm<\/td>\n<\/tr>\n<tr>\n<td><\/td>\n<td><\/td>\n<\/tr>\n<tr>\n<td><strong>C\u00e2mera de baixa luminosidade<\/strong><\/td>\n<td><\/td>\n<\/tr>\n<tr>\n<td width=\"313\">Sensor de imagem:<\/td>\n<td>CMOS Starlight de 1\/2\u2033 2M<\/td>\n<\/tr>\n<tr>\n<td width=\"313\">Lente:<\/td>\n<td>FOV: 66\u00b0<\/td>\n<\/tr>\n<tr>\n<td>Burst\uff1a<\/td>\n<td>Fechado\/3\/5\/10 pe\u00e7as<\/td>\n<\/tr>\n<tr>\n<td>Intervalo de fotos:<\/td>\n<td>Desligado\/1\/3\/5\/10s<\/td>\n<\/tr>\n<tr>\n<td width=\"313\">Resolu\u00e7\u00e3o de v\u00eddeo:<\/td>\n<td>FHD: 1920*1080 30\/60p | HD: 1280*720 120\/60p<\/td>\n<\/tr>\n<tr>\n<td width=\"313\">Fluxo m\u00e1ximo de v\u00eddeo:<\/td>\n<td>64Mbps<\/td>\n<\/tr>\n<tr>\n<td width=\"313\">Formato da imagem:<\/td>\n<td>JPEG<\/td>\n<\/tr>\n<tr>\n<td width=\"313\">Formato de v\u00eddeo:<\/td>\n<td>MP4 \/ MOV<\/td>\n<\/tr>\n<tr>\n<td width=\"313\">Cart\u00e3o de mem\u00f3ria:<\/td>\n<td width=\"776\">CART\u00d5ES Micro SD com capacidade m\u00e1xima de 128 GB, velocidade de grava\u00e7\u00e3o \u226515 MB\/s e velocidade de transmiss\u00e3o de Classe 10 ou superior ou classifica\u00e7\u00e3o UHS-1 s\u00e3o suportados<\/td>\n<\/tr>\n<tr>\n<td>Temperatura de opera\u00e7\u00e3o:<\/td>\n<td>-10\u2103 a 40\u2103<\/td>\n<\/tr>\n<tr>\n<td><\/td>\n<td><\/td>\n<\/tr>\n<tr>\n<td><strong>C\u00e2mera IR<\/strong><\/td>\n<td><\/td>\n<\/tr>\n<tr>\n<td>Sensor de imagem:<\/td>\n<td>Detector de plano focal infravermelho n\u00e3o resfriado de \u00f3xido de van\u00e1dio<\/td>\n<\/tr>\n<tr>\n<td>Lente:<\/td>\n<td>19mm\/25mm<\/td>\n<\/tr>\n<tr>\n<td>Resolu\u00e7\u00e3o@taxa de frames:<\/td>\n<td>640*512 @30p\/48p\/50p<\/td>\n<\/tr>\n<tr>\n<td>Paleta:<\/td>\n<td width=\"776\">Branco quente\/preto quente\/arco-\u00edris\/arco-\u00edris alto contraste\/vermelho ferro\/lava\/c\u00e9u\/cinza m\u00e9dio\/cinza vermelho\/roxo laranja\/especial 1\/aviso vermelho\/gelo fogo\/vermelho ciano\/especial 2\/degrad\u00ea vermelho\/degrad\u00ea verde\/degrad\u00ea azul \/ verde de advert\u00eancia \/ azul de advert\u00eancia<\/td>\n<\/tr>\n<tr>\n<td>Mira:<\/td>\n<td>Mostrar (padr\u00e3o), ocultar, mover<\/td>\n<\/tr>\n<tr>\n<td>Rela\u00e7\u00e3o de contraste\uff1a<\/td>\n<td>Ajuste do controle deslizante (0-255), valor m\u00e9dio padr\u00e3o<\/td>\n<\/tr>\n<tr>\n<td>Brilho:<\/td>\n<td>Ajuste do controle deslizante (0-511), valor m\u00e9dio padr\u00e3o<\/td>\n<\/tr>\n<tr>\n<td>Equipamento DDE (aprimoramento de imagem):<\/td>\n<td>Desligado \/ Ligado (padr\u00e3o ligado)<\/td>\n<\/tr>\n<tr>\n<td>OSD de medi\u00e7\u00e3o de temperatura ligado\/desligado:<\/td>\n<td>Desligado \/ Ligado (o padr\u00e3o exibe as temperaturas mais altas, mais baixas e do ponto central)<\/td>\n<\/tr>\n<tr>\n<td>Unidade de medi\u00e7\u00e3o de temperatura:<\/td>\n<td>Cent\u00edgrados, Kelvin, Fahrenheit<\/td>\n<\/tr>\n<tr>\n<td>Alarme de medi\u00e7\u00e3o de temperatura:<\/td>\n<td>Desligado, alarme de baixa temperatura, alarme de alta temperatura, alarme de alta e baixa temperatura<\/td>\n<\/tr>\n<tr>\n<td>Configura\u00e7\u00e3o de alarme de baixa temperatura:<\/td>\n<td>-20\u2103\uff5e+150\u2103<\/td>\n<\/tr>\n<tr>\n<td>Configura\u00e7\u00e3o do alarme de alta temperatura:<\/td>\n<td>-20\u2103\uff5e+150\u2103<\/td>\n<\/tr>\n<\/tbody>\n<\/table>\n<p>&nbsp;<\/p>","protected":false},"excerpt":{"rendered":"<p><strong>GC3-T<\/strong> \u00e9 uma <strong>c\u00e2mera t\u00e9rmica com gimbal de 3 eixos<\/strong> com os recursos de uma c\u00e2mera t\u00e9rmica de alto desempenho.<\/p>\n<p>C\u00e2mera compat\u00edvel com <strong>Splash Drone 4 \u00e0 prova d&#039;\u00e1gua<\/strong>.<\/p>\n<ul>\n<li>Resistente \u00e0 \u00e1gua, prote\u00e7\u00e3o IP67.<\/li>\n<li>Gimbal de 3 eixos (inclina\u00e7\u00e3o\/equil\u00edbrio\/giro).<\/li>\n<li>C\u00e2mera t\u00e9rmica, c\u00e2mera de alta sensibilidade (esta\u00e7\u00e3o de luz) e holofote LED.<\/li>\n<\/ul>","protected":false},"featured_media":6230,"comment_status":"open","ping_status":"closed","template":"","meta":[],"product_brand":[],"product_cat":[304,29,278],"product_tag":[325,312,62,280,279,59],"class_list":{"0":"post-6229","1":"product","2":"type-product","3":"status-publish","4":"has-post-thumbnail","6":"product_cat-cameras-sweelpro","7":"product_cat-drones","8":"product_cat-swellpro","9":"product_tag-3-axis-gimbal","10":"product_tag-4k","11":"product_tag-camera","12":"product_tag-gc3-t","13":"product_tag-swellpro","14":"product_tag-thermal-camera","16":"first","17":"onbackorder","18":"taxable","19":"shipping-taxable","20":"product-type-simple"},"yoast_head":"<!-- This site is optimized with the Yoast SEO plugin v27.4 - https:\/\/yoast.com\/product\/yoast-seo-wordpress\/ -->\n<title>GC3-T 4K 3-Axis Gimbal Thermal Camera -<\/title>\n<meta name=\"description\" content=\"GC3-T is a thermal camera with 3-way gimbal with the features of a high-performance thermal camera.Camera compatible with waterproof Splash Drone 4.\" \/>\n<meta name=\"robots\" content=\"index, follow, max-snippet:-1, max-image-preview:large, max-video-preview:-1\" \/>\n<link rel=\"canonical\" href=\"https:\/\/www.ghostysky.com\/pt\/produto-2\/gc3-t-4k-3-axis-gimbal-thermal-camera\/\" \/>\n<meta property=\"og:locale\" content=\"pt_PT\" \/>\n<meta property=\"og:type\" content=\"article\" \/>\n<meta property=\"og:title\" content=\"GC3-T 4K 3-Axis Gimbal Thermal Camera -\" \/>\n<meta property=\"og:description\" content=\"GC3-T is a thermal camera with 3-way gimbal with the features of a high-performance thermal camera.Camera compatible with waterproof Splash Drone 4.\" \/>\n<meta property=\"og:url\" content=\"https:\/\/www.ghostysky.com\/pt\/produto-2\/gc3-t-4k-3-axis-gimbal-thermal-camera\/\" \/>\n<meta property=\"og:site_name\" content=\"Ghostysky\" \/>\n<meta property=\"article:publisher\" content=\"https:\/\/www.facebook.com\/people\/Ghostysky\/100057676170234\/\" \/>\n<meta property=\"article:modified_time\" content=\"2025-10-14T11:30:17+00:00\" \/>\n<meta property=\"og:image\" content=\"https:\/\/www.ghostysky.com\/wp-content\/uploads\/2022\/03\/SP-SD4-B104-GC3T_03.jpg\" \/>\n\t<meta property=\"og:image:width\" content=\"1200\" \/>\n\t<meta property=\"og:image:height\" content=\"1200\" \/>\n\t<meta property=\"og:image:type\" content=\"image\/jpeg\" \/>\n<meta name=\"twitter:card\" content=\"summary_large_image\" \/>\n<meta name=\"twitter:site\" content=\"@Gh0stysky\" \/>\n<meta name=\"twitter:label1\" content=\"Tempo estimado de leitura\" \/>\n\t<meta name=\"twitter:data1\" content=\"3 minutos\" \/>\n<script type=\"application\/ld+json\" class=\"yoast-schema-graph\">{\"@context\":\"https:\\\/\\\/schema.org\",\"@graph\":[{\"@type\":\"WebPage\",\"@id\":\"https:\\\/\\\/www.ghostysky.com\\\/product\\\/gc3-t-4k-3-axis-gimbal-thermal-camera\\\/\",\"url\":\"https:\\\/\\\/www.ghostysky.com\\\/product\\\/gc3-t-4k-3-axis-gimbal-thermal-camera\\\/\",\"name\":\"GC3-T 4K 3-Axis Gimbal Thermal Camera -\",\"isPartOf\":{\"@id\":\"https:\\\/\\\/www.ghostysky.com\\\/#website\"},\"primaryImageOfPage\":{\"@id\":\"https:\\\/\\\/www.ghostysky.com\\\/product\\\/gc3-t-4k-3-axis-gimbal-thermal-camera\\\/#primaryimage\"},\"image\":{\"@id\":\"https:\\\/\\\/www.ghostysky.com\\\/product\\\/gc3-t-4k-3-axis-gimbal-thermal-camera\\\/#primaryimage\"},\"thumbnailUrl\":\"https:\\\/\\\/www.ghostysky.com\\\/wp-content\\\/uploads\\\/2022\\\/03\\\/SP-SD4-B104-GC3T_03.jpg\",\"datePublished\":\"2022-03-23T13:24:34+00:00\",\"dateModified\":\"2025-10-14T11:30:17+00:00\",\"description\":\"GC3-T is a thermal camera with 3-way gimbal with the features of a high-performance thermal camera.Camera compatible with waterproof Splash Drone 4.\",\"breadcrumb\":{\"@id\":\"https:\\\/\\\/www.ghostysky.com\\\/product\\\/gc3-t-4k-3-axis-gimbal-thermal-camera\\\/#breadcrumb\"},\"inLanguage\":\"pt-PT\",\"potentialAction\":[{\"@type\":\"ReadAction\",\"target\":[\"https:\\\/\\\/www.ghostysky.com\\\/product\\\/gc3-t-4k-3-axis-gimbal-thermal-camera\\\/\"]}]},{\"@type\":\"ImageObject\",\"inLanguage\":\"pt-PT\",\"@id\":\"https:\\\/\\\/www.ghostysky.com\\\/product\\\/gc3-t-4k-3-axis-gimbal-thermal-camera\\\/#primaryimage\",\"url\":\"https:\\\/\\\/www.ghostysky.com\\\/wp-content\\\/uploads\\\/2022\\\/03\\\/SP-SD4-B104-GC3T_03.jpg\",\"contentUrl\":\"https:\\\/\\\/www.ghostysky.com\\\/wp-content\\\/uploads\\\/2022\\\/03\\\/SP-SD4-B104-GC3T_03.jpg\",\"width\":1200,\"height\":1200},{\"@type\":\"BreadcrumbList\",\"@id\":\"https:\\\/\\\/www.ghostysky.com\\\/product\\\/gc3-t-4k-3-axis-gimbal-thermal-camera\\\/#breadcrumb\",\"itemListElement\":[{\"@type\":\"ListItem\",\"position\":1,\"name\":\"Home\",\"item\":\"https:\\\/\\\/www.ghostysky.com\\\/\"},{\"@type\":\"ListItem\",\"position\":2,\"name\":\"Shop\",\"item\":\"https:\\\/\\\/www.ghostysky.com\\\/shop\\\/\"},{\"@type\":\"ListItem\",\"position\":3,\"name\":\"GC3-T 4K 3-Axis Gimbal Thermal Camera\"}]},{\"@type\":\"WebSite\",\"@id\":\"https:\\\/\\\/www.ghostysky.com\\\/#website\",\"url\":\"https:\\\/\\\/www.ghostysky.com\\\/\",\"name\":\"Ghostysky\",\"description\":\"Delivering professional drones and robotics solutions\",\"publisher\":{\"@id\":\"https:\\\/\\\/www.ghostysky.com\\\/#organization\"},\"potentialAction\":[{\"@type\":\"SearchAction\",\"target\":{\"@type\":\"EntryPoint\",\"urlTemplate\":\"https:\\\/\\\/www.ghostysky.com\\\/?s={search_term_string}\"},\"query-input\":{\"@type\":\"PropertyValueSpecification\",\"valueRequired\":true,\"valueName\":\"search_term_string\"}}],\"inLanguage\":\"pt-PT\"},{\"@type\":\"Organization\",\"@id\":\"https:\\\/\\\/www.ghostysky.com\\\/#organization\",\"name\":\"Ghostysky\",\"url\":\"https:\\\/\\\/www.ghostysky.com\\\/\",\"logo\":{\"@type\":\"ImageObject\",\"inLanguage\":\"pt-PT\",\"@id\":\"https:\\\/\\\/www.ghostysky.com\\\/#\\\/schema\\\/logo\\\/image\\\/\",\"url\":\"https:\\\/\\\/www.ghostysky.com\\\/wp-content\\\/uploads\\\/2020\\\/06\\\/cropped-ghostyskylogo_text_white2.png\",\"contentUrl\":\"https:\\\/\\\/www.ghostysky.com\\\/wp-content\\\/uploads\\\/2020\\\/06\\\/cropped-ghostyskylogo_text_white2.png\",\"width\":169,\"height\":56,\"caption\":\"Ghostysky\"},\"image\":{\"@id\":\"https:\\\/\\\/www.ghostysky.com\\\/#\\\/schema\\\/logo\\\/image\\\/\"},\"sameAs\":[\"https:\\\/\\\/www.facebook.com\\\/people\\\/Ghostysky\\\/100057676170234\\\/\",\"https:\\\/\\\/x.com\\\/Gh0stysky\",\"https:\\\/\\\/www.linkedin.com\\\/company\\\/34739653\",\"https:\\\/\\\/www.instagram.com\\\/gh0stysky\"]}]}<\/script>\n<!-- \/ Yoast SEO plugin. -->","yoast_head_json":{"title":"C\u00e2mera t\u00e9rmica com cardan de 3 eixos GC3-T 4K -","description":"GC3-T \u00e9 uma c\u00e2mera t\u00e9rmica com gimbal de 3 vias com recursos de uma c\u00e2mera t\u00e9rmica de alto desempenho. C\u00e2mera compat\u00edvel com Splash Drone 4 \u00e0 prova d&#039;\u00e1gua.","robots":{"index":"index","follow":"follow","max-snippet":"max-snippet:-1","max-image-preview":"max-image-preview:large","max-video-preview":"max-video-preview:-1"},"canonical":"https:\/\/www.ghostysky.com\/pt\/produto-2\/gc3-t-4k-3-axis-gimbal-thermal-camera\/","og_locale":"pt_PT","og_type":"article","og_title":"GC3-T 4K 3-Axis Gimbal Thermal Camera -","og_description":"GC3-T is a thermal camera with 3-way gimbal with the features of a high-performance thermal camera.Camera compatible with waterproof Splash Drone 4.","og_url":"https:\/\/www.ghostysky.com\/pt\/produto-2\/gc3-t-4k-3-axis-gimbal-thermal-camera\/","og_site_name":"Ghostysky","article_publisher":"https:\/\/www.facebook.com\/people\/Ghostysky\/100057676170234\/","article_modified_time":"2025-10-14T11:30:17+00:00","og_image":[{"width":1200,"height":1200,"url":"https:\/\/www.ghostysky.com\/wp-content\/uploads\/2022\/03\/SP-SD4-B104-GC3T_03.jpg","type":"image\/jpeg"}],"twitter_card":"summary_large_image","twitter_site":"@Gh0stysky","twitter_misc":{"Tempo estimado de leitura":"3 minutos"},"schema":{"@context":"https:\/\/schema.org","@graph":[{"@type":"WebPage","@id":"https:\/\/www.ghostysky.com\/product\/gc3-t-4k-3-axis-gimbal-thermal-camera\/","url":"https:\/\/www.ghostysky.com\/product\/gc3-t-4k-3-axis-gimbal-thermal-camera\/","name":"C\u00e2mera t\u00e9rmica com cardan de 3 eixos GC3-T 4K -","isPartOf":{"@id":"https:\/\/www.ghostysky.com\/#website"},"primaryImageOfPage":{"@id":"https:\/\/www.ghostysky.com\/product\/gc3-t-4k-3-axis-gimbal-thermal-camera\/#primaryimage"},"image":{"@id":"https:\/\/www.ghostysky.com\/product\/gc3-t-4k-3-axis-gimbal-thermal-camera\/#primaryimage"},"thumbnailUrl":"https:\/\/www.ghostysky.com\/wp-content\/uploads\/2022\/03\/SP-SD4-B104-GC3T_03.jpg","datePublished":"2022-03-23T13:24:34+00:00","dateModified":"2025-10-14T11:30:17+00:00","description":"GC3-T \u00e9 uma c\u00e2mera t\u00e9rmica com gimbal de 3 vias com recursos de uma c\u00e2mera t\u00e9rmica de alto desempenho. C\u00e2mera compat\u00edvel com Splash Drone 4 \u00e0 prova d&#039;\u00e1gua.","breadcrumb":{"@id":"https:\/\/www.ghostysky.com\/product\/gc3-t-4k-3-axis-gimbal-thermal-camera\/#breadcrumb"},"inLanguage":"pt-PT","potentialAction":[{"@type":"ReadAction","target":["https:\/\/www.ghostysky.com\/product\/gc3-t-4k-3-axis-gimbal-thermal-camera\/"]}]},{"@type":"ImageObject","inLanguage":"pt-PT","@id":"https:\/\/www.ghostysky.com\/product\/gc3-t-4k-3-axis-gimbal-thermal-camera\/#primaryimage","url":"https:\/\/www.ghostysky.com\/wp-content\/uploads\/2022\/03\/SP-SD4-B104-GC3T_03.jpg","contentUrl":"https:\/\/www.ghostysky.com\/wp-content\/uploads\/2022\/03\/SP-SD4-B104-GC3T_03.jpg","width":1200,"height":1200},{"@type":"BreadcrumbList","@id":"https:\/\/www.ghostysky.com\/product\/gc3-t-4k-3-axis-gimbal-thermal-camera\/#breadcrumb","itemListElement":[{"@type":"ListItem","position":1,"name":"Home","item":"https:\/\/www.ghostysky.com\/"},{"@type":"ListItem","position":2,"name":"Shop","item":"https:\/\/www.ghostysky.com\/shop\/"},{"@type":"ListItem","position":3,"name":"GC3-T 4K 3-Axis Gimbal Thermal Camera"}]},{"@type":"WebSite","@id":"https:\/\/www.ghostysky.com\/#website","url":"https:\/\/www.ghostysky.com\/","name":"Ghostysky","description":"Fornecendo solu\u00e7\u00f5es profissionais em drones e rob\u00f3tica.","publisher":{"@id":"https:\/\/www.ghostysky.com\/#organization"},"potentialAction":[{"@type":"SearchAction","target":{"@type":"EntryPoint","urlTemplate":"https:\/\/www.ghostysky.com\/?s={search_term_string}"},"query-input":{"@type":"PropertyValueSpecification","valueRequired":true,"valueName":"search_term_string"}}],"inLanguage":"pt-PT"},{"@type":"Organization","@id":"https:\/\/www.ghostysky.com\/#organization","name":"Ghostysky","url":"https:\/\/www.ghostysky.com\/","logo":{"@type":"ImageObject","inLanguage":"pt-PT","@id":"https:\/\/www.ghostysky.com\/#\/schema\/logo\/image\/","url":"https:\/\/www.ghostysky.com\/wp-content\/uploads\/2020\/06\/cropped-ghostyskylogo_text_white2.png","contentUrl":"https:\/\/www.ghostysky.com\/wp-content\/uploads\/2020\/06\/cropped-ghostyskylogo_text_white2.png","width":169,"height":56,"caption":"Ghostysky"},"image":{"@id":"https:\/\/www.ghostysky.com\/#\/schema\/logo\/image\/"},"sameAs":["https:\/\/www.facebook.com\/people\/Ghostysky\/100057676170234\/","https:\/\/x.com\/Gh0stysky","https:\/\/www.linkedin.com\/company\/34739653","https:\/\/www.instagram.com\/gh0stysky"]}]}},"_links":{"self":[{"href":"https:\/\/www.ghostysky.com\/pt\/wp-json\/wp\/v2\/product\/6229","targetHints":{"allow":["GET"]}}],"collection":[{"href":"https:\/\/www.ghostysky.com\/pt\/wp-json\/wp\/v2\/product"}],"about":[{"href":"https:\/\/www.ghostysky.com\/pt\/wp-json\/wp\/v2\/types\/product"}],"replies":[{"embeddable":true,"href":"https:\/\/www.ghostysky.com\/pt\/wp-json\/wp\/v2\/comments?post=6229"}],"version-history":[{"count":0,"href":"https:\/\/www.ghostysky.com\/pt\/wp-json\/wp\/v2\/product\/6229\/revisions"}],"wp:featuredmedia":[{"embeddable":true,"href":"https:\/\/www.ghostysky.com\/pt\/wp-json\/wp\/v2\/media\/6230"}],"wp:attachment":[{"href":"https:\/\/www.ghostysky.com\/pt\/wp-json\/wp\/v2\/media?parent=6229"}],"wp:term":[{"taxonomy":"product_brand","embeddable":true,"href":"https:\/\/www.ghostysky.com\/pt\/wp-json\/wp\/v2\/product_brand?post=6229"},{"taxonomy":"product_cat","embeddable":true,"href":"https:\/\/www.ghostysky.com\/pt\/wp-json\/wp\/v2\/product_cat?post=6229"},{"taxonomy":"product_tag","embeddable":true,"href":"https:\/\/www.ghostysky.com\/pt\/wp-json\/wp\/v2\/product_tag?post=6229"}],"curies":[{"name":"wp","href":"https:\/\/api.w.org\/{rel}","templated":true}]}}