{"id":6239,"date":"2022-03-23T14:54:00","date_gmt":"2022-03-23T14:54:00","guid":{"rendered":"https:\/\/www.ghostysky.com\/?post_type=product&#038;p=6239"},"modified":"2025-12-17T17:15:11","modified_gmt":"2025-12-17T17:15:11","slug":"gc2-s-waterproof-2-axis-gimbal-night-vision-camera","status":"publish","type":"product","link":"https:\/\/www.ghostysky.com\/pt\/product\/gc2-s-waterproof-2-axis-gimbal-night-vision-camera\/","title":{"rendered":"C\u00e2mera de vis\u00e3o noturna com gimbal de 2 eixos \u00e0 prova d'\u00e1gua GC2-S"},"content":{"rendered":"<table id=\"product-attribute-specs-table\" class=\"data-table table\">\n<tbody>\n<tr class=\"first odd\">\n<th class=\"label\" style=\"text-align: left; width: 90.671875px;\">Vis\u00e3o geral<\/th>\n<td class=\"data last\" style=\"width: 444.328125px;\">GC2-S \u00e9 a c\u00e2mera de gimbal de vis\u00e3o noturna de 2 eixos especialmente concebida para opera\u00e7\u00f5es com pouca luz.<\/td>\n<\/tr>\n<tr class=\"first odd\">\n<th class=\"label\" style=\"text-align: left; width: 90.671875px;\">Destaques<\/th>\n<td class=\"data last\" style=\"width: 444.328125px;\">IP67 \u00e0 prova d&#039;\u00e1gua.<br \/>\nGrava\u00e7\u00e3o de v\u00eddeo com pouca luz 1080P\/60fps.<br \/>\n2 focos ajust\u00e1veis embutidos.<\/td>\n<\/tr>\n<tr class=\"first odd\">\n<th class=\"label\" style=\"text-align: left; width: 90.671875px;\">Especifica\u00e7\u00f5es<\/th>\n<td class=\"data last\" style=\"width: 444.328125px;\">\u00c0 prova d&#039;\u00e1gua: IP67<br \/>\nPeso: Aprox. 220g<br \/>\nTamanho: 113*92*80mm<br \/>\nSensor de imagem: 1\/2\u2033 2M SONY Starlight CMOS<br \/>\nFOV: 66\u00b0<br \/>\nVelocidade do obturador: 16 \u2013 1\/16000 s<br \/>\nBurst: Shut\/3\/5\/10 pcs<br \/>\nIntervalo: Desligar\/1\/3\/5\/10s<br \/>\nResolu\u00e7\u00e3o de v\u00eddeo: FHD: 1920*1080 30\/60p | HD: 1280*720 120\/60p<br \/>\nFluxo m\u00e1ximo de v\u00eddeo: 64 mbps<br \/>\nFormato da imagem: JPEG<br \/>\nFormato de v\u00eddeo: MP4\/MOV<br \/>\nSuporta Cart\u00e3o de Mem\u00f3ria: CART\u00d5ES Micro SD com capacidade m\u00e1xima de 128 GB, velocidade de grava\u00e7\u00e3o \u226515 MB\/s e velocidade de transmiss\u00e3o de Classe 10 ou superior ou classifica\u00e7\u00e3o UHS-1 s\u00e3o suportados<br \/>\nTemperatura de opera\u00e7\u00e3o: -10\u2103 a 40\u2103<\/td>\n<\/tr>\n<tr class=\"first odd\">\n<th class=\"label\" style=\"text-align: left; width: 90.671875px;\">Na caixa<\/th>\n<td class=\"data last\" style=\"width: 444.328125px;\">GC2-S \u00d7 1<\/td>\n<\/tr>\n<tr class=\"first odd\">\n<th class=\"label\" style=\"text-align: left; width: 90.671875px;\">Compatibilidade<\/th>\n<td class=\"data last\" style=\"width: 444.328125px;\">SplashDrone 4<\/td>\n<\/tr>\n<\/tbody>\n<\/table>","protected":false},"excerpt":{"rendered":"<p class=\"translation-block\"><strong>GC2-S<\/strong> \u00e9 um m\u00f3dulo com <strong>c\u00e2mera de vis\u00e3o noturna de gimbal de  2 eixos<\/strong> especialmente projectado para opera\u00e7\u00f5es com pouca luz.<\/p>\n<p>C\u00e2mera compat\u00edvel com <strong>Splash Drone 4 \u00e0 prova d&#039;\u00e1gua<\/strong>.<\/p>\n<ul>\n<li>Resistente \u00e0 \u00e1gua, prote\u00e7\u00e3o IP67.<\/li>\n<li>Grava\u00e7\u00e3o de v\u00eddeo com pouca luz 1080P \/ 60fps.<\/li>\n<li>Inclui holofote LED embutido.<\/li>\n<\/ul>","protected":false},"featured_media":6240,"comment_status":"open","ping_status":"closed","template":"","meta":[],"product_brand":[],"product_cat":[304,29,278],"product_tag":[316,62,315,279],"class_list":{"0":"post-6239","1":"product","2":"type-product","3":"status-publish","4":"has-post-thumbnail","6":"product_cat-cameras-sweelpro","7":"product_cat-drones","8":"product_cat-swellpro","9":"product_tag-1080p","10":"product_tag-camera","11":"product_tag-night-vision","12":"product_tag-swellpro","14":"first","15":"instock","16":"sale","17":"taxable","18":"shipping-taxable","19":"purchasable","20":"product-type-simple"},"yoast_head":"<!-- This site is optimized with the Yoast SEO plugin v27.4 - https:\/\/yoast.com\/product\/yoast-seo-wordpress\/ -->\n<title>GC2-S Waterproof 2-Axis Gimbal Night-vision Camera -<\/title>\n<meta name=\"description\" content=\"GC2-S is a module with a 2-axis night vision camera specially designed for operations with low light.Camera compatible with waterproof Splash Drone 4.\" \/>\n<meta name=\"robots\" content=\"index, follow, max-snippet:-1, max-image-preview:large, max-video-preview:-1\" \/>\n<link rel=\"canonical\" href=\"https:\/\/www.ghostysky.com\/pt\/produto-2\/gc2-s-waterproof-2-axis-gimbal-night-vision-camera\/\" \/>\n<meta property=\"og:locale\" content=\"pt_PT\" \/>\n<meta property=\"og:type\" content=\"article\" \/>\n<meta property=\"og:title\" content=\"GC2-S Waterproof 2-Axis Gimbal Night-vision Camera -\" \/>\n<meta property=\"og:description\" content=\"GC2-S is a module with a 2-axis night vision camera specially designed for operations with low light.Camera compatible with waterproof Splash Drone 4.\" \/>\n<meta property=\"og:url\" content=\"https:\/\/www.ghostysky.com\/pt\/produto-2\/gc2-s-waterproof-2-axis-gimbal-night-vision-camera\/\" \/>\n<meta property=\"og:site_name\" content=\"Ghostysky\" \/>\n<meta property=\"article:publisher\" content=\"https:\/\/www.facebook.com\/people\/Ghostysky\/100057676170234\/\" \/>\n<meta property=\"article:modified_time\" content=\"2025-12-17T17:15:11+00:00\" \/>\n<meta property=\"og:image\" content=\"https:\/\/www.ghostysky.com\/wp-content\/uploads\/2022\/03\/2-axis-night-vision-camera-1_1500x.webp\" \/>\n\t<meta property=\"og:image:width\" content=\"800\" \/>\n\t<meta property=\"og:image:height\" content=\"800\" \/>\n\t<meta property=\"og:image:type\" content=\"image\/webp\" \/>\n<meta name=\"twitter:card\" content=\"summary_large_image\" \/>\n<meta name=\"twitter:site\" content=\"@Gh0stysky\" \/>\n<meta name=\"twitter:label1\" content=\"Tempo estimado de leitura\" \/>\n\t<meta name=\"twitter:data1\" content=\"1 minuto\" \/>\n<script type=\"application\/ld+json\" class=\"yoast-schema-graph\">{\"@context\":\"https:\\\/\\\/schema.org\",\"@graph\":[{\"@type\":\"WebPage\",\"@id\":\"https:\\\/\\\/www.ghostysky.com\\\/product\\\/gc2-s-waterproof-2-axis-gimbal-night-vision-camera\\\/\",\"url\":\"https:\\\/\\\/www.ghostysky.com\\\/product\\\/gc2-s-waterproof-2-axis-gimbal-night-vision-camera\\\/\",\"name\":\"GC2-S Waterproof 2-Axis Gimbal Night-vision Camera -\",\"isPartOf\":{\"@id\":\"https:\\\/\\\/www.ghostysky.com\\\/#website\"},\"primaryImageOfPage\":{\"@id\":\"https:\\\/\\\/www.ghostysky.com\\\/product\\\/gc2-s-waterproof-2-axis-gimbal-night-vision-camera\\\/#primaryimage\"},\"image\":{\"@id\":\"https:\\\/\\\/www.ghostysky.com\\\/product\\\/gc2-s-waterproof-2-axis-gimbal-night-vision-camera\\\/#primaryimage\"},\"thumbnailUrl\":\"https:\\\/\\\/www.ghostysky.com\\\/wp-content\\\/uploads\\\/2022\\\/03\\\/2-axis-night-vision-camera-1_1500x.webp\",\"datePublished\":\"2022-03-23T14:54:00+00:00\",\"dateModified\":\"2025-12-17T17:15:11+00:00\",\"description\":\"GC2-S is a module with a 2-axis night vision camera specially designed for operations with low light.Camera compatible with waterproof Splash Drone 4.\",\"breadcrumb\":{\"@id\":\"https:\\\/\\\/www.ghostysky.com\\\/product\\\/gc2-s-waterproof-2-axis-gimbal-night-vision-camera\\\/#breadcrumb\"},\"inLanguage\":\"pt-PT\",\"potentialAction\":[{\"@type\":\"ReadAction\",\"target\":[\"https:\\\/\\\/www.ghostysky.com\\\/product\\\/gc2-s-waterproof-2-axis-gimbal-night-vision-camera\\\/\"]}]},{\"@type\":\"ImageObject\",\"inLanguage\":\"pt-PT\",\"@id\":\"https:\\\/\\\/www.ghostysky.com\\\/product\\\/gc2-s-waterproof-2-axis-gimbal-night-vision-camera\\\/#primaryimage\",\"url\":\"https:\\\/\\\/www.ghostysky.com\\\/wp-content\\\/uploads\\\/2022\\\/03\\\/2-axis-night-vision-camera-1_1500x.webp\",\"contentUrl\":\"https:\\\/\\\/www.ghostysky.com\\\/wp-content\\\/uploads\\\/2022\\\/03\\\/2-axis-night-vision-camera-1_1500x.webp\",\"width\":800,\"height\":800},{\"@type\":\"BreadcrumbList\",\"@id\":\"https:\\\/\\\/www.ghostysky.com\\\/product\\\/gc2-s-waterproof-2-axis-gimbal-night-vision-camera\\\/#breadcrumb\",\"itemListElement\":[{\"@type\":\"ListItem\",\"position\":1,\"name\":\"Home\",\"item\":\"https:\\\/\\\/www.ghostysky.com\\\/\"},{\"@type\":\"ListItem\",\"position\":2,\"name\":\"Shop\",\"item\":\"https:\\\/\\\/www.ghostysky.com\\\/shop\\\/\"},{\"@type\":\"ListItem\",\"position\":3,\"name\":\"GC2-S Waterproof 2-Axis Gimbal Night-vision Camera\"}]},{\"@type\":\"WebSite\",\"@id\":\"https:\\\/\\\/www.ghostysky.com\\\/#website\",\"url\":\"https:\\\/\\\/www.ghostysky.com\\\/\",\"name\":\"Ghostysky\",\"description\":\"Delivering professional drones and robotics solutions\",\"publisher\":{\"@id\":\"https:\\\/\\\/www.ghostysky.com\\\/#organization\"},\"potentialAction\":[{\"@type\":\"SearchAction\",\"target\":{\"@type\":\"EntryPoint\",\"urlTemplate\":\"https:\\\/\\\/www.ghostysky.com\\\/?s={search_term_string}\"},\"query-input\":{\"@type\":\"PropertyValueSpecification\",\"valueRequired\":true,\"valueName\":\"search_term_string\"}}],\"inLanguage\":\"pt-PT\"},{\"@type\":\"Organization\",\"@id\":\"https:\\\/\\\/www.ghostysky.com\\\/#organization\",\"name\":\"Ghostysky\",\"url\":\"https:\\\/\\\/www.ghostysky.com\\\/\",\"logo\":{\"@type\":\"ImageObject\",\"inLanguage\":\"pt-PT\",\"@id\":\"https:\\\/\\\/www.ghostysky.com\\\/#\\\/schema\\\/logo\\\/image\\\/\",\"url\":\"https:\\\/\\\/www.ghostysky.com\\\/wp-content\\\/uploads\\\/2020\\\/06\\\/cropped-ghostyskylogo_text_white2.png\",\"contentUrl\":\"https:\\\/\\\/www.ghostysky.com\\\/wp-content\\\/uploads\\\/2020\\\/06\\\/cropped-ghostyskylogo_text_white2.png\",\"width\":169,\"height\":56,\"caption\":\"Ghostysky\"},\"image\":{\"@id\":\"https:\\\/\\\/www.ghostysky.com\\\/#\\\/schema\\\/logo\\\/image\\\/\"},\"sameAs\":[\"https:\\\/\\\/www.facebook.com\\\/people\\\/Ghostysky\\\/100057676170234\\\/\",\"https:\\\/\\\/x.com\\\/Gh0stysky\",\"https:\\\/\\\/www.linkedin.com\\\/company\\\/34739653\",\"https:\\\/\\\/www.instagram.com\\\/gh0stysky\"]}]}<\/script>\n<!-- \/ Yoast SEO plugin. -->","yoast_head_json":{"title":"C\u00e2mera de vis\u00e3o noturna com cardan de 2 eixos \u00e0 prova d&#039;\u00e1gua GC2-S -","description":"GC2-S \u00e9 um m\u00f3dulo com uma c\u00e2mera de vis\u00e3o noturna de 2 eixos especialmente projetada para opera\u00e7\u00f5es com pouca luz.C\u00e2mera compat\u00edvel com Splash Drone 4 \u00e0 prova d&#039;\u00e1gua.","robots":{"index":"index","follow":"follow","max-snippet":"max-snippet:-1","max-image-preview":"max-image-preview:large","max-video-preview":"max-video-preview:-1"},"canonical":"https:\/\/www.ghostysky.com\/pt\/produto-2\/gc2-s-waterproof-2-axis-gimbal-night-vision-camera\/","og_locale":"pt_PT","og_type":"article","og_title":"GC2-S Waterproof 2-Axis Gimbal Night-vision Camera -","og_description":"GC2-S is a module with a 2-axis night vision camera specially designed for operations with low light.Camera compatible with waterproof Splash Drone 4.","og_url":"https:\/\/www.ghostysky.com\/pt\/produto-2\/gc2-s-waterproof-2-axis-gimbal-night-vision-camera\/","og_site_name":"Ghostysky","article_publisher":"https:\/\/www.facebook.com\/people\/Ghostysky\/100057676170234\/","article_modified_time":"2025-12-17T17:15:11+00:00","og_image":[{"width":800,"height":800,"url":"https:\/\/www.ghostysky.com\/wp-content\/uploads\/2022\/03\/2-axis-night-vision-camera-1_1500x.webp","type":"image\/webp"}],"twitter_card":"summary_large_image","twitter_site":"@Gh0stysky","twitter_misc":{"Tempo estimado de leitura":"1 minuto"},"schema":{"@context":"https:\/\/schema.org","@graph":[{"@type":"WebPage","@id":"https:\/\/www.ghostysky.com\/product\/gc2-s-waterproof-2-axis-gimbal-night-vision-camera\/","url":"https:\/\/www.ghostysky.com\/product\/gc2-s-waterproof-2-axis-gimbal-night-vision-camera\/","name":"C\u00e2mera de vis\u00e3o noturna com cardan de 2 eixos \u00e0 prova d&#039;\u00e1gua GC2-S -","isPartOf":{"@id":"https:\/\/www.ghostysky.com\/#website"},"primaryImageOfPage":{"@id":"https:\/\/www.ghostysky.com\/product\/gc2-s-waterproof-2-axis-gimbal-night-vision-camera\/#primaryimage"},"image":{"@id":"https:\/\/www.ghostysky.com\/product\/gc2-s-waterproof-2-axis-gimbal-night-vision-camera\/#primaryimage"},"thumbnailUrl":"https:\/\/www.ghostysky.com\/wp-content\/uploads\/2022\/03\/2-axis-night-vision-camera-1_1500x.webp","datePublished":"2022-03-23T14:54:00+00:00","dateModified":"2025-12-17T17:15:11+00:00","description":"GC2-S \u00e9 um m\u00f3dulo com uma c\u00e2mera de vis\u00e3o noturna de 2 eixos especialmente projetada para opera\u00e7\u00f5es com pouca luz.C\u00e2mera compat\u00edvel com Splash Drone 4 \u00e0 prova d&#039;\u00e1gua.","breadcrumb":{"@id":"https:\/\/www.ghostysky.com\/product\/gc2-s-waterproof-2-axis-gimbal-night-vision-camera\/#breadcrumb"},"inLanguage":"pt-PT","potentialAction":[{"@type":"ReadAction","target":["https:\/\/www.ghostysky.com\/product\/gc2-s-waterproof-2-axis-gimbal-night-vision-camera\/"]}]},{"@type":"ImageObject","inLanguage":"pt-PT","@id":"https:\/\/www.ghostysky.com\/product\/gc2-s-waterproof-2-axis-gimbal-night-vision-camera\/#primaryimage","url":"https:\/\/www.ghostysky.com\/wp-content\/uploads\/2022\/03\/2-axis-night-vision-camera-1_1500x.webp","contentUrl":"https:\/\/www.ghostysky.com\/wp-content\/uploads\/2022\/03\/2-axis-night-vision-camera-1_1500x.webp","width":800,"height":800},{"@type":"BreadcrumbList","@id":"https:\/\/www.ghostysky.com\/product\/gc2-s-waterproof-2-axis-gimbal-night-vision-camera\/#breadcrumb","itemListElement":[{"@type":"ListItem","position":1,"name":"Home","item":"https:\/\/www.ghostysky.com\/"},{"@type":"ListItem","position":2,"name":"Shop","item":"https:\/\/www.ghostysky.com\/shop\/"},{"@type":"ListItem","position":3,"name":"GC2-S Waterproof 2-Axis Gimbal Night-vision Camera"}]},{"@type":"WebSite","@id":"https:\/\/www.ghostysky.com\/#website","url":"https:\/\/www.ghostysky.com\/","name":"Ghostysky","description":"Fornecendo solu\u00e7\u00f5es profissionais em drones e rob\u00f3tica.","publisher":{"@id":"https:\/\/www.ghostysky.com\/#organization"},"potentialAction":[{"@type":"SearchAction","target":{"@type":"EntryPoint","urlTemplate":"https:\/\/www.ghostysky.com\/?s={search_term_string}"},"query-input":{"@type":"PropertyValueSpecification","valueRequired":true,"valueName":"search_term_string"}}],"inLanguage":"pt-PT"},{"@type":"Organization","@id":"https:\/\/www.ghostysky.com\/#organization","name":"Ghostysky","url":"https:\/\/www.ghostysky.com\/","logo":{"@type":"ImageObject","inLanguage":"pt-PT","@id":"https:\/\/www.ghostysky.com\/#\/schema\/logo\/image\/","url":"https:\/\/www.ghostysky.com\/wp-content\/uploads\/2020\/06\/cropped-ghostyskylogo_text_white2.png","contentUrl":"https:\/\/www.ghostysky.com\/wp-content\/uploads\/2020\/06\/cropped-ghostyskylogo_text_white2.png","width":169,"height":56,"caption":"Ghostysky"},"image":{"@id":"https:\/\/www.ghostysky.com\/#\/schema\/logo\/image\/"},"sameAs":["https:\/\/www.facebook.com\/people\/Ghostysky\/100057676170234\/","https:\/\/x.com\/Gh0stysky","https:\/\/www.linkedin.com\/company\/34739653","https:\/\/www.instagram.com\/gh0stysky"]}]}},"_links":{"self":[{"href":"https:\/\/www.ghostysky.com\/pt\/wp-json\/wp\/v2\/product\/6239","targetHints":{"allow":["GET"]}}],"collection":[{"href":"https:\/\/www.ghostysky.com\/pt\/wp-json\/wp\/v2\/product"}],"about":[{"href":"https:\/\/www.ghostysky.com\/pt\/wp-json\/wp\/v2\/types\/product"}],"replies":[{"embeddable":true,"href":"https:\/\/www.ghostysky.com\/pt\/wp-json\/wp\/v2\/comments?post=6239"}],"version-history":[{"count":0,"href":"https:\/\/www.ghostysky.com\/pt\/wp-json\/wp\/v2\/product\/6239\/revisions"}],"wp:featuredmedia":[{"embeddable":true,"href":"https:\/\/www.ghostysky.com\/pt\/wp-json\/wp\/v2\/media\/6240"}],"wp:attachment":[{"href":"https:\/\/www.ghostysky.com\/pt\/wp-json\/wp\/v2\/media?parent=6239"}],"wp:term":[{"taxonomy":"product_brand","embeddable":true,"href":"https:\/\/www.ghostysky.com\/pt\/wp-json\/wp\/v2\/product_brand?post=6239"},{"taxonomy":"product_cat","embeddable":true,"href":"https:\/\/www.ghostysky.com\/pt\/wp-json\/wp\/v2\/product_cat?post=6239"},{"taxonomy":"product_tag","embeddable":true,"href":"https:\/\/www.ghostysky.com\/pt\/wp-json\/wp\/v2\/product_tag?post=6239"}],"curies":[{"name":"wp","href":"https:\/\/api.w.org\/{rel}","templated":true}]}}