{"id":6242,"date":"2022-03-23T14:59:26","date_gmt":"2022-03-23T14:59:26","guid":{"rendered":"https:\/\/www.ghostysky.com\/?post_type=product&#038;p=6242"},"modified":"2025-10-14T11:28:24","modified_gmt":"2025-10-14T11:28:24","slug":"gc1-s-waterproof-1-axis-gimbal-4k-camera","status":"publish","type":"product","link":"https:\/\/www.ghostysky.com\/pt\/product\/gc1-s-waterproof-1-axis-gimbal-4k-camera\/","title":{"rendered":"GC1-S C\u00e2mera 4K de gimbal de 1 eixo \u00e0 prova d'\u00e1gua"},"content":{"rendered":"<table id=\"product-attribute-specs-table\" class=\"data-table table\">\n<tbody>\n<tr class=\"first odd\">\n<th class=\"label\" style=\"text-align: left; width: 90.671875px;\">Vis\u00e3o geral<\/th>\n<td class=\"data last\" style=\"width: 444.328125px;\">A GC1-S \u00e9 uma c\u00e2mera 4K com gimbal de 1 eixo para o SplashDrone 4, permite capturar imagens a\u00e9reas de qualidade decente. \u00c9 uma op\u00e7\u00e3o mais acess\u00edvel para utilizadores cuja necessidade \u00e9 apenas localizar com precis\u00e3o a sua zona de v\u00f4o antes de largar remotamente cargas \u00fateis.<\/td>\n<\/tr>\n<tr class=\"first odd\">\n<th class=\"label\" style=\"text-align: left; width: 90.671875px;\">Destaques<\/th>\n<td class=\"data last\" style=\"width: 444.328125px;\">IP67 \u00e0 prova d&#039;\u00e1gua.<br \/>\nV\u00eddeo 4K\/30fps | foto de 12MP.<br \/>\nLente comut\u00e1vel para diferentes condi\u00e7\u00f5es de ilumina\u00e7\u00e3o.<\/td>\n<\/tr>\n<tr class=\"first odd\">\n<th class=\"label\" style=\"text-align: left; width: 90.671875px;\">Especifica\u00e7\u00f5es<\/th>\n<td class=\"data last\" style=\"width: 444.328125px;\">\u00c0 prova d&#039;\u00e1gua: IP67<br \/>\nEixo: 1 eixo (pitch)<br \/>\n\u00c2ngulo de inclina\u00e7\u00e3o: -90\u00b0 a 0\u00b0<br \/>\nVelocidade m\u00e1xima de controle: Pitching 60\u00b0\/s<br \/>\nPeso: Aprox. 145g<br \/>\nTamanho: 71*55*65mm<br \/>\nSensor de imagem: 1\/2,3\u2033 12MP SONY CMOS<br \/>\nLente: F4.53mm f\/2.65<br \/>\nFOV: 92,6\u00b0<br \/>\nIntervalo ISO: 100 \u2013 3200<br \/>\nVelocidade do obturador: 16 \u2013 1\/16000 s<br \/>\nResolu\u00e7\u00e3o da imagem: 4:3\/16:9 12M<br \/>\nModo de disparo de fotos: Single shot<br \/>\nBurst: 3\/5\/10 pe\u00e7as<br \/>\nIntervalo: 1\/3\/5\/10s<br \/>\nResolu\u00e7\u00e3o de v\u00eddeo: 4K: 3840*2160\/30P | 2,7K: 2704*1520\/60P | FHD: 1920*1080 30\/60\/120p | HD: 1280*720\/240p<br \/>\nFluxo m\u00e1ximo de v\u00eddeo: 64 mbps<br \/>\nFormato da imagem: JPEG\/RAW<br \/>\nFormato de v\u00eddeo: MP4\/MOV<br \/>\nSuporta Cart\u00e3o de Mem\u00f3ria: CART\u00d5ES Micro SD com capacidade m\u00e1xima de 128 GB, velocidade de grava\u00e7\u00e3o \u226515 MB\/s e velocidade de transmiss\u00e3o de Classe 10 ou superior ou classifica\u00e7\u00e3o UHS-1 s\u00e3o suportados<br \/>\nTemperatura de opera\u00e7\u00e3o: -10\u2103 a 40\u2103<\/td>\n<\/tr>\n<tr class=\"first odd\">\n<th class=\"label\" style=\"text-align: left; width: 90.671875px;\">Na caixa<\/th>\n<td class=\"data last\" style=\"width: 444.328125px;\">GC1-S\u00d71<\/td>\n<\/tr>\n<tr class=\"first odd\">\n<th class=\"label\" style=\"text-align: left; width: 90.671875px;\">Compatibilidade<\/th>\n<td class=\"data last\" style=\"width: 444.328125px;\">SplashDrone 4<\/td>\n<\/tr>\n<\/tbody>\n<\/table>","protected":false},"excerpt":{"rendered":"<p class=\"translation-block\"><strong>GC1-S<\/strong> \u00e9 um m\u00f3dulo de c\u00e2mera <strong>gimbal de 1 eixo<\/strong> que permite obter imagens a\u00e9reas de alta qualidade. Grava em resolu\u00e7\u00e3o de <strong>v\u00eddeo 4K<\/strong> e captura fotos at\u00e9 <strong>12Mp<\/strong>.<\/p>\n<p>C\u00e2mera compat\u00edvel com <strong>Splash Drone 4 \u00e0 prova d&#039;\u00e1gua<\/strong>.<\/p>\n<ul>\n<li>Resistente \u00e0 \u00e1gua, prote\u00e7\u00e3o IP67.<\/li>\n<li>Qualidade de v\u00eddeo 4K \/ 30fps | foto 12Mp.<\/li>\n<li>Lente intercambi\u00e1vel para diferentes condi\u00e7\u00f5es de ilumina\u00e7\u00e3o.<\/li>\n<\/ul>","protected":false},"featured_media":6243,"comment_status":"open","ping_status":"closed","template":"","meta":[],"product_brand":[],"product_cat":[304,29,278],"product_tag":[318,312,62,279],"class_list":{"0":"post-6242","1":"product","2":"type-product","3":"status-publish","4":"has-post-thumbnail","6":"product_cat-cameras-sweelpro","7":"product_cat-drones","8":"product_cat-swellpro","9":"product_tag-12mp","10":"product_tag-4k","11":"product_tag-camera","12":"product_tag-swellpro","14":"first","15":"onbackorder","16":"taxable","17":"shipping-taxable","18":"product-type-simple"},"yoast_head":"<!-- This site is optimized with the Yoast SEO plugin v27.1.1 - https:\/\/yoast.com\/product\/yoast-seo-wordpress\/ -->\n<title>GC1-S Waterproof 1-Axis Gimbal 4K Camera -<\/title>\n<meta name=\"description\" content=\"GC1-S is a module with camera and 1-axis gimbal to take high-quality aerial images. Optional 4K video camera or photos up to 12Mp.Camera compatible with waterproof Splash Drone 4.\" \/>\n<meta name=\"robots\" content=\"index, follow, max-snippet:-1, max-image-preview:large, max-video-preview:-1\" \/>\n<link rel=\"canonical\" href=\"https:\/\/www.ghostysky.com\/pt\/produto-2\/gc1-s-waterproof-1-axis-gimbal-4k-camera\/\" \/>\n<meta property=\"og:locale\" content=\"pt_PT\" \/>\n<meta property=\"og:type\" content=\"article\" \/>\n<meta property=\"og:title\" content=\"GC1-S Waterproof 1-Axis Gimbal 4K Camera -\" \/>\n<meta property=\"og:description\" content=\"GC1-S is a module with camera and 1-axis gimbal to take high-quality aerial images. Optional 4K video camera or photos up to 12Mp.Camera compatible with waterproof Splash Drone 4.\" \/>\n<meta property=\"og:url\" content=\"https:\/\/www.ghostysky.com\/pt\/produto-2\/gc1-s-waterproof-1-axis-gimbal-4k-camera\/\" \/>\n<meta property=\"og:site_name\" content=\"Ghostysky\" \/>\n<meta property=\"article:publisher\" content=\"https:\/\/www.facebook.com\/people\/Ghostysky\/100057676170234\/\" \/>\n<meta property=\"article:modified_time\" content=\"2025-10-14T11:28:24+00:00\" \/>\n<meta property=\"og:image\" content=\"https:\/\/www.ghostysky.com\/wp-content\/uploads\/2022\/03\/SP-SD4-B101-GC1_01-1.jpg\" \/>\n\t<meta property=\"og:image:width\" content=\"1200\" \/>\n\t<meta property=\"og:image:height\" content=\"1200\" \/>\n\t<meta property=\"og:image:type\" content=\"image\/jpeg\" \/>\n<meta name=\"twitter:card\" content=\"summary_large_image\" \/>\n<meta name=\"twitter:site\" content=\"@Gh0stysky\" \/>\n<meta name=\"twitter:label1\" content=\"Tempo estimado de leitura\" \/>\n\t<meta name=\"twitter:data1\" content=\"1 minuto\" \/>\n<script type=\"application\/ld+json\" class=\"yoast-schema-graph\">{\"@context\":\"https:\/\/schema.org\",\"@graph\":[{\"@type\":\"WebPage\",\"@id\":\"https:\/\/www.ghostysky.com\/product\/gc1-s-waterproof-1-axis-gimbal-4k-camera\/\",\"url\":\"https:\/\/www.ghostysky.com\/product\/gc1-s-waterproof-1-axis-gimbal-4k-camera\/\",\"name\":\"GC1-S Waterproof 1-Axis Gimbal 4K Camera -\",\"isPartOf\":{\"@id\":\"https:\/\/www.ghostysky.com\/#website\"},\"primaryImageOfPage\":{\"@id\":\"https:\/\/www.ghostysky.com\/product\/gc1-s-waterproof-1-axis-gimbal-4k-camera\/#primaryimage\"},\"image\":{\"@id\":\"https:\/\/www.ghostysky.com\/product\/gc1-s-waterproof-1-axis-gimbal-4k-camera\/#primaryimage\"},\"thumbnailUrl\":\"https:\/\/www.ghostysky.com\/wp-content\/uploads\/2022\/03\/SP-SD4-B101-GC1_01-1.jpg\",\"datePublished\":\"2022-03-23T14:59:26+00:00\",\"dateModified\":\"2025-10-14T11:28:24+00:00\",\"description\":\"GC1-S is a module with camera and 1-axis gimbal to take high-quality aerial images. Optional 4K video camera or photos up to 12Mp.Camera compatible with waterproof Splash Drone 4.\",\"breadcrumb\":{\"@id\":\"https:\/\/www.ghostysky.com\/product\/gc1-s-waterproof-1-axis-gimbal-4k-camera\/#breadcrumb\"},\"inLanguage\":\"pt-PT\",\"potentialAction\":[{\"@type\":\"ReadAction\",\"target\":[\"https:\/\/www.ghostysky.com\/product\/gc1-s-waterproof-1-axis-gimbal-4k-camera\/\"]}]},{\"@type\":\"ImageObject\",\"inLanguage\":\"pt-PT\",\"@id\":\"https:\/\/www.ghostysky.com\/product\/gc1-s-waterproof-1-axis-gimbal-4k-camera\/#primaryimage\",\"url\":\"https:\/\/www.ghostysky.com\/wp-content\/uploads\/2022\/03\/SP-SD4-B101-GC1_01-1.jpg\",\"contentUrl\":\"https:\/\/www.ghostysky.com\/wp-content\/uploads\/2022\/03\/SP-SD4-B101-GC1_01-1.jpg\",\"width\":1200,\"height\":1200},{\"@type\":\"BreadcrumbList\",\"@id\":\"https:\/\/www.ghostysky.com\/product\/gc1-s-waterproof-1-axis-gimbal-4k-camera\/#breadcrumb\",\"itemListElement\":[{\"@type\":\"ListItem\",\"position\":1,\"name\":\"Home\",\"item\":\"https:\/\/www.ghostysky.com\/\"},{\"@type\":\"ListItem\",\"position\":2,\"name\":\"Shop\",\"item\":\"https:\/\/www.ghostysky.com\/shop\/\"},{\"@type\":\"ListItem\",\"position\":3,\"name\":\"GC1-S Waterproof 1-Axis Gimbal 4K Camera\"}]},{\"@type\":\"WebSite\",\"@id\":\"https:\/\/www.ghostysky.com\/#website\",\"url\":\"https:\/\/www.ghostysky.com\/\",\"name\":\"Ghostysky\",\"description\":\"Delivering professional drones and services\",\"publisher\":{\"@id\":\"https:\/\/www.ghostysky.com\/#organization\"},\"potentialAction\":[{\"@type\":\"SearchAction\",\"target\":{\"@type\":\"EntryPoint\",\"urlTemplate\":\"https:\/\/www.ghostysky.com\/?s={search_term_string}\"},\"query-input\":{\"@type\":\"PropertyValueSpecification\",\"valueRequired\":true,\"valueName\":\"search_term_string\"}}],\"inLanguage\":\"pt-PT\"},{\"@type\":\"Organization\",\"@id\":\"https:\/\/www.ghostysky.com\/#organization\",\"name\":\"Ghostysky\",\"url\":\"https:\/\/www.ghostysky.com\/\",\"logo\":{\"@type\":\"ImageObject\",\"inLanguage\":\"pt-PT\",\"@id\":\"https:\/\/www.ghostysky.com\/#\/schema\/logo\/image\/\",\"url\":\"https:\/\/www.ghostysky.com\/wp-content\/uploads\/2020\/06\/cropped-ghostyskylogo_text_white2.png\",\"contentUrl\":\"https:\/\/www.ghostysky.com\/wp-content\/uploads\/2020\/06\/cropped-ghostyskylogo_text_white2.png\",\"width\":169,\"height\":56,\"caption\":\"Ghostysky\"},\"image\":{\"@id\":\"https:\/\/www.ghostysky.com\/#\/schema\/logo\/image\/\"},\"sameAs\":[\"https:\/\/www.facebook.com\/people\/Ghostysky\/100057676170234\/\",\"https:\/\/x.com\/Gh0stysky\",\"https:\/\/www.linkedin.com\/company\/34739653\",\"https:\/\/www.instagram.com\/gh0stysky\"]}]}<\/script>\n<!-- \/ Yoast SEO plugin. -->","yoast_head_json":{"title":"C\u00e2mera GC1-S \u00e0 prova d&#039;\u00e1gua Gimbal 4K de 1 eixo -","description":"GC1-S \u00e9 um m\u00f3dulo com c\u00e2mera e gimbal de 1 eixo para capturar imagens a\u00e9reas de alta qualidade. C\u00e2mera de v\u00eddeo 4K opcional ou fotos de at\u00e9 12Mp. C\u00e2mera compat\u00edvel com Splash Drone 4 \u00e0 prova d&#039;\u00e1gua.","robots":{"index":"index","follow":"follow","max-snippet":"max-snippet:-1","max-image-preview":"max-image-preview:large","max-video-preview":"max-video-preview:-1"},"canonical":"https:\/\/www.ghostysky.com\/pt\/produto-2\/gc1-s-waterproof-1-axis-gimbal-4k-camera\/","og_locale":"pt_PT","og_type":"article","og_title":"GC1-S Waterproof 1-Axis Gimbal 4K Camera -","og_description":"GC1-S is a module with camera and 1-axis gimbal to take high-quality aerial images. Optional 4K video camera or photos up to 12Mp.Camera compatible with waterproof Splash Drone 4.","og_url":"https:\/\/www.ghostysky.com\/pt\/produto-2\/gc1-s-waterproof-1-axis-gimbal-4k-camera\/","og_site_name":"Ghostysky","article_publisher":"https:\/\/www.facebook.com\/people\/Ghostysky\/100057676170234\/","article_modified_time":"2025-10-14T11:28:24+00:00","og_image":[{"width":1200,"height":1200,"url":"https:\/\/www.ghostysky.com\/wp-content\/uploads\/2022\/03\/SP-SD4-B101-GC1_01-1.jpg","type":"image\/jpeg"}],"twitter_card":"summary_large_image","twitter_site":"@Gh0stysky","twitter_misc":{"Tempo estimado de leitura":"1 minuto"},"schema":{"@context":"https:\/\/schema.org","@graph":[{"@type":"WebPage","@id":"https:\/\/www.ghostysky.com\/product\/gc1-s-waterproof-1-axis-gimbal-4k-camera\/","url":"https:\/\/www.ghostysky.com\/product\/gc1-s-waterproof-1-axis-gimbal-4k-camera\/","name":"C\u00e2mera GC1-S \u00e0 prova d&#039;\u00e1gua Gimbal 4K de 1 eixo -","isPartOf":{"@id":"https:\/\/www.ghostysky.com\/#website"},"primaryImageOfPage":{"@id":"https:\/\/www.ghostysky.com\/product\/gc1-s-waterproof-1-axis-gimbal-4k-camera\/#primaryimage"},"image":{"@id":"https:\/\/www.ghostysky.com\/product\/gc1-s-waterproof-1-axis-gimbal-4k-camera\/#primaryimage"},"thumbnailUrl":"https:\/\/www.ghostysky.com\/wp-content\/uploads\/2022\/03\/SP-SD4-B101-GC1_01-1.jpg","datePublished":"2022-03-23T14:59:26+00:00","dateModified":"2025-10-14T11:28:24+00:00","description":"GC1-S \u00e9 um m\u00f3dulo com c\u00e2mera e gimbal de 1 eixo para capturar imagens a\u00e9reas de alta qualidade. C\u00e2mera de v\u00eddeo 4K opcional ou fotos de at\u00e9 12Mp. C\u00e2mera compat\u00edvel com Splash Drone 4 \u00e0 prova d&#039;\u00e1gua.","breadcrumb":{"@id":"https:\/\/www.ghostysky.com\/product\/gc1-s-waterproof-1-axis-gimbal-4k-camera\/#breadcrumb"},"inLanguage":"pt-PT","potentialAction":[{"@type":"ReadAction","target":["https:\/\/www.ghostysky.com\/product\/gc1-s-waterproof-1-axis-gimbal-4k-camera\/"]}]},{"@type":"ImageObject","inLanguage":"pt-PT","@id":"https:\/\/www.ghostysky.com\/product\/gc1-s-waterproof-1-axis-gimbal-4k-camera\/#primaryimage","url":"https:\/\/www.ghostysky.com\/wp-content\/uploads\/2022\/03\/SP-SD4-B101-GC1_01-1.jpg","contentUrl":"https:\/\/www.ghostysky.com\/wp-content\/uploads\/2022\/03\/SP-SD4-B101-GC1_01-1.jpg","width":1200,"height":1200},{"@type":"BreadcrumbList","@id":"https:\/\/www.ghostysky.com\/product\/gc1-s-waterproof-1-axis-gimbal-4k-camera\/#breadcrumb","itemListElement":[{"@type":"ListItem","position":1,"name":"Home","item":"https:\/\/www.ghostysky.com\/"},{"@type":"ListItem","position":2,"name":"Shop","item":"https:\/\/www.ghostysky.com\/shop\/"},{"@type":"ListItem","position":3,"name":"GC1-S Waterproof 1-Axis Gimbal 4K Camera"}]},{"@type":"WebSite","@id":"https:\/\/www.ghostysky.com\/#website","url":"https:\/\/www.ghostysky.com\/","name":"Ghostysky","description":"Fornecendo drones e servi\u00e7os profissionais","publisher":{"@id":"https:\/\/www.ghostysky.com\/#organization"},"potentialAction":[{"@type":"SearchAction","target":{"@type":"EntryPoint","urlTemplate":"https:\/\/www.ghostysky.com\/?s={search_term_string}"},"query-input":{"@type":"PropertyValueSpecification","valueRequired":true,"valueName":"search_term_string"}}],"inLanguage":"pt-PT"},{"@type":"Organization","@id":"https:\/\/www.ghostysky.com\/#organization","name":"Ghostysky","url":"https:\/\/www.ghostysky.com\/","logo":{"@type":"ImageObject","inLanguage":"pt-PT","@id":"https:\/\/www.ghostysky.com\/#\/schema\/logo\/image\/","url":"https:\/\/www.ghostysky.com\/wp-content\/uploads\/2020\/06\/cropped-ghostyskylogo_text_white2.png","contentUrl":"https:\/\/www.ghostysky.com\/wp-content\/uploads\/2020\/06\/cropped-ghostyskylogo_text_white2.png","width":169,"height":56,"caption":"Ghostysky"},"image":{"@id":"https:\/\/www.ghostysky.com\/#\/schema\/logo\/image\/"},"sameAs":["https:\/\/www.facebook.com\/people\/Ghostysky\/100057676170234\/","https:\/\/x.com\/Gh0stysky","https:\/\/www.linkedin.com\/company\/34739653","https:\/\/www.instagram.com\/gh0stysky"]}]}},"_links":{"self":[{"href":"https:\/\/www.ghostysky.com\/pt\/wp-json\/wp\/v2\/product\/6242","targetHints":{"allow":["GET"]}}],"collection":[{"href":"https:\/\/www.ghostysky.com\/pt\/wp-json\/wp\/v2\/product"}],"about":[{"href":"https:\/\/www.ghostysky.com\/pt\/wp-json\/wp\/v2\/types\/product"}],"replies":[{"embeddable":true,"href":"https:\/\/www.ghostysky.com\/pt\/wp-json\/wp\/v2\/comments?post=6242"}],"wp:featuredmedia":[{"embeddable":true,"href":"https:\/\/www.ghostysky.com\/pt\/wp-json\/wp\/v2\/media\/6243"}],"wp:attachment":[{"href":"https:\/\/www.ghostysky.com\/pt\/wp-json\/wp\/v2\/media?parent=6242"}],"wp:term":[{"taxonomy":"product_brand","embeddable":true,"href":"https:\/\/www.ghostysky.com\/pt\/wp-json\/wp\/v2\/product_brand?post=6242"},{"taxonomy":"product_cat","embeddable":true,"href":"https:\/\/www.ghostysky.com\/pt\/wp-json\/wp\/v2\/product_cat?post=6242"},{"taxonomy":"product_tag","embeddable":true,"href":"https:\/\/www.ghostysky.com\/pt\/wp-json\/wp\/v2\/product_tag?post=6242"}],"curies":[{"name":"wp","href":"https:\/\/api.w.org\/{rel}","templated":true}]}}