{"id":6246,"date":"2022-03-23T15:04:49","date_gmt":"2022-03-23T15:04:49","guid":{"rendered":"https:\/\/www.ghostysky.com\/?post_type=product&#038;p=6246"},"modified":"2025-11-25T16:21:23","modified_gmt":"2025-11-25T16:21:23","slug":"fixed-anglewaterproof-camera","status":"publish","type":"product","link":"https:\/\/www.ghostysky.com\/pt\/product\/fixed-anglewaterproof-camera\/","title":{"rendered":"C\u00e2mera \u00e0 prova d&#039;\u00e1gua de \u00e2ngulo fixo"},"content":{"rendered":"<table id=\"product-attribute-specs-table\" class=\"data-table table\">\n<tbody>\n<tr class=\"first odd\">\n<th class=\"label\" style=\"text-align: left; width: 90.671875px;\">Vis\u00e3o geral<\/th>\n<td class=\"data last\" style=\"width: 444.328125px;\">A c\u00e2mera FAC \u00e9 uma c\u00e2mera full HD \u00e0 prova d'\u00e1gua de \u00e2ngulo fixo projectada para SplashDrone 4. Permite manter a vis\u00e3o em voo, enquanto tamb\u00e9m possui capacidade de captura de fotos e grava\u00e7\u00e3o de v\u00eddeo em fullHD.<\/td>\n<\/tr>\n<tr class=\"first odd\">\n<th class=\"label\" style=\"text-align: left; width: 90.671875px;\">Destaques<\/th>\n<td class=\"data last\" style=\"width: 444.328125px;\">IP67 \u00e0 prova d&#039;\u00e1gua.<br \/>\n1\/2,7\u2033 2M SONY CMOS | MP4 \/ MOV.<br \/>\nCART\u00d5ES Micro SD com capacidade m\u00e1xima de 128 GB<\/td>\n<\/tr>\n<tr class=\"first odd\">\n<th class=\"label\" style=\"text-align: left; width: 90.671875px;\">Especifica\u00e7\u00f5es<\/th>\n<td class=\"data last\" style=\"width: 444.328125px;\">Classifica\u00e7\u00e3o \u00e0 prova d&#039;\u00e1gua: IP67<br \/>\nPeso: Aprox. 85g<br \/>\nTamanho: 45*44*40mm<br \/>\nSensor de imagem: 1\/2,7\u2033 2M SONY CMOS<br \/>\nLente: F2.2mm f\/5.06, FOV: 130\u00b0<br \/>\nFoto de explos\u00e3o: 3\/5\/10 pe\u00e7as<br \/>\nResolu\u00e7\u00e3o de v\u00eddeo: FHD\uff1a1920*1080 30\/60p\uff0cHD\uff1a1280*720 120\/60p<br \/>\nFluxo de v\u00eddeo m\u00e1ximo: 30 Mbps<br \/>\nFormato da foto: JPEG<br \/>\nFormato de v\u00eddeo: MP4\/MOV<br \/>\nCart\u00e3o de Mem\u00f3ria: CART\u00d5ES Micro SD com capacidade m\u00e1xima de 128 GB, velocidade de grava\u00e7\u00e3o \u2265 30 MB\/s, recomendado o uso de Classe 10 ou superior e classifica\u00e7\u00e3o UHS-1<br \/>\nTemperatura de trabalho: -10\u2103 a 40\u2103<\/td>\n<\/tr>\n<tr class=\"first odd\">\n<th class=\"label\" style=\"text-align: left; width: 90.671875px;\">Na caixa<\/th>\n<td class=\"data last\" style=\"width: 444.328125px;\">C\u00e2mera \u00e0 prova d&#039;\u00e1gua de \u00e2ngulo fixo \u00d7 1 pe\u00e7a<\/td>\n<\/tr>\n<tr class=\"first odd\">\n<th class=\"label\" style=\"text-align: left; width: 90.671875px;\">Compatibilidade<\/th>\n<td class=\"data last\" style=\"width: 444.328125px;\">SplashDrone 4<\/td>\n<\/tr>\n<\/tbody>\n<\/table>","protected":false},"excerpt":{"rendered":"<p class=\"translation-block\"><strong>FAC (C\u00e2mera de \u00c2ngulo Fixo)<\/strong> \u00e9 um m\u00f3dulo com uma <strong>c\u00e2mera FullHD<\/strong> que permite capturar imagens e videos a\u00e9reos de qualidade. Esta \u00e9 a op\u00e7\u00e3o de c\u00e2mera mais acess\u00edvel.<\/p>\n<p>C\u00e2mera compat\u00edvel com <strong>Splash Drone 4 \u00e0 prova d&#039;\u00e1gua<\/strong>.<\/p>\n<ul>\n<li>Resistente \u00e0 \u00e1gua, prote\u00e7\u00e3o IP67.<\/li>\n<li>Qualidade de v\u00eddeo FullHD: 1920 x 1080 @30\/60 fps.<\/li>\n<li>Op\u00e7\u00e3o de disparo m\u00faltiplo.<\/li>\n<\/ul>","protected":false},"featured_media":6248,"comment_status":"open","ping_status":"closed","template":"","meta":[],"product_brand":[],"product_cat":[304,29,278],"product_tag":[62,320,326,279],"class_list":{"0":"post-6246","1":"product","2":"type-product","3":"status-publish","4":"has-post-thumbnail","6":"product_cat-cameras-sweelpro","7":"product_cat-drones","8":"product_cat-swellpro","9":"product_tag-camera","10":"product_tag-fac","11":"product_tag-fhd","12":"product_tag-swellpro","14":"first","15":"onbackorder","16":"taxable","17":"shipping-taxable","18":"product-type-simple"},"yoast_head":"<!-- This site is optimized with the Yoast SEO plugin v27.1.1 - https:\/\/yoast.com\/product\/yoast-seo-wordpress\/ -->\n<title>Fixed AngleWaterproof Camera -<\/title>\n<meta name=\"description\" content=\"FAC (Fixed Angle Camera) is a module with a FullHD camera to take aerial images of quality and the available camera option to capture video or photos.Camera compatible with waterproof Splash Drone 4.\" \/>\n<meta name=\"robots\" content=\"index, follow, max-snippet:-1, max-image-preview:large, max-video-preview:-1\" \/>\n<link rel=\"canonical\" href=\"https:\/\/www.ghostysky.com\/pt\/produto-2\/fixed-anglewaterproof-camera\/\" \/>\n<meta property=\"og:locale\" content=\"pt_PT\" \/>\n<meta property=\"og:type\" content=\"article\" \/>\n<meta property=\"og:title\" content=\"Fixed AngleWaterproof Camera -\" \/>\n<meta property=\"og:description\" content=\"FAC (Fixed Angle Camera) is a module with a FullHD camera to take aerial images of quality and the available camera option to capture video or photos.Camera compatible with waterproof Splash Drone 4.\" \/>\n<meta property=\"og:url\" content=\"https:\/\/www.ghostysky.com\/pt\/produto-2\/fixed-anglewaterproof-camera\/\" \/>\n<meta property=\"og:site_name\" content=\"Ghostysky\" \/>\n<meta property=\"article:publisher\" content=\"https:\/\/www.facebook.com\/people\/Ghostysky\/100057676170234\/\" \/>\n<meta property=\"article:modified_time\" content=\"2025-11-25T16:21:23+00:00\" \/>\n<meta property=\"og:image\" content=\"https:\/\/www.ghostysky.com\/wp-content\/uploads\/2022\/03\/SP-SD4-B105-FAC_05-1.jpg\" \/>\n\t<meta property=\"og:image:width\" content=\"1200\" \/>\n\t<meta property=\"og:image:height\" content=\"1200\" \/>\n\t<meta property=\"og:image:type\" content=\"image\/jpeg\" \/>\n<meta name=\"twitter:card\" content=\"summary_large_image\" \/>\n<meta name=\"twitter:site\" content=\"@Gh0stysky\" \/>\n<meta name=\"twitter:label1\" content=\"Tempo estimado de leitura\" \/>\n\t<meta name=\"twitter:data1\" content=\"1 minuto\" \/>\n<script type=\"application\/ld+json\" class=\"yoast-schema-graph\">{\"@context\":\"https:\/\/schema.org\",\"@graph\":[{\"@type\":\"WebPage\",\"@id\":\"https:\/\/www.ghostysky.com\/product\/fixed-anglewaterproof-camera\/\",\"url\":\"https:\/\/www.ghostysky.com\/product\/fixed-anglewaterproof-camera\/\",\"name\":\"Fixed AngleWaterproof Camera -\",\"isPartOf\":{\"@id\":\"https:\/\/www.ghostysky.com\/#website\"},\"primaryImageOfPage\":{\"@id\":\"https:\/\/www.ghostysky.com\/product\/fixed-anglewaterproof-camera\/#primaryimage\"},\"image\":{\"@id\":\"https:\/\/www.ghostysky.com\/product\/fixed-anglewaterproof-camera\/#primaryimage\"},\"thumbnailUrl\":\"https:\/\/www.ghostysky.com\/wp-content\/uploads\/2022\/03\/SP-SD4-B105-FAC_05-1.jpg\",\"datePublished\":\"2022-03-23T15:04:49+00:00\",\"dateModified\":\"2025-11-25T16:21:23+00:00\",\"description\":\"FAC (Fixed Angle Camera) is a module with a FullHD camera to take aerial images of quality and the available camera option to capture video or photos.Camera compatible with waterproof Splash Drone 4.\",\"breadcrumb\":{\"@id\":\"https:\/\/www.ghostysky.com\/product\/fixed-anglewaterproof-camera\/#breadcrumb\"},\"inLanguage\":\"pt-PT\",\"potentialAction\":[{\"@type\":\"ReadAction\",\"target\":[\"https:\/\/www.ghostysky.com\/product\/fixed-anglewaterproof-camera\/\"]}]},{\"@type\":\"ImageObject\",\"inLanguage\":\"pt-PT\",\"@id\":\"https:\/\/www.ghostysky.com\/product\/fixed-anglewaterproof-camera\/#primaryimage\",\"url\":\"https:\/\/www.ghostysky.com\/wp-content\/uploads\/2022\/03\/SP-SD4-B105-FAC_05-1.jpg\",\"contentUrl\":\"https:\/\/www.ghostysky.com\/wp-content\/uploads\/2022\/03\/SP-SD4-B105-FAC_05-1.jpg\",\"width\":1200,\"height\":1200},{\"@type\":\"BreadcrumbList\",\"@id\":\"https:\/\/www.ghostysky.com\/product\/fixed-anglewaterproof-camera\/#breadcrumb\",\"itemListElement\":[{\"@type\":\"ListItem\",\"position\":1,\"name\":\"Home\",\"item\":\"https:\/\/www.ghostysky.com\/\"},{\"@type\":\"ListItem\",\"position\":2,\"name\":\"Shop\",\"item\":\"https:\/\/www.ghostysky.com\/shop\/\"},{\"@type\":\"ListItem\",\"position\":3,\"name\":\"Fixed AngleWaterproof Camera\"}]},{\"@type\":\"WebSite\",\"@id\":\"https:\/\/www.ghostysky.com\/#website\",\"url\":\"https:\/\/www.ghostysky.com\/\",\"name\":\"Ghostysky\",\"description\":\"Delivering professional drones and services\",\"publisher\":{\"@id\":\"https:\/\/www.ghostysky.com\/#organization\"},\"potentialAction\":[{\"@type\":\"SearchAction\",\"target\":{\"@type\":\"EntryPoint\",\"urlTemplate\":\"https:\/\/www.ghostysky.com\/?s={search_term_string}\"},\"query-input\":{\"@type\":\"PropertyValueSpecification\",\"valueRequired\":true,\"valueName\":\"search_term_string\"}}],\"inLanguage\":\"pt-PT\"},{\"@type\":\"Organization\",\"@id\":\"https:\/\/www.ghostysky.com\/#organization\",\"name\":\"Ghostysky\",\"url\":\"https:\/\/www.ghostysky.com\/\",\"logo\":{\"@type\":\"ImageObject\",\"inLanguage\":\"pt-PT\",\"@id\":\"https:\/\/www.ghostysky.com\/#\/schema\/logo\/image\/\",\"url\":\"https:\/\/www.ghostysky.com\/wp-content\/uploads\/2020\/06\/cropped-ghostyskylogo_text_white2.png\",\"contentUrl\":\"https:\/\/www.ghostysky.com\/wp-content\/uploads\/2020\/06\/cropped-ghostyskylogo_text_white2.png\",\"width\":169,\"height\":56,\"caption\":\"Ghostysky\"},\"image\":{\"@id\":\"https:\/\/www.ghostysky.com\/#\/schema\/logo\/image\/\"},\"sameAs\":[\"https:\/\/www.facebook.com\/people\/Ghostysky\/100057676170234\/\",\"https:\/\/x.com\/Gh0stysky\",\"https:\/\/www.linkedin.com\/company\/34739653\",\"https:\/\/www.instagram.com\/gh0stysky\"]}]}<\/script>\n<!-- \/ Yoast SEO plugin. -->","yoast_head_json":{"title":"C\u00e2mera \u00e0 prova d&#039;\u00e1gua de \u00e2ngulo fixo -","description":"FAC (Fixed Angle Camera) \u00e9 um m\u00f3dulo com c\u00e2mera FullHD para tirar imagens a\u00e9reas de qualidade e a op\u00e7\u00e3o de c\u00e2mera dispon\u00edvel para capturar v\u00eddeo ou fotos.C\u00e2mera compat\u00edvel com Splash Drone 4 \u00e0 prova d&#039;\u00e1gua.","robots":{"index":"index","follow":"follow","max-snippet":"max-snippet:-1","max-image-preview":"max-image-preview:large","max-video-preview":"max-video-preview:-1"},"canonical":"https:\/\/www.ghostysky.com\/pt\/produto-2\/fixed-anglewaterproof-camera\/","og_locale":"pt_PT","og_type":"article","og_title":"Fixed AngleWaterproof Camera -","og_description":"FAC (Fixed Angle Camera) is a module with a FullHD camera to take aerial images of quality and the available camera option to capture video or photos.Camera compatible with waterproof Splash Drone 4.","og_url":"https:\/\/www.ghostysky.com\/pt\/produto-2\/fixed-anglewaterproof-camera\/","og_site_name":"Ghostysky","article_publisher":"https:\/\/www.facebook.com\/people\/Ghostysky\/100057676170234\/","article_modified_time":"2025-11-25T16:21:23+00:00","og_image":[{"width":1200,"height":1200,"url":"https:\/\/www.ghostysky.com\/wp-content\/uploads\/2022\/03\/SP-SD4-B105-FAC_05-1.jpg","type":"image\/jpeg"}],"twitter_card":"summary_large_image","twitter_site":"@Gh0stysky","twitter_misc":{"Tempo estimado de leitura":"1 minuto"},"schema":{"@context":"https:\/\/schema.org","@graph":[{"@type":"WebPage","@id":"https:\/\/www.ghostysky.com\/product\/fixed-anglewaterproof-camera\/","url":"https:\/\/www.ghostysky.com\/product\/fixed-anglewaterproof-camera\/","name":"C\u00e2mera \u00e0 prova d&#039;\u00e1gua de \u00e2ngulo fixo -","isPartOf":{"@id":"https:\/\/www.ghostysky.com\/#website"},"primaryImageOfPage":{"@id":"https:\/\/www.ghostysky.com\/product\/fixed-anglewaterproof-camera\/#primaryimage"},"image":{"@id":"https:\/\/www.ghostysky.com\/product\/fixed-anglewaterproof-camera\/#primaryimage"},"thumbnailUrl":"https:\/\/www.ghostysky.com\/wp-content\/uploads\/2022\/03\/SP-SD4-B105-FAC_05-1.jpg","datePublished":"2022-03-23T15:04:49+00:00","dateModified":"2025-11-25T16:21:23+00:00","description":"FAC (Fixed Angle Camera) \u00e9 um m\u00f3dulo com c\u00e2mera FullHD para tirar imagens a\u00e9reas de qualidade e a op\u00e7\u00e3o de c\u00e2mera dispon\u00edvel para capturar v\u00eddeo ou fotos.C\u00e2mera compat\u00edvel com Splash Drone 4 \u00e0 prova d&#039;\u00e1gua.","breadcrumb":{"@id":"https:\/\/www.ghostysky.com\/product\/fixed-anglewaterproof-camera\/#breadcrumb"},"inLanguage":"pt-PT","potentialAction":[{"@type":"ReadAction","target":["https:\/\/www.ghostysky.com\/product\/fixed-anglewaterproof-camera\/"]}]},{"@type":"ImageObject","inLanguage":"pt-PT","@id":"https:\/\/www.ghostysky.com\/product\/fixed-anglewaterproof-camera\/#primaryimage","url":"https:\/\/www.ghostysky.com\/wp-content\/uploads\/2022\/03\/SP-SD4-B105-FAC_05-1.jpg","contentUrl":"https:\/\/www.ghostysky.com\/wp-content\/uploads\/2022\/03\/SP-SD4-B105-FAC_05-1.jpg","width":1200,"height":1200},{"@type":"BreadcrumbList","@id":"https:\/\/www.ghostysky.com\/product\/fixed-anglewaterproof-camera\/#breadcrumb","itemListElement":[{"@type":"ListItem","position":1,"name":"Home","item":"https:\/\/www.ghostysky.com\/"},{"@type":"ListItem","position":2,"name":"Shop","item":"https:\/\/www.ghostysky.com\/shop\/"},{"@type":"ListItem","position":3,"name":"Fixed AngleWaterproof Camera"}]},{"@type":"WebSite","@id":"https:\/\/www.ghostysky.com\/#website","url":"https:\/\/www.ghostysky.com\/","name":"Ghostysky","description":"Fornecendo drones e servi\u00e7os profissionais","publisher":{"@id":"https:\/\/www.ghostysky.com\/#organization"},"potentialAction":[{"@type":"SearchAction","target":{"@type":"EntryPoint","urlTemplate":"https:\/\/www.ghostysky.com\/?s={search_term_string}"},"query-input":{"@type":"PropertyValueSpecification","valueRequired":true,"valueName":"search_term_string"}}],"inLanguage":"pt-PT"},{"@type":"Organization","@id":"https:\/\/www.ghostysky.com\/#organization","name":"Ghostysky","url":"https:\/\/www.ghostysky.com\/","logo":{"@type":"ImageObject","inLanguage":"pt-PT","@id":"https:\/\/www.ghostysky.com\/#\/schema\/logo\/image\/","url":"https:\/\/www.ghostysky.com\/wp-content\/uploads\/2020\/06\/cropped-ghostyskylogo_text_white2.png","contentUrl":"https:\/\/www.ghostysky.com\/wp-content\/uploads\/2020\/06\/cropped-ghostyskylogo_text_white2.png","width":169,"height":56,"caption":"Ghostysky"},"image":{"@id":"https:\/\/www.ghostysky.com\/#\/schema\/logo\/image\/"},"sameAs":["https:\/\/www.facebook.com\/people\/Ghostysky\/100057676170234\/","https:\/\/x.com\/Gh0stysky","https:\/\/www.linkedin.com\/company\/34739653","https:\/\/www.instagram.com\/gh0stysky"]}]}},"_links":{"self":[{"href":"https:\/\/www.ghostysky.com\/pt\/wp-json\/wp\/v2\/product\/6246","targetHints":{"allow":["GET"]}}],"collection":[{"href":"https:\/\/www.ghostysky.com\/pt\/wp-json\/wp\/v2\/product"}],"about":[{"href":"https:\/\/www.ghostysky.com\/pt\/wp-json\/wp\/v2\/types\/product"}],"replies":[{"embeddable":true,"href":"https:\/\/www.ghostysky.com\/pt\/wp-json\/wp\/v2\/comments?post=6246"}],"wp:featuredmedia":[{"embeddable":true,"href":"https:\/\/www.ghostysky.com\/pt\/wp-json\/wp\/v2\/media\/6248"}],"wp:attachment":[{"href":"https:\/\/www.ghostysky.com\/pt\/wp-json\/wp\/v2\/media?parent=6246"}],"wp:term":[{"taxonomy":"product_brand","embeddable":true,"href":"https:\/\/www.ghostysky.com\/pt\/wp-json\/wp\/v2\/product_brand?post=6246"},{"taxonomy":"product_cat","embeddable":true,"href":"https:\/\/www.ghostysky.com\/pt\/wp-json\/wp\/v2\/product_cat?post=6246"},{"taxonomy":"product_tag","embeddable":true,"href":"https:\/\/www.ghostysky.com\/pt\/wp-json\/wp\/v2\/product_tag?post=6246"}],"curies":[{"name":"wp","href":"https:\/\/api.w.org\/{rel}","templated":true}]}}