{"id":6316,"date":"2022-03-23T17:41:16","date_gmt":"2022-03-23T17:41:16","guid":{"rendered":"https:\/\/www.ghostysky.com\/?post_type=product&#038;p=6316"},"modified":"2024-12-17T04:32:42","modified_gmt":"2024-12-17T04:32:42","slug":"camera-filters-for-splashdrone-4","status":"publish","type":"product","link":"https:\/\/www.ghostysky.com\/pt\/product\/camera-filters-for-splashdrone-4\/","title":{"rendered":"Filtros de c\u00e2mera para o SplashDrone 4"},"content":{"rendered":"<table id=\"product-attribute-specs-table\" class=\"data-table table\">\n<tbody>\n<tr class=\"first odd\">\n<th class=\"label\" style=\"text-align: left; width: 90.671875px;\">Vis\u00e3o geral<\/th>\n<td class=\"data last\" style=\"width: 444.328125px;\">Adicione mais efeitos especiais e cores \u00e0 imagem a\u00e9rea com um conjunto de filtros criados especialmente para o SplashDrone 4.<\/td>\n<\/tr>\n<tr class=\"first odd\">\n<th class=\"label\" style=\"text-align: left; width: 90.671875px;\">Filtros ND<\/th>\n<td class=\"data last\" style=\"width: 444.328125px;\">Ao reduzir a quantidade de luz que entra na c\u00e2mera do SplashDrone 4, o conjunto de filtros ND permite aos fot\u00f3grafos mais liberdade na sele\u00e7\u00e3o de uma abertura e velocidade do obturador, evitando a superexposi\u00e7\u00e3o sob luz solar intensa. Com um filtro ND, os fot\u00f3grafos tamb\u00e9m podem aumentar a velocidade do obturador e criar algum desfoque de movimento, dando \u00e0s suas fotos uma sensa\u00e7\u00e3o mais viva e ativa.<br \/>\nExistem 4 op\u00e7\u00f5es de filtros ND (ND8\/ND16\/ND32\/ND64) para diferentes condi\u00e7\u00f5es de ilumina\u00e7\u00e3o.<\/td>\n<\/tr>\n<tr class=\"first odd\">\n<th class=\"label\" style=\"text-align: left; width: 90.671875px;\">Filtros CPL<\/th>\n<td class=\"data last\" style=\"width: 444.328125px;\">O filtro CPL reduz o brilho e aumenta a satura\u00e7\u00e3o da cor, ajudando o SplashDrone 4 a capturar imagens cristalinas.<\/td>\n<\/tr>\n<tr class=\"first odd\">\n<th class=\"label\" style=\"text-align: left; width: 90.671875px;\">Filtro graduado<\/th>\n<td class=\"data last\" style=\"width: 444.328125px;\">O filtro azul graduado adiciona cores espetaculares a metade da foto, deixando a outra metade intocada. Eles permitem que a fotografia de paisagem crie um c\u00e9u mais dram\u00e1tico, mantendo o contraste e as cores originais do primeiro plano.<br \/>\nOp\u00e7\u00f5es de cores: vermelho\/azul\/laranja\/cinza<\/td>\n<\/tr>\n<tr class=\"first odd\">\n<th class=\"label\" style=\"text-align: left; width: 90.671875px;\">Na caixa<\/th>\n<td class=\"data last\" style=\"width: 444.328125px;\">Filtros da c\u00e2mera x 1 conjunto (9 pe\u00e7as)<\/td>\n<\/tr>\n<tr class=\"first odd\">\n<th class=\"label\" style=\"text-align: left; width: 90.671875px;\">Compatibilidade<\/th>\n<td class=\"data last\" style=\"width: 444.328125px;\">C\u00e2mera GC1-S, c\u00e2mera GC3-S<\/td>\n<\/tr>\n<\/tbody>\n<\/table>","protected":false},"excerpt":{"rendered":"<table id=\"product-attribute-specs-table\" class=\"data-table table\">\n<tbody>\n<tr class=\"first odd\">\n<th class=\"label\">Vis\u00e3o geral<\/th>\n<td class=\"data last\">Adicione mais efeitos especiais e cores \u00e0 imagem a\u00e9rea com um conjunto de filtros criados especialmente para o SplashDrone 4.<\/td>\n<\/tr>\n<tr class=\"first odd\">\n<th class=\"label\">Filtros ND<\/th>\n<td class=\"data last\">Ao reduzir a quantidade de luz que entra na c\u00e2mera do SplashDrone 4, o conjunto de filtros ND permite aos fot\u00f3grafos mais liberdade na sele\u00e7\u00e3o de uma abertura e velocidade do obturador, evitando a superexposi\u00e7\u00e3o sob luz solar intensa. Com um filtro ND, os fot\u00f3grafos tamb\u00e9m podem aumentar a velocidade do obturador e criar algum desfoque de movimento, dando \u00e0s suas fotos uma sensa\u00e7\u00e3o mais viva e ativa.<br \/>\nExistem 4 op\u00e7\u00f5es de filtros ND (ND8\/ND16\/ND32\/ND64) para diferentes condi\u00e7\u00f5es de ilumina\u00e7\u00e3o.<\/td>\n<\/tr>\n<tr class=\"first odd\">\n<th class=\"label\">Filtros CPL<\/th>\n<td class=\"data last\">O filtro CPL reduz o brilho e aumenta a satura\u00e7\u00e3o da cor, ajudando o SplashDrone 4 a capturar imagens cristalinas.<\/td>\n<\/tr>\n<tr class=\"first odd\">\n<th class=\"label\">Filtro graduado<\/th>\n<td class=\"data last\">O filtro azul graduado adiciona cores espetaculares a metade da foto, deixando a outra metade intocada. Eles permitem que a fotografia de paisagem crie um c\u00e9u mais dram\u00e1tico, mantendo o contraste e as cores originais do primeiro plano.<br \/>\nOp\u00e7\u00f5es de cores: vermelho\/azul\/laranja\/cinza<\/td>\n<\/tr>\n<tr class=\"first odd\">\n<th class=\"label\">Na caixa<\/th>\n<td class=\"data last\">Filtros da c\u00e2mera x 1 conjunto (9 pe\u00e7as)<\/td>\n<\/tr>\n<tr class=\"first odd\">\n<th class=\"label\">Compatibilidade<\/th>\n<td class=\"data last\">C\u00e2mera GC1-S, c\u00e2mera GC3-S<\/td>\n<\/tr>\n<\/tbody>\n<\/table>","protected":false},"featured_media":6317,"comment_status":"open","ping_status":"closed","template":"","meta":[],"product_brand":[],"product_cat":[305,29,278],"product_tag":[336,335,279],"class_list":{"0":"post-6316","1":"product","2":"type-product","3":"status-publish","4":"has-post-thumbnail","6":"product_cat-accessories-swellpro","7":"product_cat-drones","8":"product_cat-swellpro","9":"product_tag-camera-filters","10":"product_tag-splashdrone-4","11":"product_tag-swellpro","13":"first","14":"onbackorder","15":"taxable","16":"shipping-taxable","17":"product-type-simple"},"yoast_head":"<!-- This site is optimized with the Yoast SEO plugin v27.4 - https:\/\/yoast.com\/product\/yoast-seo-wordpress\/ -->\n<title>Camera filters for SplashDrone 4 -<\/title>\n<meta name=\"description\" content=\"Add more special effects and colour to the epic aerial image with a set of filters specially made for SplashDrone 4.\" \/>\n<meta name=\"robots\" content=\"index, follow, max-snippet:-1, max-image-preview:large, max-video-preview:-1\" \/>\n<link rel=\"canonical\" href=\"https:\/\/www.ghostysky.com\/pt\/produto-2\/camera-filters-for-splashdrone-4\/\" \/>\n<meta property=\"og:locale\" content=\"pt_PT\" \/>\n<meta property=\"og:type\" content=\"article\" \/>\n<meta property=\"og:title\" content=\"Camera filters for SplashDrone 4 -\" \/>\n<meta property=\"og:description\" content=\"Add more special effects and colour to the epic aerial image with a set of filters specially made for SplashDrone 4.\" \/>\n<meta property=\"og:url\" content=\"https:\/\/www.ghostysky.com\/pt\/produto-2\/camera-filters-for-splashdrone-4\/\" \/>\n<meta property=\"og:site_name\" content=\"Ghostysky\" \/>\n<meta property=\"article:publisher\" content=\"https:\/\/www.facebook.com\/people\/Ghostysky\/100057676170234\/\" \/>\n<meta property=\"article:modified_time\" content=\"2024-12-17T04:32:42+00:00\" \/>\n<meta property=\"og:image\" content=\"https:\/\/www.ghostysky.com\/wp-content\/uploads\/2022\/03\/SP-SD4-B205-LEN_01.jpg\" \/>\n\t<meta property=\"og:image:width\" content=\"1200\" \/>\n\t<meta property=\"og:image:height\" content=\"1200\" \/>\n\t<meta property=\"og:image:type\" content=\"image\/jpeg\" \/>\n<meta name=\"twitter:card\" content=\"summary_large_image\" \/>\n<meta name=\"twitter:site\" content=\"@Gh0stysky\" \/>\n<meta name=\"twitter:label1\" content=\"Tempo estimado de leitura\" \/>\n\t<meta name=\"twitter:data1\" content=\"1 minuto\" \/>\n<script type=\"application\/ld+json\" class=\"yoast-schema-graph\">{\"@context\":\"https:\\\/\\\/schema.org\",\"@graph\":[{\"@type\":\"WebPage\",\"@id\":\"https:\\\/\\\/www.ghostysky.com\\\/product\\\/camera-filters-for-splashdrone-4\\\/\",\"url\":\"https:\\\/\\\/www.ghostysky.com\\\/product\\\/camera-filters-for-splashdrone-4\\\/\",\"name\":\"Camera filters for SplashDrone 4 -\",\"isPartOf\":{\"@id\":\"https:\\\/\\\/www.ghostysky.com\\\/#website\"},\"primaryImageOfPage\":{\"@id\":\"https:\\\/\\\/www.ghostysky.com\\\/product\\\/camera-filters-for-splashdrone-4\\\/#primaryimage\"},\"image\":{\"@id\":\"https:\\\/\\\/www.ghostysky.com\\\/product\\\/camera-filters-for-splashdrone-4\\\/#primaryimage\"},\"thumbnailUrl\":\"https:\\\/\\\/www.ghostysky.com\\\/wp-content\\\/uploads\\\/2022\\\/03\\\/SP-SD4-B205-LEN_01.jpg\",\"datePublished\":\"2022-03-23T17:41:16+00:00\",\"dateModified\":\"2024-12-17T04:32:42+00:00\",\"description\":\"Add more special effects and colour to the epic aerial image with a set of filters specially made for SplashDrone 4.\",\"breadcrumb\":{\"@id\":\"https:\\\/\\\/www.ghostysky.com\\\/product\\\/camera-filters-for-splashdrone-4\\\/#breadcrumb\"},\"inLanguage\":\"pt-PT\",\"potentialAction\":[{\"@type\":\"ReadAction\",\"target\":[\"https:\\\/\\\/www.ghostysky.com\\\/product\\\/camera-filters-for-splashdrone-4\\\/\"]}]},{\"@type\":\"ImageObject\",\"inLanguage\":\"pt-PT\",\"@id\":\"https:\\\/\\\/www.ghostysky.com\\\/product\\\/camera-filters-for-splashdrone-4\\\/#primaryimage\",\"url\":\"https:\\\/\\\/www.ghostysky.com\\\/wp-content\\\/uploads\\\/2022\\\/03\\\/SP-SD4-B205-LEN_01.jpg\",\"contentUrl\":\"https:\\\/\\\/www.ghostysky.com\\\/wp-content\\\/uploads\\\/2022\\\/03\\\/SP-SD4-B205-LEN_01.jpg\",\"width\":1200,\"height\":1200},{\"@type\":\"BreadcrumbList\",\"@id\":\"https:\\\/\\\/www.ghostysky.com\\\/product\\\/camera-filters-for-splashdrone-4\\\/#breadcrumb\",\"itemListElement\":[{\"@type\":\"ListItem\",\"position\":1,\"name\":\"Home\",\"item\":\"https:\\\/\\\/www.ghostysky.com\\\/\"},{\"@type\":\"ListItem\",\"position\":2,\"name\":\"Shop\",\"item\":\"https:\\\/\\\/www.ghostysky.com\\\/shop\\\/\"},{\"@type\":\"ListItem\",\"position\":3,\"name\":\"Camera filters for SplashDrone 4\"}]},{\"@type\":\"WebSite\",\"@id\":\"https:\\\/\\\/www.ghostysky.com\\\/#website\",\"url\":\"https:\\\/\\\/www.ghostysky.com\\\/\",\"name\":\"Ghostysky\",\"description\":\"Delivering professional drones and robotics solutions\",\"publisher\":{\"@id\":\"https:\\\/\\\/www.ghostysky.com\\\/#organization\"},\"potentialAction\":[{\"@type\":\"SearchAction\",\"target\":{\"@type\":\"EntryPoint\",\"urlTemplate\":\"https:\\\/\\\/www.ghostysky.com\\\/?s={search_term_string}\"},\"query-input\":{\"@type\":\"PropertyValueSpecification\",\"valueRequired\":true,\"valueName\":\"search_term_string\"}}],\"inLanguage\":\"pt-PT\"},{\"@type\":\"Organization\",\"@id\":\"https:\\\/\\\/www.ghostysky.com\\\/#organization\",\"name\":\"Ghostysky\",\"url\":\"https:\\\/\\\/www.ghostysky.com\\\/\",\"logo\":{\"@type\":\"ImageObject\",\"inLanguage\":\"pt-PT\",\"@id\":\"https:\\\/\\\/www.ghostysky.com\\\/#\\\/schema\\\/logo\\\/image\\\/\",\"url\":\"https:\\\/\\\/www.ghostysky.com\\\/wp-content\\\/uploads\\\/2020\\\/06\\\/cropped-ghostyskylogo_text_white2.png\",\"contentUrl\":\"https:\\\/\\\/www.ghostysky.com\\\/wp-content\\\/uploads\\\/2020\\\/06\\\/cropped-ghostyskylogo_text_white2.png\",\"width\":169,\"height\":56,\"caption\":\"Ghostysky\"},\"image\":{\"@id\":\"https:\\\/\\\/www.ghostysky.com\\\/#\\\/schema\\\/logo\\\/image\\\/\"},\"sameAs\":[\"https:\\\/\\\/www.facebook.com\\\/people\\\/Ghostysky\\\/100057676170234\\\/\",\"https:\\\/\\\/x.com\\\/Gh0stysky\",\"https:\\\/\\\/www.linkedin.com\\\/company\\\/34739653\",\"https:\\\/\\\/www.instagram.com\\\/gh0stysky\"]}]}<\/script>\n<!-- \/ Yoast SEO plugin. -->","yoast_head_json":{"title":"Filtros de c\u00e2mera para SplashDrone 4 -","description":"Adicione mais efeitos especiais e cores \u00e0 imagem a\u00e9rea com um conjunto de filtros criados especialmente para o SplashDrone 4.","robots":{"index":"index","follow":"follow","max-snippet":"max-snippet:-1","max-image-preview":"max-image-preview:large","max-video-preview":"max-video-preview:-1"},"canonical":"https:\/\/www.ghostysky.com\/pt\/produto-2\/camera-filters-for-splashdrone-4\/","og_locale":"pt_PT","og_type":"article","og_title":"Camera filters for SplashDrone 4 -","og_description":"Add more special effects and colour to the epic aerial image with a set of filters specially made for SplashDrone 4.","og_url":"https:\/\/www.ghostysky.com\/pt\/produto-2\/camera-filters-for-splashdrone-4\/","og_site_name":"Ghostysky","article_publisher":"https:\/\/www.facebook.com\/people\/Ghostysky\/100057676170234\/","article_modified_time":"2024-12-17T04:32:42+00:00","og_image":[{"width":1200,"height":1200,"url":"https:\/\/www.ghostysky.com\/wp-content\/uploads\/2022\/03\/SP-SD4-B205-LEN_01.jpg","type":"image\/jpeg"}],"twitter_card":"summary_large_image","twitter_site":"@Gh0stysky","twitter_misc":{"Tempo estimado de leitura":"1 minuto"},"schema":{"@context":"https:\/\/schema.org","@graph":[{"@type":"WebPage","@id":"https:\/\/www.ghostysky.com\/product\/camera-filters-for-splashdrone-4\/","url":"https:\/\/www.ghostysky.com\/product\/camera-filters-for-splashdrone-4\/","name":"Filtros de c\u00e2mera para SplashDrone 4 -","isPartOf":{"@id":"https:\/\/www.ghostysky.com\/#website"},"primaryImageOfPage":{"@id":"https:\/\/www.ghostysky.com\/product\/camera-filters-for-splashdrone-4\/#primaryimage"},"image":{"@id":"https:\/\/www.ghostysky.com\/product\/camera-filters-for-splashdrone-4\/#primaryimage"},"thumbnailUrl":"https:\/\/www.ghostysky.com\/wp-content\/uploads\/2022\/03\/SP-SD4-B205-LEN_01.jpg","datePublished":"2022-03-23T17:41:16+00:00","dateModified":"2024-12-17T04:32:42+00:00","description":"Adicione mais efeitos especiais e cores \u00e0 imagem a\u00e9rea com um conjunto de filtros criados especialmente para o SplashDrone 4.","breadcrumb":{"@id":"https:\/\/www.ghostysky.com\/product\/camera-filters-for-splashdrone-4\/#breadcrumb"},"inLanguage":"pt-PT","potentialAction":[{"@type":"ReadAction","target":["https:\/\/www.ghostysky.com\/product\/camera-filters-for-splashdrone-4\/"]}]},{"@type":"ImageObject","inLanguage":"pt-PT","@id":"https:\/\/www.ghostysky.com\/product\/camera-filters-for-splashdrone-4\/#primaryimage","url":"https:\/\/www.ghostysky.com\/wp-content\/uploads\/2022\/03\/SP-SD4-B205-LEN_01.jpg","contentUrl":"https:\/\/www.ghostysky.com\/wp-content\/uploads\/2022\/03\/SP-SD4-B205-LEN_01.jpg","width":1200,"height":1200},{"@type":"BreadcrumbList","@id":"https:\/\/www.ghostysky.com\/product\/camera-filters-for-splashdrone-4\/#breadcrumb","itemListElement":[{"@type":"ListItem","position":1,"name":"Home","item":"https:\/\/www.ghostysky.com\/"},{"@type":"ListItem","position":2,"name":"Shop","item":"https:\/\/www.ghostysky.com\/shop\/"},{"@type":"ListItem","position":3,"name":"Camera filters for SplashDrone 4"}]},{"@type":"WebSite","@id":"https:\/\/www.ghostysky.com\/#website","url":"https:\/\/www.ghostysky.com\/","name":"Ghostysky","description":"Fornecendo solu\u00e7\u00f5es profissionais em drones e rob\u00f3tica.","publisher":{"@id":"https:\/\/www.ghostysky.com\/#organization"},"potentialAction":[{"@type":"SearchAction","target":{"@type":"EntryPoint","urlTemplate":"https:\/\/www.ghostysky.com\/?s={search_term_string}"},"query-input":{"@type":"PropertyValueSpecification","valueRequired":true,"valueName":"search_term_string"}}],"inLanguage":"pt-PT"},{"@type":"Organization","@id":"https:\/\/www.ghostysky.com\/#organization","name":"Ghostysky","url":"https:\/\/www.ghostysky.com\/","logo":{"@type":"ImageObject","inLanguage":"pt-PT","@id":"https:\/\/www.ghostysky.com\/#\/schema\/logo\/image\/","url":"https:\/\/www.ghostysky.com\/wp-content\/uploads\/2020\/06\/cropped-ghostyskylogo_text_white2.png","contentUrl":"https:\/\/www.ghostysky.com\/wp-content\/uploads\/2020\/06\/cropped-ghostyskylogo_text_white2.png","width":169,"height":56,"caption":"Ghostysky"},"image":{"@id":"https:\/\/www.ghostysky.com\/#\/schema\/logo\/image\/"},"sameAs":["https:\/\/www.facebook.com\/people\/Ghostysky\/100057676170234\/","https:\/\/x.com\/Gh0stysky","https:\/\/www.linkedin.com\/company\/34739653","https:\/\/www.instagram.com\/gh0stysky"]}]}},"_links":{"self":[{"href":"https:\/\/www.ghostysky.com\/pt\/wp-json\/wp\/v2\/product\/6316","targetHints":{"allow":["GET"]}}],"collection":[{"href":"https:\/\/www.ghostysky.com\/pt\/wp-json\/wp\/v2\/product"}],"about":[{"href":"https:\/\/www.ghostysky.com\/pt\/wp-json\/wp\/v2\/types\/product"}],"replies":[{"embeddable":true,"href":"https:\/\/www.ghostysky.com\/pt\/wp-json\/wp\/v2\/comments?post=6316"}],"version-history":[{"count":0,"href":"https:\/\/www.ghostysky.com\/pt\/wp-json\/wp\/v2\/product\/6316\/revisions"}],"wp:featuredmedia":[{"embeddable":true,"href":"https:\/\/www.ghostysky.com\/pt\/wp-json\/wp\/v2\/media\/6317"}],"wp:attachment":[{"href":"https:\/\/www.ghostysky.com\/pt\/wp-json\/wp\/v2\/media?parent=6316"}],"wp:term":[{"taxonomy":"product_brand","embeddable":true,"href":"https:\/\/www.ghostysky.com\/pt\/wp-json\/wp\/v2\/product_brand?post=6316"},{"taxonomy":"product_cat","embeddable":true,"href":"https:\/\/www.ghostysky.com\/pt\/wp-json\/wp\/v2\/product_cat?post=6316"},{"taxonomy":"product_tag","embeddable":true,"href":"https:\/\/www.ghostysky.com\/pt\/wp-json\/wp\/v2\/product_tag?post=6316"}],"curies":[{"name":"wp","href":"https:\/\/api.w.org\/{rel}","templated":true}]}}