{"id":6370,"date":"2022-03-23T19:21:37","date_gmt":"2022-03-23T19:21:37","guid":{"rendered":"https:\/\/www.ghostysky.com\/?post_type=product&#038;p=6370"},"modified":"2025-10-14T11:27:52","modified_gmt":"2025-10-14T11:27:52","slug":"swellpro-fisherman-6500mah-flight-battery","status":"publish","type":"product","link":"https:\/\/www.ghostysky.com\/pt\/product\/swellpro-fisherman-6500mah-flight-battery\/","title":{"rendered":"Bateria de voo Swellpro FD1 de 6500mAh"},"content":{"rendered":"<p>Existem dois tipos de conectores da bateria \u00e0 placa-m\u00e3e do Fisherman: XT60 e XT90. Selecione o tipo de conector ao comprar a bateria.<\/p>\n<p><img fetchpriority=\"high\" decoding=\"async\" src=\"data:image\/gif;base64,R0lGODlhAQABAAAAACH5BAEKAAEALAAAAAABAAEAAAICTAEAOw==\" alt=\"\" width=\"533\" height=\"432\" class=\"lazyload\" data-src=\"https:\/\/cdn.shopify.com\/s\/files\/1\/0016\/1572\/4608\/files\/6500mah-battery-XT60_146d71df-6f97-4d9a-b367-cff21fb2ecc4_480x480.png?v=1640685593\"><\/p>\n<div class=\"table-wrapper\">\n<table id=\"product-attribute-specs-table\" class=\"data-table table\">\n<tbody>\n<tr class=\"first odd\">\n<th class=\"label\" style=\"text-align: left; width: 90.671875px;\">Vis\u00e3o geral<\/th>\n<td class=\"data last translation-block\" style=\"width: 444.328125px;\">A bateria de voo do <strong>SwellPro Fisherman FD1<\/strong> foi projectada especificamente para caber na c\u00e2mara interna do drone. A sua autonomia permite maximizar o tempo de voo de at\u00e9 33 minutos.<\/td>\n<\/tr>\n<tr class=\"first odd\">\n<th class=\"label\" style=\"text-align: left; width: 90.671875px;\">Especifica\u00e7\u00f5es<\/th>\n<td class=\"data last\" style=\"width: 444.328125px;\">Tipo de bateria: 4S LiHV<br \/>\nVoltagem: 15,2 V<br \/>\nCapacidade: 6500 mAh | 98,8 Wh<br \/>\nPeso: 630g<\/td>\n<\/tr>\n<tr class=\"first odd\">\n<th class=\"label\" style=\"text-align: left; width: 90.671875px;\">Na caixa<\/th>\n<td class=\"data last\" style=\"width: 444.328125px;\">Bateria de voo de 6500mAh x1<\/td>\n<\/tr>\n<tr class=\"first odd\">\n<th class=\"label\" style=\"text-align: left; width: 90.671875px;\">Compatibilidade<\/th>\n<td class=\"data last\" style=\"width: 444.328125px;\">Pescador SwellPro<\/td>\n<\/tr>\n<\/tbody>\n<\/table>\n<\/div>","protected":false},"excerpt":{"rendered":"<p class=\"translation-block\">A bateria de voo do <strong>SwellPro Fisherman FD1<\/strong> foi projectada especificamente para caber na c\u00e2mara interna do drone. A sua autonomia permite maximizar o tempo de voo de at\u00e9 33 minutos.<\/p>","protected":false},"featured_media":6371,"comment_status":"open","ping_status":"closed","template":"","meta":[],"product_brand":[],"product_cat":[305,29,278],"product_tag":[69,323,279],"class_list":{"0":"post-6370","1":"product","2":"type-product","3":"status-publish","4":"has-post-thumbnail","6":"product_cat-accessories-swellpro","7":"product_cat-drones","8":"product_cat-swellpro","9":"product_tag-battery","10":"product_tag-fd1","11":"product_tag-swellpro","13":"first","14":"instock","15":"taxable","16":"shipping-taxable","17":"product-type-simple"},"yoast_head":"<!-- This site is optimized with the Yoast SEO plugin v27.1.1 - https:\/\/yoast.com\/product\/yoast-seo-wordpress\/ -->\n<title>Swellpro Fisherman 6500mAh Flight Battery -<\/title>\n<meta name=\"description\" content=\"SwellPro Fisherman flight battery is specific designed to fit Fisherman&#039;s internal chamber to maximize Fisherman flight time. It features a 98.8Wh high voltage lithium-polymer battery.\" \/>\n<meta name=\"robots\" content=\"index, follow, max-snippet:-1, max-image-preview:large, max-video-preview:-1\" \/>\n<link rel=\"canonical\" href=\"https:\/\/www.ghostysky.com\/pt\/produto-2\/swellpro-fisherman-6500mah-flight-battery\/\" \/>\n<meta property=\"og:locale\" content=\"pt_PT\" \/>\n<meta property=\"og:type\" content=\"article\" \/>\n<meta property=\"og:title\" content=\"Swellpro Fisherman 6500mAh Flight Battery -\" \/>\n<meta property=\"og:description\" content=\"SwellPro Fisherman flight battery is specific designed to fit Fisherman&#039;s internal chamber to maximize Fisherman flight time. It features a 98.8Wh high voltage lithium-polymer battery.\" \/>\n<meta property=\"og:url\" content=\"https:\/\/www.ghostysky.com\/pt\/produto-2\/swellpro-fisherman-6500mah-flight-battery\/\" \/>\n<meta property=\"og:site_name\" content=\"Ghostysky\" \/>\n<meta property=\"article:publisher\" content=\"https:\/\/www.facebook.com\/people\/Ghostysky\/100057676170234\/\" \/>\n<meta property=\"article:modified_time\" content=\"2025-10-14T11:27:52+00:00\" \/>\n<meta property=\"og:image\" content=\"https:\/\/www.ghostysky.com\/wp-content\/uploads\/2022\/03\/swellpro-fisherman-accessories-6500mAh-battery-02_800x.webp\" \/>\n\t<meta property=\"og:image:width\" content=\"800\" \/>\n\t<meta property=\"og:image:height\" content=\"800\" \/>\n\t<meta property=\"og:image:type\" content=\"image\/webp\" \/>\n<meta name=\"twitter:card\" content=\"summary_large_image\" \/>\n<meta name=\"twitter:site\" content=\"@Gh0stysky\" \/>\n<meta name=\"twitter:label1\" content=\"Tempo estimado de leitura\" \/>\n\t<meta name=\"twitter:data1\" content=\"1 minuto\" \/>\n<script type=\"application\/ld+json\" class=\"yoast-schema-graph\">{\"@context\":\"https:\/\/schema.org\",\"@graph\":[{\"@type\":\"WebPage\",\"@id\":\"https:\/\/www.ghostysky.com\/product\/swellpro-fisherman-6500mah-flight-battery\/\",\"url\":\"https:\/\/www.ghostysky.com\/product\/swellpro-fisherman-6500mah-flight-battery\/\",\"name\":\"Swellpro Fisherman 6500mAh Flight Battery -\",\"isPartOf\":{\"@id\":\"https:\/\/www.ghostysky.com\/#website\"},\"primaryImageOfPage\":{\"@id\":\"https:\/\/www.ghostysky.com\/product\/swellpro-fisherman-6500mah-flight-battery\/#primaryimage\"},\"image\":{\"@id\":\"https:\/\/www.ghostysky.com\/product\/swellpro-fisherman-6500mah-flight-battery\/#primaryimage\"},\"thumbnailUrl\":\"https:\/\/www.ghostysky.com\/wp-content\/uploads\/2022\/03\/swellpro-fisherman-accessories-6500mAh-battery-02_800x.webp\",\"datePublished\":\"2022-03-23T19:21:37+00:00\",\"dateModified\":\"2025-10-14T11:27:52+00:00\",\"description\":\"SwellPro Fisherman flight battery is specific designed to fit Fisherman's internal chamber to maximize Fisherman flight time. It features a 98.8Wh high voltage lithium-polymer battery.\",\"breadcrumb\":{\"@id\":\"https:\/\/www.ghostysky.com\/product\/swellpro-fisherman-6500mah-flight-battery\/#breadcrumb\"},\"inLanguage\":\"pt-PT\",\"potentialAction\":[{\"@type\":\"ReadAction\",\"target\":[\"https:\/\/www.ghostysky.com\/product\/swellpro-fisherman-6500mah-flight-battery\/\"]}]},{\"@type\":\"ImageObject\",\"inLanguage\":\"pt-PT\",\"@id\":\"https:\/\/www.ghostysky.com\/product\/swellpro-fisherman-6500mah-flight-battery\/#primaryimage\",\"url\":\"https:\/\/www.ghostysky.com\/wp-content\/uploads\/2022\/03\/swellpro-fisherman-accessories-6500mAh-battery-02_800x.webp\",\"contentUrl\":\"https:\/\/www.ghostysky.com\/wp-content\/uploads\/2022\/03\/swellpro-fisherman-accessories-6500mAh-battery-02_800x.webp\",\"width\":800,\"height\":800},{\"@type\":\"BreadcrumbList\",\"@id\":\"https:\/\/www.ghostysky.com\/product\/swellpro-fisherman-6500mah-flight-battery\/#breadcrumb\",\"itemListElement\":[{\"@type\":\"ListItem\",\"position\":1,\"name\":\"Home\",\"item\":\"https:\/\/www.ghostysky.com\/\"},{\"@type\":\"ListItem\",\"position\":2,\"name\":\"Shop\",\"item\":\"https:\/\/www.ghostysky.com\/shop\/\"},{\"@type\":\"ListItem\",\"position\":3,\"name\":\"Swellpro Fisherman 6500mAh Flight Battery\"}]},{\"@type\":\"WebSite\",\"@id\":\"https:\/\/www.ghostysky.com\/#website\",\"url\":\"https:\/\/www.ghostysky.com\/\",\"name\":\"Ghostysky\",\"description\":\"Delivering professional drones and services\",\"publisher\":{\"@id\":\"https:\/\/www.ghostysky.com\/#organization\"},\"potentialAction\":[{\"@type\":\"SearchAction\",\"target\":{\"@type\":\"EntryPoint\",\"urlTemplate\":\"https:\/\/www.ghostysky.com\/?s={search_term_string}\"},\"query-input\":{\"@type\":\"PropertyValueSpecification\",\"valueRequired\":true,\"valueName\":\"search_term_string\"}}],\"inLanguage\":\"pt-PT\"},{\"@type\":\"Organization\",\"@id\":\"https:\/\/www.ghostysky.com\/#organization\",\"name\":\"Ghostysky\",\"url\":\"https:\/\/www.ghostysky.com\/\",\"logo\":{\"@type\":\"ImageObject\",\"inLanguage\":\"pt-PT\",\"@id\":\"https:\/\/www.ghostysky.com\/#\/schema\/logo\/image\/\",\"url\":\"https:\/\/www.ghostysky.com\/wp-content\/uploads\/2020\/06\/cropped-ghostyskylogo_text_white2.png\",\"contentUrl\":\"https:\/\/www.ghostysky.com\/wp-content\/uploads\/2020\/06\/cropped-ghostyskylogo_text_white2.png\",\"width\":169,\"height\":56,\"caption\":\"Ghostysky\"},\"image\":{\"@id\":\"https:\/\/www.ghostysky.com\/#\/schema\/logo\/image\/\"},\"sameAs\":[\"https:\/\/www.facebook.com\/people\/Ghostysky\/100057676170234\/\",\"https:\/\/x.com\/Gh0stysky\",\"https:\/\/www.linkedin.com\/company\/34739653\",\"https:\/\/www.instagram.com\/gh0stysky\"]}]}<\/script>\n<!-- \/ Yoast SEO plugin. -->","yoast_head_json":{"title":"Bateria de v\u00f4o Swellpro Fisherman 6500mAh -","description":"A bateria de voo SwellPro Fisherman \u00e9 projetada especificamente para caber na c\u00e2mara interna do Fisherman para maximizar o tempo de voo do Fisherman. Possui uma bateria de pol\u00edmero de l\u00edtio de alta tens\u00e3o de 98,8 Wh.","robots":{"index":"index","follow":"follow","max-snippet":"max-snippet:-1","max-image-preview":"max-image-preview:large","max-video-preview":"max-video-preview:-1"},"canonical":"https:\/\/www.ghostysky.com\/pt\/produto-2\/swellpro-fisherman-6500mah-flight-battery\/","og_locale":"pt_PT","og_type":"article","og_title":"Swellpro Fisherman 6500mAh Flight Battery -","og_description":"SwellPro Fisherman flight battery is specific designed to fit Fisherman's internal chamber to maximize Fisherman flight time. It features a 98.8Wh high voltage lithium-polymer battery.","og_url":"https:\/\/www.ghostysky.com\/pt\/produto-2\/swellpro-fisherman-6500mah-flight-battery\/","og_site_name":"Ghostysky","article_publisher":"https:\/\/www.facebook.com\/people\/Ghostysky\/100057676170234\/","article_modified_time":"2025-10-14T11:27:52+00:00","og_image":[{"width":800,"height":800,"url":"https:\/\/www.ghostysky.com\/wp-content\/uploads\/2022\/03\/swellpro-fisherman-accessories-6500mAh-battery-02_800x.webp","type":"image\/webp"}],"twitter_card":"summary_large_image","twitter_site":"@Gh0stysky","twitter_misc":{"Tempo estimado de leitura":"1 minuto"},"schema":{"@context":"https:\/\/schema.org","@graph":[{"@type":"WebPage","@id":"https:\/\/www.ghostysky.com\/product\/swellpro-fisherman-6500mah-flight-battery\/","url":"https:\/\/www.ghostysky.com\/product\/swellpro-fisherman-6500mah-flight-battery\/","name":"Bateria de v\u00f4o Swellpro Fisherman 6500mAh -","isPartOf":{"@id":"https:\/\/www.ghostysky.com\/#website"},"primaryImageOfPage":{"@id":"https:\/\/www.ghostysky.com\/product\/swellpro-fisherman-6500mah-flight-battery\/#primaryimage"},"image":{"@id":"https:\/\/www.ghostysky.com\/product\/swellpro-fisherman-6500mah-flight-battery\/#primaryimage"},"thumbnailUrl":"https:\/\/www.ghostysky.com\/wp-content\/uploads\/2022\/03\/swellpro-fisherman-accessories-6500mAh-battery-02_800x.webp","datePublished":"2022-03-23T19:21:37+00:00","dateModified":"2025-10-14T11:27:52+00:00","description":"A bateria de voo SwellPro Fisherman \u00e9 projetada especificamente para caber na c\u00e2mara interna do Fisherman para maximizar o tempo de voo do Fisherman. Possui uma bateria de pol\u00edmero de l\u00edtio de alta tens\u00e3o de 98,8 Wh.","breadcrumb":{"@id":"https:\/\/www.ghostysky.com\/product\/swellpro-fisherman-6500mah-flight-battery\/#breadcrumb"},"inLanguage":"pt-PT","potentialAction":[{"@type":"ReadAction","target":["https:\/\/www.ghostysky.com\/product\/swellpro-fisherman-6500mah-flight-battery\/"]}]},{"@type":"ImageObject","inLanguage":"pt-PT","@id":"https:\/\/www.ghostysky.com\/product\/swellpro-fisherman-6500mah-flight-battery\/#primaryimage","url":"https:\/\/www.ghostysky.com\/wp-content\/uploads\/2022\/03\/swellpro-fisherman-accessories-6500mAh-battery-02_800x.webp","contentUrl":"https:\/\/www.ghostysky.com\/wp-content\/uploads\/2022\/03\/swellpro-fisherman-accessories-6500mAh-battery-02_800x.webp","width":800,"height":800},{"@type":"BreadcrumbList","@id":"https:\/\/www.ghostysky.com\/product\/swellpro-fisherman-6500mah-flight-battery\/#breadcrumb","itemListElement":[{"@type":"ListItem","position":1,"name":"Home","item":"https:\/\/www.ghostysky.com\/"},{"@type":"ListItem","position":2,"name":"Shop","item":"https:\/\/www.ghostysky.com\/shop\/"},{"@type":"ListItem","position":3,"name":"Swellpro Fisherman 6500mAh Flight Battery"}]},{"@type":"WebSite","@id":"https:\/\/www.ghostysky.com\/#website","url":"https:\/\/www.ghostysky.com\/","name":"Ghostysky","description":"Fornecendo drones e servi\u00e7os profissionais","publisher":{"@id":"https:\/\/www.ghostysky.com\/#organization"},"potentialAction":[{"@type":"SearchAction","target":{"@type":"EntryPoint","urlTemplate":"https:\/\/www.ghostysky.com\/?s={search_term_string}"},"query-input":{"@type":"PropertyValueSpecification","valueRequired":true,"valueName":"search_term_string"}}],"inLanguage":"pt-PT"},{"@type":"Organization","@id":"https:\/\/www.ghostysky.com\/#organization","name":"Ghostysky","url":"https:\/\/www.ghostysky.com\/","logo":{"@type":"ImageObject","inLanguage":"pt-PT","@id":"https:\/\/www.ghostysky.com\/#\/schema\/logo\/image\/","url":"https:\/\/www.ghostysky.com\/wp-content\/uploads\/2020\/06\/cropped-ghostyskylogo_text_white2.png","contentUrl":"https:\/\/www.ghostysky.com\/wp-content\/uploads\/2020\/06\/cropped-ghostyskylogo_text_white2.png","width":169,"height":56,"caption":"Ghostysky"},"image":{"@id":"https:\/\/www.ghostysky.com\/#\/schema\/logo\/image\/"},"sameAs":["https:\/\/www.facebook.com\/people\/Ghostysky\/100057676170234\/","https:\/\/x.com\/Gh0stysky","https:\/\/www.linkedin.com\/company\/34739653","https:\/\/www.instagram.com\/gh0stysky"]}]}},"_links":{"self":[{"href":"https:\/\/www.ghostysky.com\/pt\/wp-json\/wp\/v2\/product\/6370","targetHints":{"allow":["GET"]}}],"collection":[{"href":"https:\/\/www.ghostysky.com\/pt\/wp-json\/wp\/v2\/product"}],"about":[{"href":"https:\/\/www.ghostysky.com\/pt\/wp-json\/wp\/v2\/types\/product"}],"replies":[{"embeddable":true,"href":"https:\/\/www.ghostysky.com\/pt\/wp-json\/wp\/v2\/comments?post=6370"}],"wp:featuredmedia":[{"embeddable":true,"href":"https:\/\/www.ghostysky.com\/pt\/wp-json\/wp\/v2\/media\/6371"}],"wp:attachment":[{"href":"https:\/\/www.ghostysky.com\/pt\/wp-json\/wp\/v2\/media?parent=6370"}],"wp:term":[{"taxonomy":"product_brand","embeddable":true,"href":"https:\/\/www.ghostysky.com\/pt\/wp-json\/wp\/v2\/product_brand?post=6370"},{"taxonomy":"product_cat","embeddable":true,"href":"https:\/\/www.ghostysky.com\/pt\/wp-json\/wp\/v2\/product_cat?post=6370"},{"taxonomy":"product_tag","embeddable":true,"href":"https:\/\/www.ghostysky.com\/pt\/wp-json\/wp\/v2\/product_tag?post=6370"}],"curies":[{"name":"wp","href":"https:\/\/api.w.org\/{rel}","templated":true}]}}