{"id":6373,"date":"2022-03-23T19:28:19","date_gmt":"2022-03-23T19:28:19","guid":{"rendered":"https:\/\/www.ghostysky.com\/?post_type=product&#038;p=6373"},"modified":"2023-12-20T08:10:04","modified_gmt":"2023-12-20T08:10:04","slug":"pl2-f-payload-release-for-fisherman-fishing-drone","status":"publish","type":"product","link":"https:\/\/www.ghostysky.com\/pt\/product\/pl2-f-payload-release-for-fisherman-fishing-drone\/","title":{"rendered":"Sistema de liberta\u00e7\u00e3o de carga PL2-F para FD1"},"content":{"rendered":"<div class=\"table-wrapper\">\n<table id=\"product-attribute-specs-table\" class=\"data-table table\">\n<tbody>\n<tr class=\"first odd\">\n<th class=\"label\" style=\"text-align: left; width: 90.671875px;\">Vis\u00e3o geral<\/th>\n<td class=\"data last\" style=\"width: 444.328125px;\">O PL2-F \u00e9 um sistema de largada de carga \u00fatil com uma c\u00e2mera HD, para equipar os drones SwellPro Fisherman na visualiza\u00e7\u00e3o ao vivo da largada de iscas por exemplo.<\/td>\n<\/tr>\n<tr class=\"first odd\">\n<th class=\"label\" style=\"text-align: left; width: 90.671875px;\">Destaques<\/th>\n<td class=\"data last\" style=\"width: 444.328125px;\">IP67 \u00e0 prova d&#039;\u00e1gua<br \/>\nDesign leve<\/td>\n<\/tr>\n<tr class=\"first odd\">\n<th class=\"label\" style=\"text-align: left; width: 90.671875px;\">Especifica\u00e7\u00f5es<\/th>\n<td class=\"data last\" style=\"width: 444.328125px;\">\u00c0 prova d&#039;\u00e1gua: IP67<br \/>\nCapacidade m\u00e1xima de carga: 2 kg<br \/>\nTamanho: 122,5*50*39 mil\u00edmetros<br \/>\nComprimento do fio: 160 mm<br \/>\nPeso: 150g<br \/>\nTamanho do sensor: 1\/2,7<br \/>\nResolu\u00e7\u00e3o: 2000TVL<br \/>\nLente: F2.5; f\/2.1<\/td>\n<\/tr>\n<tr class=\"first odd\">\n<th class=\"label\" style=\"text-align: left; width: 90.671875px;\">Na caixa<\/th>\n<td class=\"data last\" style=\"width: 444.328125px;\">M\u00f3dulo de transmiss\u00e3o de v\u00eddeo PL2-F \u00d7 1 e 5.8G x 1<\/td>\n<\/tr>\n<tr class=\"first odd\">\n<th class=\"label\" style=\"text-align: left; width: 90.671875px;\">Compatibilidade<\/th>\n<td class=\"data last\" style=\"width: 444.328125px;\">Swellpro Fisherman FD1<\/td>\n<\/tr>\n<\/tbody>\n<\/table>\n<\/div>","protected":false},"excerpt":{"rendered":"<p class=\"translation-block\"><strong>O PL2-F<\/strong> \u00e9 um sistema de suporte a carga \u00fatil com uma <strong>c\u00e2mera HD<\/strong>, que poder\u00e1 ser acopulado ao <strong>SwellPro Fisherman FD1 para os seus projectos de pesca<\/strong>.<\/p>","protected":false},"featured_media":6374,"comment_status":"open","ping_status":"closed","template":"","meta":[],"product_brand":[],"product_cat":[305,29,278],"product_tag":[348,351,279],"class_list":{"0":"post-6373","1":"product","2":"type-product","3":"status-publish","4":"has-post-thumbnail","6":"product_cat-accessories-swellpro","7":"product_cat-drones","8":"product_cat-swellpro","9":"product_tag-fisherman-fd1","10":"product_tag-pl2-f-payload","11":"product_tag-swellpro","13":"first","14":"onbackorder","15":"taxable","16":"shipping-taxable","17":"product-type-simple"},"yoast_head":"<!-- This site is optimized with the Yoast SEO plugin v27.1.1 - https:\/\/yoast.com\/product\/yoast-seo-wordpress\/ -->\n<title>PL2-F Payload Release for Fisherman Fishing Drone -<\/title>\n<meta name=\"description\" content=\"\u00a0PL2-F is a payload release with an HD camera design for SwellPro Fisherman for live viewing and fishing.\" \/>\n<meta name=\"robots\" content=\"index, follow, max-snippet:-1, max-image-preview:large, max-video-preview:-1\" \/>\n<link rel=\"canonical\" href=\"https:\/\/www.ghostysky.com\/pt\/produto-2\/pl2-f-payload-release-for-fisherman-fishing-drone\/\" \/>\n<meta property=\"og:locale\" content=\"pt_PT\" \/>\n<meta property=\"og:type\" content=\"article\" \/>\n<meta property=\"og:title\" content=\"PL2-F Payload Release for Fisherman Fishing Drone -\" \/>\n<meta property=\"og:description\" content=\"\u00a0PL2-F is a payload release with an HD camera design for SwellPro Fisherman for live viewing and fishing.\" \/>\n<meta property=\"og:url\" content=\"https:\/\/www.ghostysky.com\/pt\/produto-2\/pl2-f-payload-release-for-fisherman-fishing-drone\/\" \/>\n<meta property=\"og:site_name\" content=\"Ghostysky\" \/>\n<meta property=\"article:publisher\" content=\"https:\/\/www.facebook.com\/people\/Ghostysky\/100057676170234\/\" \/>\n<meta property=\"article:modified_time\" content=\"2023-12-20T08:10:04+00:00\" \/>\n<meta property=\"og:image\" content=\"https:\/\/www.ghostysky.com\/wp-content\/uploads\/2022\/03\/swellpro-fisherman-accessories-PL2-F-01_1500x.webp\" \/>\n\t<meta property=\"og:image:width\" content=\"1000\" \/>\n\t<meta property=\"og:image:height\" content=\"1000\" \/>\n\t<meta property=\"og:image:type\" content=\"image\/webp\" \/>\n<meta name=\"twitter:card\" content=\"summary_large_image\" \/>\n<meta name=\"twitter:site\" content=\"@Gh0stysky\" \/>\n<meta name=\"twitter:label1\" content=\"Tempo estimado de leitura\" \/>\n\t<meta name=\"twitter:data1\" content=\"1 minuto\" \/>\n<script type=\"application\/ld+json\" class=\"yoast-schema-graph\">{\"@context\":\"https:\/\/schema.org\",\"@graph\":[{\"@type\":\"WebPage\",\"@id\":\"https:\/\/www.ghostysky.com\/product\/pl2-f-payload-release-for-fisherman-fishing-drone\/\",\"url\":\"https:\/\/www.ghostysky.com\/product\/pl2-f-payload-release-for-fisherman-fishing-drone\/\",\"name\":\"PL2-F Payload Release for Fisherman Fishing Drone -\",\"isPartOf\":{\"@id\":\"https:\/\/www.ghostysky.com\/#website\"},\"primaryImageOfPage\":{\"@id\":\"https:\/\/www.ghostysky.com\/product\/pl2-f-payload-release-for-fisherman-fishing-drone\/#primaryimage\"},\"image\":{\"@id\":\"https:\/\/www.ghostysky.com\/product\/pl2-f-payload-release-for-fisherman-fishing-drone\/#primaryimage\"},\"thumbnailUrl\":\"https:\/\/www.ghostysky.com\/wp-content\/uploads\/2022\/03\/swellpro-fisherman-accessories-PL2-F-01_1500x.webp\",\"datePublished\":\"2022-03-23T19:28:19+00:00\",\"dateModified\":\"2023-12-20T08:10:04+00:00\",\"description\":\"\u00a0PL2-F is a payload release with an HD camera design for SwellPro Fisherman for live viewing and fishing.\",\"breadcrumb\":{\"@id\":\"https:\/\/www.ghostysky.com\/product\/pl2-f-payload-release-for-fisherman-fishing-drone\/#breadcrumb\"},\"inLanguage\":\"pt-PT\",\"potentialAction\":[{\"@type\":\"ReadAction\",\"target\":[\"https:\/\/www.ghostysky.com\/product\/pl2-f-payload-release-for-fisherman-fishing-drone\/\"]}]},{\"@type\":\"ImageObject\",\"inLanguage\":\"pt-PT\",\"@id\":\"https:\/\/www.ghostysky.com\/product\/pl2-f-payload-release-for-fisherman-fishing-drone\/#primaryimage\",\"url\":\"https:\/\/www.ghostysky.com\/wp-content\/uploads\/2022\/03\/swellpro-fisherman-accessories-PL2-F-01_1500x.webp\",\"contentUrl\":\"https:\/\/www.ghostysky.com\/wp-content\/uploads\/2022\/03\/swellpro-fisherman-accessories-PL2-F-01_1500x.webp\",\"width\":1000,\"height\":1000},{\"@type\":\"BreadcrumbList\",\"@id\":\"https:\/\/www.ghostysky.com\/product\/pl2-f-payload-release-for-fisherman-fishing-drone\/#breadcrumb\",\"itemListElement\":[{\"@type\":\"ListItem\",\"position\":1,\"name\":\"Home\",\"item\":\"https:\/\/www.ghostysky.com\/\"},{\"@type\":\"ListItem\",\"position\":2,\"name\":\"Shop\",\"item\":\"https:\/\/www.ghostysky.com\/shop\/\"},{\"@type\":\"ListItem\",\"position\":3,\"name\":\"PL2-F Payload Release for Fisherman Fishing Drone\"}]},{\"@type\":\"WebSite\",\"@id\":\"https:\/\/www.ghostysky.com\/#website\",\"url\":\"https:\/\/www.ghostysky.com\/\",\"name\":\"Ghostysky\",\"description\":\"Delivering professional drones and services\",\"publisher\":{\"@id\":\"https:\/\/www.ghostysky.com\/#organization\"},\"potentialAction\":[{\"@type\":\"SearchAction\",\"target\":{\"@type\":\"EntryPoint\",\"urlTemplate\":\"https:\/\/www.ghostysky.com\/?s={search_term_string}\"},\"query-input\":{\"@type\":\"PropertyValueSpecification\",\"valueRequired\":true,\"valueName\":\"search_term_string\"}}],\"inLanguage\":\"pt-PT\"},{\"@type\":\"Organization\",\"@id\":\"https:\/\/www.ghostysky.com\/#organization\",\"name\":\"Ghostysky\",\"url\":\"https:\/\/www.ghostysky.com\/\",\"logo\":{\"@type\":\"ImageObject\",\"inLanguage\":\"pt-PT\",\"@id\":\"https:\/\/www.ghostysky.com\/#\/schema\/logo\/image\/\",\"url\":\"https:\/\/www.ghostysky.com\/wp-content\/uploads\/2020\/06\/cropped-ghostyskylogo_text_white2.png\",\"contentUrl\":\"https:\/\/www.ghostysky.com\/wp-content\/uploads\/2020\/06\/cropped-ghostyskylogo_text_white2.png\",\"width\":169,\"height\":56,\"caption\":\"Ghostysky\"},\"image\":{\"@id\":\"https:\/\/www.ghostysky.com\/#\/schema\/logo\/image\/\"},\"sameAs\":[\"https:\/\/www.facebook.com\/people\/Ghostysky\/100057676170234\/\",\"https:\/\/x.com\/Gh0stysky\",\"https:\/\/www.linkedin.com\/company\/34739653\",\"https:\/\/www.instagram.com\/gh0stysky\"]}]}<\/script>\n<!-- \/ Yoast SEO plugin. -->","yoast_head_json":{"title":"Libera\u00e7\u00e3o de carga \u00fatil PL2-F para drone de pesca de pescador -","description":"\u00a0O PL2-F \u00e9 um sistema de largada de carga \u00fatil com uma c\u00e2mera HD, para equipar os drones SwellPro Fisherman na visualiza\u00e7\u00e3o ao vivo da largada de iscas por exemplo.","robots":{"index":"index","follow":"follow","max-snippet":"max-snippet:-1","max-image-preview":"max-image-preview:large","max-video-preview":"max-video-preview:-1"},"canonical":"https:\/\/www.ghostysky.com\/pt\/produto-2\/pl2-f-payload-release-for-fisherman-fishing-drone\/","og_locale":"pt_PT","og_type":"article","og_title":"PL2-F Payload Release for Fisherman Fishing Drone -","og_description":"\u00a0PL2-F is a payload release with an HD camera design for SwellPro Fisherman for live viewing and fishing.","og_url":"https:\/\/www.ghostysky.com\/pt\/produto-2\/pl2-f-payload-release-for-fisherman-fishing-drone\/","og_site_name":"Ghostysky","article_publisher":"https:\/\/www.facebook.com\/people\/Ghostysky\/100057676170234\/","article_modified_time":"2023-12-20T08:10:04+00:00","og_image":[{"width":1000,"height":1000,"url":"https:\/\/www.ghostysky.com\/wp-content\/uploads\/2022\/03\/swellpro-fisherman-accessories-PL2-F-01_1500x.webp","type":"image\/webp"}],"twitter_card":"summary_large_image","twitter_site":"@Gh0stysky","twitter_misc":{"Tempo estimado de leitura":"1 minuto"},"schema":{"@context":"https:\/\/schema.org","@graph":[{"@type":"WebPage","@id":"https:\/\/www.ghostysky.com\/product\/pl2-f-payload-release-for-fisherman-fishing-drone\/","url":"https:\/\/www.ghostysky.com\/product\/pl2-f-payload-release-for-fisherman-fishing-drone\/","name":"Libera\u00e7\u00e3o de carga \u00fatil PL2-F para drone de pesca de pescador -","isPartOf":{"@id":"https:\/\/www.ghostysky.com\/#website"},"primaryImageOfPage":{"@id":"https:\/\/www.ghostysky.com\/product\/pl2-f-payload-release-for-fisherman-fishing-drone\/#primaryimage"},"image":{"@id":"https:\/\/www.ghostysky.com\/product\/pl2-f-payload-release-for-fisherman-fishing-drone\/#primaryimage"},"thumbnailUrl":"https:\/\/www.ghostysky.com\/wp-content\/uploads\/2022\/03\/swellpro-fisherman-accessories-PL2-F-01_1500x.webp","datePublished":"2022-03-23T19:28:19+00:00","dateModified":"2023-12-20T08:10:04+00:00","description":"\u00a0O PL2-F \u00e9 um sistema de largada de carga \u00fatil com uma c\u00e2mera HD, para equipar os drones SwellPro Fisherman na visualiza\u00e7\u00e3o ao vivo da largada de iscas por exemplo.","breadcrumb":{"@id":"https:\/\/www.ghostysky.com\/product\/pl2-f-payload-release-for-fisherman-fishing-drone\/#breadcrumb"},"inLanguage":"pt-PT","potentialAction":[{"@type":"ReadAction","target":["https:\/\/www.ghostysky.com\/product\/pl2-f-payload-release-for-fisherman-fishing-drone\/"]}]},{"@type":"ImageObject","inLanguage":"pt-PT","@id":"https:\/\/www.ghostysky.com\/product\/pl2-f-payload-release-for-fisherman-fishing-drone\/#primaryimage","url":"https:\/\/www.ghostysky.com\/wp-content\/uploads\/2022\/03\/swellpro-fisherman-accessories-PL2-F-01_1500x.webp","contentUrl":"https:\/\/www.ghostysky.com\/wp-content\/uploads\/2022\/03\/swellpro-fisherman-accessories-PL2-F-01_1500x.webp","width":1000,"height":1000},{"@type":"BreadcrumbList","@id":"https:\/\/www.ghostysky.com\/product\/pl2-f-payload-release-for-fisherman-fishing-drone\/#breadcrumb","itemListElement":[{"@type":"ListItem","position":1,"name":"Home","item":"https:\/\/www.ghostysky.com\/"},{"@type":"ListItem","position":2,"name":"Shop","item":"https:\/\/www.ghostysky.com\/shop\/"},{"@type":"ListItem","position":3,"name":"PL2-F Payload Release for Fisherman Fishing Drone"}]},{"@type":"WebSite","@id":"https:\/\/www.ghostysky.com\/#website","url":"https:\/\/www.ghostysky.com\/","name":"Ghostysky","description":"Fornecendo drones e servi\u00e7os profissionais","publisher":{"@id":"https:\/\/www.ghostysky.com\/#organization"},"potentialAction":[{"@type":"SearchAction","target":{"@type":"EntryPoint","urlTemplate":"https:\/\/www.ghostysky.com\/?s={search_term_string}"},"query-input":{"@type":"PropertyValueSpecification","valueRequired":true,"valueName":"search_term_string"}}],"inLanguage":"pt-PT"},{"@type":"Organization","@id":"https:\/\/www.ghostysky.com\/#organization","name":"Ghostysky","url":"https:\/\/www.ghostysky.com\/","logo":{"@type":"ImageObject","inLanguage":"pt-PT","@id":"https:\/\/www.ghostysky.com\/#\/schema\/logo\/image\/","url":"https:\/\/www.ghostysky.com\/wp-content\/uploads\/2020\/06\/cropped-ghostyskylogo_text_white2.png","contentUrl":"https:\/\/www.ghostysky.com\/wp-content\/uploads\/2020\/06\/cropped-ghostyskylogo_text_white2.png","width":169,"height":56,"caption":"Ghostysky"},"image":{"@id":"https:\/\/www.ghostysky.com\/#\/schema\/logo\/image\/"},"sameAs":["https:\/\/www.facebook.com\/people\/Ghostysky\/100057676170234\/","https:\/\/x.com\/Gh0stysky","https:\/\/www.linkedin.com\/company\/34739653","https:\/\/www.instagram.com\/gh0stysky"]}]}},"_links":{"self":[{"href":"https:\/\/www.ghostysky.com\/pt\/wp-json\/wp\/v2\/product\/6373","targetHints":{"allow":["GET"]}}],"collection":[{"href":"https:\/\/www.ghostysky.com\/pt\/wp-json\/wp\/v2\/product"}],"about":[{"href":"https:\/\/www.ghostysky.com\/pt\/wp-json\/wp\/v2\/types\/product"}],"replies":[{"embeddable":true,"href":"https:\/\/www.ghostysky.com\/pt\/wp-json\/wp\/v2\/comments?post=6373"}],"wp:featuredmedia":[{"embeddable":true,"href":"https:\/\/www.ghostysky.com\/pt\/wp-json\/wp\/v2\/media\/6374"}],"wp:attachment":[{"href":"https:\/\/www.ghostysky.com\/pt\/wp-json\/wp\/v2\/media?parent=6373"}],"wp:term":[{"taxonomy":"product_brand","embeddable":true,"href":"https:\/\/www.ghostysky.com\/pt\/wp-json\/wp\/v2\/product_brand?post=6373"},{"taxonomy":"product_cat","embeddable":true,"href":"https:\/\/www.ghostysky.com\/pt\/wp-json\/wp\/v2\/product_cat?post=6373"},{"taxonomy":"product_tag","embeddable":true,"href":"https:\/\/www.ghostysky.com\/pt\/wp-json\/wp\/v2\/product_tag?post=6373"}],"curies":[{"name":"wp","href":"https:\/\/api.w.org\/{rel}","templated":true}]}}