{"id":6380,"date":"2022-03-24T00:10:20","date_gmt":"2022-03-24T00:10:20","guid":{"rendered":"https:\/\/www.ghostysky.com\/?post_type=product&#038;p=6380"},"modified":"2023-12-20T08:10:20","modified_gmt":"2023-12-20T08:10:20","slug":"video-link-only-for-repairing-uses","status":"publish","type":"product","link":"https:\/\/www.ghostysky.com\/pt\/product\/video-link-only-for-repairing-uses\/","title":{"rendered":"Link de v\u00eddeo (somente para casos de repara\u00e7\u00e3o)"},"content":{"rendered":"<table id=\"product-attribute-specs-table\" class=\"data-table table\">\n<tbody>\n<tr class=\"first odd\">\n<th class=\"label\">Vis\u00e3o geral<\/th>\n<td class=\"data last\">O link de v\u00eddeo j\u00e1 est\u00e1 embutido no drone para transmitir v\u00eddeos do drone para o controle remoto. Os clientes apenas precisam deste para repara\u00e7\u00e3o.<br \/>\nO transmissor de v\u00eddeo Mi600C 5.8G FPV \u00e9 selado num corpo de alum\u00ednio; e \u00e9 compat\u00edvel com todos os receptores anal\u00f3gicos do mercado. O Mi600C usa um soquete de 5 pinos e um cabo de dados plano, o que o torna mais conveniente de usar.<\/td>\n<\/tr>\n<tr class=\"first odd\">\n<th class=\"label\">Na caixa<\/th>\n<td class=\"data last\">LINK DO V\u00cdDEO\u00d7 1<\/td>\n<\/tr>\n<tr class=\"first odd\">\n<th class=\"label\">Especifica\u00e7\u00f5es<\/th>\n<td class=\"data last\">Pot\u00eancia de transmiss\u00e3o: 600mw<br \/>\nFrequ\u00eancia: 5.8G<br \/>\nCanal: 40CH<br \/>\nTens\u00e3o de entrada: 7,4V-28V<br \/>\nGanho da antena: 2db~3db<br \/>\nCorrente de trabalho: 220mA @12V<br \/>\nTemperatura de opera\u00e7\u00e3o: -20-60 \u2103<br \/>\nFormato de v\u00eddeo: NTSC\/PAL Auto<br \/>\nLargura de banda de v\u00eddeo: 8M<br \/>\nPeso l\u00edquido: 20g<br \/>\nTamanho f\u00edsico: 31*23*9mm<br \/>\nFaixa de sinal: at\u00e9 2-3 km<\/td>\n<\/tr>\n<tr class=\"first odd\">\n<th class=\"label\">Compatibilidade<\/th>\n<td class=\"data last\">Swellpro Fisherman FD1<\/td>\n<\/tr>\n<\/tbody>\n<\/table>","protected":false},"excerpt":{"rendered":"<ul>\n<li>Design compacto: Encaixa-se perfeitamente no <strong>FD1<\/strong><\/li>\n<li><strong>40 canais diferentes<\/strong>: Compat\u00edvel com todos os receptores anal\u00f3gicos 5.8G.<\/li>\n<li>Antena de alta qualidade: <strong>Transmiss\u00e3o est\u00e1vel de longo alcance<\/strong>.<\/li>\n<li>Cabo de 5 pinos embutido: Conex\u00e3o f\u00eamea \u201cJST\u201d para fonte de alimenta\u00e7\u00e3o.<\/li>\n<\/ul>","protected":false},"featured_media":6431,"comment_status":"open","ping_status":"closed","template":"","meta":[],"product_brand":[],"product_cat":[305,29,278],"product_tag":[279,352],"class_list":{"0":"post-6380","1":"product","2":"type-product","3":"status-publish","4":"has-post-thumbnail","6":"product_cat-accessories-swellpro","7":"product_cat-drones","8":"product_cat-swellpro","9":"product_tag-swellpro","10":"product_tag-video-link","12":"first","13":"onbackorder","14":"taxable","15":"shipping-taxable","16":"product-type-simple"},"yoast_head":"<!-- This site is optimized with the Yoast SEO plugin v27.4 - https:\/\/yoast.com\/product\/yoast-seo-wordpress\/ -->\n<title>Video Link (Only for repairing uses) -<\/title>\n<meta name=\"description\" content=\"Compact Design: Fits perfectly in the FD140 different channels: Compatible with all 5.8G analog Receivers.High quality antenna: Long range stable transmission.\" \/>\n<meta name=\"robots\" content=\"index, follow, max-snippet:-1, max-image-preview:large, max-video-preview:-1\" \/>\n<link rel=\"canonical\" href=\"https:\/\/www.ghostysky.com\/pt\/produto-2\/video-link-only-for-repairing-uses\/\" \/>\n<meta property=\"og:locale\" content=\"pt_PT\" \/>\n<meta property=\"og:type\" content=\"article\" \/>\n<meta property=\"og:title\" content=\"Video Link (Only for repairing uses) -\" \/>\n<meta property=\"og:description\" content=\"Compact Design: Fits perfectly in the FD140 different channels: Compatible with all 5.8G analog Receivers.High quality antenna: Long range stable transmission.\" \/>\n<meta property=\"og:url\" content=\"https:\/\/www.ghostysky.com\/pt\/produto-2\/video-link-only-for-repairing-uses\/\" \/>\n<meta property=\"og:site_name\" content=\"Ghostysky\" \/>\n<meta property=\"article:publisher\" content=\"https:\/\/www.facebook.com\/people\/Ghostysky\/100057676170234\/\" \/>\n<meta property=\"article:modified_time\" content=\"2023-12-20T08:10:20+00:00\" \/>\n<meta property=\"og:image\" content=\"https:\/\/www.ghostysky.com\/wp-content\/uploads\/2022\/03\/video-link_1500x.webp\" \/>\n\t<meta property=\"og:image:width\" content=\"600\" \/>\n\t<meta property=\"og:image:height\" content=\"600\" \/>\n\t<meta property=\"og:image:type\" content=\"image\/webp\" \/>\n<meta name=\"twitter:card\" content=\"summary_large_image\" \/>\n<meta name=\"twitter:site\" content=\"@Gh0stysky\" \/>\n<meta name=\"twitter:label1\" content=\"Tempo estimado de leitura\" \/>\n\t<meta name=\"twitter:data1\" content=\"1 minuto\" \/>\n<script type=\"application\/ld+json\" class=\"yoast-schema-graph\">{\"@context\":\"https:\\\/\\\/schema.org\",\"@graph\":[{\"@type\":\"WebPage\",\"@id\":\"https:\\\/\\\/www.ghostysky.com\\\/product\\\/video-link-only-for-repairing-uses\\\/\",\"url\":\"https:\\\/\\\/www.ghostysky.com\\\/product\\\/video-link-only-for-repairing-uses\\\/\",\"name\":\"Video Link (Only for repairing uses) -\",\"isPartOf\":{\"@id\":\"https:\\\/\\\/www.ghostysky.com\\\/#website\"},\"primaryImageOfPage\":{\"@id\":\"https:\\\/\\\/www.ghostysky.com\\\/product\\\/video-link-only-for-repairing-uses\\\/#primaryimage\"},\"image\":{\"@id\":\"https:\\\/\\\/www.ghostysky.com\\\/product\\\/video-link-only-for-repairing-uses\\\/#primaryimage\"},\"thumbnailUrl\":\"https:\\\/\\\/www.ghostysky.com\\\/wp-content\\\/uploads\\\/2022\\\/03\\\/video-link_1500x.webp\",\"datePublished\":\"2022-03-24T00:10:20+00:00\",\"dateModified\":\"2023-12-20T08:10:20+00:00\",\"description\":\"Compact Design: Fits perfectly in the FD140 different channels: Compatible with all 5.8G analog Receivers.High quality antenna: Long range stable transmission.\",\"breadcrumb\":{\"@id\":\"https:\\\/\\\/www.ghostysky.com\\\/product\\\/video-link-only-for-repairing-uses\\\/#breadcrumb\"},\"inLanguage\":\"pt-PT\",\"potentialAction\":[{\"@type\":\"ReadAction\",\"target\":[\"https:\\\/\\\/www.ghostysky.com\\\/product\\\/video-link-only-for-repairing-uses\\\/\"]}]},{\"@type\":\"ImageObject\",\"inLanguage\":\"pt-PT\",\"@id\":\"https:\\\/\\\/www.ghostysky.com\\\/product\\\/video-link-only-for-repairing-uses\\\/#primaryimage\",\"url\":\"https:\\\/\\\/www.ghostysky.com\\\/wp-content\\\/uploads\\\/2022\\\/03\\\/video-link_1500x.webp\",\"contentUrl\":\"https:\\\/\\\/www.ghostysky.com\\\/wp-content\\\/uploads\\\/2022\\\/03\\\/video-link_1500x.webp\",\"width\":600,\"height\":600},{\"@type\":\"BreadcrumbList\",\"@id\":\"https:\\\/\\\/www.ghostysky.com\\\/product\\\/video-link-only-for-repairing-uses\\\/#breadcrumb\",\"itemListElement\":[{\"@type\":\"ListItem\",\"position\":1,\"name\":\"Home\",\"item\":\"https:\\\/\\\/www.ghostysky.com\\\/\"},{\"@type\":\"ListItem\",\"position\":2,\"name\":\"Shop\",\"item\":\"https:\\\/\\\/www.ghostysky.com\\\/shop\\\/\"},{\"@type\":\"ListItem\",\"position\":3,\"name\":\"Video Link (Only for repairing uses)\"}]},{\"@type\":\"WebSite\",\"@id\":\"https:\\\/\\\/www.ghostysky.com\\\/#website\",\"url\":\"https:\\\/\\\/www.ghostysky.com\\\/\",\"name\":\"Ghostysky\",\"description\":\"Delivering professional drones and services\",\"publisher\":{\"@id\":\"https:\\\/\\\/www.ghostysky.com\\\/#organization\"},\"potentialAction\":[{\"@type\":\"SearchAction\",\"target\":{\"@type\":\"EntryPoint\",\"urlTemplate\":\"https:\\\/\\\/www.ghostysky.com\\\/?s={search_term_string}\"},\"query-input\":{\"@type\":\"PropertyValueSpecification\",\"valueRequired\":true,\"valueName\":\"search_term_string\"}}],\"inLanguage\":\"pt-PT\"},{\"@type\":\"Organization\",\"@id\":\"https:\\\/\\\/www.ghostysky.com\\\/#organization\",\"name\":\"Ghostysky\",\"url\":\"https:\\\/\\\/www.ghostysky.com\\\/\",\"logo\":{\"@type\":\"ImageObject\",\"inLanguage\":\"pt-PT\",\"@id\":\"https:\\\/\\\/www.ghostysky.com\\\/#\\\/schema\\\/logo\\\/image\\\/\",\"url\":\"https:\\\/\\\/www.ghostysky.com\\\/wp-content\\\/uploads\\\/2020\\\/06\\\/cropped-ghostyskylogo_text_white2.png\",\"contentUrl\":\"https:\\\/\\\/www.ghostysky.com\\\/wp-content\\\/uploads\\\/2020\\\/06\\\/cropped-ghostyskylogo_text_white2.png\",\"width\":169,\"height\":56,\"caption\":\"Ghostysky\"},\"image\":{\"@id\":\"https:\\\/\\\/www.ghostysky.com\\\/#\\\/schema\\\/logo\\\/image\\\/\"},\"sameAs\":[\"https:\\\/\\\/www.facebook.com\\\/people\\\/Ghostysky\\\/100057676170234\\\/\",\"https:\\\/\\\/x.com\\\/Gh0stysky\",\"https:\\\/\\\/www.linkedin.com\\\/company\\\/34739653\",\"https:\\\/\\\/www.instagram.com\\\/gh0stysky\"]}]}<\/script>\n<!-- \/ Yoast SEO plugin. -->","yoast_head_json":{"title":"Link de v\u00eddeo (somente para reparos) -","description":"Design compacto: Cabe perfeitamente nos diferentes canais FD140: Compat\u00edvel com todos os receptores anal\u00f3gicos 5.8G. Antena de alta qualidade: Transmiss\u00e3o est\u00e1vel de longo alcance.","robots":{"index":"index","follow":"follow","max-snippet":"max-snippet:-1","max-image-preview":"max-image-preview:large","max-video-preview":"max-video-preview:-1"},"canonical":"https:\/\/www.ghostysky.com\/pt\/produto-2\/video-link-only-for-repairing-uses\/","og_locale":"pt_PT","og_type":"article","og_title":"Video Link (Only for repairing uses) -","og_description":"Compact Design: Fits perfectly in the FD140 different channels: Compatible with all 5.8G analog Receivers.High quality antenna: Long range stable transmission.","og_url":"https:\/\/www.ghostysky.com\/pt\/produto-2\/video-link-only-for-repairing-uses\/","og_site_name":"Ghostysky","article_publisher":"https:\/\/www.facebook.com\/people\/Ghostysky\/100057676170234\/","article_modified_time":"2023-12-20T08:10:20+00:00","og_image":[{"width":600,"height":600,"url":"https:\/\/www.ghostysky.com\/wp-content\/uploads\/2022\/03\/video-link_1500x.webp","type":"image\/webp"}],"twitter_card":"summary_large_image","twitter_site":"@Gh0stysky","twitter_misc":{"Tempo estimado de leitura":"1 minuto"},"schema":{"@context":"https:\/\/schema.org","@graph":[{"@type":"WebPage","@id":"https:\/\/www.ghostysky.com\/product\/video-link-only-for-repairing-uses\/","url":"https:\/\/www.ghostysky.com\/product\/video-link-only-for-repairing-uses\/","name":"Link de v\u00eddeo (somente para reparos) -","isPartOf":{"@id":"https:\/\/www.ghostysky.com\/#website"},"primaryImageOfPage":{"@id":"https:\/\/www.ghostysky.com\/product\/video-link-only-for-repairing-uses\/#primaryimage"},"image":{"@id":"https:\/\/www.ghostysky.com\/product\/video-link-only-for-repairing-uses\/#primaryimage"},"thumbnailUrl":"https:\/\/www.ghostysky.com\/wp-content\/uploads\/2022\/03\/video-link_1500x.webp","datePublished":"2022-03-24T00:10:20+00:00","dateModified":"2023-12-20T08:10:20+00:00","description":"Design compacto: Cabe perfeitamente nos diferentes canais FD140: Compat\u00edvel com todos os receptores anal\u00f3gicos 5.8G. Antena de alta qualidade: Transmiss\u00e3o est\u00e1vel de longo alcance.","breadcrumb":{"@id":"https:\/\/www.ghostysky.com\/product\/video-link-only-for-repairing-uses\/#breadcrumb"},"inLanguage":"pt-PT","potentialAction":[{"@type":"ReadAction","target":["https:\/\/www.ghostysky.com\/product\/video-link-only-for-repairing-uses\/"]}]},{"@type":"ImageObject","inLanguage":"pt-PT","@id":"https:\/\/www.ghostysky.com\/product\/video-link-only-for-repairing-uses\/#primaryimage","url":"https:\/\/www.ghostysky.com\/wp-content\/uploads\/2022\/03\/video-link_1500x.webp","contentUrl":"https:\/\/www.ghostysky.com\/wp-content\/uploads\/2022\/03\/video-link_1500x.webp","width":600,"height":600},{"@type":"BreadcrumbList","@id":"https:\/\/www.ghostysky.com\/product\/video-link-only-for-repairing-uses\/#breadcrumb","itemListElement":[{"@type":"ListItem","position":1,"name":"Home","item":"https:\/\/www.ghostysky.com\/"},{"@type":"ListItem","position":2,"name":"Shop","item":"https:\/\/www.ghostysky.com\/shop\/"},{"@type":"ListItem","position":3,"name":"Video Link (Only for repairing uses)"}]},{"@type":"WebSite","@id":"https:\/\/www.ghostysky.com\/#website","url":"https:\/\/www.ghostysky.com\/","name":"Ghostysky","description":"Fornecendo drones e servi\u00e7os profissionais","publisher":{"@id":"https:\/\/www.ghostysky.com\/#organization"},"potentialAction":[{"@type":"SearchAction","target":{"@type":"EntryPoint","urlTemplate":"https:\/\/www.ghostysky.com\/?s={search_term_string}"},"query-input":{"@type":"PropertyValueSpecification","valueRequired":true,"valueName":"search_term_string"}}],"inLanguage":"pt-PT"},{"@type":"Organization","@id":"https:\/\/www.ghostysky.com\/#organization","name":"Ghostysky","url":"https:\/\/www.ghostysky.com\/","logo":{"@type":"ImageObject","inLanguage":"pt-PT","@id":"https:\/\/www.ghostysky.com\/#\/schema\/logo\/image\/","url":"https:\/\/www.ghostysky.com\/wp-content\/uploads\/2020\/06\/cropped-ghostyskylogo_text_white2.png","contentUrl":"https:\/\/www.ghostysky.com\/wp-content\/uploads\/2020\/06\/cropped-ghostyskylogo_text_white2.png","width":169,"height":56,"caption":"Ghostysky"},"image":{"@id":"https:\/\/www.ghostysky.com\/#\/schema\/logo\/image\/"},"sameAs":["https:\/\/www.facebook.com\/people\/Ghostysky\/100057676170234\/","https:\/\/x.com\/Gh0stysky","https:\/\/www.linkedin.com\/company\/34739653","https:\/\/www.instagram.com\/gh0stysky"]}]}},"_links":{"self":[{"href":"https:\/\/www.ghostysky.com\/pt\/wp-json\/wp\/v2\/product\/6380","targetHints":{"allow":["GET"]}}],"collection":[{"href":"https:\/\/www.ghostysky.com\/pt\/wp-json\/wp\/v2\/product"}],"about":[{"href":"https:\/\/www.ghostysky.com\/pt\/wp-json\/wp\/v2\/types\/product"}],"replies":[{"embeddable":true,"href":"https:\/\/www.ghostysky.com\/pt\/wp-json\/wp\/v2\/comments?post=6380"}],"wp:featuredmedia":[{"embeddable":true,"href":"https:\/\/www.ghostysky.com\/pt\/wp-json\/wp\/v2\/media\/6431"}],"wp:attachment":[{"href":"https:\/\/www.ghostysky.com\/pt\/wp-json\/wp\/v2\/media?parent=6380"}],"wp:term":[{"taxonomy":"product_brand","embeddable":true,"href":"https:\/\/www.ghostysky.com\/pt\/wp-json\/wp\/v2\/product_brand?post=6380"},{"taxonomy":"product_cat","embeddable":true,"href":"https:\/\/www.ghostysky.com\/pt\/wp-json\/wp\/v2\/product_cat?post=6380"},{"taxonomy":"product_tag","embeddable":true,"href":"https:\/\/www.ghostysky.com\/pt\/wp-json\/wp\/v2\/product_tag?post=6380"}],"curies":[{"name":"wp","href":"https:\/\/api.w.org\/{rel}","templated":true}]}}