{"id":6432,"date":"2022-03-24T00:14:45","date_gmt":"2022-03-24T00:14:45","guid":{"rendered":"https:\/\/www.ghostysky.com\/?post_type=product&#038;p=6432"},"modified":"2024-12-26T17:51:19","modified_gmt":"2024-12-26T17:51:19","slug":"waterproof-barometric-membrane-for-fisherman-fd1","status":"publish","type":"product","link":"https:\/\/www.ghostysky.com\/pt\/product\/waterproof-barometric-membrane-for-fisherman-fd1\/","title":{"rendered":"Membrana Barom\u00e9trica Imperme\u00e1vel para Swellpro FD1"},"content":{"rendered":"<div id=\"shopify-section-product-template\" class=\"shopify-section\">\n<div id=\"product-6631670251600\" class=\"product mzt-product\" data-allow-selecting-sold-out-variants=\"true\" data-enable-image-zoom=\"true\">\n<div class=\"page__content-wrapper page__content-wrapper--force-background\">\n<div class=\"container\">\n<div class=\"grid grid--large\">\n<div id=\"product_description\" class=\"product__description rte\">\n<div class=\"product__tabs tabs\">\n<div class=\"table-wrapper\">\n<table id=\"product-attribute-specs-table\" class=\"data-table table\">\n<tbody>\n<tr class=\"first odd\">\n<th class=\"label\">Vis\u00e3o geral<\/th>\n<td class=\"data last\">A membrana barom\u00e9trica \u00e0 prova d&#039;\u00e1gua \u00e9 a tecnologia em destaque da SwellPro. Ele permite que o ar passe pela c\u00e2mara interna da aeronave para garantir o bom funcionamento do bar\u00f4metro, mas evita que a \u00e1gua entre para garantir o design totalmente \u00e0 prova d&#039;\u00e1gua do Pescador.<\/td>\n<\/tr>\n<tr class=\"first odd\">\n<th class=\"label\">Importante<\/th>\n<td class=\"data last\">Deve prestar aten\u00e7\u00e3o especial \u00e0 utiliza\u00e7\u00e3o adequadada membrana barom\u00e9trica \u00e0 prova d'\u00e1gua durante a opera\u00e7\u00e3o.<br \/>\n\u2022 Lave bem a membrana barom\u00e9trica com \u00e1gua doce ap\u00f3s o v\u00f4o.<br \/>\n\u2022 Se o drone n\u00e3o estiver a voar de forma normal em modo hover, durante a subida ou descida, a membrana barom\u00e9trica \u00e0 prova d'\u00e1gua pode estar danificada. Retire a cobertura da membrana barom\u00e9trica superior e substitua-a.<\/td>\n<\/tr>\n<tr class=\"first odd\">\n<th class=\"label\">Dica<\/th>\n<td class=\"data last\">Para substituir a membrana barom\u00e9trica imperme\u00e1vel:<br \/>\n1. Use uma ferramenta afiada (como uma faca) para remover o adesivo e, de seguida, retire a tampa superior.<br \/>\n2. Retire a antiga membrana barom\u00e9trica \u00e0 prova d'\u00e1gua. Limpe a ventila\u00e7\u00e3o barom\u00e9trica e certifique-se de que n\u00e3o haja res\u00edduos na superf\u00edcie.<br \/>\n3. Remova o papel 3M da membrana barom\u00e9trica e pressione-o firmemente na abertura barom\u00e9trica para garantir uma veda\u00e7\u00e3o firme.<br \/>\n4. Coloque o adesivo na tampa superior e pressione-o sobre a membrana barom\u00e9trica.<\/td>\n<\/tr>\n<tr class=\"first odd\">\n<th class=\"label\">Na caixa<\/th>\n<td class=\"data last\">Conjunto de membrana \u00e0 prova d'\u00e1gua e adesivo para m\u00f3dulo GPS x 1<\/td>\n<\/tr>\n<tr class=\"first odd\">\n<th class=\"label\">Compatibilidade<\/th>\n<td class=\"data last\">Fisherman FD1<\/td>\n<\/tr>\n<\/tbody>\n<\/table>\n<\/div>\n<\/div>\n<\/div>\n<\/div>\n<\/div>\n<\/div>\n<\/div>\n<div id=\"looxReviews\" class=\"loox-reviews-default\" data-product-id=\"6631670251600\"><\/div>\n<\/div>","protected":false},"excerpt":{"rendered":"<p>O <strong>membrana barom\u00e9trica imperme\u00e1vel<\/strong> \u00e9 a tecnologia em destaque do SwellPro. Ele permite que o ar passe pela c\u00e2mara interna da aeronave para garantir o bom funcionamento do bar\u00f4metro, mas evita que a \u00e1gua entre para garantir o design totalmente \u00e0 prova d&#039;\u00e1gua do Pescador.<\/p>","protected":false},"featured_media":6433,"comment_status":"open","ping_status":"closed","template":"","meta":[],"product_brand":[],"product_cat":[305,29,278],"product_tag":[348,279,346],"class_list":{"0":"post-6432","1":"product","2":"type-product","3":"status-publish","4":"has-post-thumbnail","6":"product_cat-accessories-swellpro","7":"product_cat-drones","8":"product_cat-swellpro","9":"product_tag-fisherman-fd1","10":"product_tag-swellpro","11":"product_tag-waterproof-barometric-membrane","13":"first","14":"onbackorder","15":"taxable","16":"shipping-taxable","17":"product-type-simple"},"yoast_head":"<!-- This site is optimized with the Yoast SEO plugin v27.1.1 - https:\/\/yoast.com\/product\/yoast-seo-wordpress\/ -->\n<title>Waterproof Barometric Membrane for Fisherman FD1 -<\/title>\n<meta name=\"description\" content=\"The waterproof barometric membrane is SwellPro\u2019s featured technology. It allows air to pass through the internal chamber of the aircraft to ensure the barometer\u2019s proper functioning yet keeps the water from getting in to ensure the Fisherman\u2019s all waterproof design.\" \/>\n<meta name=\"robots\" content=\"index, follow, max-snippet:-1, max-image-preview:large, max-video-preview:-1\" \/>\n<link rel=\"canonical\" href=\"https:\/\/www.ghostysky.com\/pt\/produto-2\/waterproof-barometric-membrane-for-fisherman-fd1\/\" \/>\n<meta property=\"og:locale\" content=\"pt_PT\" \/>\n<meta property=\"og:type\" content=\"article\" \/>\n<meta property=\"og:title\" content=\"Waterproof Barometric Membrane for Fisherman FD1 -\" \/>\n<meta property=\"og:description\" content=\"The waterproof barometric membrane is SwellPro\u2019s featured technology. It allows air to pass through the internal chamber of the aircraft to ensure the barometer\u2019s proper functioning yet keeps the water from getting in to ensure the Fisherman\u2019s all waterproof design.\" \/>\n<meta property=\"og:url\" content=\"https:\/\/www.ghostysky.com\/pt\/produto-2\/waterproof-barometric-membrane-for-fisherman-fd1\/\" \/>\n<meta property=\"og:site_name\" content=\"Ghostysky\" \/>\n<meta property=\"article:publisher\" content=\"https:\/\/www.facebook.com\/people\/Ghostysky\/100057676170234\/\" \/>\n<meta property=\"article:modified_time\" content=\"2024-12-26T17:51:19+00:00\" \/>\n<meta property=\"og:image\" content=\"https:\/\/www.ghostysky.com\/wp-content\/uploads\/2022\/03\/Fisherman-membrance-01_1500x.webp\" \/>\n\t<meta property=\"og:image:width\" content=\"600\" \/>\n\t<meta property=\"og:image:height\" content=\"600\" \/>\n\t<meta property=\"og:image:type\" content=\"image\/webp\" \/>\n<meta name=\"twitter:card\" content=\"summary_large_image\" \/>\n<meta name=\"twitter:site\" content=\"@Gh0stysky\" \/>\n<meta name=\"twitter:label1\" content=\"Tempo estimado de leitura\" \/>\n\t<meta name=\"twitter:data1\" content=\"1 minuto\" \/>\n<script type=\"application\/ld+json\" class=\"yoast-schema-graph\">{\"@context\":\"https:\/\/schema.org\",\"@graph\":[{\"@type\":\"WebPage\",\"@id\":\"https:\/\/www.ghostysky.com\/product\/waterproof-barometric-membrane-for-fisherman-fd1\/\",\"url\":\"https:\/\/www.ghostysky.com\/product\/waterproof-barometric-membrane-for-fisherman-fd1\/\",\"name\":\"Waterproof Barometric Membrane for Fisherman FD1 -\",\"isPartOf\":{\"@id\":\"https:\/\/www.ghostysky.com\/#website\"},\"primaryImageOfPage\":{\"@id\":\"https:\/\/www.ghostysky.com\/product\/waterproof-barometric-membrane-for-fisherman-fd1\/#primaryimage\"},\"image\":{\"@id\":\"https:\/\/www.ghostysky.com\/product\/waterproof-barometric-membrane-for-fisherman-fd1\/#primaryimage\"},\"thumbnailUrl\":\"https:\/\/www.ghostysky.com\/wp-content\/uploads\/2022\/03\/Fisherman-membrance-01_1500x.webp\",\"datePublished\":\"2022-03-24T00:14:45+00:00\",\"dateModified\":\"2024-12-26T17:51:19+00:00\",\"description\":\"The waterproof barometric membrane is SwellPro\u2019s featured technology. It allows air to pass through the internal chamber of the aircraft to ensure the barometer\u2019s proper functioning yet keeps the water from getting in to ensure the Fisherman\u2019s all waterproof design.\",\"breadcrumb\":{\"@id\":\"https:\/\/www.ghostysky.com\/product\/waterproof-barometric-membrane-for-fisherman-fd1\/#breadcrumb\"},\"inLanguage\":\"pt-PT\",\"potentialAction\":[{\"@type\":\"ReadAction\",\"target\":[\"https:\/\/www.ghostysky.com\/product\/waterproof-barometric-membrane-for-fisherman-fd1\/\"]}]},{\"@type\":\"ImageObject\",\"inLanguage\":\"pt-PT\",\"@id\":\"https:\/\/www.ghostysky.com\/product\/waterproof-barometric-membrane-for-fisherman-fd1\/#primaryimage\",\"url\":\"https:\/\/www.ghostysky.com\/wp-content\/uploads\/2022\/03\/Fisherman-membrance-01_1500x.webp\",\"contentUrl\":\"https:\/\/www.ghostysky.com\/wp-content\/uploads\/2022\/03\/Fisherman-membrance-01_1500x.webp\",\"width\":600,\"height\":600},{\"@type\":\"BreadcrumbList\",\"@id\":\"https:\/\/www.ghostysky.com\/product\/waterproof-barometric-membrane-for-fisherman-fd1\/#breadcrumb\",\"itemListElement\":[{\"@type\":\"ListItem\",\"position\":1,\"name\":\"Home\",\"item\":\"https:\/\/www.ghostysky.com\/\"},{\"@type\":\"ListItem\",\"position\":2,\"name\":\"Shop\",\"item\":\"https:\/\/www.ghostysky.com\/shop\/\"},{\"@type\":\"ListItem\",\"position\":3,\"name\":\"Waterproof Barometric Membrane for Fisherman FD1\"}]},{\"@type\":\"WebSite\",\"@id\":\"https:\/\/www.ghostysky.com\/#website\",\"url\":\"https:\/\/www.ghostysky.com\/\",\"name\":\"Ghostysky\",\"description\":\"Delivering professional drones and services\",\"publisher\":{\"@id\":\"https:\/\/www.ghostysky.com\/#organization\"},\"potentialAction\":[{\"@type\":\"SearchAction\",\"target\":{\"@type\":\"EntryPoint\",\"urlTemplate\":\"https:\/\/www.ghostysky.com\/?s={search_term_string}\"},\"query-input\":{\"@type\":\"PropertyValueSpecification\",\"valueRequired\":true,\"valueName\":\"search_term_string\"}}],\"inLanguage\":\"pt-PT\"},{\"@type\":\"Organization\",\"@id\":\"https:\/\/www.ghostysky.com\/#organization\",\"name\":\"Ghostysky\",\"url\":\"https:\/\/www.ghostysky.com\/\",\"logo\":{\"@type\":\"ImageObject\",\"inLanguage\":\"pt-PT\",\"@id\":\"https:\/\/www.ghostysky.com\/#\/schema\/logo\/image\/\",\"url\":\"https:\/\/www.ghostysky.com\/wp-content\/uploads\/2020\/06\/cropped-ghostyskylogo_text_white2.png\",\"contentUrl\":\"https:\/\/www.ghostysky.com\/wp-content\/uploads\/2020\/06\/cropped-ghostyskylogo_text_white2.png\",\"width\":169,\"height\":56,\"caption\":\"Ghostysky\"},\"image\":{\"@id\":\"https:\/\/www.ghostysky.com\/#\/schema\/logo\/image\/\"},\"sameAs\":[\"https:\/\/www.facebook.com\/people\/Ghostysky\/100057676170234\/\",\"https:\/\/x.com\/Gh0stysky\",\"https:\/\/www.linkedin.com\/company\/34739653\",\"https:\/\/www.instagram.com\/gh0stysky\"]}]}<\/script>\n<!-- \/ Yoast SEO plugin. -->","yoast_head_json":{"title":"Membrana Barom\u00e9trica Imperme\u00e1vel para Pescador FD1 -","description":"A membrana barom\u00e9trica \u00e0 prova d&#039;\u00e1gua \u00e9 a tecnologia em destaque da SwellPro. Ele permite que o ar passe pela c\u00e2mara interna da aeronave para garantir o bom funcionamento do bar\u00f4metro, mas evita que a \u00e1gua entre para garantir o design totalmente \u00e0 prova d&#039;\u00e1gua do Pescador.","robots":{"index":"index","follow":"follow","max-snippet":"max-snippet:-1","max-image-preview":"max-image-preview:large","max-video-preview":"max-video-preview:-1"},"canonical":"https:\/\/www.ghostysky.com\/pt\/produto-2\/waterproof-barometric-membrane-for-fisherman-fd1\/","og_locale":"pt_PT","og_type":"article","og_title":"Waterproof Barometric Membrane for Fisherman FD1 -","og_description":"The waterproof barometric membrane is SwellPro\u2019s featured technology. It allows air to pass through the internal chamber of the aircraft to ensure the barometer\u2019s proper functioning yet keeps the water from getting in to ensure the Fisherman\u2019s all waterproof design.","og_url":"https:\/\/www.ghostysky.com\/pt\/produto-2\/waterproof-barometric-membrane-for-fisherman-fd1\/","og_site_name":"Ghostysky","article_publisher":"https:\/\/www.facebook.com\/people\/Ghostysky\/100057676170234\/","article_modified_time":"2024-12-26T17:51:19+00:00","og_image":[{"width":600,"height":600,"url":"https:\/\/www.ghostysky.com\/wp-content\/uploads\/2022\/03\/Fisherman-membrance-01_1500x.webp","type":"image\/webp"}],"twitter_card":"summary_large_image","twitter_site":"@Gh0stysky","twitter_misc":{"Tempo estimado de leitura":"1 minuto"},"schema":{"@context":"https:\/\/schema.org","@graph":[{"@type":"WebPage","@id":"https:\/\/www.ghostysky.com\/product\/waterproof-barometric-membrane-for-fisherman-fd1\/","url":"https:\/\/www.ghostysky.com\/product\/waterproof-barometric-membrane-for-fisherman-fd1\/","name":"Membrana Barom\u00e9trica Imperme\u00e1vel para Pescador FD1 -","isPartOf":{"@id":"https:\/\/www.ghostysky.com\/#website"},"primaryImageOfPage":{"@id":"https:\/\/www.ghostysky.com\/product\/waterproof-barometric-membrane-for-fisherman-fd1\/#primaryimage"},"image":{"@id":"https:\/\/www.ghostysky.com\/product\/waterproof-barometric-membrane-for-fisherman-fd1\/#primaryimage"},"thumbnailUrl":"https:\/\/www.ghostysky.com\/wp-content\/uploads\/2022\/03\/Fisherman-membrance-01_1500x.webp","datePublished":"2022-03-24T00:14:45+00:00","dateModified":"2024-12-26T17:51:19+00:00","description":"A membrana barom\u00e9trica \u00e0 prova d&#039;\u00e1gua \u00e9 a tecnologia em destaque da SwellPro. Ele permite que o ar passe pela c\u00e2mara interna da aeronave para garantir o bom funcionamento do bar\u00f4metro, mas evita que a \u00e1gua entre para garantir o design totalmente \u00e0 prova d&#039;\u00e1gua do Pescador.","breadcrumb":{"@id":"https:\/\/www.ghostysky.com\/product\/waterproof-barometric-membrane-for-fisherman-fd1\/#breadcrumb"},"inLanguage":"pt-PT","potentialAction":[{"@type":"ReadAction","target":["https:\/\/www.ghostysky.com\/product\/waterproof-barometric-membrane-for-fisherman-fd1\/"]}]},{"@type":"ImageObject","inLanguage":"pt-PT","@id":"https:\/\/www.ghostysky.com\/product\/waterproof-barometric-membrane-for-fisherman-fd1\/#primaryimage","url":"https:\/\/www.ghostysky.com\/wp-content\/uploads\/2022\/03\/Fisherman-membrance-01_1500x.webp","contentUrl":"https:\/\/www.ghostysky.com\/wp-content\/uploads\/2022\/03\/Fisherman-membrance-01_1500x.webp","width":600,"height":600},{"@type":"BreadcrumbList","@id":"https:\/\/www.ghostysky.com\/product\/waterproof-barometric-membrane-for-fisherman-fd1\/#breadcrumb","itemListElement":[{"@type":"ListItem","position":1,"name":"Home","item":"https:\/\/www.ghostysky.com\/"},{"@type":"ListItem","position":2,"name":"Shop","item":"https:\/\/www.ghostysky.com\/shop\/"},{"@type":"ListItem","position":3,"name":"Waterproof Barometric Membrane for Fisherman FD1"}]},{"@type":"WebSite","@id":"https:\/\/www.ghostysky.com\/#website","url":"https:\/\/www.ghostysky.com\/","name":"Ghostysky","description":"Fornecendo drones e servi\u00e7os profissionais","publisher":{"@id":"https:\/\/www.ghostysky.com\/#organization"},"potentialAction":[{"@type":"SearchAction","target":{"@type":"EntryPoint","urlTemplate":"https:\/\/www.ghostysky.com\/?s={search_term_string}"},"query-input":{"@type":"PropertyValueSpecification","valueRequired":true,"valueName":"search_term_string"}}],"inLanguage":"pt-PT"},{"@type":"Organization","@id":"https:\/\/www.ghostysky.com\/#organization","name":"Ghostysky","url":"https:\/\/www.ghostysky.com\/","logo":{"@type":"ImageObject","inLanguage":"pt-PT","@id":"https:\/\/www.ghostysky.com\/#\/schema\/logo\/image\/","url":"https:\/\/www.ghostysky.com\/wp-content\/uploads\/2020\/06\/cropped-ghostyskylogo_text_white2.png","contentUrl":"https:\/\/www.ghostysky.com\/wp-content\/uploads\/2020\/06\/cropped-ghostyskylogo_text_white2.png","width":169,"height":56,"caption":"Ghostysky"},"image":{"@id":"https:\/\/www.ghostysky.com\/#\/schema\/logo\/image\/"},"sameAs":["https:\/\/www.facebook.com\/people\/Ghostysky\/100057676170234\/","https:\/\/x.com\/Gh0stysky","https:\/\/www.linkedin.com\/company\/34739653","https:\/\/www.instagram.com\/gh0stysky"]}]}},"_links":{"self":[{"href":"https:\/\/www.ghostysky.com\/pt\/wp-json\/wp\/v2\/product\/6432","targetHints":{"allow":["GET"]}}],"collection":[{"href":"https:\/\/www.ghostysky.com\/pt\/wp-json\/wp\/v2\/product"}],"about":[{"href":"https:\/\/www.ghostysky.com\/pt\/wp-json\/wp\/v2\/types\/product"}],"replies":[{"embeddable":true,"href":"https:\/\/www.ghostysky.com\/pt\/wp-json\/wp\/v2\/comments?post=6432"}],"wp:featuredmedia":[{"embeddable":true,"href":"https:\/\/www.ghostysky.com\/pt\/wp-json\/wp\/v2\/media\/6433"}],"wp:attachment":[{"href":"https:\/\/www.ghostysky.com\/pt\/wp-json\/wp\/v2\/media?parent=6432"}],"wp:term":[{"taxonomy":"product_brand","embeddable":true,"href":"https:\/\/www.ghostysky.com\/pt\/wp-json\/wp\/v2\/product_brand?post=6432"},{"taxonomy":"product_cat","embeddable":true,"href":"https:\/\/www.ghostysky.com\/pt\/wp-json\/wp\/v2\/product_cat?post=6432"},{"taxonomy":"product_tag","embeddable":true,"href":"https:\/\/www.ghostysky.com\/pt\/wp-json\/wp\/v2\/product_tag?post=6432"}],"curies":[{"name":"wp","href":"https:\/\/api.w.org\/{rel}","templated":true}]}}