{"id":6438,"date":"2022-03-24T00:27:26","date_gmt":"2022-03-24T00:27:26","guid":{"rendered":"https:\/\/www.ghostysky.com\/?post_type=product&#038;p=6438"},"modified":"2023-12-20T08:10:39","modified_gmt":"2023-12-20T08:10:39","slug":"pl1-f-payload-release-for-fisherman-fishing-drone","status":"publish","type":"product","link":"https:\/\/www.ghostysky.com\/pt\/product\/pl1-f-payload-release-for-fisherman-fishing-drone\/","title":{"rendered":"Sistema de liberta\u00e7\u00e3o de carga PL1-F para Swellpro FD1"},"content":{"rendered":"<table id=\"product-attribute-specs-table\" class=\"data-table table\">\n<tbody>\n<tr class=\"first odd\">\n<th class=\"label\" style=\"text-align: left; width: 90.671875px;\">Vis\u00e3o geral<\/th>\n<td class=\"data last\" style=\"width: 444.328125px;\">PL1-F \u00e9 um m\u00f3dulo de liberta\u00e7\u00e3o de carga \u00fatil concebido para o SwellPro Fisherman FD1.<\/td>\n<\/tr>\n<tr class=\"first odd\">\n<th class=\"label\" style=\"text-align: left; width: 90.671875px;\">Destaques<\/th>\n<td class=\"data last\" style=\"width: 444.328125px;\">IP67 \u00e0 prova d&#039;\u00e1gua<br \/>\nDesign extremamente leve<\/td>\n<\/tr>\n<tr class=\"first odd\">\n<th class=\"label\" style=\"text-align: left; width: 90.671875px;\">Especifica\u00e7\u00f5es<\/th>\n<td class=\"data last\" style=\"width: 444.328125px;\">\u00c0 prova d&#039;\u00e1gua: IP67<br \/>\nCapacidade m\u00e1xima de carga: 2 kg<br \/>\nTamanho: 60,7*36,2*50 mil\u00edmetros<br \/>\nComprimento do fio: 220 mm<br \/>\nPeso: 90g<\/td>\n<\/tr>\n<tr class=\"first odd\">\n<th class=\"label\" style=\"text-align: left; width: 90.671875px;\">Na caixa<\/th>\n<td class=\"data last\" style=\"width: 444.328125px;\">PL1-F \u00d7 1<\/td>\n<\/tr>\n<tr class=\"first odd\">\n<th class=\"label\" style=\"text-align: left; width: 90.671875px;\">Compatibilidade<\/th>\n<td class=\"data last\" style=\"width: 444.328125px;\">Swellpro Fisherman FD1<\/td>\n<\/tr>\n<\/tbody>\n<\/table>","protected":false},"excerpt":{"rendered":"<p class=\"translation-block\"><strong>PL1-S \u00e9 umsistema\/m\u00f3dulo de libera\u00e7\u00e3o de carga \u00fatil<\/strong>. Pode ser utilizado para soltar canas de pesca, botes salva-vidas e outros objectos em locais espec\u00edficos, seja  na \u00e1gua ou em locais de dif\u00edcil acesso(suporte at\u00e9 2kg).<\/p>\n<p><strong>Compat\u00edvel com o drone Fisherman FD1<\/strong>.<\/p>\n<ul>\n<li>Resistente \u00e0 \u00e1gua, prote\u00e7\u00e3o IP67.<\/li>\n<li>Em alum\u00ednio CNC de alta precis\u00e3o e a\u00e7o inoxid\u00e1vel.<\/li>\n<li>Sem interfer\u00eancia de conex\u00e3o de r\u00e1dio, transmiss\u00e3o de v\u00eddeo e na precis\u00e3o do GPS.<\/li>\n<li>Capacidade de carga de at\u00e9 2kg.<\/li>\n<\/ul>","protected":false},"featured_media":6439,"comment_status":"open","ping_status":"closed","template":"","meta":[],"product_brand":[],"product_cat":[305,29,278],"product_tag":[400,323,354,279],"class_list":{"0":"post-6438","1":"product","2":"type-product","3":"status-publish","4":"has-post-thumbnail","6":"product_cat-accessories-swellpro","7":"product_cat-drones","8":"product_cat-swellpro","9":"product_tag-400","10":"product_tag-fd1","11":"product_tag-pl1-f-payload","12":"product_tag-swellpro","14":"first","15":"onbackorder","16":"taxable","17":"shipping-taxable","18":"product-type-simple"},"yoast_head":"<!-- This site is optimized with the Yoast SEO plugin v27.4 - https:\/\/yoast.com\/product\/yoast-seo-wordpress\/ -->\n<title>PL1-F Payload Release for Fisherman Fishing Drone -<\/title>\n<meta name=\"description\" content=\"PL1-S is a payload release module. It can be used to drop fishing poles, lifeboats and other objects in specific places on the water or anywhere else that transports the drone (up to 2Kg).\" \/>\n<meta name=\"robots\" content=\"index, follow, max-snippet:-1, max-image-preview:large, max-video-preview:-1\" \/>\n<link rel=\"canonical\" href=\"https:\/\/www.ghostysky.com\/pt\/produto-2\/pl1-f-payload-release-for-fisherman-fishing-drone\/\" \/>\n<meta property=\"og:locale\" content=\"pt_PT\" \/>\n<meta property=\"og:type\" content=\"article\" \/>\n<meta property=\"og:title\" content=\"PL1-F Payload Release for Fisherman Fishing Drone -\" \/>\n<meta property=\"og:description\" content=\"PL1-S is a payload release module. It can be used to drop fishing poles, lifeboats and other objects in specific places on the water or anywhere else that transports the drone (up to 2Kg).\" \/>\n<meta property=\"og:url\" content=\"https:\/\/www.ghostysky.com\/pt\/produto-2\/pl1-f-payload-release-for-fisherman-fishing-drone\/\" \/>\n<meta property=\"og:site_name\" content=\"Ghostysky\" \/>\n<meta property=\"article:publisher\" content=\"https:\/\/www.facebook.com\/people\/Ghostysky\/100057676170234\/\" \/>\n<meta property=\"article:modified_time\" content=\"2023-12-20T08:10:39+00:00\" \/>\n<meta property=\"og:image\" content=\"https:\/\/www.ghostysky.com\/wp-content\/uploads\/2022\/03\/swellpro-fisherman-accessories-PL1-F-01_1500x.webp\" \/>\n\t<meta property=\"og:image:width\" content=\"1000\" \/>\n\t<meta property=\"og:image:height\" content=\"1000\" \/>\n\t<meta property=\"og:image:type\" content=\"image\/webp\" \/>\n<meta name=\"twitter:card\" content=\"summary_large_image\" \/>\n<meta name=\"twitter:site\" content=\"@Gh0stysky\" \/>\n<meta name=\"twitter:label1\" content=\"Tempo estimado de leitura\" \/>\n\t<meta name=\"twitter:data1\" content=\"1 minuto\" \/>\n<script type=\"application\/ld+json\" class=\"yoast-schema-graph\">{\"@context\":\"https:\\\/\\\/schema.org\",\"@graph\":[{\"@type\":\"WebPage\",\"@id\":\"https:\\\/\\\/www.ghostysky.com\\\/product\\\/pl1-f-payload-release-for-fisherman-fishing-drone\\\/\",\"url\":\"https:\\\/\\\/www.ghostysky.com\\\/product\\\/pl1-f-payload-release-for-fisherman-fishing-drone\\\/\",\"name\":\"PL1-F Payload Release for Fisherman Fishing Drone -\",\"isPartOf\":{\"@id\":\"https:\\\/\\\/www.ghostysky.com\\\/#website\"},\"primaryImageOfPage\":{\"@id\":\"https:\\\/\\\/www.ghostysky.com\\\/product\\\/pl1-f-payload-release-for-fisherman-fishing-drone\\\/#primaryimage\"},\"image\":{\"@id\":\"https:\\\/\\\/www.ghostysky.com\\\/product\\\/pl1-f-payload-release-for-fisherman-fishing-drone\\\/#primaryimage\"},\"thumbnailUrl\":\"https:\\\/\\\/www.ghostysky.com\\\/wp-content\\\/uploads\\\/2022\\\/03\\\/swellpro-fisherman-accessories-PL1-F-01_1500x.webp\",\"datePublished\":\"2022-03-24T00:27:26+00:00\",\"dateModified\":\"2023-12-20T08:10:39+00:00\",\"description\":\"PL1-S is a payload release module. It can be used to drop fishing poles, lifeboats and other objects in specific places on the water or anywhere else that transports the drone (up to 2Kg).\",\"breadcrumb\":{\"@id\":\"https:\\\/\\\/www.ghostysky.com\\\/product\\\/pl1-f-payload-release-for-fisherman-fishing-drone\\\/#breadcrumb\"},\"inLanguage\":\"pt-PT\",\"potentialAction\":[{\"@type\":\"ReadAction\",\"target\":[\"https:\\\/\\\/www.ghostysky.com\\\/product\\\/pl1-f-payload-release-for-fisherman-fishing-drone\\\/\"]}]},{\"@type\":\"ImageObject\",\"inLanguage\":\"pt-PT\",\"@id\":\"https:\\\/\\\/www.ghostysky.com\\\/product\\\/pl1-f-payload-release-for-fisherman-fishing-drone\\\/#primaryimage\",\"url\":\"https:\\\/\\\/www.ghostysky.com\\\/wp-content\\\/uploads\\\/2022\\\/03\\\/swellpro-fisherman-accessories-PL1-F-01_1500x.webp\",\"contentUrl\":\"https:\\\/\\\/www.ghostysky.com\\\/wp-content\\\/uploads\\\/2022\\\/03\\\/swellpro-fisherman-accessories-PL1-F-01_1500x.webp\",\"width\":1000,\"height\":1000},{\"@type\":\"BreadcrumbList\",\"@id\":\"https:\\\/\\\/www.ghostysky.com\\\/product\\\/pl1-f-payload-release-for-fisherman-fishing-drone\\\/#breadcrumb\",\"itemListElement\":[{\"@type\":\"ListItem\",\"position\":1,\"name\":\"Home\",\"item\":\"https:\\\/\\\/www.ghostysky.com\\\/\"},{\"@type\":\"ListItem\",\"position\":2,\"name\":\"Shop\",\"item\":\"https:\\\/\\\/www.ghostysky.com\\\/shop\\\/\"},{\"@type\":\"ListItem\",\"position\":3,\"name\":\"PL1-F Payload Release for Fisherman Fishing Drone\"}]},{\"@type\":\"WebSite\",\"@id\":\"https:\\\/\\\/www.ghostysky.com\\\/#website\",\"url\":\"https:\\\/\\\/www.ghostysky.com\\\/\",\"name\":\"Ghostysky\",\"description\":\"Delivering professional drones and robotics solutions\",\"publisher\":{\"@id\":\"https:\\\/\\\/www.ghostysky.com\\\/#organization\"},\"potentialAction\":[{\"@type\":\"SearchAction\",\"target\":{\"@type\":\"EntryPoint\",\"urlTemplate\":\"https:\\\/\\\/www.ghostysky.com\\\/?s={search_term_string}\"},\"query-input\":{\"@type\":\"PropertyValueSpecification\",\"valueRequired\":true,\"valueName\":\"search_term_string\"}}],\"inLanguage\":\"pt-PT\"},{\"@type\":\"Organization\",\"@id\":\"https:\\\/\\\/www.ghostysky.com\\\/#organization\",\"name\":\"Ghostysky\",\"url\":\"https:\\\/\\\/www.ghostysky.com\\\/\",\"logo\":{\"@type\":\"ImageObject\",\"inLanguage\":\"pt-PT\",\"@id\":\"https:\\\/\\\/www.ghostysky.com\\\/#\\\/schema\\\/logo\\\/image\\\/\",\"url\":\"https:\\\/\\\/www.ghostysky.com\\\/wp-content\\\/uploads\\\/2020\\\/06\\\/cropped-ghostyskylogo_text_white2.png\",\"contentUrl\":\"https:\\\/\\\/www.ghostysky.com\\\/wp-content\\\/uploads\\\/2020\\\/06\\\/cropped-ghostyskylogo_text_white2.png\",\"width\":169,\"height\":56,\"caption\":\"Ghostysky\"},\"image\":{\"@id\":\"https:\\\/\\\/www.ghostysky.com\\\/#\\\/schema\\\/logo\\\/image\\\/\"},\"sameAs\":[\"https:\\\/\\\/www.facebook.com\\\/people\\\/Ghostysky\\\/100057676170234\\\/\",\"https:\\\/\\\/x.com\\\/Gh0stysky\",\"https:\\\/\\\/www.linkedin.com\\\/company\\\/34739653\",\"https:\\\/\\\/www.instagram.com\\\/gh0stysky\"]}]}<\/script>\n<!-- \/ Yoast SEO plugin. -->","yoast_head_json":{"title":"Libera\u00e7\u00e3o de carga \u00fatil PL1-F para drone de pesca de pescador -","description":"PL1-S \u00e9 um m\u00f3dulo de libera\u00e7\u00e3o de carga \u00fatil. Pode ser utilizado para lan\u00e7ar varas de pesca, botes salva-vidas e outros objetos em locais espec\u00edficos da \u00e1gua ou em qualquer outro lugar que transporte o drone (at\u00e9 2Kg).","robots":{"index":"index","follow":"follow","max-snippet":"max-snippet:-1","max-image-preview":"max-image-preview:large","max-video-preview":"max-video-preview:-1"},"canonical":"https:\/\/www.ghostysky.com\/pt\/produto-2\/pl1-f-payload-release-for-fisherman-fishing-drone\/","og_locale":"pt_PT","og_type":"article","og_title":"PL1-F Payload Release for Fisherman Fishing Drone -","og_description":"PL1-S is a payload release module. It can be used to drop fishing poles, lifeboats and other objects in specific places on the water or anywhere else that transports the drone (up to 2Kg).","og_url":"https:\/\/www.ghostysky.com\/pt\/produto-2\/pl1-f-payload-release-for-fisherman-fishing-drone\/","og_site_name":"Ghostysky","article_publisher":"https:\/\/www.facebook.com\/people\/Ghostysky\/100057676170234\/","article_modified_time":"2023-12-20T08:10:39+00:00","og_image":[{"width":1000,"height":1000,"url":"https:\/\/www.ghostysky.com\/wp-content\/uploads\/2022\/03\/swellpro-fisherman-accessories-PL1-F-01_1500x.webp","type":"image\/webp"}],"twitter_card":"summary_large_image","twitter_site":"@Gh0stysky","twitter_misc":{"Tempo estimado de leitura":"1 minuto"},"schema":{"@context":"https:\/\/schema.org","@graph":[{"@type":"WebPage","@id":"https:\/\/www.ghostysky.com\/product\/pl1-f-payload-release-for-fisherman-fishing-drone\/","url":"https:\/\/www.ghostysky.com\/product\/pl1-f-payload-release-for-fisherman-fishing-drone\/","name":"Libera\u00e7\u00e3o de carga \u00fatil PL1-F para drone de pesca de pescador -","isPartOf":{"@id":"https:\/\/www.ghostysky.com\/#website"},"primaryImageOfPage":{"@id":"https:\/\/www.ghostysky.com\/product\/pl1-f-payload-release-for-fisherman-fishing-drone\/#primaryimage"},"image":{"@id":"https:\/\/www.ghostysky.com\/product\/pl1-f-payload-release-for-fisherman-fishing-drone\/#primaryimage"},"thumbnailUrl":"https:\/\/www.ghostysky.com\/wp-content\/uploads\/2022\/03\/swellpro-fisherman-accessories-PL1-F-01_1500x.webp","datePublished":"2022-03-24T00:27:26+00:00","dateModified":"2023-12-20T08:10:39+00:00","description":"PL1-S \u00e9 um m\u00f3dulo de libera\u00e7\u00e3o de carga \u00fatil. Pode ser utilizado para lan\u00e7ar varas de pesca, botes salva-vidas e outros objetos em locais espec\u00edficos da \u00e1gua ou em qualquer outro lugar que transporte o drone (at\u00e9 2Kg).","breadcrumb":{"@id":"https:\/\/www.ghostysky.com\/product\/pl1-f-payload-release-for-fisherman-fishing-drone\/#breadcrumb"},"inLanguage":"pt-PT","potentialAction":[{"@type":"ReadAction","target":["https:\/\/www.ghostysky.com\/product\/pl1-f-payload-release-for-fisherman-fishing-drone\/"]}]},{"@type":"ImageObject","inLanguage":"pt-PT","@id":"https:\/\/www.ghostysky.com\/product\/pl1-f-payload-release-for-fisherman-fishing-drone\/#primaryimage","url":"https:\/\/www.ghostysky.com\/wp-content\/uploads\/2022\/03\/swellpro-fisherman-accessories-PL1-F-01_1500x.webp","contentUrl":"https:\/\/www.ghostysky.com\/wp-content\/uploads\/2022\/03\/swellpro-fisherman-accessories-PL1-F-01_1500x.webp","width":1000,"height":1000},{"@type":"BreadcrumbList","@id":"https:\/\/www.ghostysky.com\/product\/pl1-f-payload-release-for-fisherman-fishing-drone\/#breadcrumb","itemListElement":[{"@type":"ListItem","position":1,"name":"Home","item":"https:\/\/www.ghostysky.com\/"},{"@type":"ListItem","position":2,"name":"Shop","item":"https:\/\/www.ghostysky.com\/shop\/"},{"@type":"ListItem","position":3,"name":"PL1-F Payload Release for Fisherman Fishing Drone"}]},{"@type":"WebSite","@id":"https:\/\/www.ghostysky.com\/#website","url":"https:\/\/www.ghostysky.com\/","name":"Ghostysky","description":"Fornecendo solu\u00e7\u00f5es profissionais em drones e rob\u00f3tica.","publisher":{"@id":"https:\/\/www.ghostysky.com\/#organization"},"potentialAction":[{"@type":"SearchAction","target":{"@type":"EntryPoint","urlTemplate":"https:\/\/www.ghostysky.com\/?s={search_term_string}"},"query-input":{"@type":"PropertyValueSpecification","valueRequired":true,"valueName":"search_term_string"}}],"inLanguage":"pt-PT"},{"@type":"Organization","@id":"https:\/\/www.ghostysky.com\/#organization","name":"Ghostysky","url":"https:\/\/www.ghostysky.com\/","logo":{"@type":"ImageObject","inLanguage":"pt-PT","@id":"https:\/\/www.ghostysky.com\/#\/schema\/logo\/image\/","url":"https:\/\/www.ghostysky.com\/wp-content\/uploads\/2020\/06\/cropped-ghostyskylogo_text_white2.png","contentUrl":"https:\/\/www.ghostysky.com\/wp-content\/uploads\/2020\/06\/cropped-ghostyskylogo_text_white2.png","width":169,"height":56,"caption":"Ghostysky"},"image":{"@id":"https:\/\/www.ghostysky.com\/#\/schema\/logo\/image\/"},"sameAs":["https:\/\/www.facebook.com\/people\/Ghostysky\/100057676170234\/","https:\/\/x.com\/Gh0stysky","https:\/\/www.linkedin.com\/company\/34739653","https:\/\/www.instagram.com\/gh0stysky"]}]}},"_links":{"self":[{"href":"https:\/\/www.ghostysky.com\/pt\/wp-json\/wp\/v2\/product\/6438","targetHints":{"allow":["GET"]}}],"collection":[{"href":"https:\/\/www.ghostysky.com\/pt\/wp-json\/wp\/v2\/product"}],"about":[{"href":"https:\/\/www.ghostysky.com\/pt\/wp-json\/wp\/v2\/types\/product"}],"replies":[{"embeddable":true,"href":"https:\/\/www.ghostysky.com\/pt\/wp-json\/wp\/v2\/comments?post=6438"}],"version-history":[{"count":0,"href":"https:\/\/www.ghostysky.com\/pt\/wp-json\/wp\/v2\/product\/6438\/revisions"}],"wp:featuredmedia":[{"embeddable":true,"href":"https:\/\/www.ghostysky.com\/pt\/wp-json\/wp\/v2\/media\/6439"}],"wp:attachment":[{"href":"https:\/\/www.ghostysky.com\/pt\/wp-json\/wp\/v2\/media?parent=6438"}],"wp:term":[{"taxonomy":"product_brand","embeddable":true,"href":"https:\/\/www.ghostysky.com\/pt\/wp-json\/wp\/v2\/product_brand?post=6438"},{"taxonomy":"product_cat","embeddable":true,"href":"https:\/\/www.ghostysky.com\/pt\/wp-json\/wp\/v2\/product_cat?post=6438"},{"taxonomy":"product_tag","embeddable":true,"href":"https:\/\/www.ghostysky.com\/pt\/wp-json\/wp\/v2\/product_tag?post=6438"}],"curies":[{"name":"wp","href":"https:\/\/api.w.org\/{rel}","templated":true}]}}