{"id":6453,"date":"2022-03-24T00:47:59","date_gmt":"2022-03-24T00:47:59","guid":{"rendered":"https:\/\/www.ghostysky.com\/?post_type=product&#038;p=6453"},"modified":"2023-11-04T12:59:33","modified_gmt":"2023-11-04T12:59:33","slug":"spry-spry-2-blade-propeller2-pairs","status":"publish","type":"product","link":"https:\/\/www.ghostysky.com\/pt\/product\/spry-spry-2-blade-propeller2-pairs\/","title":{"rendered":"Spry\/Spry+ H\u00e9lices de 2 L\u00e2minas (2 Pares)"},"content":{"rendered":"<div class=\"tabs__nav\"><\/div>\n<div class=\"table-wrapper\">\n<table id=\"product-attribute-specs-table\" class=\"data-table table\">\n<tbody>\n<tr class=\"first odd\">\n<th class=\"label\">Vis\u00e3o geral<\/th>\n<td class=\"data last\">H\u00e9lices leves e dur\u00e1veis especialmente projetadas para o Spry\/Spry+.<\/td>\n<\/tr>\n<tr class=\"first odd\">\n<th class=\"label\">Destaques<\/th>\n<td class=\"data last\">Concebido especialmente para Spry\/Spry+<br \/>\nExcelente desempenho<br \/>\nLeve e dur\u00e1vel<br \/>\nF\u00e1cil de montar e desmontar<\/td>\n<\/tr>\n<tr class=\"first odd\">\n<th class=\"label\">Notas<\/th>\n<td class=\"data last\">Para atendimento p\u00f3s-venda, entre em contacto:<br \/>\ninfo@ghostysky.com<\/td>\n<\/tr>\n<tr class=\"first odd\">\n<th class=\"label\">Na caixa<\/th>\n<td class=\"data last\">Par de h\u00e9lices \u00d7 2<\/td>\n<\/tr>\n<tr class=\"first odd\">\n<th class=\"label\">Especifica\u00e7\u00f5es<\/th>\n<td class=\"data last\">Di\u00e2metro \u00d7 Rosca: 6,0 \u00d7 4,5 polegadas<\/td>\n<\/tr>\n<tr class=\"first odd\">\n<th class=\"label\">Compatibilidade<\/th>\n<td class=\"data last\">Spry\/Spry+<\/td>\n<\/tr>\n<\/tbody>\n<\/table>\n<\/div>","protected":false},"excerpt":{"rendered":"<ul>\n<li>Concebido especialmente para o Spry+<\/li>\n<li>Excelente desempenho<\/li>\n<li>Leve e dur\u00e1vel<\/li>\n<li>F\u00e1cil de montar e desmontar<\/li>\n<\/ul>","protected":false},"featured_media":6454,"comment_status":"open","ping_status":"closed","template":"","meta":[],"product_brand":[],"product_cat":[305,29,278],"product_tag":[357,321,279],"class_list":{"0":"post-6453","1":"product","2":"type-product","3":"status-publish","4":"has-post-thumbnail","6":"product_cat-accessories-swellpro","7":"product_cat-drones","8":"product_cat-swellpro","9":"product_tag-2-blade-propeller","10":"product_tag-spry","11":"product_tag-swellpro","13":"first","14":"onbackorder","15":"taxable","16":"shipping-taxable","17":"product-type-simple"},"yoast_head":"<!-- This site is optimized with the Yoast SEO plugin v27.1.1 - https:\/\/yoast.com\/product\/yoast-seo-wordpress\/ -->\n<title>Spry\/Spry+ 2-Blade Propeller(2 Pairs) -<\/title>\n<meta name=\"description\" content=\"Specially made for Spry+Excellent performanceLightweight and durableEasy to mount and detach\" \/>\n<meta name=\"robots\" content=\"index, follow, max-snippet:-1, max-image-preview:large, max-video-preview:-1\" \/>\n<link rel=\"canonical\" href=\"https:\/\/www.ghostysky.com\/pt\/produto-2\/spry-spry-2-blade-propeller2-pairs\/\" \/>\n<meta property=\"og:locale\" content=\"pt_PT\" \/>\n<meta property=\"og:type\" content=\"article\" \/>\n<meta property=\"og:title\" content=\"Spry\/Spry+ 2-Blade Propeller(2 Pairs) -\" \/>\n<meta property=\"og:description\" content=\"Specially made for Spry+Excellent performanceLightweight and durableEasy to mount and detach\" \/>\n<meta property=\"og:url\" content=\"https:\/\/www.ghostysky.com\/pt\/produto-2\/spry-spry-2-blade-propeller2-pairs\/\" \/>\n<meta property=\"og:site_name\" content=\"Ghostysky\" \/>\n<meta property=\"article:publisher\" content=\"https:\/\/www.facebook.com\/people\/Ghostysky\/100057676170234\/\" \/>\n<meta property=\"article:modified_time\" content=\"2023-11-04T12:59:33+00:00\" \/>\n<meta property=\"og:image\" content=\"https:\/\/www.ghostysky.com\/wp-content\/uploads\/2022\/03\/2Pairs_1500x.webp\" \/>\n\t<meta property=\"og:image:width\" content=\"600\" \/>\n\t<meta property=\"og:image:height\" content=\"600\" \/>\n\t<meta property=\"og:image:type\" content=\"image\/webp\" \/>\n<meta name=\"twitter:card\" content=\"summary_large_image\" \/>\n<meta name=\"twitter:site\" content=\"@Gh0stysky\" \/>\n<meta name=\"twitter:label1\" content=\"Tempo estimado de leitura\" \/>\n\t<meta name=\"twitter:data1\" content=\"1 minuto\" \/>\n<script type=\"application\/ld+json\" class=\"yoast-schema-graph\">{\"@context\":\"https:\/\/schema.org\",\"@graph\":[{\"@type\":\"WebPage\",\"@id\":\"https:\/\/www.ghostysky.com\/product\/spry-spry-2-blade-propeller2-pairs\/\",\"url\":\"https:\/\/www.ghostysky.com\/product\/spry-spry-2-blade-propeller2-pairs\/\",\"name\":\"Spry\/Spry+ 2-Blade Propeller(2 Pairs) -\",\"isPartOf\":{\"@id\":\"https:\/\/www.ghostysky.com\/#website\"},\"primaryImageOfPage\":{\"@id\":\"https:\/\/www.ghostysky.com\/product\/spry-spry-2-blade-propeller2-pairs\/#primaryimage\"},\"image\":{\"@id\":\"https:\/\/www.ghostysky.com\/product\/spry-spry-2-blade-propeller2-pairs\/#primaryimage\"},\"thumbnailUrl\":\"https:\/\/www.ghostysky.com\/wp-content\/uploads\/2022\/03\/2Pairs_1500x.webp\",\"datePublished\":\"2022-03-24T00:47:59+00:00\",\"dateModified\":\"2023-11-04T12:59:33+00:00\",\"description\":\"Specially made for Spry+Excellent performanceLightweight and durableEasy to mount and detach\",\"breadcrumb\":{\"@id\":\"https:\/\/www.ghostysky.com\/product\/spry-spry-2-blade-propeller2-pairs\/#breadcrumb\"},\"inLanguage\":\"pt-PT\",\"potentialAction\":[{\"@type\":\"ReadAction\",\"target\":[\"https:\/\/www.ghostysky.com\/product\/spry-spry-2-blade-propeller2-pairs\/\"]}]},{\"@type\":\"ImageObject\",\"inLanguage\":\"pt-PT\",\"@id\":\"https:\/\/www.ghostysky.com\/product\/spry-spry-2-blade-propeller2-pairs\/#primaryimage\",\"url\":\"https:\/\/www.ghostysky.com\/wp-content\/uploads\/2022\/03\/2Pairs_1500x.webp\",\"contentUrl\":\"https:\/\/www.ghostysky.com\/wp-content\/uploads\/2022\/03\/2Pairs_1500x.webp\",\"width\":600,\"height\":600},{\"@type\":\"BreadcrumbList\",\"@id\":\"https:\/\/www.ghostysky.com\/product\/spry-spry-2-blade-propeller2-pairs\/#breadcrumb\",\"itemListElement\":[{\"@type\":\"ListItem\",\"position\":1,\"name\":\"Home\",\"item\":\"https:\/\/www.ghostysky.com\/\"},{\"@type\":\"ListItem\",\"position\":2,\"name\":\"Shop\",\"item\":\"https:\/\/www.ghostysky.com\/shop\/\"},{\"@type\":\"ListItem\",\"position\":3,\"name\":\"Spry\/Spry+ 2-Blade Propeller(2 Pairs)\"}]},{\"@type\":\"WebSite\",\"@id\":\"https:\/\/www.ghostysky.com\/#website\",\"url\":\"https:\/\/www.ghostysky.com\/\",\"name\":\"Ghostysky\",\"description\":\"Delivering professional drones and services\",\"publisher\":{\"@id\":\"https:\/\/www.ghostysky.com\/#organization\"},\"potentialAction\":[{\"@type\":\"SearchAction\",\"target\":{\"@type\":\"EntryPoint\",\"urlTemplate\":\"https:\/\/www.ghostysky.com\/?s={search_term_string}\"},\"query-input\":{\"@type\":\"PropertyValueSpecification\",\"valueRequired\":true,\"valueName\":\"search_term_string\"}}],\"inLanguage\":\"pt-PT\"},{\"@type\":\"Organization\",\"@id\":\"https:\/\/www.ghostysky.com\/#organization\",\"name\":\"Ghostysky\",\"url\":\"https:\/\/www.ghostysky.com\/\",\"logo\":{\"@type\":\"ImageObject\",\"inLanguage\":\"pt-PT\",\"@id\":\"https:\/\/www.ghostysky.com\/#\/schema\/logo\/image\/\",\"url\":\"https:\/\/www.ghostysky.com\/wp-content\/uploads\/2020\/06\/cropped-ghostyskylogo_text_white2.png\",\"contentUrl\":\"https:\/\/www.ghostysky.com\/wp-content\/uploads\/2020\/06\/cropped-ghostyskylogo_text_white2.png\",\"width\":169,\"height\":56,\"caption\":\"Ghostysky\"},\"image\":{\"@id\":\"https:\/\/www.ghostysky.com\/#\/schema\/logo\/image\/\"},\"sameAs\":[\"https:\/\/www.facebook.com\/people\/Ghostysky\/100057676170234\/\",\"https:\/\/x.com\/Gh0stysky\",\"https:\/\/www.linkedin.com\/company\/34739653\",\"https:\/\/www.instagram.com\/gh0stysky\"]}]}<\/script>\n<!-- \/ Yoast SEO plugin. -->","yoast_head_json":{"title":"H\u00e9lice Spry\/Spry+ de 2 p\u00e1s (2 pares) -","description":"Feito especialmente para Spry+Excelente desempenhoLeve e dur\u00e1velF\u00e1cil de montar e desconectar","robots":{"index":"index","follow":"follow","max-snippet":"max-snippet:-1","max-image-preview":"max-image-preview:large","max-video-preview":"max-video-preview:-1"},"canonical":"https:\/\/www.ghostysky.com\/pt\/produto-2\/spry-spry-2-blade-propeller2-pairs\/","og_locale":"pt_PT","og_type":"article","og_title":"Spry\/Spry+ 2-Blade Propeller(2 Pairs) -","og_description":"Specially made for Spry+Excellent performanceLightweight and durableEasy to mount and detach","og_url":"https:\/\/www.ghostysky.com\/pt\/produto-2\/spry-spry-2-blade-propeller2-pairs\/","og_site_name":"Ghostysky","article_publisher":"https:\/\/www.facebook.com\/people\/Ghostysky\/100057676170234\/","article_modified_time":"2023-11-04T12:59:33+00:00","og_image":[{"width":600,"height":600,"url":"https:\/\/www.ghostysky.com\/wp-content\/uploads\/2022\/03\/2Pairs_1500x.webp","type":"image\/webp"}],"twitter_card":"summary_large_image","twitter_site":"@Gh0stysky","twitter_misc":{"Tempo estimado de leitura":"1 minuto"},"schema":{"@context":"https:\/\/schema.org","@graph":[{"@type":"WebPage","@id":"https:\/\/www.ghostysky.com\/product\/spry-spry-2-blade-propeller2-pairs\/","url":"https:\/\/www.ghostysky.com\/product\/spry-spry-2-blade-propeller2-pairs\/","name":"H\u00e9lice Spry\/Spry+ de 2 p\u00e1s (2 pares) -","isPartOf":{"@id":"https:\/\/www.ghostysky.com\/#website"},"primaryImageOfPage":{"@id":"https:\/\/www.ghostysky.com\/product\/spry-spry-2-blade-propeller2-pairs\/#primaryimage"},"image":{"@id":"https:\/\/www.ghostysky.com\/product\/spry-spry-2-blade-propeller2-pairs\/#primaryimage"},"thumbnailUrl":"https:\/\/www.ghostysky.com\/wp-content\/uploads\/2022\/03\/2Pairs_1500x.webp","datePublished":"2022-03-24T00:47:59+00:00","dateModified":"2023-11-04T12:59:33+00:00","description":"Feito especialmente para Spry+Excelente desempenhoLeve e dur\u00e1velF\u00e1cil de montar e desconectar","breadcrumb":{"@id":"https:\/\/www.ghostysky.com\/product\/spry-spry-2-blade-propeller2-pairs\/#breadcrumb"},"inLanguage":"pt-PT","potentialAction":[{"@type":"ReadAction","target":["https:\/\/www.ghostysky.com\/product\/spry-spry-2-blade-propeller2-pairs\/"]}]},{"@type":"ImageObject","inLanguage":"pt-PT","@id":"https:\/\/www.ghostysky.com\/product\/spry-spry-2-blade-propeller2-pairs\/#primaryimage","url":"https:\/\/www.ghostysky.com\/wp-content\/uploads\/2022\/03\/2Pairs_1500x.webp","contentUrl":"https:\/\/www.ghostysky.com\/wp-content\/uploads\/2022\/03\/2Pairs_1500x.webp","width":600,"height":600},{"@type":"BreadcrumbList","@id":"https:\/\/www.ghostysky.com\/product\/spry-spry-2-blade-propeller2-pairs\/#breadcrumb","itemListElement":[{"@type":"ListItem","position":1,"name":"Home","item":"https:\/\/www.ghostysky.com\/"},{"@type":"ListItem","position":2,"name":"Shop","item":"https:\/\/www.ghostysky.com\/shop\/"},{"@type":"ListItem","position":3,"name":"Spry\/Spry+ 2-Blade Propeller(2 Pairs)"}]},{"@type":"WebSite","@id":"https:\/\/www.ghostysky.com\/#website","url":"https:\/\/www.ghostysky.com\/","name":"Ghostysky","description":"Fornecendo drones e servi\u00e7os profissionais","publisher":{"@id":"https:\/\/www.ghostysky.com\/#organization"},"potentialAction":[{"@type":"SearchAction","target":{"@type":"EntryPoint","urlTemplate":"https:\/\/www.ghostysky.com\/?s={search_term_string}"},"query-input":{"@type":"PropertyValueSpecification","valueRequired":true,"valueName":"search_term_string"}}],"inLanguage":"pt-PT"},{"@type":"Organization","@id":"https:\/\/www.ghostysky.com\/#organization","name":"Ghostysky","url":"https:\/\/www.ghostysky.com\/","logo":{"@type":"ImageObject","inLanguage":"pt-PT","@id":"https:\/\/www.ghostysky.com\/#\/schema\/logo\/image\/","url":"https:\/\/www.ghostysky.com\/wp-content\/uploads\/2020\/06\/cropped-ghostyskylogo_text_white2.png","contentUrl":"https:\/\/www.ghostysky.com\/wp-content\/uploads\/2020\/06\/cropped-ghostyskylogo_text_white2.png","width":169,"height":56,"caption":"Ghostysky"},"image":{"@id":"https:\/\/www.ghostysky.com\/#\/schema\/logo\/image\/"},"sameAs":["https:\/\/www.facebook.com\/people\/Ghostysky\/100057676170234\/","https:\/\/x.com\/Gh0stysky","https:\/\/www.linkedin.com\/company\/34739653","https:\/\/www.instagram.com\/gh0stysky"]}]}},"_links":{"self":[{"href":"https:\/\/www.ghostysky.com\/pt\/wp-json\/wp\/v2\/product\/6453","targetHints":{"allow":["GET"]}}],"collection":[{"href":"https:\/\/www.ghostysky.com\/pt\/wp-json\/wp\/v2\/product"}],"about":[{"href":"https:\/\/www.ghostysky.com\/pt\/wp-json\/wp\/v2\/types\/product"}],"replies":[{"embeddable":true,"href":"https:\/\/www.ghostysky.com\/pt\/wp-json\/wp\/v2\/comments?post=6453"}],"wp:featuredmedia":[{"embeddable":true,"href":"https:\/\/www.ghostysky.com\/pt\/wp-json\/wp\/v2\/media\/6454"}],"wp:attachment":[{"href":"https:\/\/www.ghostysky.com\/pt\/wp-json\/wp\/v2\/media?parent=6453"}],"wp:term":[{"taxonomy":"product_brand","embeddable":true,"href":"https:\/\/www.ghostysky.com\/pt\/wp-json\/wp\/v2\/product_brand?post=6453"},{"taxonomy":"product_cat","embeddable":true,"href":"https:\/\/www.ghostysky.com\/pt\/wp-json\/wp\/v2\/product_cat?post=6453"},{"taxonomy":"product_tag","embeddable":true,"href":"https:\/\/www.ghostysky.com\/pt\/wp-json\/wp\/v2\/product_tag?post=6453"}],"curies":[{"name":"wp","href":"https:\/\/api.w.org\/{rel}","templated":true}]}}