{"id":6471,"date":"2022-03-24T01:12:10","date_gmt":"2022-03-24T01:12:10","guid":{"rendered":"https:\/\/www.ghostysky.com\/?post_type=product&#038;p=6471"},"modified":"2023-04-03T18:50:36","modified_gmt":"2023-04-03T18:50:36","slug":"trollsafe-for-spry-spry","status":"publish","type":"product","link":"https:\/\/www.ghostysky.com\/pt\/product\/trollsafe-for-spry-spry\/","title":{"rendered":"TrollSafe para Spry+\/Spry"},"content":{"rendered":"<p><img decoding=\"async\" src=\"data:image\/gif;base64,R0lGODlhAQABAAAAACH5BAEKAAEALAAAAAABAAEAAAICTAEAOw==\" alt=\"\" class=\"lazyload\" data-src=\"https:\/\/cdn.shopify.com\/s\/files\/1\/0016\/1572\/4608\/files\/4_b1e08202-32ce-46a0-bee7-bb6949661477.jpg?v=1587626190\"><\/p>\n<p>&nbsp;<\/p>\n<div><img decoding=\"async\" src=\"data:image\/gif;base64,R0lGODlhAQABAAAAACH5BAEKAAEALAAAAAABAAEAAAICTAEAOw==\" alt=\"\" class=\"lazyload\" data-src=\"https:\/\/cdn.shopify.com\/s\/files\/1\/0016\/1572\/4608\/files\/dc040ea398aa5967193ef7c44502e9a6_8e346983-ebbd-4133-9da9-b651a8da3c47.jpg?v=1587622218\"><\/div>\n<div><\/div>\n<p>&nbsp;<\/p>\n<p><img decoding=\"async\" src=\"data:image\/gif;base64,R0lGODlhAQABAAAAACH5BAEKAAEALAAAAAABAAEAAAICTAEAOw==\" alt=\"\" class=\"lazyload\" data-src=\"https:\/\/cdn.shopify.com\/s\/files\/1\/0016\/1572\/4608\/files\/03_7f319a60-f313-4640-9903-d08f47400989.jpg?v=1587621054\"><\/p>\n<p><img decoding=\"async\" src=\"data:image\/gif;base64,R0lGODlhAQABAAAAACH5BAEKAAEALAAAAAABAAEAAAICTAEAOw==\" alt=\"\" class=\"lazyload\" data-src=\"https:\/\/cdn.shopify.com\/s\/files\/1\/0016\/1572\/4608\/files\/04_71ad7386-9054-4950-8176-56b0ef30dd93.jpg?v=1587621133\"><\/p>\n<p><img decoding=\"async\" src=\"data:image\/gif;base64,R0lGODlhAQABAAAAACH5BAEKAAEALAAAAAABAAEAAAICTAEAOw==\" alt=\"\" class=\"lazyload\" data-src=\"https:\/\/cdn.shopify.com\/s\/files\/1\/0016\/1572\/4608\/files\/5_e7325f6e-ce78-4e1e-a9e0-6c048dadcdec.jpg?v=1587449914\"><\/p>","protected":false},"excerpt":{"rendered":"<ul>\n<li>Leve - 8,5g , capacidade de carga de at\u00e9 100g.<\/li>\n<li>Visualiza\u00e7\u00e3o 4k ao vivo durante a pesca<\/li>\n<li>Adequado para pesca de isca, pesca em modo hover e de longo alcance<\/li>\n<li>Compat\u00edvel com os drones Spry e Spry+.<\/li>\n<\/ul>","protected":false},"featured_media":6472,"comment_status":"open","ping_status":"closed","template":"","meta":[],"product_brand":[],"product_cat":[305,29,278],"product_tag":[321,279,350],"class_list":{"0":"post-6471","1":"product","2":"type-product","3":"status-publish","4":"has-post-thumbnail","6":"product_cat-accessories-swellpro","7":"product_cat-drones","8":"product_cat-swellpro","9":"product_tag-spry","10":"product_tag-swellpro","11":"product_tag-trollsafe","13":"first","14":"onbackorder","15":"taxable","16":"shipping-taxable","17":"product-type-simple"},"yoast_head":"<!-- This site is optimized with the Yoast SEO plugin v27.4 - https:\/\/yoast.com\/product\/yoast-seo-wordpress\/ -->\n<title>TrollSafe for Spry+\/Spry -<\/title>\n<meta name=\"description\" content=\"8.5g lightweight, carry capacity up to 100g. 4k live view while fishing Suitable for Lure and troll fishing, hovering fishing and long range casting\" \/>\n<meta name=\"robots\" content=\"index, follow, max-snippet:-1, max-image-preview:large, max-video-preview:-1\" \/>\n<link rel=\"canonical\" href=\"https:\/\/www.ghostysky.com\/pt\/produto-2\/trollsafe-for-spry-spry\/\" \/>\n<meta property=\"og:locale\" content=\"pt_PT\" \/>\n<meta property=\"og:type\" content=\"article\" \/>\n<meta property=\"og:title\" content=\"TrollSafe for Spry+\/Spry -\" \/>\n<meta property=\"og:description\" content=\"8.5g lightweight, carry capacity up to 100g. 4k live view while fishing Suitable for Lure and troll fishing, hovering fishing and long range casting\" \/>\n<meta property=\"og:url\" content=\"https:\/\/www.ghostysky.com\/pt\/produto-2\/trollsafe-for-spry-spry\/\" \/>\n<meta property=\"og:site_name\" content=\"Ghostysky\" \/>\n<meta property=\"article:publisher\" content=\"https:\/\/www.facebook.com\/people\/Ghostysky\/100057676170234\/\" \/>\n<meta property=\"article:modified_time\" content=\"2023-04-03T18:50:36+00:00\" \/>\n<meta property=\"og:image\" content=\"https:\/\/www.ghostysky.com\/wp-content\/uploads\/2022\/03\/2_1da2f107-8a13-49a3-b5ca-b4dc4cac69a2_1500x.webp\" \/>\n\t<meta property=\"og:image:width\" content=\"600\" \/>\n\t<meta property=\"og:image:height\" content=\"600\" \/>\n\t<meta property=\"og:image:type\" content=\"image\/webp\" \/>\n<meta name=\"twitter:card\" content=\"summary_large_image\" \/>\n<meta name=\"twitter:site\" content=\"@Gh0stysky\" \/>\n<meta name=\"twitter:label1\" content=\"Tempo estimado de leitura\" \/>\n\t<meta name=\"twitter:data1\" content=\"1 minuto\" \/>\n<script type=\"application\/ld+json\" class=\"yoast-schema-graph\">{\"@context\":\"https:\\\/\\\/schema.org\",\"@graph\":[{\"@type\":\"WebPage\",\"@id\":\"https:\\\/\\\/www.ghostysky.com\\\/product\\\/trollsafe-for-spry-spry\\\/\",\"url\":\"https:\\\/\\\/www.ghostysky.com\\\/product\\\/trollsafe-for-spry-spry\\\/\",\"name\":\"TrollSafe for Spry+\\\/Spry -\",\"isPartOf\":{\"@id\":\"https:\\\/\\\/www.ghostysky.com\\\/#website\"},\"primaryImageOfPage\":{\"@id\":\"https:\\\/\\\/www.ghostysky.com\\\/product\\\/trollsafe-for-spry-spry\\\/#primaryimage\"},\"image\":{\"@id\":\"https:\\\/\\\/www.ghostysky.com\\\/product\\\/trollsafe-for-spry-spry\\\/#primaryimage\"},\"thumbnailUrl\":\"https:\\\/\\\/www.ghostysky.com\\\/wp-content\\\/uploads\\\/2022\\\/03\\\/2_1da2f107-8a13-49a3-b5ca-b4dc4cac69a2_1500x.webp\",\"datePublished\":\"2022-03-24T01:12:10+00:00\",\"dateModified\":\"2023-04-03T18:50:36+00:00\",\"description\":\"8.5g lightweight, carry capacity up to 100g. 4k live view while fishing Suitable for Lure and troll fishing, hovering fishing and long range casting\",\"breadcrumb\":{\"@id\":\"https:\\\/\\\/www.ghostysky.com\\\/product\\\/trollsafe-for-spry-spry\\\/#breadcrumb\"},\"inLanguage\":\"pt-PT\",\"potentialAction\":[{\"@type\":\"ReadAction\",\"target\":[\"https:\\\/\\\/www.ghostysky.com\\\/product\\\/trollsafe-for-spry-spry\\\/\"]}]},{\"@type\":\"ImageObject\",\"inLanguage\":\"pt-PT\",\"@id\":\"https:\\\/\\\/www.ghostysky.com\\\/product\\\/trollsafe-for-spry-spry\\\/#primaryimage\",\"url\":\"https:\\\/\\\/www.ghostysky.com\\\/wp-content\\\/uploads\\\/2022\\\/03\\\/2_1da2f107-8a13-49a3-b5ca-b4dc4cac69a2_1500x.webp\",\"contentUrl\":\"https:\\\/\\\/www.ghostysky.com\\\/wp-content\\\/uploads\\\/2022\\\/03\\\/2_1da2f107-8a13-49a3-b5ca-b4dc4cac69a2_1500x.webp\",\"width\":600,\"height\":600},{\"@type\":\"BreadcrumbList\",\"@id\":\"https:\\\/\\\/www.ghostysky.com\\\/product\\\/trollsafe-for-spry-spry\\\/#breadcrumb\",\"itemListElement\":[{\"@type\":\"ListItem\",\"position\":1,\"name\":\"Home\",\"item\":\"https:\\\/\\\/www.ghostysky.com\\\/\"},{\"@type\":\"ListItem\",\"position\":2,\"name\":\"Shop\",\"item\":\"https:\\\/\\\/www.ghostysky.com\\\/shop\\\/\"},{\"@type\":\"ListItem\",\"position\":3,\"name\":\"TrollSafe for Spry+\\\/Spry\"}]},{\"@type\":\"WebSite\",\"@id\":\"https:\\\/\\\/www.ghostysky.com\\\/#website\",\"url\":\"https:\\\/\\\/www.ghostysky.com\\\/\",\"name\":\"Ghostysky\",\"description\":\"Delivering professional drones and robotics solutions\",\"publisher\":{\"@id\":\"https:\\\/\\\/www.ghostysky.com\\\/#organization\"},\"potentialAction\":[{\"@type\":\"SearchAction\",\"target\":{\"@type\":\"EntryPoint\",\"urlTemplate\":\"https:\\\/\\\/www.ghostysky.com\\\/?s={search_term_string}\"},\"query-input\":{\"@type\":\"PropertyValueSpecification\",\"valueRequired\":true,\"valueName\":\"search_term_string\"}}],\"inLanguage\":\"pt-PT\"},{\"@type\":\"Organization\",\"@id\":\"https:\\\/\\\/www.ghostysky.com\\\/#organization\",\"name\":\"Ghostysky\",\"url\":\"https:\\\/\\\/www.ghostysky.com\\\/\",\"logo\":{\"@type\":\"ImageObject\",\"inLanguage\":\"pt-PT\",\"@id\":\"https:\\\/\\\/www.ghostysky.com\\\/#\\\/schema\\\/logo\\\/image\\\/\",\"url\":\"https:\\\/\\\/www.ghostysky.com\\\/wp-content\\\/uploads\\\/2020\\\/06\\\/cropped-ghostyskylogo_text_white2.png\",\"contentUrl\":\"https:\\\/\\\/www.ghostysky.com\\\/wp-content\\\/uploads\\\/2020\\\/06\\\/cropped-ghostyskylogo_text_white2.png\",\"width\":169,\"height\":56,\"caption\":\"Ghostysky\"},\"image\":{\"@id\":\"https:\\\/\\\/www.ghostysky.com\\\/#\\\/schema\\\/logo\\\/image\\\/\"},\"sameAs\":[\"https:\\\/\\\/www.facebook.com\\\/people\\\/Ghostysky\\\/100057676170234\\\/\",\"https:\\\/\\\/x.com\\\/Gh0stysky\",\"https:\\\/\\\/www.linkedin.com\\\/company\\\/34739653\",\"https:\\\/\\\/www.instagram.com\\\/gh0stysky\"]}]}<\/script>\n<!-- \/ Yoast SEO plugin. -->","yoast_head_json":{"title":"TrollSafe para Spry+\/Spry -","description":"8,5g leve, capacidade de carga de at\u00e9 100g. Visualiza\u00e7\u00e3o ao vivo em 4k durante a pesca Adequado para pesca com isca e troll, pesca flutuante e lan\u00e7amento de longo alcance","robots":{"index":"index","follow":"follow","max-snippet":"max-snippet:-1","max-image-preview":"max-image-preview:large","max-video-preview":"max-video-preview:-1"},"canonical":"https:\/\/www.ghostysky.com\/pt\/produto-2\/trollsafe-for-spry-spry\/","og_locale":"pt_PT","og_type":"article","og_title":"TrollSafe for Spry+\/Spry -","og_description":"8.5g lightweight, carry capacity up to 100g. 4k live view while fishing Suitable for Lure and troll fishing, hovering fishing and long range casting","og_url":"https:\/\/www.ghostysky.com\/pt\/produto-2\/trollsafe-for-spry-spry\/","og_site_name":"Ghostysky","article_publisher":"https:\/\/www.facebook.com\/people\/Ghostysky\/100057676170234\/","article_modified_time":"2023-04-03T18:50:36+00:00","og_image":[{"width":600,"height":600,"url":"https:\/\/www.ghostysky.com\/wp-content\/uploads\/2022\/03\/2_1da2f107-8a13-49a3-b5ca-b4dc4cac69a2_1500x.webp","type":"image\/webp"}],"twitter_card":"summary_large_image","twitter_site":"@Gh0stysky","twitter_misc":{"Tempo estimado de leitura":"1 minuto"},"schema":{"@context":"https:\/\/schema.org","@graph":[{"@type":"WebPage","@id":"https:\/\/www.ghostysky.com\/product\/trollsafe-for-spry-spry\/","url":"https:\/\/www.ghostysky.com\/product\/trollsafe-for-spry-spry\/","name":"TrollSafe para Spry+\/Spry -","isPartOf":{"@id":"https:\/\/www.ghostysky.com\/#website"},"primaryImageOfPage":{"@id":"https:\/\/www.ghostysky.com\/product\/trollsafe-for-spry-spry\/#primaryimage"},"image":{"@id":"https:\/\/www.ghostysky.com\/product\/trollsafe-for-spry-spry\/#primaryimage"},"thumbnailUrl":"https:\/\/www.ghostysky.com\/wp-content\/uploads\/2022\/03\/2_1da2f107-8a13-49a3-b5ca-b4dc4cac69a2_1500x.webp","datePublished":"2022-03-24T01:12:10+00:00","dateModified":"2023-04-03T18:50:36+00:00","description":"8,5g leve, capacidade de carga de at\u00e9 100g. Visualiza\u00e7\u00e3o ao vivo em 4k durante a pesca Adequado para pesca com isca e troll, pesca flutuante e lan\u00e7amento de longo alcance","breadcrumb":{"@id":"https:\/\/www.ghostysky.com\/product\/trollsafe-for-spry-spry\/#breadcrumb"},"inLanguage":"pt-PT","potentialAction":[{"@type":"ReadAction","target":["https:\/\/www.ghostysky.com\/product\/trollsafe-for-spry-spry\/"]}]},{"@type":"ImageObject","inLanguage":"pt-PT","@id":"https:\/\/www.ghostysky.com\/product\/trollsafe-for-spry-spry\/#primaryimage","url":"https:\/\/www.ghostysky.com\/wp-content\/uploads\/2022\/03\/2_1da2f107-8a13-49a3-b5ca-b4dc4cac69a2_1500x.webp","contentUrl":"https:\/\/www.ghostysky.com\/wp-content\/uploads\/2022\/03\/2_1da2f107-8a13-49a3-b5ca-b4dc4cac69a2_1500x.webp","width":600,"height":600},{"@type":"BreadcrumbList","@id":"https:\/\/www.ghostysky.com\/product\/trollsafe-for-spry-spry\/#breadcrumb","itemListElement":[{"@type":"ListItem","position":1,"name":"Home","item":"https:\/\/www.ghostysky.com\/"},{"@type":"ListItem","position":2,"name":"Shop","item":"https:\/\/www.ghostysky.com\/shop\/"},{"@type":"ListItem","position":3,"name":"TrollSafe for Spry+\/Spry"}]},{"@type":"WebSite","@id":"https:\/\/www.ghostysky.com\/#website","url":"https:\/\/www.ghostysky.com\/","name":"Ghostysky","description":"Fornecendo solu\u00e7\u00f5es profissionais em drones e rob\u00f3tica.","publisher":{"@id":"https:\/\/www.ghostysky.com\/#organization"},"potentialAction":[{"@type":"SearchAction","target":{"@type":"EntryPoint","urlTemplate":"https:\/\/www.ghostysky.com\/?s={search_term_string}"},"query-input":{"@type":"PropertyValueSpecification","valueRequired":true,"valueName":"search_term_string"}}],"inLanguage":"pt-PT"},{"@type":"Organization","@id":"https:\/\/www.ghostysky.com\/#organization","name":"Ghostysky","url":"https:\/\/www.ghostysky.com\/","logo":{"@type":"ImageObject","inLanguage":"pt-PT","@id":"https:\/\/www.ghostysky.com\/#\/schema\/logo\/image\/","url":"https:\/\/www.ghostysky.com\/wp-content\/uploads\/2020\/06\/cropped-ghostyskylogo_text_white2.png","contentUrl":"https:\/\/www.ghostysky.com\/wp-content\/uploads\/2020\/06\/cropped-ghostyskylogo_text_white2.png","width":169,"height":56,"caption":"Ghostysky"},"image":{"@id":"https:\/\/www.ghostysky.com\/#\/schema\/logo\/image\/"},"sameAs":["https:\/\/www.facebook.com\/people\/Ghostysky\/100057676170234\/","https:\/\/x.com\/Gh0stysky","https:\/\/www.linkedin.com\/company\/34739653","https:\/\/www.instagram.com\/gh0stysky"]}]}},"_links":{"self":[{"href":"https:\/\/www.ghostysky.com\/pt\/wp-json\/wp\/v2\/product\/6471","targetHints":{"allow":["GET"]}}],"collection":[{"href":"https:\/\/www.ghostysky.com\/pt\/wp-json\/wp\/v2\/product"}],"about":[{"href":"https:\/\/www.ghostysky.com\/pt\/wp-json\/wp\/v2\/types\/product"}],"replies":[{"embeddable":true,"href":"https:\/\/www.ghostysky.com\/pt\/wp-json\/wp\/v2\/comments?post=6471"}],"version-history":[{"count":0,"href":"https:\/\/www.ghostysky.com\/pt\/wp-json\/wp\/v2\/product\/6471\/revisions"}],"wp:featuredmedia":[{"embeddable":true,"href":"https:\/\/www.ghostysky.com\/pt\/wp-json\/wp\/v2\/media\/6472"}],"wp:attachment":[{"href":"https:\/\/www.ghostysky.com\/pt\/wp-json\/wp\/v2\/media?parent=6471"}],"wp:term":[{"taxonomy":"product_brand","embeddable":true,"href":"https:\/\/www.ghostysky.com\/pt\/wp-json\/wp\/v2\/product_brand?post=6471"},{"taxonomy":"product_cat","embeddable":true,"href":"https:\/\/www.ghostysky.com\/pt\/wp-json\/wp\/v2\/product_cat?post=6471"},{"taxonomy":"product_tag","embeddable":true,"href":"https:\/\/www.ghostysky.com\/pt\/wp-json\/wp\/v2\/product_tag?post=6471"}],"curies":[{"name":"wp","href":"https:\/\/api.w.org\/{rel}","templated":true}]}}