{"id":7344,"date":"2022-05-26T00:08:02","date_gmt":"2022-05-26T00:08:02","guid":{"rendered":"https:\/\/www.ghostysky.com\/?post_type=product&#038;p=7344"},"modified":"2024-05-23T13:05:52","modified_gmt":"2024-05-23T13:05:52","slug":"survx-south-for-android","status":"publish","type":"product","link":"https:\/\/www.ghostysky.com\/pt\/product\/survx-south-for-android\/","title":{"rendered":"SURVx SOUTH para Android"},"content":{"rendered":"<h2>Imagens<\/h2>\n<div id=\"row-336058845\" class=\"row row-box-shadow-3 row-box-shadow-5-hover\">\n<div id=\"col-761201999\" class=\"col medium-3 small-12 large-3\">\n<div class=\"col-inner\">\n<div class=\"box has-hover box-text-bottom\">\n<div class=\"box-image\">\n<div><img fetchpriority=\"high\" decoding=\"async\" class=\"attachment- size- lazyload\" src=\"data:image\/gif;base64,R0lGODlhAQABAAAAACH5BAEKAAEALAAAAAABAAEAAAICTAEAOw==\" alt=\"Software de levantamento South SurvX GPS GNSS para coleta de pontos e implanta\u00e7\u00e3o\" width=\"300\" height=\"498\" data-src=\"https:\/\/globalgpssystems.com\/wp-content\/uploads\/2020\/07\/Screen-Shot-2020-07-15-at-2.34.00-pm.jpg\"><\/div>\n<\/div>\n<div class=\"box-text text-center\">\n<div class=\"box-text-inner\">\n<h2>Suporte GPS, Glonass, Galileo, BeiDou, QZSS e SBAS<\/h2>\n<\/div>\n<\/div>\n<\/div>\n<\/div>\n<\/div>\n<div id=\"col-667725671\" class=\"col medium-3 small-12 large-3\">\n<div class=\"col-inner\">\n<div class=\"box has-hover box-text-bottom\">\n<div class=\"box-image\">\n<div><img decoding=\"async\" class=\"attachment- size- lazyload\" src=\"data:image\/gif;base64,R0lGODlhAQABAAAAACH5BAEKAAEALAAAAAABAAEAAAICTAEAOw==\" alt=\"Software de levantamento South SurvX GPS GNSS para coleta de pontos e implanta\u00e7\u00e3o\" width=\"300\" height=\"500\" data-src=\"https:\/\/globalgpssystems.com\/wp-content\/uploads\/2020\/07\/Screen-Shot-2020-07-15-at-2.34.13-pm.jpg\"><\/div>\n<\/div>\n<div class=\"box-text text-center\">\n<div class=\"box-text-inner\">\n<h2>A interface simples torna um aplicativo f\u00e1cil de usar para todos<\/h2>\n<\/div>\n<\/div>\n<\/div>\n<\/div>\n<\/div>\n<div id=\"col-1345888174\" class=\"col medium-3 small-12 large-3\">\n<div class=\"col-inner\">\n<div class=\"box has-hover box-text-bottom\">\n<div class=\"box-image\">\n<div><img decoding=\"async\" class=\"attachment- size- lazyload\" src=\"data:image\/gif;base64,R0lGODlhAQABAAAAACH5BAEKAAEALAAAAAABAAEAAAICTAEAOw==\" alt=\"Software de levantamento South SurvX GPS GNSS para coleta de pontos e implanta\u00e7\u00e3o\" width=\"300\" height=\"498\" data-src=\"https:\/\/globalgpssystems.com\/wp-content\/uploads\/2020\/07\/Screen-Shot-2020-07-15-at-2.34.26-pm.jpg\"><\/div>\n<\/div>\n<div class=\"box-text text-center\">\n<div class=\"box-text-inner\">\n<h2>Suporta o conhecido Google Maps como camada de fundo<\/h2>\n<\/div>\n<\/div>\n<\/div>\n<\/div>\n<\/div>\n<div id=\"col-344221605\" class=\"col medium-3 small-12 large-3\">\n<div class=\"col-inner\">\n<div class=\"box has-hover box-text-bottom\">\n<div class=\"box-image\">\n<div><img loading=\"lazy\" decoding=\"async\" class=\"attachment- size- lazyload\" src=\"data:image\/gif;base64,R0lGODlhAQABAAAAACH5BAEKAAEALAAAAAABAAEAAAICTAEAOw==\" alt=\"Software de levantamento South SurvX GPS GNSS para coleta de pontos e implanta\u00e7\u00e3o\" width=\"300\" height=\"500\" data-src=\"https:\/\/globalgpssystems.com\/wp-content\/uploads\/2020\/07\/Screen-Shot-2020-07-15-at-2.35.19-pm.jpg\"><\/div>\n<\/div>\n<div class=\"box-text text-center\">\n<div class=\"box-text-inner\">\n<h2>A maioria dos idiomas internacionais s\u00e3o suportados pelo SurvX<\/h2>\n<\/div>\n<\/div>\n<\/div>\n<\/div>\n<\/div>\n<\/div>\n<div id=\"row-1478619678\" class=\"row row-box-shadow-3 row-box-shadow-5-hover\">\n<div id=\"col-1473816066\" class=\"col medium-3 small-12 large-3\">\n<div class=\"col-inner\">\n<div class=\"box has-hover box-text-bottom\">\n<div class=\"box-image\">\n<div><img loading=\"lazy\" decoding=\"async\" class=\"attachment- size- lazyload\" src=\"data:image\/gif;base64,R0lGODlhAQABAAAAACH5BAEKAAEALAAAAAABAAEAAAICTAEAOw==\" alt=\"Software de levantamento South SurvX GPS GNSS para coleta de pontos e implanta\u00e7\u00e3o\" width=\"300\" height=\"501\" data-src=\"https:\/\/globalgpssystems.com\/wp-content\/uploads\/2020\/07\/Screen-Shot-2020-07-15-at-2.34.36-pm.jpg\"><\/div>\n<\/div>\n<div class=\"box-text text-center\">\n<div class=\"box-text-inner\">\n<h2>Importe arquivos .DXF e .SHP para f\u00e1cil implanta\u00e7\u00e3o e coleta de pontos<\/h2>\n<\/div>\n<\/div>\n<\/div>\n<\/div>\n<\/div>\n<div id=\"col-2085228608\" class=\"col medium-3 small-12 large-3\">\n<div class=\"col-inner\">\n<div class=\"box has-hover box-text-bottom\">\n<div class=\"box-image\">\n<div><img loading=\"lazy\" decoding=\"async\" class=\"attachment- size- lazyload\" src=\"data:image\/gif;base64,R0lGODlhAQABAAAAACH5BAEKAAEALAAAAAABAAEAAAICTAEAOw==\" alt=\"Software de levantamento South SurvX GPS GNSS para coleta de pontos e implanta\u00e7\u00e3o\" width=\"300\" height=\"498\" data-src=\"https:\/\/globalgpssystems.com\/wp-content\/uploads\/2020\/07\/Screen-Shot-2020-07-15-at-2.34.51-pm.jpg\"><\/div>\n<\/div>\n<div class=\"box-text text-center\">\n<div class=\"box-text-inner\">\n<h2>C\u00e1lculos On-The-Go sempre que voc\u00ea precisar calcular algo<\/h2>\n<\/div>\n<\/div>\n<\/div>\n<\/div>\n<\/div>\n<div id=\"col-1025156111\" class=\"col medium-3 small-12 large-3\">\n<div class=\"col-inner\">\n<div class=\"box has-hover box-text-bottom\">\n<div class=\"box-image\">\n<div><img loading=\"lazy\" decoding=\"async\" class=\"attachment- size- lazyload\" src=\"data:image\/gif;base64,R0lGODlhAQABAAAAACH5BAEKAAEALAAAAAABAAEAAAICTAEAOw==\" alt=\"Software de levantamento South SurvX GPS GNSS para coleta de pontos e implanta\u00e7\u00e3o\" width=\"300\" height=\"500\" data-src=\"https:\/\/globalgpssystems.com\/wp-content\/uploads\/2020\/07\/Screen-Shot-2020-07-15-at-2.35.04-pm.jpg\"><\/div>\n<\/div>\n<div class=\"box-text text-center\">\n<div class=\"box-text-inner\">\n<h2>Uma fun\u00e7\u00e3o de piquetagem para qualquer tipo de trabalho. facilitando para voc\u00ea.<\/h2>\n<\/div>\n<\/div>\n<\/div>\n<\/div>\n<\/div>\n<div id=\"col-349832552\" class=\"col medium-3 small-12 large-3\">\n<div class=\"col-inner\">\n<div class=\"box has-hover box-text-bottom\">\n<div class=\"box-image\">\n<div><img loading=\"lazy\" decoding=\"async\" class=\"attachment- size- lazyload\" src=\"data:image\/gif;base64,R0lGODlhAQABAAAAACH5BAEKAAEALAAAAAABAAEAAAICTAEAOw==\" alt=\"Software de levantamento South SurvX GPS GNSS para coleta de pontos e implanta\u00e7\u00e3o\" width=\"300\" height=\"500\" data-src=\"https:\/\/globalgpssystems.com\/wp-content\/uploads\/2020\/07\/Screen-Shot-2020-07-15-at-2.35.32-pm.jpg\"><\/div>\n<\/div>\n<div class=\"box-text text-center\">\n<div class=\"box-text-inner\">\n<h2>Muitas teclas de atalho s\u00e3o suportadas no software SurvX<\/h2>\n<\/div>\n<\/div>\n<\/div>\n<\/div>\n<\/div>\n<\/div>","protected":false},"excerpt":{"rendered":"<p>SURVX \u00e9 um aplicativo de software de levantamento e mapeamento GNSS Android, baseado em anos de experi\u00eancia acumulada no mercado, combinado com os benef\u00edcios dos principais softwares de levantamento e mapeamento internacionais. Aplica\u00e7\u00f5es como controle RTK, coleta de dados GIS, projeto de estradas e visualiza\u00e7\u00e3o de mapas do Google. SurvX possui fun\u00e7\u00f5es de intera\u00e7\u00e3o gr\u00e1fica muito destacadas, humanizando os processos de opera\u00e7\u00e3o e \u00e9 f\u00e1cil de usar.<\/p>","protected":false},"featured_media":7346,"comment_status":"open","ping_status":"closed","template":"","meta":[],"product_brand":[],"product_cat":[373,89,30,926,371],"product_tag":[381,71,374],"class_list":{"0":"post-7344","1":"product","2":"type-product","3":"status-publish","4":"has-post-thumbnail","6":"product_cat-accessories-south","7":"product_cat-emlid","8":"product_cat-mobile-station","9":"product_cat-software-emlid","10":"product_cat-south","11":"product_tag-servx","12":"product_tag-software","13":"product_tag-south","15":"first","16":"instock","17":"downloadable","18":"taxable","19":"shipping-taxable","20":"purchasable","21":"product-type-simple"},"yoast_head":"<!-- This site is optimized with the Yoast SEO plugin v27.1.1 - https:\/\/yoast.com\/product\/yoast-seo-wordpress\/ -->\n<title>SURVx SOUTH for Android -<\/title>\n<meta name=\"description\" content=\"SurvX is an Android GNSS surveying and mapping software application, based on years of accumulated market experience, combined with the benefits of international mainstream surveying and mapping softwares.\" \/>\n<meta name=\"robots\" content=\"index, follow, max-snippet:-1, max-image-preview:large, max-video-preview:-1\" \/>\n<link rel=\"canonical\" href=\"https:\/\/www.ghostysky.com\/pt\/produto-2\/survx-south-for-android\/\" \/>\n<meta property=\"og:locale\" content=\"pt_PT\" \/>\n<meta property=\"og:type\" content=\"article\" \/>\n<meta property=\"og:title\" content=\"SURVx SOUTH for Android -\" \/>\n<meta property=\"og:description\" content=\"SurvX is an Android GNSS surveying and mapping software application, based on years of accumulated market experience, combined with the benefits of international mainstream surveying and mapping softwares.\" \/>\n<meta property=\"og:url\" content=\"https:\/\/www.ghostysky.com\/pt\/produto-2\/survx-south-for-android\/\" \/>\n<meta property=\"og:site_name\" content=\"Ghostysky\" \/>\n<meta property=\"article:publisher\" content=\"https:\/\/www.facebook.com\/people\/Ghostysky\/100057676170234\/\" \/>\n<meta property=\"article:modified_time\" content=\"2024-05-23T13:05:52+00:00\" \/>\n<meta property=\"og:image\" content=\"https:\/\/www.ghostysky.com\/wp-content\/uploads\/2022\/05\/SurvX-4.0-brochure_00-1-scaled-1.jpg\" \/>\n\t<meta property=\"og:image:width\" content=\"1811\" \/>\n\t<meta property=\"og:image:height\" content=\"2560\" \/>\n\t<meta property=\"og:image:type\" content=\"image\/jpeg\" \/>\n<meta name=\"twitter:card\" content=\"summary_large_image\" \/>\n<meta name=\"twitter:site\" content=\"@Gh0stysky\" \/>\n<meta name=\"twitter:label1\" content=\"Tempo estimado de leitura\" \/>\n\t<meta name=\"twitter:data1\" content=\"2 minutos\" \/>\n<script type=\"application\/ld+json\" class=\"yoast-schema-graph\">{\"@context\":\"https:\/\/schema.org\",\"@graph\":[{\"@type\":\"WebPage\",\"@id\":\"https:\/\/www.ghostysky.com\/product\/survx-south-for-android\/\",\"url\":\"https:\/\/www.ghostysky.com\/product\/survx-south-for-android\/\",\"name\":\"SURVx SOUTH for Android -\",\"isPartOf\":{\"@id\":\"https:\/\/www.ghostysky.com\/#website\"},\"primaryImageOfPage\":{\"@id\":\"https:\/\/www.ghostysky.com\/product\/survx-south-for-android\/#primaryimage\"},\"image\":{\"@id\":\"https:\/\/www.ghostysky.com\/product\/survx-south-for-android\/#primaryimage\"},\"thumbnailUrl\":\"https:\/\/www.ghostysky.com\/wp-content\/uploads\/2022\/05\/SurvX-4.0-brochure_00-1-scaled-1.jpg\",\"datePublished\":\"2022-05-26T00:08:02+00:00\",\"dateModified\":\"2024-05-23T13:05:52+00:00\",\"description\":\"SurvX is an Android GNSS surveying and mapping software application, based on years of accumulated market experience, combined with the benefits of international mainstream surveying and mapping softwares.\",\"breadcrumb\":{\"@id\":\"https:\/\/www.ghostysky.com\/product\/survx-south-for-android\/#breadcrumb\"},\"inLanguage\":\"pt-PT\",\"potentialAction\":[{\"@type\":\"ReadAction\",\"target\":[\"https:\/\/www.ghostysky.com\/product\/survx-south-for-android\/\"]}]},{\"@type\":\"ImageObject\",\"inLanguage\":\"pt-PT\",\"@id\":\"https:\/\/www.ghostysky.com\/product\/survx-south-for-android\/#primaryimage\",\"url\":\"https:\/\/www.ghostysky.com\/wp-content\/uploads\/2022\/05\/SurvX-4.0-brochure_00-1-scaled-1.jpg\",\"contentUrl\":\"https:\/\/www.ghostysky.com\/wp-content\/uploads\/2022\/05\/SurvX-4.0-brochure_00-1-scaled-1.jpg\",\"width\":1811,\"height\":2560},{\"@type\":\"BreadcrumbList\",\"@id\":\"https:\/\/www.ghostysky.com\/product\/survx-south-for-android\/#breadcrumb\",\"itemListElement\":[{\"@type\":\"ListItem\",\"position\":1,\"name\":\"Home\",\"item\":\"https:\/\/www.ghostysky.com\/\"},{\"@type\":\"ListItem\",\"position\":2,\"name\":\"Shop\",\"item\":\"https:\/\/www.ghostysky.com\/shop\/\"},{\"@type\":\"ListItem\",\"position\":3,\"name\":\"SURVx SOUTH for Android\"}]},{\"@type\":\"WebSite\",\"@id\":\"https:\/\/www.ghostysky.com\/#website\",\"url\":\"https:\/\/www.ghostysky.com\/\",\"name\":\"Ghostysky\",\"description\":\"Delivering professional drones and services\",\"publisher\":{\"@id\":\"https:\/\/www.ghostysky.com\/#organization\"},\"potentialAction\":[{\"@type\":\"SearchAction\",\"target\":{\"@type\":\"EntryPoint\",\"urlTemplate\":\"https:\/\/www.ghostysky.com\/?s={search_term_string}\"},\"query-input\":{\"@type\":\"PropertyValueSpecification\",\"valueRequired\":true,\"valueName\":\"search_term_string\"}}],\"inLanguage\":\"pt-PT\"},{\"@type\":\"Organization\",\"@id\":\"https:\/\/www.ghostysky.com\/#organization\",\"name\":\"Ghostysky\",\"url\":\"https:\/\/www.ghostysky.com\/\",\"logo\":{\"@type\":\"ImageObject\",\"inLanguage\":\"pt-PT\",\"@id\":\"https:\/\/www.ghostysky.com\/#\/schema\/logo\/image\/\",\"url\":\"https:\/\/www.ghostysky.com\/wp-content\/uploads\/2020\/06\/cropped-ghostyskylogo_text_white2.png\",\"contentUrl\":\"https:\/\/www.ghostysky.com\/wp-content\/uploads\/2020\/06\/cropped-ghostyskylogo_text_white2.png\",\"width\":169,\"height\":56,\"caption\":\"Ghostysky\"},\"image\":{\"@id\":\"https:\/\/www.ghostysky.com\/#\/schema\/logo\/image\/\"},\"sameAs\":[\"https:\/\/www.facebook.com\/people\/Ghostysky\/100057676170234\/\",\"https:\/\/x.com\/Gh0stysky\",\"https:\/\/www.linkedin.com\/company\/34739653\",\"https:\/\/www.instagram.com\/gh0stysky\"]}]}<\/script>\n<!-- \/ Yoast SEO plugin. -->","yoast_head_json":{"title":"SURVx SUL para Android -","description":"SurvX \u00e9 um aplicativo de software de levantamento e mapeamento GNSS para Android, baseado em anos de experi\u00eancia acumulada no mercado, combinado com os benef\u00edcios dos principais softwares de levantamento e mapeamento internacionais.","robots":{"index":"index","follow":"follow","max-snippet":"max-snippet:-1","max-image-preview":"max-image-preview:large","max-video-preview":"max-video-preview:-1"},"canonical":"https:\/\/www.ghostysky.com\/pt\/produto-2\/survx-south-for-android\/","og_locale":"pt_PT","og_type":"article","og_title":"SURVx SOUTH for Android -","og_description":"SurvX is an Android GNSS surveying and mapping software application, based on years of accumulated market experience, combined with the benefits of international mainstream surveying and mapping softwares.","og_url":"https:\/\/www.ghostysky.com\/pt\/produto-2\/survx-south-for-android\/","og_site_name":"Ghostysky","article_publisher":"https:\/\/www.facebook.com\/people\/Ghostysky\/100057676170234\/","article_modified_time":"2024-05-23T13:05:52+00:00","og_image":[{"width":1811,"height":2560,"url":"https:\/\/www.ghostysky.com\/wp-content\/uploads\/2022\/05\/SurvX-4.0-brochure_00-1-scaled-1.jpg","type":"image\/jpeg"}],"twitter_card":"summary_large_image","twitter_site":"@Gh0stysky","twitter_misc":{"Tempo estimado de leitura":"2 minutos"},"schema":{"@context":"https:\/\/schema.org","@graph":[{"@type":"WebPage","@id":"https:\/\/www.ghostysky.com\/product\/survx-south-for-android\/","url":"https:\/\/www.ghostysky.com\/product\/survx-south-for-android\/","name":"SURVx SUL para Android -","isPartOf":{"@id":"https:\/\/www.ghostysky.com\/#website"},"primaryImageOfPage":{"@id":"https:\/\/www.ghostysky.com\/product\/survx-south-for-android\/#primaryimage"},"image":{"@id":"https:\/\/www.ghostysky.com\/product\/survx-south-for-android\/#primaryimage"},"thumbnailUrl":"https:\/\/www.ghostysky.com\/wp-content\/uploads\/2022\/05\/SurvX-4.0-brochure_00-1-scaled-1.jpg","datePublished":"2022-05-26T00:08:02+00:00","dateModified":"2024-05-23T13:05:52+00:00","description":"SurvX \u00e9 um aplicativo de software de levantamento e mapeamento GNSS para Android, baseado em anos de experi\u00eancia acumulada no mercado, combinado com os benef\u00edcios dos principais softwares de levantamento e mapeamento internacionais.","breadcrumb":{"@id":"https:\/\/www.ghostysky.com\/product\/survx-south-for-android\/#breadcrumb"},"inLanguage":"pt-PT","potentialAction":[{"@type":"ReadAction","target":["https:\/\/www.ghostysky.com\/product\/survx-south-for-android\/"]}]},{"@type":"ImageObject","inLanguage":"pt-PT","@id":"https:\/\/www.ghostysky.com\/product\/survx-south-for-android\/#primaryimage","url":"https:\/\/www.ghostysky.com\/wp-content\/uploads\/2022\/05\/SurvX-4.0-brochure_00-1-scaled-1.jpg","contentUrl":"https:\/\/www.ghostysky.com\/wp-content\/uploads\/2022\/05\/SurvX-4.0-brochure_00-1-scaled-1.jpg","width":1811,"height":2560},{"@type":"BreadcrumbList","@id":"https:\/\/www.ghostysky.com\/product\/survx-south-for-android\/#breadcrumb","itemListElement":[{"@type":"ListItem","position":1,"name":"Home","item":"https:\/\/www.ghostysky.com\/"},{"@type":"ListItem","position":2,"name":"Shop","item":"https:\/\/www.ghostysky.com\/shop\/"},{"@type":"ListItem","position":3,"name":"SURVx SOUTH for Android"}]},{"@type":"WebSite","@id":"https:\/\/www.ghostysky.com\/#website","url":"https:\/\/www.ghostysky.com\/","name":"Ghostysky","description":"Fornecendo drones e servi\u00e7os profissionais","publisher":{"@id":"https:\/\/www.ghostysky.com\/#organization"},"potentialAction":[{"@type":"SearchAction","target":{"@type":"EntryPoint","urlTemplate":"https:\/\/www.ghostysky.com\/?s={search_term_string}"},"query-input":{"@type":"PropertyValueSpecification","valueRequired":true,"valueName":"search_term_string"}}],"inLanguage":"pt-PT"},{"@type":"Organization","@id":"https:\/\/www.ghostysky.com\/#organization","name":"Ghostysky","url":"https:\/\/www.ghostysky.com\/","logo":{"@type":"ImageObject","inLanguage":"pt-PT","@id":"https:\/\/www.ghostysky.com\/#\/schema\/logo\/image\/","url":"https:\/\/www.ghostysky.com\/wp-content\/uploads\/2020\/06\/cropped-ghostyskylogo_text_white2.png","contentUrl":"https:\/\/www.ghostysky.com\/wp-content\/uploads\/2020\/06\/cropped-ghostyskylogo_text_white2.png","width":169,"height":56,"caption":"Ghostysky"},"image":{"@id":"https:\/\/www.ghostysky.com\/#\/schema\/logo\/image\/"},"sameAs":["https:\/\/www.facebook.com\/people\/Ghostysky\/100057676170234\/","https:\/\/x.com\/Gh0stysky","https:\/\/www.linkedin.com\/company\/34739653","https:\/\/www.instagram.com\/gh0stysky"]}]}},"_links":{"self":[{"href":"https:\/\/www.ghostysky.com\/pt\/wp-json\/wp\/v2\/product\/7344","targetHints":{"allow":["GET"]}}],"collection":[{"href":"https:\/\/www.ghostysky.com\/pt\/wp-json\/wp\/v2\/product"}],"about":[{"href":"https:\/\/www.ghostysky.com\/pt\/wp-json\/wp\/v2\/types\/product"}],"replies":[{"embeddable":true,"href":"https:\/\/www.ghostysky.com\/pt\/wp-json\/wp\/v2\/comments?post=7344"}],"wp:featuredmedia":[{"embeddable":true,"href":"https:\/\/www.ghostysky.com\/pt\/wp-json\/wp\/v2\/media\/7346"}],"wp:attachment":[{"href":"https:\/\/www.ghostysky.com\/pt\/wp-json\/wp\/v2\/media?parent=7344"}],"wp:term":[{"taxonomy":"product_brand","embeddable":true,"href":"https:\/\/www.ghostysky.com\/pt\/wp-json\/wp\/v2\/product_brand?post=7344"},{"taxonomy":"product_cat","embeddable":true,"href":"https:\/\/www.ghostysky.com\/pt\/wp-json\/wp\/v2\/product_cat?post=7344"},{"taxonomy":"product_tag","embeddable":true,"href":"https:\/\/www.ghostysky.com\/pt\/wp-json\/wp\/v2\/product_tag?post=7344"}],"curies":[{"name":"wp","href":"https:\/\/api.w.org\/{rel}","templated":true}]}}