{"id":7782,"date":"2022-07-29T17:44:54","date_gmt":"2022-07-29T17:44:54","guid":{"rendered":"https:\/\/www.ghostysky.com\/?post_type=product&#038;p=7782"},"modified":"2024-05-26T10:27:50","modified_gmt":"2024-05-26T10:27:50","slug":"e20tvx-radiometric-thermal-camera-for-h520e-h850","status":"publish","type":"product","link":"https:\/\/www.ghostysky.com\/pt\/product\/e20tvx-radiometric-thermal-camera-for-h520e-h850\/","title":{"rendered":"C\u00e2mera T\u00e9rmica Radiom\u00e9trica E20Tvx para H520E e H850"},"content":{"rendered":"<div class=\"product--description\">\n<p><strong>TOTALMENTE RADIOM\u00c9TRICO<\/strong><\/p>\n<p>Gra\u00e7as \u00e0 tecnologia radiom\u00e9trica, o E20Tvx permite medir a temperatura de uma \u00e1rea interpretando a intensidade dos sinais infravermelhos que chega \u00e0 c\u00e2mera. Colecta os dados para cada pixel da imagem, e pode facilmente carreg\u00e1-los no seu software preferido para posteriores an\u00e1lises e relat\u00f3rios.<\/p>\n<p><img fetchpriority=\"high\" decoding=\"async\" src=\"data:image\/gif;base64,R0lGODlhAQABAAAAACH5BAEKAAEALAAAAAABAAEAAAICTAEAOw==\" alt=\"Imagem t\u00e9rmica\" width=\"600\" height=\"341\" class=\"lazyload\" data-src=\"https:\/\/shop.yuneec.com\/media\/image\/10\/77\/85\/radiometric_600x600.png\"><\/p>\n<p>&nbsp;<\/p>\n<p><strong>Caracter\u00edsticas principais:<\/strong><\/p>\n<ul>\n<li>Alta sensibilidade para reconhecimento de alvos, de forma clara e detalhada.<\/li>\n<li>Medi\u00e7\u00e3o de temperatura detalhada e precisa para cada pixel.<\/li>\n<li>Paletas de cores ajust\u00e1veis aos requisitos da tarefa.<\/li>\n<li>Modos de ganho ajust\u00e1veis para alterar a faixa de temperatura medida.<\/li>\n<li>An\u00e1lise precisa p\u00f3s-voo com dados quantific\u00e1veis.<\/li>\n<li>Adequado para tarefas relacionadas com a Inspec\u00e7\u00e3o (edif\u00edcios, pain\u00e9is solares e linhas el\u00e9ctricas), Busca e Salvamento, Combate a Inc\u00eandios e Aplica\u00e7\u00e3o da Lei.<\/li>\n<li><strong>C\u00e2mera \u00e9 compat\u00edvel com H520E e H850<\/strong><\/li>\n<\/ul>\n<p>&nbsp;<\/p>\n<\/div>\n<div class=\"product--properties panel has--border\">\n<table class=\"product--properties-table\">\n<tbody>\n<tr class=\"product--properties-row\">\n<td class=\"product--properties-label is--bold\">Peso da c\u00e2mera:<\/td>\n<td class=\"product--properties-value\">358g<\/td>\n<\/tr>\n<tr class=\"product--properties-row\">\n<td class=\"product--properties-label is--bold\">GIMBAL:<\/td>\n<td class=\"product--properties-value\">\u2014\u2014\u2014\u2014\u2014<\/td>\n<\/tr>\n<tr class=\"product--properties-row\">\n<td class=\"product--properties-label is--bold\">Faixa de vibra\u00e7\u00e3o angular:<\/td>\n<td class=\"product--properties-value\">\u00b10,02\u00b0<\/td>\n<\/tr>\n<tr class=\"product--properties-row\">\n<td class=\"product--properties-label is--bold\">Faixa control\u00e1vel:<\/td>\n<td class=\"product--properties-value\">Inclina\u00e7\u00e3o: -110\u00b0 a 30\u00b0 \/ Pan: \u00b1 165\u00b0<\/td>\n<\/tr>\n<tr class=\"product--properties-row\">\n<td class=\"product--properties-label is--bold\">M\u00e1x. Velocidade angular:<\/td>\n<td class=\"product--properties-value\">Inclina\u00e7\u00e3o: 30\u00b0\/s, Pan: 120\u00b0\/s<\/td>\n<\/tr>\n<tr class=\"product--properties-row\">\n<td class=\"product--properties-label is--bold\">Temperaturas de opera\u00e7\u00e3o:<\/td>\n<td class=\"product--properties-value\">-10 \u00b0 C - 40 \u00b0 C<\/td>\n<\/tr>\n<tr class=\"product--properties-row\">\n<td class=\"product--properties-label is--bold\">PARTE INFRAVERMELHA:<\/td>\n<td class=\"product--properties-value\">\u2014\u2014\u2014\u2014\u2014<\/td>\n<\/tr>\n<tr class=\"product--properties-row\">\n<td class=\"product--properties-label is--bold\">FOV, diagonal:<\/td>\n<td class=\"product--properties-value\">41,4\u00b0<\/td>\n<\/tr>\n<tr class=\"product--properties-row\">\n<td class=\"product--properties-label is--bold\">FOV:<\/td>\n<td class=\"product--properties-value\">33\u00b0 x 26,6\u00b0<\/td>\n<\/tr>\n<tr class=\"product--properties-row\">\n<td class=\"product--properties-label is--bold\">Sensibilidade:<\/td>\n<td class=\"product--properties-value\">&lt;50 mK<\/td>\n<\/tr>\n<tr class=\"product--properties-row\">\n<td class=\"product--properties-label is--bold\">Pixel pitch:<\/td>\n<td class=\"product--properties-value\">12um<\/td>\n<\/tr>\n<tr class=\"product--properties-row\">\n<td class=\"product--properties-label is--bold\">Comprimento de onda LWIR:<\/td>\n<td class=\"product--properties-value\">8 - 14 \u03bcm<\/td>\n<\/tr>\n<tr class=\"product--properties-row\">\n<td class=\"product--properties-label is--bold\">Frequ\u00eancia:<\/td>\n<td class=\"product--properties-value\">Taxa de frames completa: 25Hz<\/td>\n<\/tr>\n<tr class=\"product--properties-row\">\n<td class=\"product--properties-label is--bold\">Formato da foto:<\/td>\n<td class=\"product--properties-value\">JPEG<\/td>\n<\/tr>\n<tr class=\"product--properties-row\">\n<td class=\"product--properties-label is--bold\">Formato de v\u00eddeo:<\/td>\n<td class=\"product--properties-value\">MP4<\/td>\n<\/tr>\n<tr class=\"product--properties-row\">\n<td class=\"product--properties-label is--bold\">Compensa\u00e7\u00e3o de temperatura:<\/td>\n<td class=\"product--properties-value\">Auto<\/td>\n<\/tr>\n<tr class=\"product--properties-row\">\n<td class=\"product--properties-label is--bold\">Resolu\u00e7\u00e3o:<\/td>\n<td class=\"product--properties-value\">640\u00d7512<\/td>\n<\/tr>\n<tr class=\"product--properties-row\">\n<td class=\"product--properties-label is--bold\">Faixa de medi\u00e7\u00e3o de temperatura:<\/td>\n<td class=\"product--properties-value\">Alto Ganho -20\u00b0-150\u00b0 Baixo Ganho 100\u00b0-500\u00b0<\/td>\n<\/tr>\n<tr class=\"product--properties-row\">\n<td class=\"product--properties-label is--bold\">PARTE \u00d3PTICA:<\/td>\n<td class=\"product--properties-value\">\u2014\u2014\u2014\u2013<\/td>\n<\/tr>\n<tr class=\"product--properties-row\">\n<td class=\"product--properties-label is--bold\">Sensor:<\/td>\n<td class=\"product--properties-value\">1\/2,8\u2033 2,13MP<\/td>\n<\/tr>\n<tr class=\"product--properties-row\">\n<td class=\"product--properties-label is--bold\">Abertura:<\/td>\n<td class=\"product--properties-value\">F2.8<\/td>\n<\/tr>\n<tr class=\"product--properties-row\">\n<td class=\"product--properties-label is--bold\">Equivalente, Dist\u00e2ncia Focal:<\/td>\n<td class=\"product--properties-value\">23 mm<\/td>\n<\/tr>\n<tr class=\"product--properties-row\">\n<td class=\"product--properties-label is--bold\">FOV diagonal:<\/td>\n<td class=\"product--properties-value\">90\u00b0<\/td>\n<\/tr>\n<tr class=\"product--properties-row\">\n<td class=\"product--properties-label is--bold\">Intervalos ISO:<\/td>\n<td class=\"product--properties-value\">100-3200<\/td>\n<\/tr>\n<tr class=\"product--properties-row\">\n<td class=\"product--properties-label is--bold\">Velocidade do obturador:<\/td>\n<td class=\"product--properties-value\">1\/30-1\/8000s<\/td>\n<\/tr>\n<tr class=\"product--properties-row\">\n<td class=\"product--properties-label is--bold\">Resolu\u00e7\u00e3o de v\u00eddeo:<\/td>\n<td class=\"product--properties-value\">1920*1080p 60fps<\/td>\n<\/tr>\n<\/tbody>\n<\/table>\n<\/div>","protected":false},"excerpt":{"rendered":"<div class=\"content--title\"><strong>SOLU\u00c7\u00c3O DE IMAGEM T\u00c9RMICA PARA OS DRONES H520E E H850<\/strong><\/div>\n<div class=\"product--description\">\n<p class=\"translation-block\">A nova c\u00e2mera E20Tvx NETD para as s\u00e9ries H520E e H850 permite uma resolu\u00e7\u00e3o de 640\u00d7512 e tem a capacidade \u00fanica de capturar dados t\u00e9rmicos altamente detalhados. A c\u00e2mera RGB tem uma sensibilidade 20x maior do que o olho humano, capturando imagens de alta qualidade, mesmo em condi\u00e7\u00f5es de pouca luz.<\/p>\n<\/div>","protected":false},"featured_media":7784,"comment_status":"open","ping_status":"closed","template":"","meta":[],"product_brand":[],"product_cat":[120,29,118],"product_tag":[390,131,389,392,391,121],"class_list":{"0":"post-7782","1":"product","2":"type-product","3":"status-publish","4":"has-post-thumbnail","6":"product_cat-yuneec-cameras","7":"product_cat-drones","8":"product_cat-yuneec","9":"product_tag-e20tvx","10":"product_tag-h520","11":"product_tag-h850","12":"product_tag-radiometric","13":"product_tag-thermal","14":"product_tag-yuneec","16":"first","17":"outofstock","18":"taxable","19":"shipping-taxable","20":"purchasable","21":"product-type-simple"},"yoast_head":"<!-- This site is optimized with the Yoast SEO plugin v27.1.1 - https:\/\/yoast.com\/product\/yoast-seo-wordpress\/ -->\n<title>E20Tvx Radiometric Thermal Camera for H520E &amp; H850 -<\/title>\n<meta name=\"description\" content=\"THERMAL IMAGING SOLUTION FOR H520E &amp; H850Our new E20Tvx NETD camera for the H520E &amp; H850 comes in 640x512 resolution and with the ability tocapture temperature data for quantitative assessment.\" \/>\n<meta name=\"robots\" content=\"index, follow, max-snippet:-1, max-image-preview:large, max-video-preview:-1\" \/>\n<link rel=\"canonical\" href=\"https:\/\/www.ghostysky.com\/pt\/produto-2\/e20tvx-radiometric-thermal-camera-for-h520e-h850\/\" \/>\n<meta property=\"og:locale\" content=\"pt_PT\" \/>\n<meta property=\"og:type\" content=\"article\" \/>\n<meta property=\"og:title\" content=\"E20Tvx Radiometric Thermal Camera for H520E &amp; H850 -\" \/>\n<meta property=\"og:description\" content=\"THERMAL IMAGING SOLUTION FOR H520E &amp; H850Our new E20Tvx NETD camera for the H520E &amp; H850 comes in 640x512 resolution and with the ability tocapture temperature data for quantitative assessment.\" \/>\n<meta property=\"og:url\" content=\"https:\/\/www.ghostysky.com\/pt\/produto-2\/e20tvx-radiometric-thermal-camera-for-h520e-h850\/\" \/>\n<meta property=\"og:site_name\" content=\"Ghostysky\" \/>\n<meta property=\"article:publisher\" content=\"https:\/\/www.facebook.com\/people\/Ghostysky\/100057676170234\/\" \/>\n<meta property=\"article:modified_time\" content=\"2024-05-26T10:27:50+00:00\" \/>\n<meta property=\"og:image\" content=\"https:\/\/www.ghostysky.com\/wp-content\/uploads\/2022\/07\/E20TVX.jpg\" \/>\n\t<meta property=\"og:image:width\" content=\"600\" \/>\n\t<meta property=\"og:image:height\" content=\"600\" \/>\n\t<meta property=\"og:image:type\" content=\"image\/jpeg\" \/>\n<meta name=\"twitter:card\" content=\"summary_large_image\" \/>\n<meta name=\"twitter:site\" content=\"@Gh0stysky\" \/>\n<meta name=\"twitter:label1\" content=\"Tempo estimado de leitura\" \/>\n\t<meta name=\"twitter:data1\" content=\"2 minutos\" \/>\n<script type=\"application\/ld+json\" class=\"yoast-schema-graph\">{\"@context\":\"https:\/\/schema.org\",\"@graph\":[{\"@type\":\"WebPage\",\"@id\":\"https:\/\/www.ghostysky.com\/product\/e20tvx-radiometric-thermal-camera-for-h520e-h850\/\",\"url\":\"https:\/\/www.ghostysky.com\/product\/e20tvx-radiometric-thermal-camera-for-h520e-h850\/\",\"name\":\"E20Tvx Radiometric Thermal Camera for H520E & H850 -\",\"isPartOf\":{\"@id\":\"https:\/\/www.ghostysky.com\/#website\"},\"primaryImageOfPage\":{\"@id\":\"https:\/\/www.ghostysky.com\/product\/e20tvx-radiometric-thermal-camera-for-h520e-h850\/#primaryimage\"},\"image\":{\"@id\":\"https:\/\/www.ghostysky.com\/product\/e20tvx-radiometric-thermal-camera-for-h520e-h850\/#primaryimage\"},\"thumbnailUrl\":\"https:\/\/www.ghostysky.com\/wp-content\/uploads\/2022\/07\/E20TVX.jpg\",\"datePublished\":\"2022-07-29T17:44:54+00:00\",\"dateModified\":\"2024-05-26T10:27:50+00:00\",\"description\":\"THERMAL IMAGING SOLUTION FOR H520E & H850Our new E20Tvx NETD camera for the H520E & H850 comes in 640x512 resolution and with the ability tocapture temperature data for quantitative assessment.\",\"breadcrumb\":{\"@id\":\"https:\/\/www.ghostysky.com\/product\/e20tvx-radiometric-thermal-camera-for-h520e-h850\/#breadcrumb\"},\"inLanguage\":\"pt-PT\",\"potentialAction\":[{\"@type\":\"ReadAction\",\"target\":[\"https:\/\/www.ghostysky.com\/product\/e20tvx-radiometric-thermal-camera-for-h520e-h850\/\"]}]},{\"@type\":\"ImageObject\",\"inLanguage\":\"pt-PT\",\"@id\":\"https:\/\/www.ghostysky.com\/product\/e20tvx-radiometric-thermal-camera-for-h520e-h850\/#primaryimage\",\"url\":\"https:\/\/www.ghostysky.com\/wp-content\/uploads\/2022\/07\/E20TVX.jpg\",\"contentUrl\":\"https:\/\/www.ghostysky.com\/wp-content\/uploads\/2022\/07\/E20TVX.jpg\",\"width\":600,\"height\":600},{\"@type\":\"BreadcrumbList\",\"@id\":\"https:\/\/www.ghostysky.com\/product\/e20tvx-radiometric-thermal-camera-for-h520e-h850\/#breadcrumb\",\"itemListElement\":[{\"@type\":\"ListItem\",\"position\":1,\"name\":\"Home\",\"item\":\"https:\/\/www.ghostysky.com\/\"},{\"@type\":\"ListItem\",\"position\":2,\"name\":\"Shop\",\"item\":\"https:\/\/www.ghostysky.com\/shop\/\"},{\"@type\":\"ListItem\",\"position\":3,\"name\":\"E20Tvx Radiometric Thermal Camera for H520E &#038; H850\"}]},{\"@type\":\"WebSite\",\"@id\":\"https:\/\/www.ghostysky.com\/#website\",\"url\":\"https:\/\/www.ghostysky.com\/\",\"name\":\"Ghostysky\",\"description\":\"Delivering professional drones and services\",\"publisher\":{\"@id\":\"https:\/\/www.ghostysky.com\/#organization\"},\"potentialAction\":[{\"@type\":\"SearchAction\",\"target\":{\"@type\":\"EntryPoint\",\"urlTemplate\":\"https:\/\/www.ghostysky.com\/?s={search_term_string}\"},\"query-input\":{\"@type\":\"PropertyValueSpecification\",\"valueRequired\":true,\"valueName\":\"search_term_string\"}}],\"inLanguage\":\"pt-PT\"},{\"@type\":\"Organization\",\"@id\":\"https:\/\/www.ghostysky.com\/#organization\",\"name\":\"Ghostysky\",\"url\":\"https:\/\/www.ghostysky.com\/\",\"logo\":{\"@type\":\"ImageObject\",\"inLanguage\":\"pt-PT\",\"@id\":\"https:\/\/www.ghostysky.com\/#\/schema\/logo\/image\/\",\"url\":\"https:\/\/www.ghostysky.com\/wp-content\/uploads\/2020\/06\/cropped-ghostyskylogo_text_white2.png\",\"contentUrl\":\"https:\/\/www.ghostysky.com\/wp-content\/uploads\/2020\/06\/cropped-ghostyskylogo_text_white2.png\",\"width\":169,\"height\":56,\"caption\":\"Ghostysky\"},\"image\":{\"@id\":\"https:\/\/www.ghostysky.com\/#\/schema\/logo\/image\/\"},\"sameAs\":[\"https:\/\/www.facebook.com\/people\/Ghostysky\/100057676170234\/\",\"https:\/\/x.com\/Gh0stysky\",\"https:\/\/www.linkedin.com\/company\/34739653\",\"https:\/\/www.instagram.com\/gh0stysky\"]}]}<\/script>\n<!-- \/ Yoast SEO plugin. -->","yoast_head_json":{"title":"C\u00e2mera t\u00e9rmica radiom\u00e9trica E20Tvx para H520E e H850 -","description":"SOLU\u00c7\u00c3O DE IMAGEM T\u00c9RMICA PARA H520E E H850Nossa nova c\u00e2mera E20Tvx NETD para H520E e H850 vem com resolu\u00e7\u00e3o de 640x512 e com a capacidade de capturar dados de temperatura para avalia\u00e7\u00e3o quantitativa.","robots":{"index":"index","follow":"follow","max-snippet":"max-snippet:-1","max-image-preview":"max-image-preview:large","max-video-preview":"max-video-preview:-1"},"canonical":"https:\/\/www.ghostysky.com\/pt\/produto-2\/e20tvx-radiometric-thermal-camera-for-h520e-h850\/","og_locale":"pt_PT","og_type":"article","og_title":"E20Tvx Radiometric Thermal Camera for H520E & H850 -","og_description":"THERMAL IMAGING SOLUTION FOR H520E & H850Our new E20Tvx NETD camera for the H520E & H850 comes in 640x512 resolution and with the ability tocapture temperature data for quantitative assessment.","og_url":"https:\/\/www.ghostysky.com\/pt\/produto-2\/e20tvx-radiometric-thermal-camera-for-h520e-h850\/","og_site_name":"Ghostysky","article_publisher":"https:\/\/www.facebook.com\/people\/Ghostysky\/100057676170234\/","article_modified_time":"2024-05-26T10:27:50+00:00","og_image":[{"width":600,"height":600,"url":"https:\/\/www.ghostysky.com\/wp-content\/uploads\/2022\/07\/E20TVX.jpg","type":"image\/jpeg"}],"twitter_card":"summary_large_image","twitter_site":"@Gh0stysky","twitter_misc":{"Tempo estimado de leitura":"2 minutos"},"schema":{"@context":"https:\/\/schema.org","@graph":[{"@type":"WebPage","@id":"https:\/\/www.ghostysky.com\/product\/e20tvx-radiometric-thermal-camera-for-h520e-h850\/","url":"https:\/\/www.ghostysky.com\/product\/e20tvx-radiometric-thermal-camera-for-h520e-h850\/","name":"C\u00e2mera t\u00e9rmica radiom\u00e9trica E20Tvx para H520E e H850 -","isPartOf":{"@id":"https:\/\/www.ghostysky.com\/#website"},"primaryImageOfPage":{"@id":"https:\/\/www.ghostysky.com\/product\/e20tvx-radiometric-thermal-camera-for-h520e-h850\/#primaryimage"},"image":{"@id":"https:\/\/www.ghostysky.com\/product\/e20tvx-radiometric-thermal-camera-for-h520e-h850\/#primaryimage"},"thumbnailUrl":"https:\/\/www.ghostysky.com\/wp-content\/uploads\/2022\/07\/E20TVX.jpg","datePublished":"2022-07-29T17:44:54+00:00","dateModified":"2024-05-26T10:27:50+00:00","description":"SOLU\u00c7\u00c3O DE IMAGEM T\u00c9RMICA PARA H520E E H850Nossa nova c\u00e2mera E20Tvx NETD para H520E e H850 vem com resolu\u00e7\u00e3o de 640x512 e com a capacidade de capturar dados de temperatura para avalia\u00e7\u00e3o quantitativa.","breadcrumb":{"@id":"https:\/\/www.ghostysky.com\/product\/e20tvx-radiometric-thermal-camera-for-h520e-h850\/#breadcrumb"},"inLanguage":"pt-PT","potentialAction":[{"@type":"ReadAction","target":["https:\/\/www.ghostysky.com\/product\/e20tvx-radiometric-thermal-camera-for-h520e-h850\/"]}]},{"@type":"ImageObject","inLanguage":"pt-PT","@id":"https:\/\/www.ghostysky.com\/product\/e20tvx-radiometric-thermal-camera-for-h520e-h850\/#primaryimage","url":"https:\/\/www.ghostysky.com\/wp-content\/uploads\/2022\/07\/E20TVX.jpg","contentUrl":"https:\/\/www.ghostysky.com\/wp-content\/uploads\/2022\/07\/E20TVX.jpg","width":600,"height":600},{"@type":"BreadcrumbList","@id":"https:\/\/www.ghostysky.com\/product\/e20tvx-radiometric-thermal-camera-for-h520e-h850\/#breadcrumb","itemListElement":[{"@type":"ListItem","position":1,"name":"Home","item":"https:\/\/www.ghostysky.com\/"},{"@type":"ListItem","position":2,"name":"Shop","item":"https:\/\/www.ghostysky.com\/shop\/"},{"@type":"ListItem","position":3,"name":"E20Tvx Radiometric Thermal Camera for H520E &#038; H850"}]},{"@type":"WebSite","@id":"https:\/\/www.ghostysky.com\/#website","url":"https:\/\/www.ghostysky.com\/","name":"Ghostysky","description":"Fornecendo drones e servi\u00e7os profissionais","publisher":{"@id":"https:\/\/www.ghostysky.com\/#organization"},"potentialAction":[{"@type":"SearchAction","target":{"@type":"EntryPoint","urlTemplate":"https:\/\/www.ghostysky.com\/?s={search_term_string}"},"query-input":{"@type":"PropertyValueSpecification","valueRequired":true,"valueName":"search_term_string"}}],"inLanguage":"pt-PT"},{"@type":"Organization","@id":"https:\/\/www.ghostysky.com\/#organization","name":"Ghostysky","url":"https:\/\/www.ghostysky.com\/","logo":{"@type":"ImageObject","inLanguage":"pt-PT","@id":"https:\/\/www.ghostysky.com\/#\/schema\/logo\/image\/","url":"https:\/\/www.ghostysky.com\/wp-content\/uploads\/2020\/06\/cropped-ghostyskylogo_text_white2.png","contentUrl":"https:\/\/www.ghostysky.com\/wp-content\/uploads\/2020\/06\/cropped-ghostyskylogo_text_white2.png","width":169,"height":56,"caption":"Ghostysky"},"image":{"@id":"https:\/\/www.ghostysky.com\/#\/schema\/logo\/image\/"},"sameAs":["https:\/\/www.facebook.com\/people\/Ghostysky\/100057676170234\/","https:\/\/x.com\/Gh0stysky","https:\/\/www.linkedin.com\/company\/34739653","https:\/\/www.instagram.com\/gh0stysky"]}]}},"_links":{"self":[{"href":"https:\/\/www.ghostysky.com\/pt\/wp-json\/wp\/v2\/product\/7782","targetHints":{"allow":["GET"]}}],"collection":[{"href":"https:\/\/www.ghostysky.com\/pt\/wp-json\/wp\/v2\/product"}],"about":[{"href":"https:\/\/www.ghostysky.com\/pt\/wp-json\/wp\/v2\/types\/product"}],"replies":[{"embeddable":true,"href":"https:\/\/www.ghostysky.com\/pt\/wp-json\/wp\/v2\/comments?post=7782"}],"wp:featuredmedia":[{"embeddable":true,"href":"https:\/\/www.ghostysky.com\/pt\/wp-json\/wp\/v2\/media\/7784"}],"wp:attachment":[{"href":"https:\/\/www.ghostysky.com\/pt\/wp-json\/wp\/v2\/media?parent=7782"}],"wp:term":[{"taxonomy":"product_brand","embeddable":true,"href":"https:\/\/www.ghostysky.com\/pt\/wp-json\/wp\/v2\/product_brand?post=7782"},{"taxonomy":"product_cat","embeddable":true,"href":"https:\/\/www.ghostysky.com\/pt\/wp-json\/wp\/v2\/product_cat?post=7782"},{"taxonomy":"product_tag","embeddable":true,"href":"https:\/\/www.ghostysky.com\/pt\/wp-json\/wp\/v2\/product_tag?post=7782"}],"curies":[{"name":"wp","href":"https:\/\/api.w.org\/{rel}","templated":true}]}}