{"id":7789,"date":"2022-07-29T18:14:51","date_gmt":"2022-07-29T18:14:51","guid":{"rendered":"https:\/\/www.ghostysky.com\/?post_type=product&#038;p=7789"},"modified":"2024-05-26T10:41:05","modified_gmt":"2024-05-26T10:41:05","slug":"t-one-controller-for-h850-rtk","status":"publish","type":"product","link":"https:\/\/www.ghostysky.com\/pt\/product\/t-one-controller-for-h850-rtk\/","title":{"rendered":"Controlador T-One para H850-RTK"},"content":{"rendered":"<div class=\"content--title\"><strong>ESPECIFICA\u00c7\u00d5ES<\/strong><\/div>\n<div class=\"product--description\">\n<ul>\n<li>Ecr\u00e3 sens\u00edvel ao toque de 7 polegadas<\/li>\n<li>Resolu\u00e7\u00e3o do ecr\u00e3 1920\u00d71200<\/li>\n<li>Lumin\u00e2ncia de 1000 nit<\/li>\n<li>15 km de alcance FCC<\/li>\n<li>Alcance de 8 km CE<\/li>\n<li>Autonomia de 8 horas<\/li>\n<li>Bateria de 10.000 mAh\/7,4 volts<\/li>\n<li>Banda dupla de 40 Mbps<\/li>\n<li>Salto din\u00e2mico de frequ\u00eancia<\/li>\n<li>IP x4<\/li>\n<li>Processador Cortex A72&amp;A53 de alto desempenho<\/li>\n<li>Android 10<\/li>\n<li>32 Gb ROM \/ 4 Gb RAM<\/li>\n<li>HDMI<\/li>\n<li>USB-C, USB-3 e USB-2<\/li>\n<li>Micro SD<\/li>\n<li>1,2kg apenas<\/li>\n<li>Sem partilha de dados<\/li>\n<li>Modo de equipe<\/li>\n<\/ul>\n<p><strong>CONTE\u00daDO DA CAIXA<\/strong><\/p>\n<ul>\n<li>Controlador T-One para H850<\/li>\n<li>Bateria 10.000 mAh\/7,4 volts<\/li>\n<li>Carregador 220\/110 volts<\/li>\n<li>Cabo Carregador USB-C<\/li>\n<li>Al\u00e7a de pesco\u00e7o<\/li>\n<\/ul>\n<\/div>","protected":false},"excerpt":{"rendered":"<p>O controle remoto Yuneec T-One possui um ecr\u00e3de 7\u201d  de alta defini\u00e7\u00e3o de 1920\u00d71200, com brilho de 1000 nit. O T-One vem equipado com um processador Cortex-A72 e Cortex-A53 e um sistema operativo Android 10.0. A autonomia da bateria de 5 a 6 horas e o tempo de inicia\u00e7\u00e3o de &lt;30 segundos tornam o T-One uma enorme atualiza\u00e7\u00e3o em rela\u00e7\u00e3o ao ST16E mais antigo. Al\u00e9m disso, a capacidade inteligente de salto de frequ\u00eancia din\u00e2mica de banda dupla de 40Mbps e a dist\u00e2ncia de transmiss\u00e3o de at\u00e9 9,3 milhas (15 km) fazem do T-One Yuneec o transmissor mais bem concebido de sempre.<\/p>","protected":false},"featured_media":7792,"comment_status":"open","ping_status":"closed","template":"","meta":[],"product_brand":[],"product_cat":[119,29,118],"product_tag":[389,394,121],"class_list":{"0":"post-7789","1":"product","2":"type-product","3":"status-publish","4":"has-post-thumbnail","6":"product_cat-yuneec-accessories","7":"product_cat-drones","8":"product_cat-yuneec","9":"product_tag-h850","10":"product_tag-t-one-controller","11":"product_tag-yuneec","13":"first","14":"onbackorder","15":"taxable","16":"shipping-taxable","17":"purchasable","18":"product-type-simple"},"yoast_head":"<!-- This site is optimized with the Yoast SEO plugin v27.1.1 - https:\/\/yoast.com\/product\/yoast-seo-wordpress\/ -->\n<title>T-One Controller for H850-RTK -<\/title>\n<meta name=\"description\" content=\"The Yuneec T-One remote controller features a 7&#039;&#039; built-in 1920x1200 ultra high-definition touchscreen with 1000nit brightness.\" \/>\n<meta name=\"robots\" content=\"index, follow, max-snippet:-1, max-image-preview:large, max-video-preview:-1\" \/>\n<link rel=\"canonical\" href=\"https:\/\/www.ghostysky.com\/pt\/produto-2\/t-one-controller-for-h850-rtk\/\" \/>\n<meta property=\"og:locale\" content=\"pt_PT\" \/>\n<meta property=\"og:type\" content=\"article\" \/>\n<meta property=\"og:title\" content=\"T-One Controller for H850-RTK -\" \/>\n<meta property=\"og:description\" content=\"The Yuneec T-One remote controller features a 7&#039;&#039; built-in 1920x1200 ultra high-definition touchscreen with 1000nit brightness.\" \/>\n<meta property=\"og:url\" content=\"https:\/\/www.ghostysky.com\/pt\/produto-2\/t-one-controller-for-h850-rtk\/\" \/>\n<meta property=\"og:site_name\" content=\"Ghostysky\" \/>\n<meta property=\"article:publisher\" content=\"https:\/\/www.facebook.com\/people\/Ghostysky\/100057676170234\/\" \/>\n<meta property=\"article:modified_time\" content=\"2024-05-26T10:41:05+00:00\" \/>\n<meta property=\"og:image\" content=\"https:\/\/www.ghostysky.com\/wp-content\/uploads\/2022\/07\/T-one_frongMc5W1gE8zSow.jpg\" \/>\n\t<meta property=\"og:image:width\" content=\"1704\" \/>\n\t<meta property=\"og:image:height\" content=\"1500\" \/>\n\t<meta property=\"og:image:type\" content=\"image\/jpeg\" \/>\n<meta name=\"twitter:card\" content=\"summary_large_image\" \/>\n<meta name=\"twitter:site\" content=\"@Gh0stysky\" \/>\n<meta name=\"twitter:label1\" content=\"Tempo estimado de leitura\" \/>\n\t<meta name=\"twitter:data1\" content=\"1 minuto\" \/>\n<script type=\"application\/ld+json\" class=\"yoast-schema-graph\">{\"@context\":\"https:\/\/schema.org\",\"@graph\":[{\"@type\":\"WebPage\",\"@id\":\"https:\/\/www.ghostysky.com\/product\/t-one-controller-for-h850-rtk\/\",\"url\":\"https:\/\/www.ghostysky.com\/product\/t-one-controller-for-h850-rtk\/\",\"name\":\"T-One Controller for H850-RTK -\",\"isPartOf\":{\"@id\":\"https:\/\/www.ghostysky.com\/#website\"},\"primaryImageOfPage\":{\"@id\":\"https:\/\/www.ghostysky.com\/product\/t-one-controller-for-h850-rtk\/#primaryimage\"},\"image\":{\"@id\":\"https:\/\/www.ghostysky.com\/product\/t-one-controller-for-h850-rtk\/#primaryimage\"},\"thumbnailUrl\":\"https:\/\/www.ghostysky.com\/wp-content\/uploads\/2022\/07\/T-one_frongMc5W1gE8zSow.jpg\",\"datePublished\":\"2022-07-29T18:14:51+00:00\",\"dateModified\":\"2024-05-26T10:41:05+00:00\",\"description\":\"The Yuneec T-One remote controller features a 7'' built-in 1920x1200 ultra high-definition touchscreen with 1000nit brightness.\",\"breadcrumb\":{\"@id\":\"https:\/\/www.ghostysky.com\/product\/t-one-controller-for-h850-rtk\/#breadcrumb\"},\"inLanguage\":\"pt-PT\",\"potentialAction\":[{\"@type\":\"ReadAction\",\"target\":[\"https:\/\/www.ghostysky.com\/product\/t-one-controller-for-h850-rtk\/\"]}]},{\"@type\":\"ImageObject\",\"inLanguage\":\"pt-PT\",\"@id\":\"https:\/\/www.ghostysky.com\/product\/t-one-controller-for-h850-rtk\/#primaryimage\",\"url\":\"https:\/\/www.ghostysky.com\/wp-content\/uploads\/2022\/07\/T-one_frongMc5W1gE8zSow.jpg\",\"contentUrl\":\"https:\/\/www.ghostysky.com\/wp-content\/uploads\/2022\/07\/T-one_frongMc5W1gE8zSow.jpg\",\"width\":1704,\"height\":1500},{\"@type\":\"BreadcrumbList\",\"@id\":\"https:\/\/www.ghostysky.com\/product\/t-one-controller-for-h850-rtk\/#breadcrumb\",\"itemListElement\":[{\"@type\":\"ListItem\",\"position\":1,\"name\":\"Home\",\"item\":\"https:\/\/www.ghostysky.com\/\"},{\"@type\":\"ListItem\",\"position\":2,\"name\":\"Shop\",\"item\":\"https:\/\/www.ghostysky.com\/shop\/\"},{\"@type\":\"ListItem\",\"position\":3,\"name\":\"T-One Controller for H850-RTK\"}]},{\"@type\":\"WebSite\",\"@id\":\"https:\/\/www.ghostysky.com\/#website\",\"url\":\"https:\/\/www.ghostysky.com\/\",\"name\":\"Ghostysky\",\"description\":\"Delivering professional drones and services\",\"publisher\":{\"@id\":\"https:\/\/www.ghostysky.com\/#organization\"},\"potentialAction\":[{\"@type\":\"SearchAction\",\"target\":{\"@type\":\"EntryPoint\",\"urlTemplate\":\"https:\/\/www.ghostysky.com\/?s={search_term_string}\"},\"query-input\":{\"@type\":\"PropertyValueSpecification\",\"valueRequired\":true,\"valueName\":\"search_term_string\"}}],\"inLanguage\":\"pt-PT\"},{\"@type\":\"Organization\",\"@id\":\"https:\/\/www.ghostysky.com\/#organization\",\"name\":\"Ghostysky\",\"url\":\"https:\/\/www.ghostysky.com\/\",\"logo\":{\"@type\":\"ImageObject\",\"inLanguage\":\"pt-PT\",\"@id\":\"https:\/\/www.ghostysky.com\/#\/schema\/logo\/image\/\",\"url\":\"https:\/\/www.ghostysky.com\/wp-content\/uploads\/2020\/06\/cropped-ghostyskylogo_text_white2.png\",\"contentUrl\":\"https:\/\/www.ghostysky.com\/wp-content\/uploads\/2020\/06\/cropped-ghostyskylogo_text_white2.png\",\"width\":169,\"height\":56,\"caption\":\"Ghostysky\"},\"image\":{\"@id\":\"https:\/\/www.ghostysky.com\/#\/schema\/logo\/image\/\"},\"sameAs\":[\"https:\/\/www.facebook.com\/people\/Ghostysky\/100057676170234\/\",\"https:\/\/x.com\/Gh0stysky\",\"https:\/\/www.linkedin.com\/company\/34739653\",\"https:\/\/www.instagram.com\/gh0stysky\"]}]}<\/script>\n<!-- \/ Yoast SEO plugin. -->","yoast_head_json":{"title":"Controlador T-One para H850-RTK -","description":"O controle remoto Yuneec T-One possui uma tela sens\u00edvel ao toque de ultra alta defini\u00e7\u00e3o de 7&#039;&#039; integrada de 1920x1200 com brilho de 1000nit.","robots":{"index":"index","follow":"follow","max-snippet":"max-snippet:-1","max-image-preview":"max-image-preview:large","max-video-preview":"max-video-preview:-1"},"canonical":"https:\/\/www.ghostysky.com\/pt\/produto-2\/t-one-controller-for-h850-rtk\/","og_locale":"pt_PT","og_type":"article","og_title":"T-One Controller for H850-RTK -","og_description":"The Yuneec T-One remote controller features a 7'' built-in 1920x1200 ultra high-definition touchscreen with 1000nit brightness.","og_url":"https:\/\/www.ghostysky.com\/pt\/produto-2\/t-one-controller-for-h850-rtk\/","og_site_name":"Ghostysky","article_publisher":"https:\/\/www.facebook.com\/people\/Ghostysky\/100057676170234\/","article_modified_time":"2024-05-26T10:41:05+00:00","og_image":[{"width":1704,"height":1500,"url":"https:\/\/www.ghostysky.com\/wp-content\/uploads\/2022\/07\/T-one_frongMc5W1gE8zSow.jpg","type":"image\/jpeg"}],"twitter_card":"summary_large_image","twitter_site":"@Gh0stysky","twitter_misc":{"Tempo estimado de leitura":"1 minuto"},"schema":{"@context":"https:\/\/schema.org","@graph":[{"@type":"WebPage","@id":"https:\/\/www.ghostysky.com\/product\/t-one-controller-for-h850-rtk\/","url":"https:\/\/www.ghostysky.com\/product\/t-one-controller-for-h850-rtk\/","name":"Controlador T-One para H850-RTK -","isPartOf":{"@id":"https:\/\/www.ghostysky.com\/#website"},"primaryImageOfPage":{"@id":"https:\/\/www.ghostysky.com\/product\/t-one-controller-for-h850-rtk\/#primaryimage"},"image":{"@id":"https:\/\/www.ghostysky.com\/product\/t-one-controller-for-h850-rtk\/#primaryimage"},"thumbnailUrl":"https:\/\/www.ghostysky.com\/wp-content\/uploads\/2022\/07\/T-one_frongMc5W1gE8zSow.jpg","datePublished":"2022-07-29T18:14:51+00:00","dateModified":"2024-05-26T10:41:05+00:00","description":"O controle remoto Yuneec T-One possui uma tela sens\u00edvel ao toque de ultra alta defini\u00e7\u00e3o de 7&#039;&#039; integrada de 1920x1200 com brilho de 1000nit.","breadcrumb":{"@id":"https:\/\/www.ghostysky.com\/product\/t-one-controller-for-h850-rtk\/#breadcrumb"},"inLanguage":"pt-PT","potentialAction":[{"@type":"ReadAction","target":["https:\/\/www.ghostysky.com\/product\/t-one-controller-for-h850-rtk\/"]}]},{"@type":"ImageObject","inLanguage":"pt-PT","@id":"https:\/\/www.ghostysky.com\/product\/t-one-controller-for-h850-rtk\/#primaryimage","url":"https:\/\/www.ghostysky.com\/wp-content\/uploads\/2022\/07\/T-one_frongMc5W1gE8zSow.jpg","contentUrl":"https:\/\/www.ghostysky.com\/wp-content\/uploads\/2022\/07\/T-one_frongMc5W1gE8zSow.jpg","width":1704,"height":1500},{"@type":"BreadcrumbList","@id":"https:\/\/www.ghostysky.com\/product\/t-one-controller-for-h850-rtk\/#breadcrumb","itemListElement":[{"@type":"ListItem","position":1,"name":"Home","item":"https:\/\/www.ghostysky.com\/"},{"@type":"ListItem","position":2,"name":"Shop","item":"https:\/\/www.ghostysky.com\/shop\/"},{"@type":"ListItem","position":3,"name":"T-One Controller for H850-RTK"}]},{"@type":"WebSite","@id":"https:\/\/www.ghostysky.com\/#website","url":"https:\/\/www.ghostysky.com\/","name":"Ghostysky","description":"Fornecendo drones e servi\u00e7os profissionais","publisher":{"@id":"https:\/\/www.ghostysky.com\/#organization"},"potentialAction":[{"@type":"SearchAction","target":{"@type":"EntryPoint","urlTemplate":"https:\/\/www.ghostysky.com\/?s={search_term_string}"},"query-input":{"@type":"PropertyValueSpecification","valueRequired":true,"valueName":"search_term_string"}}],"inLanguage":"pt-PT"},{"@type":"Organization","@id":"https:\/\/www.ghostysky.com\/#organization","name":"Ghostysky","url":"https:\/\/www.ghostysky.com\/","logo":{"@type":"ImageObject","inLanguage":"pt-PT","@id":"https:\/\/www.ghostysky.com\/#\/schema\/logo\/image\/","url":"https:\/\/www.ghostysky.com\/wp-content\/uploads\/2020\/06\/cropped-ghostyskylogo_text_white2.png","contentUrl":"https:\/\/www.ghostysky.com\/wp-content\/uploads\/2020\/06\/cropped-ghostyskylogo_text_white2.png","width":169,"height":56,"caption":"Ghostysky"},"image":{"@id":"https:\/\/www.ghostysky.com\/#\/schema\/logo\/image\/"},"sameAs":["https:\/\/www.facebook.com\/people\/Ghostysky\/100057676170234\/","https:\/\/x.com\/Gh0stysky","https:\/\/www.linkedin.com\/company\/34739653","https:\/\/www.instagram.com\/gh0stysky"]}]}},"_links":{"self":[{"href":"https:\/\/www.ghostysky.com\/pt\/wp-json\/wp\/v2\/product\/7789","targetHints":{"allow":["GET"]}}],"collection":[{"href":"https:\/\/www.ghostysky.com\/pt\/wp-json\/wp\/v2\/product"}],"about":[{"href":"https:\/\/www.ghostysky.com\/pt\/wp-json\/wp\/v2\/types\/product"}],"replies":[{"embeddable":true,"href":"https:\/\/www.ghostysky.com\/pt\/wp-json\/wp\/v2\/comments?post=7789"}],"wp:featuredmedia":[{"embeddable":true,"href":"https:\/\/www.ghostysky.com\/pt\/wp-json\/wp\/v2\/media\/7792"}],"wp:attachment":[{"href":"https:\/\/www.ghostysky.com\/pt\/wp-json\/wp\/v2\/media?parent=7789"}],"wp:term":[{"taxonomy":"product_brand","embeddable":true,"href":"https:\/\/www.ghostysky.com\/pt\/wp-json\/wp\/v2\/product_brand?post=7789"},{"taxonomy":"product_cat","embeddable":true,"href":"https:\/\/www.ghostysky.com\/pt\/wp-json\/wp\/v2\/product_cat?post=7789"},{"taxonomy":"product_tag","embeddable":true,"href":"https:\/\/www.ghostysky.com\/pt\/wp-json\/wp\/v2\/product_tag?post=7789"}],"curies":[{"name":"wp","href":"https:\/\/api.w.org\/{rel}","templated":true}]}}