{"id":7793,"date":"2022-07-29T18:22:52","date_gmt":"2022-07-29T18:22:52","guid":{"rendered":"https:\/\/www.ghostysky.com\/?post_type=product&#038;p=7793"},"modified":"2023-11-21T12:45:51","modified_gmt":"2023-11-21T12:45:51","slug":"smart-battery-h850-1-pcs-12-800mah-23-1v-hv-6s","status":"publish","type":"product","link":"https:\/\/www.ghostysky.com\/pt\/product\/smart-battery-h850-1-pcs-12-800mah-23-1v-hv-6s\/","title":{"rendered":"Bateria Inteligente H850 (1 unidade)"},"content":{"rendered":"<p><strong>ESPECIFICA\u00c7\u00d5ES T\u00c9CNICAS<\/strong><\/p>\n<ul>\n<li>Tamanho: 98\u00d758\u00d7149mm<\/li>\n<li>Capacidade da bateria: 12.800mAh<\/li>\n<li>Pot\u00eancia da bateria: 295,68 Wh<\/li>\n<li>Voltagem padr\u00e3o: 23,1v (3,85v\/c\u00e9lula)<\/li>\n<li>Tens\u00e3o de carregamento: 26,4v<\/li>\n<li>Tipo de bateria: Li-ion<\/li>\n<li>Carga R\u00e1pida: 1C (10 Amp)<\/li>\n<li>Tempo de carregamento: 1,5 horas<\/li>\n<li>Corrente m\u00e1xima de descarga cont\u00ednua: 64A<\/li>\n<li>Corrente m\u00e1xima de descarga: 128A<\/li>\n<li>Peso: 1390 gramas<\/li>\n<li>Temperaturas de opera\u00e7\u00e3o: 0\u2103+45\u2103<\/li>\n<\/ul>","protected":false},"excerpt":{"rendered":"<p><strong>Bateria de v\u00f4o inteligente Yuneec H850 RTK 1\/Unidade (12.800mAh\/23.1v\/HV\/6S)<\/strong><\/p>\n<p>Duas (2) baterias de v\u00f4o s\u00e3o necess\u00e1rias para opera\u00e7\u00e3o no H850 RTK!<\/p>","protected":false},"featured_media":7763,"comment_status":"open","ping_status":"closed","template":"","meta":[],"product_brand":[],"product_cat":[119,29,118],"product_tag":[69,389,54,121],"class_list":{"0":"post-7793","1":"product","2":"type-product","3":"status-publish","4":"has-post-thumbnail","6":"product_cat-yuneec-accessories","7":"product_cat-drones","8":"product_cat-yuneec","9":"product_tag-battery","10":"product_tag-h850","11":"product_tag-rtk","12":"product_tag-yuneec","14":"first","15":"onbackorder","16":"taxable","17":"shipping-taxable","18":"purchasable","19":"product-type-simple"},"yoast_head":"<!-- This site is optimized with the Yoast SEO plugin v27.1.1 - https:\/\/yoast.com\/product\/yoast-seo-wordpress\/ -->\n<title>Smart Battery H850 (1 unit) -<\/title>\n<meta name=\"description\" content=\"Yuneec H850 RTK Smart Battery flight battery 1\/Unit (12.800mAh\/23.1v\/HV\/6S)Two (2) flight batteries are required for operation in the H850 RTK!\" \/>\n<meta name=\"robots\" content=\"index, follow, max-snippet:-1, max-image-preview:large, max-video-preview:-1\" \/>\n<link rel=\"canonical\" href=\"https:\/\/www.ghostysky.com\/pt\/produto-2\/smart-battery-h850-1-pcs-12-800mah-23-1v-hv-6s\/\" \/>\n<meta property=\"og:locale\" content=\"pt_PT\" \/>\n<meta property=\"og:type\" content=\"article\" \/>\n<meta property=\"og:title\" content=\"Smart Battery H850 (1 unit) -\" \/>\n<meta property=\"og:description\" content=\"Yuneec H850 RTK Smart Battery flight battery 1\/Unit (12.800mAh\/23.1v\/HV\/6S)Two (2) flight batteries are required for operation in the H850 RTK!\" \/>\n<meta property=\"og:url\" content=\"https:\/\/www.ghostysky.com\/pt\/produto-2\/smart-battery-h850-1-pcs-12-800mah-23-1v-hv-6s\/\" \/>\n<meta property=\"og:site_name\" content=\"Ghostysky\" \/>\n<meta property=\"article:publisher\" content=\"https:\/\/www.facebook.com\/people\/Ghostysky\/100057676170234\/\" \/>\n<meta property=\"article:modified_time\" content=\"2023-11-21T12:45:51+00:00\" \/>\n<meta property=\"og:image\" content=\"https:\/\/www.ghostysky.com\/wp-content\/uploads\/2022\/07\/Battery_-H850-2MB_600x600.png\" \/>\n\t<meta property=\"og:image:width\" content=\"517\" \/>\n\t<meta property=\"og:image:height\" content=\"600\" \/>\n\t<meta property=\"og:image:type\" content=\"image\/png\" \/>\n<meta name=\"twitter:card\" content=\"summary_large_image\" \/>\n<meta name=\"twitter:site\" content=\"@Gh0stysky\" \/>\n<meta name=\"twitter:label1\" content=\"Tempo estimado de leitura\" \/>\n\t<meta name=\"twitter:data1\" content=\"1 minuto\" \/>\n<script type=\"application\/ld+json\" class=\"yoast-schema-graph\">{\"@context\":\"https:\/\/schema.org\",\"@graph\":[{\"@type\":\"WebPage\",\"@id\":\"https:\/\/www.ghostysky.com\/product\/smart-battery-h850-1-pcs-12-800mah-23-1v-hv-6s\/\",\"url\":\"https:\/\/www.ghostysky.com\/product\/smart-battery-h850-1-pcs-12-800mah-23-1v-hv-6s\/\",\"name\":\"Smart Battery H850 (1 unit) -\",\"isPartOf\":{\"@id\":\"https:\/\/www.ghostysky.com\/#website\"},\"primaryImageOfPage\":{\"@id\":\"https:\/\/www.ghostysky.com\/product\/smart-battery-h850-1-pcs-12-800mah-23-1v-hv-6s\/#primaryimage\"},\"image\":{\"@id\":\"https:\/\/www.ghostysky.com\/product\/smart-battery-h850-1-pcs-12-800mah-23-1v-hv-6s\/#primaryimage\"},\"thumbnailUrl\":\"https:\/\/www.ghostysky.com\/wp-content\/uploads\/2022\/07\/Battery_-H850-2MB_600x600.png\",\"datePublished\":\"2022-07-29T18:22:52+00:00\",\"dateModified\":\"2023-11-21T12:45:51+00:00\",\"description\":\"Yuneec H850 RTK Smart Battery flight battery 1\/Unit (12.800mAh\/23.1v\/HV\/6S)Two (2) flight batteries are required for operation in the H850 RTK!\",\"breadcrumb\":{\"@id\":\"https:\/\/www.ghostysky.com\/product\/smart-battery-h850-1-pcs-12-800mah-23-1v-hv-6s\/#breadcrumb\"},\"inLanguage\":\"pt-PT\",\"potentialAction\":[{\"@type\":\"ReadAction\",\"target\":[\"https:\/\/www.ghostysky.com\/product\/smart-battery-h850-1-pcs-12-800mah-23-1v-hv-6s\/\"]}]},{\"@type\":\"ImageObject\",\"inLanguage\":\"pt-PT\",\"@id\":\"https:\/\/www.ghostysky.com\/product\/smart-battery-h850-1-pcs-12-800mah-23-1v-hv-6s\/#primaryimage\",\"url\":\"https:\/\/www.ghostysky.com\/wp-content\/uploads\/2022\/07\/Battery_-H850-2MB_600x600.png\",\"contentUrl\":\"https:\/\/www.ghostysky.com\/wp-content\/uploads\/2022\/07\/Battery_-H850-2MB_600x600.png\",\"width\":517,\"height\":600},{\"@type\":\"BreadcrumbList\",\"@id\":\"https:\/\/www.ghostysky.com\/product\/smart-battery-h850-1-pcs-12-800mah-23-1v-hv-6s\/#breadcrumb\",\"itemListElement\":[{\"@type\":\"ListItem\",\"position\":1,\"name\":\"Home\",\"item\":\"https:\/\/www.ghostysky.com\/\"},{\"@type\":\"ListItem\",\"position\":2,\"name\":\"Shop\",\"item\":\"https:\/\/www.ghostysky.com\/shop\/\"},{\"@type\":\"ListItem\",\"position\":3,\"name\":\"Smart Battery H850 (1 unit)\"}]},{\"@type\":\"WebSite\",\"@id\":\"https:\/\/www.ghostysky.com\/#website\",\"url\":\"https:\/\/www.ghostysky.com\/\",\"name\":\"Ghostysky\",\"description\":\"Delivering professional drones and services\",\"publisher\":{\"@id\":\"https:\/\/www.ghostysky.com\/#organization\"},\"potentialAction\":[{\"@type\":\"SearchAction\",\"target\":{\"@type\":\"EntryPoint\",\"urlTemplate\":\"https:\/\/www.ghostysky.com\/?s={search_term_string}\"},\"query-input\":{\"@type\":\"PropertyValueSpecification\",\"valueRequired\":true,\"valueName\":\"search_term_string\"}}],\"inLanguage\":\"pt-PT\"},{\"@type\":\"Organization\",\"@id\":\"https:\/\/www.ghostysky.com\/#organization\",\"name\":\"Ghostysky\",\"url\":\"https:\/\/www.ghostysky.com\/\",\"logo\":{\"@type\":\"ImageObject\",\"inLanguage\":\"pt-PT\",\"@id\":\"https:\/\/www.ghostysky.com\/#\/schema\/logo\/image\/\",\"url\":\"https:\/\/www.ghostysky.com\/wp-content\/uploads\/2020\/06\/cropped-ghostyskylogo_text_white2.png\",\"contentUrl\":\"https:\/\/www.ghostysky.com\/wp-content\/uploads\/2020\/06\/cropped-ghostyskylogo_text_white2.png\",\"width\":169,\"height\":56,\"caption\":\"Ghostysky\"},\"image\":{\"@id\":\"https:\/\/www.ghostysky.com\/#\/schema\/logo\/image\/\"},\"sameAs\":[\"https:\/\/www.facebook.com\/people\/Ghostysky\/100057676170234\/\",\"https:\/\/x.com\/Gh0stysky\",\"https:\/\/www.linkedin.com\/company\/34739653\",\"https:\/\/www.instagram.com\/gh0stysky\"]}]}<\/script>\n<!-- \/ Yoast SEO plugin. -->","yoast_head_json":{"title":"Bateria Inteligente H850 (1 unidade) -","description":"Bateria de voo Yuneec H850 RTK Smart Battery 1\/Unidade (12.800mAh\/23.1v\/HV\/6S)Duas (2) baterias de voo s\u00e3o necess\u00e1rias para opera\u00e7\u00e3o no H850 RTK!","robots":{"index":"index","follow":"follow","max-snippet":"max-snippet:-1","max-image-preview":"max-image-preview:large","max-video-preview":"max-video-preview:-1"},"canonical":"https:\/\/www.ghostysky.com\/pt\/produto-2\/smart-battery-h850-1-pcs-12-800mah-23-1v-hv-6s\/","og_locale":"pt_PT","og_type":"article","og_title":"Smart Battery H850 (1 unit) -","og_description":"Yuneec H850 RTK Smart Battery flight battery 1\/Unit (12.800mAh\/23.1v\/HV\/6S)Two (2) flight batteries are required for operation in the H850 RTK!","og_url":"https:\/\/www.ghostysky.com\/pt\/produto-2\/smart-battery-h850-1-pcs-12-800mah-23-1v-hv-6s\/","og_site_name":"Ghostysky","article_publisher":"https:\/\/www.facebook.com\/people\/Ghostysky\/100057676170234\/","article_modified_time":"2023-11-21T12:45:51+00:00","og_image":[{"width":517,"height":600,"url":"https:\/\/www.ghostysky.com\/wp-content\/uploads\/2022\/07\/Battery_-H850-2MB_600x600.png","type":"image\/png"}],"twitter_card":"summary_large_image","twitter_site":"@Gh0stysky","twitter_misc":{"Tempo estimado de leitura":"1 minuto"},"schema":{"@context":"https:\/\/schema.org","@graph":[{"@type":"WebPage","@id":"https:\/\/www.ghostysky.com\/product\/smart-battery-h850-1-pcs-12-800mah-23-1v-hv-6s\/","url":"https:\/\/www.ghostysky.com\/product\/smart-battery-h850-1-pcs-12-800mah-23-1v-hv-6s\/","name":"Bateria Inteligente H850 (1 unidade) -","isPartOf":{"@id":"https:\/\/www.ghostysky.com\/#website"},"primaryImageOfPage":{"@id":"https:\/\/www.ghostysky.com\/product\/smart-battery-h850-1-pcs-12-800mah-23-1v-hv-6s\/#primaryimage"},"image":{"@id":"https:\/\/www.ghostysky.com\/product\/smart-battery-h850-1-pcs-12-800mah-23-1v-hv-6s\/#primaryimage"},"thumbnailUrl":"https:\/\/www.ghostysky.com\/wp-content\/uploads\/2022\/07\/Battery_-H850-2MB_600x600.png","datePublished":"2022-07-29T18:22:52+00:00","dateModified":"2023-11-21T12:45:51+00:00","description":"Bateria de voo Yuneec H850 RTK Smart Battery 1\/Unidade (12.800mAh\/23.1v\/HV\/6S)Duas (2) baterias de voo s\u00e3o necess\u00e1rias para opera\u00e7\u00e3o no H850 RTK!","breadcrumb":{"@id":"https:\/\/www.ghostysky.com\/product\/smart-battery-h850-1-pcs-12-800mah-23-1v-hv-6s\/#breadcrumb"},"inLanguage":"pt-PT","potentialAction":[{"@type":"ReadAction","target":["https:\/\/www.ghostysky.com\/product\/smart-battery-h850-1-pcs-12-800mah-23-1v-hv-6s\/"]}]},{"@type":"ImageObject","inLanguage":"pt-PT","@id":"https:\/\/www.ghostysky.com\/product\/smart-battery-h850-1-pcs-12-800mah-23-1v-hv-6s\/#primaryimage","url":"https:\/\/www.ghostysky.com\/wp-content\/uploads\/2022\/07\/Battery_-H850-2MB_600x600.png","contentUrl":"https:\/\/www.ghostysky.com\/wp-content\/uploads\/2022\/07\/Battery_-H850-2MB_600x600.png","width":517,"height":600},{"@type":"BreadcrumbList","@id":"https:\/\/www.ghostysky.com\/product\/smart-battery-h850-1-pcs-12-800mah-23-1v-hv-6s\/#breadcrumb","itemListElement":[{"@type":"ListItem","position":1,"name":"Home","item":"https:\/\/www.ghostysky.com\/"},{"@type":"ListItem","position":2,"name":"Shop","item":"https:\/\/www.ghostysky.com\/shop\/"},{"@type":"ListItem","position":3,"name":"Smart Battery H850 (1 unit)"}]},{"@type":"WebSite","@id":"https:\/\/www.ghostysky.com\/#website","url":"https:\/\/www.ghostysky.com\/","name":"Ghostysky","description":"Fornecendo drones e servi\u00e7os profissionais","publisher":{"@id":"https:\/\/www.ghostysky.com\/#organization"},"potentialAction":[{"@type":"SearchAction","target":{"@type":"EntryPoint","urlTemplate":"https:\/\/www.ghostysky.com\/?s={search_term_string}"},"query-input":{"@type":"PropertyValueSpecification","valueRequired":true,"valueName":"search_term_string"}}],"inLanguage":"pt-PT"},{"@type":"Organization","@id":"https:\/\/www.ghostysky.com\/#organization","name":"Ghostysky","url":"https:\/\/www.ghostysky.com\/","logo":{"@type":"ImageObject","inLanguage":"pt-PT","@id":"https:\/\/www.ghostysky.com\/#\/schema\/logo\/image\/","url":"https:\/\/www.ghostysky.com\/wp-content\/uploads\/2020\/06\/cropped-ghostyskylogo_text_white2.png","contentUrl":"https:\/\/www.ghostysky.com\/wp-content\/uploads\/2020\/06\/cropped-ghostyskylogo_text_white2.png","width":169,"height":56,"caption":"Ghostysky"},"image":{"@id":"https:\/\/www.ghostysky.com\/#\/schema\/logo\/image\/"},"sameAs":["https:\/\/www.facebook.com\/people\/Ghostysky\/100057676170234\/","https:\/\/x.com\/Gh0stysky","https:\/\/www.linkedin.com\/company\/34739653","https:\/\/www.instagram.com\/gh0stysky"]}]}},"_links":{"self":[{"href":"https:\/\/www.ghostysky.com\/pt\/wp-json\/wp\/v2\/product\/7793","targetHints":{"allow":["GET"]}}],"collection":[{"href":"https:\/\/www.ghostysky.com\/pt\/wp-json\/wp\/v2\/product"}],"about":[{"href":"https:\/\/www.ghostysky.com\/pt\/wp-json\/wp\/v2\/types\/product"}],"replies":[{"embeddable":true,"href":"https:\/\/www.ghostysky.com\/pt\/wp-json\/wp\/v2\/comments?post=7793"}],"wp:featuredmedia":[{"embeddable":true,"href":"https:\/\/www.ghostysky.com\/pt\/wp-json\/wp\/v2\/media\/7763"}],"wp:attachment":[{"href":"https:\/\/www.ghostysky.com\/pt\/wp-json\/wp\/v2\/media?parent=7793"}],"wp:term":[{"taxonomy":"product_brand","embeddable":true,"href":"https:\/\/www.ghostysky.com\/pt\/wp-json\/wp\/v2\/product_brand?post=7793"},{"taxonomy":"product_cat","embeddable":true,"href":"https:\/\/www.ghostysky.com\/pt\/wp-json\/wp\/v2\/product_cat?post=7793"},{"taxonomy":"product_tag","embeddable":true,"href":"https:\/\/www.ghostysky.com\/pt\/wp-json\/wp\/v2\/product_tag?post=7793"}],"curies":[{"name":"wp","href":"https:\/\/api.w.org\/{rel}","templated":true}]}}