{"id":7917,"date":"2022-08-01T15:43:19","date_gmt":"2022-08-01T15:43:19","guid":{"rendered":"https:\/\/www.ghostysky.com\/?post_type=product&#038;p=7917"},"modified":"2026-01-21T11:22:22","modified_gmt":"2026-01-21T11:22:22","slug":"emlid-reach-rs2-gnss-receiver","status":"publish","type":"product","link":"https:\/\/www.ghostysky.com\/pt\/product\/emlid-reach-rs2-gnss-receiver\/","title":{"rendered":"Receptor Emlid GNSS Reach RS2+"},"content":{"rendered":"<div class=\"nm-row nm-row-full vc_row wpb_row\">\n<div class=\"nm_column wpb_column vc_column_container col-sm-6 col-xs-6\">\n<div class=\"vc_column-inner\">\n<div class=\"wpb_wrapper\">\n<div class=\"wpb_raw_code wpb_content_element wpb_raw_html\"><\/div>\n<\/div>\n<\/div>\n<\/div>\n<\/div>\n<div class=\"nm-row nm-row-full vc_row wpb_row\">\n<div class=\"nm_column wpb_column vc_column_container col-sm-6 col-xs-6\">\n<div class=\"vc_column-inner\">\n<div class=\"wpb_wrapper\">\n<h3 class=\"vc_empty_space\" style=\"text-align: left;\"><strong>ESPECIFICA\u00c7\u00d5ES T\u00c9CNICAS<\/strong><\/h3>\n<\/div>\n<\/div>\n<\/div>\n<\/div>\n<div class=\"nm-row nm-row-full vc_row wpb_row\">\n<div class=\"nm_column wpb_column vc_column_container col-sm-12\">\n<div class=\"vc_column-inner\">\n<div class=\"col-xs-12 col-md-6 col-lg-4 mt-30px\">\n<p class=\"h4\"><strong>Mec\u00e2nica<\/strong><\/p>\n<ul>\n<li>Dimens\u00f5es: 126 x 126 x 142 mil\u00edmetros<\/li>\n<li>Peso: 950g<\/li>\n<li>T\u00ba de funcionamento: -20 a +65 \u00baC<\/li>\n<li>Prote\u00e7\u00e3o de entrada: IP67<\/li>\n<\/ul>\n<\/div>\n<div class=\"col-xs-12 col-md-6 col-lg-4 mt-30px\">\n<p class=\"h4\"><strong>Electr\u00f3nica<\/strong><\/p>\n<ul>\n<li>Autonomia: 16 horas como rover LTE RTK,<br \/>\n22 horas em log<\/li>\n<li>Bateria: LiFePO4 6400 mAh, 6,4 V<\/li>\n<li>Entrada de energia externa: 6\u201340 V<\/li>\n<li>Carregamento: USB tipo C 5 V, 2 A<\/li>\n<li>Certifica\u00e7\u00e3o: FCC, CE<\/li>\n<\/ul>\n<\/div>\n<div class=\"col-xs-12 col-md-6 col-lg-4 mt-30px\">\n<p class=\"h4\"><strong>Posicionamento<\/strong><\/p>\n<ul>\n<li>Est\u00e1ticoH: 4 mm + 0,5 ppm<br \/>\nV: 8 mm + 1 ppm<\/li>\n<li>PPKH: 5 mm + 0,5 ppm<br \/>\nV: 10 mm + 1 ppm<\/li>\n<li>RTKH: 7 mm + 1 ppm<br \/>\nV: 14 mm + 1 ppm<\/li>\n<li>Tempo de converg\u00eancia ~ 5 s normalmente<\/li>\n<\/ul>\n<\/div>\n<div class=\"col-xs-12 col-md-6 col-lg-4 mt-30px\">\n<p class=\"h4\"><strong>Conectividade<\/strong><\/p>\n<ul>\n<li class=\"no-border\">R\u00e1dio LoRa<\/li>\n<li class=\"no-border sub-spec\">Faixa de frequ\u00eancia: 868\/915 MHz<\/li>\n<li class=\"no-border sub-spec\">Pot\u00eancia: 0,1 W<\/li>\n<li class=\"sub-spec\">Dist\u00e2ncia: At\u00e9 8 km<\/li>\n<li class=\"no-border\">Modem LTE<\/li>\n<li class=\"no-border sub-spec\">Regi\u00f5es: Global<\/li>\n<li class=\"no-border sub-spec\">Bandas: FDD-LTE: 1,2,3,4,5,7,<br \/>\n8, 12, 13, 18, 19, 20,<br \/>\n26, 28, 66<br \/>\nTD-LTE: 38,40,41<br \/>\nUMTS (WCDMA\/FDD):<br \/>\n1,3,2,4,5,6, 8,19<br \/>\nQuad-band, 850\/1900,<br \/>\n900\/1800MHz<\/li>\n<li class=\"sub-spec\">SIM: cart\u00e3o Nano-SIM<\/li>\n<li>Wi-Fi 802.11 b\/g\/n<\/li>\n<li>Bluetooth: 4.0\/2.1 EDR<\/li>\n<li>Portas: RS-232, USB Tipo-C<\/li>\n<\/ul>\n<\/div>\n<div class=\"col-xs-12 col-md-6 col-lg-4 mt-30px\">\n<p class=\"h4\"><strong>Dados<\/strong><\/p>\n<ul>\n<li>Corre\u00e7\u00f5es: NTRIP, RTCM3<\/li>\n<li>Sa\u00edda de posi\u00e7\u00e3o: NMEA, LLH\/XYZ<\/li>\n<li>Registro de dados: RINEX<\/li>\n<li>Armazenamento interno: 16 GB<br \/>\nMais de 160 dias de registro em 1 Hz<\/li>\n<\/ul>\n<\/div>\n<div class=\"col-xs-12 col-md-6 col-lg-4 mt-30px\">\n<p class=\"h4\"><strong>GNSS<\/strong><\/p>\n<ul>\n<li>Constela\u00e7\u00f5es: GPS\/QZSS L1C\/A, L2C<br \/>\nGLONASS L1OF, L2OF<br \/>\nBeiDou B1I, B2I<br \/>\nGalileu E1B\/C, E5b<\/li>\n<li>N\u00famero de canais: 184<\/li>\n<li>Atualiza\u00e7\u00e3o: taxa sup para 10 Hz<\/li>\n<li>IMU9DOF<\/li>\n<\/ul>\n<\/div>\n<\/div>\n<div><\/div>\n<h3 class=\"vc_empty_space\"><strong>NA CAIXA<\/strong><\/h3>\n<\/div>\n<\/div>\n<div class=\"nm-row nm-row-full vc_row wpb_row\">\n<div class=\"nm_column wpb_column vc_column_container col-sm-12\">\n<div class=\"vc_column-inner\">\n<div class=\"wpb_wrapper\">\n<div class=\"wpb_text_column wpb_content_element\">\n<div class=\"wpb_wrapper\">\n<p>- Reach RS2+<br \/>\n- Mala de transporte com al\u00e7a<br \/>\n\u2013 Antena de r\u00e1dio<br \/>\n- Cabo USB tipo C<\/p>\n<\/div>\n<\/div>\n<\/div>\n<\/div>\n<\/div>\n<\/div>","protected":false},"excerpt":{"rendered":"<h3>Receptor GNSS RTK multibanda de precis\u00e3o centim\u00e9trica<\/h3>\n<p>Para levantamento, mapeamento e navega\u00e7\u00e3o. Vem com uma aplica\u00e7\u00e3o m\u00f3vel, o ReachView3.<\/p>\n<ul>\n<li><strong>GNSS<\/strong> -GPS\/QZSS, GLONASS L1, L2; BeiDou B1, B2; Galileu E1, E5<\/li>\n<li><strong>R\u00e1dio de longo alcance<\/strong> \u2013 LoRa 868\/915 MHz, alcance de at\u00e9 8 km<\/li>\n<li><strong>16 horas como rover LTE RTK<\/strong> \u2013 Bateria LiFePO4, entrada 6\u201340V, carregamento USB tipo C<\/li>\n<li><strong>Wi-Fi e Bluetooth<\/strong> \u2013 Para conex\u00e3o com outros dispositivos<\/li>\n<\/ul>","protected":false},"featured_media":16746,"comment_status":"open","ping_status":"closed","template":"","meta":[],"product_brand":[],"product_cat":[89,365],"product_tag":[58,1027,95],"class_list":{"0":"post-7917","1":"product","2":"type-product","3":"status-publish","4":"has-post-thumbnail","6":"product_cat-emlid","7":"product_cat-receivers-emlid","8":"product_tag-emlid","9":"product_tag-emlid-rs-series","10":"product_tag-rs2","12":"first","13":"onbackorder","14":"sale","15":"taxable","16":"shipping-taxable","17":"purchasable","18":"product-type-simple"},"yoast_head":"<!-- This site is optimized with the Yoast SEO plugin v27.4 - https:\/\/yoast.com\/product\/yoast-seo-wordpress\/ -->\n<title>Emlid Reach RS2+ GNSS Receiver -<\/title>\n<meta name=\"description\" content=\"Multi-band RTK GNSS receiver with centimeter precision\" \/>\n<meta name=\"robots\" content=\"index, follow, max-snippet:-1, max-image-preview:large, max-video-preview:-1\" \/>\n<link rel=\"canonical\" href=\"https:\/\/www.ghostysky.com\/pt\/produto-2\/emlid-reach-rs2-gnss-receiver\/\" \/>\n<meta property=\"og:locale\" content=\"pt_PT\" \/>\n<meta property=\"og:type\" content=\"article\" \/>\n<meta property=\"og:title\" content=\"Emlid Reach RS2+ GNSS Receiver -\" \/>\n<meta property=\"og:description\" content=\"Multi-band RTK GNSS receiver with centimeter precision\" \/>\n<meta property=\"og:url\" content=\"https:\/\/www.ghostysky.com\/pt\/produto-2\/emlid-reach-rs2-gnss-receiver\/\" \/>\n<meta property=\"og:site_name\" content=\"Ghostysky\" \/>\n<meta property=\"article:publisher\" content=\"https:\/\/www.facebook.com\/people\/Ghostysky\/100057676170234\/\" \/>\n<meta property=\"article:modified_time\" content=\"2026-01-21T11:22:22+00:00\" \/>\n<meta property=\"og:image\" content=\"https:\/\/www.ghostysky.com\/wp-content\/uploads\/2023\/11\/Front-RS2-render.jpg\" \/>\n\t<meta property=\"og:image:width\" content=\"1600\" \/>\n\t<meta property=\"og:image:height\" content=\"1600\" \/>\n\t<meta property=\"og:image:type\" content=\"image\/jpeg\" \/>\n<meta name=\"twitter:card\" content=\"summary_large_image\" \/>\n<meta name=\"twitter:site\" content=\"@Gh0stysky\" \/>\n<meta name=\"twitter:label1\" content=\"Tempo estimado de leitura\" \/>\n\t<meta name=\"twitter:data1\" content=\"2 minutos\" \/>\n<script type=\"application\/ld+json\" class=\"yoast-schema-graph\">{\"@context\":\"https:\\\/\\\/schema.org\",\"@graph\":[{\"@type\":\"WebPage\",\"@id\":\"https:\\\/\\\/www.ghostysky.com\\\/product\\\/emlid-reach-rs2-gnss-receiver\\\/\",\"url\":\"https:\\\/\\\/www.ghostysky.com\\\/product\\\/emlid-reach-rs2-gnss-receiver\\\/\",\"name\":\"Emlid Reach RS2+ GNSS Receiver -\",\"isPartOf\":{\"@id\":\"https:\\\/\\\/www.ghostysky.com\\\/#website\"},\"primaryImageOfPage\":{\"@id\":\"https:\\\/\\\/www.ghostysky.com\\\/product\\\/emlid-reach-rs2-gnss-receiver\\\/#primaryimage\"},\"image\":{\"@id\":\"https:\\\/\\\/www.ghostysky.com\\\/product\\\/emlid-reach-rs2-gnss-receiver\\\/#primaryimage\"},\"thumbnailUrl\":\"https:\\\/\\\/www.ghostysky.com\\\/wp-content\\\/uploads\\\/2023\\\/11\\\/Front-RS2-render.jpg\",\"datePublished\":\"2022-08-01T15:43:19+00:00\",\"dateModified\":\"2026-01-21T11:22:22+00:00\",\"description\":\"Multi-band RTK GNSS receiver with centimeter precision\",\"breadcrumb\":{\"@id\":\"https:\\\/\\\/www.ghostysky.com\\\/product\\\/emlid-reach-rs2-gnss-receiver\\\/#breadcrumb\"},\"inLanguage\":\"pt-PT\",\"potentialAction\":[{\"@type\":\"ReadAction\",\"target\":[\"https:\\\/\\\/www.ghostysky.com\\\/product\\\/emlid-reach-rs2-gnss-receiver\\\/\"]}]},{\"@type\":\"ImageObject\",\"inLanguage\":\"pt-PT\",\"@id\":\"https:\\\/\\\/www.ghostysky.com\\\/product\\\/emlid-reach-rs2-gnss-receiver\\\/#primaryimage\",\"url\":\"https:\\\/\\\/www.ghostysky.com\\\/wp-content\\\/uploads\\\/2023\\\/11\\\/Front-RS2-render.jpg\",\"contentUrl\":\"https:\\\/\\\/www.ghostysky.com\\\/wp-content\\\/uploads\\\/2023\\\/11\\\/Front-RS2-render.jpg\",\"width\":1600,\"height\":1600},{\"@type\":\"BreadcrumbList\",\"@id\":\"https:\\\/\\\/www.ghostysky.com\\\/product\\\/emlid-reach-rs2-gnss-receiver\\\/#breadcrumb\",\"itemListElement\":[{\"@type\":\"ListItem\",\"position\":1,\"name\":\"Home\",\"item\":\"https:\\\/\\\/www.ghostysky.com\\\/\"},{\"@type\":\"ListItem\",\"position\":2,\"name\":\"Shop\",\"item\":\"https:\\\/\\\/www.ghostysky.com\\\/shop\\\/\"},{\"@type\":\"ListItem\",\"position\":3,\"name\":\"Emlid Reach RS2+ GNSS Receiver\"}]},{\"@type\":\"WebSite\",\"@id\":\"https:\\\/\\\/www.ghostysky.com\\\/#website\",\"url\":\"https:\\\/\\\/www.ghostysky.com\\\/\",\"name\":\"Ghostysky\",\"description\":\"Delivering professional drones and robotics solutions\",\"publisher\":{\"@id\":\"https:\\\/\\\/www.ghostysky.com\\\/#organization\"},\"potentialAction\":[{\"@type\":\"SearchAction\",\"target\":{\"@type\":\"EntryPoint\",\"urlTemplate\":\"https:\\\/\\\/www.ghostysky.com\\\/?s={search_term_string}\"},\"query-input\":{\"@type\":\"PropertyValueSpecification\",\"valueRequired\":true,\"valueName\":\"search_term_string\"}}],\"inLanguage\":\"pt-PT\"},{\"@type\":\"Organization\",\"@id\":\"https:\\\/\\\/www.ghostysky.com\\\/#organization\",\"name\":\"Ghostysky\",\"url\":\"https:\\\/\\\/www.ghostysky.com\\\/\",\"logo\":{\"@type\":\"ImageObject\",\"inLanguage\":\"pt-PT\",\"@id\":\"https:\\\/\\\/www.ghostysky.com\\\/#\\\/schema\\\/logo\\\/image\\\/\",\"url\":\"https:\\\/\\\/www.ghostysky.com\\\/wp-content\\\/uploads\\\/2020\\\/06\\\/cropped-ghostyskylogo_text_white2.png\",\"contentUrl\":\"https:\\\/\\\/www.ghostysky.com\\\/wp-content\\\/uploads\\\/2020\\\/06\\\/cropped-ghostyskylogo_text_white2.png\",\"width\":169,\"height\":56,\"caption\":\"Ghostysky\"},\"image\":{\"@id\":\"https:\\\/\\\/www.ghostysky.com\\\/#\\\/schema\\\/logo\\\/image\\\/\"},\"sameAs\":[\"https:\\\/\\\/www.facebook.com\\\/people\\\/Ghostysky\\\/100057676170234\\\/\",\"https:\\\/\\\/x.com\\\/Gh0stysky\",\"https:\\\/\\\/www.linkedin.com\\\/company\\\/34739653\",\"https:\\\/\\\/www.instagram.com\\\/gh0stysky\"]}]}<\/script>\n<!-- \/ Yoast SEO plugin. -->","yoast_head_json":{"title":"Receptor GNSS Emlid Reach RS2+ -","description":"Receptor GNSS RTK multibanda de precis\u00e3o centim\u00e9trica","robots":{"index":"index","follow":"follow","max-snippet":"max-snippet:-1","max-image-preview":"max-image-preview:large","max-video-preview":"max-video-preview:-1"},"canonical":"https:\/\/www.ghostysky.com\/pt\/produto-2\/emlid-reach-rs2-gnss-receiver\/","og_locale":"pt_PT","og_type":"article","og_title":"Emlid Reach RS2+ GNSS Receiver -","og_description":"Multi-band RTK GNSS receiver with centimeter precision","og_url":"https:\/\/www.ghostysky.com\/pt\/produto-2\/emlid-reach-rs2-gnss-receiver\/","og_site_name":"Ghostysky","article_publisher":"https:\/\/www.facebook.com\/people\/Ghostysky\/100057676170234\/","article_modified_time":"2026-01-21T11:22:22+00:00","og_image":[{"width":1600,"height":1600,"url":"https:\/\/www.ghostysky.com\/wp-content\/uploads\/2023\/11\/Front-RS2-render.jpg","type":"image\/jpeg"}],"twitter_card":"summary_large_image","twitter_site":"@Gh0stysky","twitter_misc":{"Tempo estimado de leitura":"2 minutos"},"schema":{"@context":"https:\/\/schema.org","@graph":[{"@type":"WebPage","@id":"https:\/\/www.ghostysky.com\/product\/emlid-reach-rs2-gnss-receiver\/","url":"https:\/\/www.ghostysky.com\/product\/emlid-reach-rs2-gnss-receiver\/","name":"Receptor GNSS Emlid Reach RS2+ -","isPartOf":{"@id":"https:\/\/www.ghostysky.com\/#website"},"primaryImageOfPage":{"@id":"https:\/\/www.ghostysky.com\/product\/emlid-reach-rs2-gnss-receiver\/#primaryimage"},"image":{"@id":"https:\/\/www.ghostysky.com\/product\/emlid-reach-rs2-gnss-receiver\/#primaryimage"},"thumbnailUrl":"https:\/\/www.ghostysky.com\/wp-content\/uploads\/2023\/11\/Front-RS2-render.jpg","datePublished":"2022-08-01T15:43:19+00:00","dateModified":"2026-01-21T11:22:22+00:00","description":"Receptor GNSS RTK multibanda de precis\u00e3o centim\u00e9trica","breadcrumb":{"@id":"https:\/\/www.ghostysky.com\/product\/emlid-reach-rs2-gnss-receiver\/#breadcrumb"},"inLanguage":"pt-PT","potentialAction":[{"@type":"ReadAction","target":["https:\/\/www.ghostysky.com\/product\/emlid-reach-rs2-gnss-receiver\/"]}]},{"@type":"ImageObject","inLanguage":"pt-PT","@id":"https:\/\/www.ghostysky.com\/product\/emlid-reach-rs2-gnss-receiver\/#primaryimage","url":"https:\/\/www.ghostysky.com\/wp-content\/uploads\/2023\/11\/Front-RS2-render.jpg","contentUrl":"https:\/\/www.ghostysky.com\/wp-content\/uploads\/2023\/11\/Front-RS2-render.jpg","width":1600,"height":1600},{"@type":"BreadcrumbList","@id":"https:\/\/www.ghostysky.com\/product\/emlid-reach-rs2-gnss-receiver\/#breadcrumb","itemListElement":[{"@type":"ListItem","position":1,"name":"Home","item":"https:\/\/www.ghostysky.com\/"},{"@type":"ListItem","position":2,"name":"Shop","item":"https:\/\/www.ghostysky.com\/shop\/"},{"@type":"ListItem","position":3,"name":"Emlid Reach RS2+ GNSS Receiver"}]},{"@type":"WebSite","@id":"https:\/\/www.ghostysky.com\/#website","url":"https:\/\/www.ghostysky.com\/","name":"Ghostysky","description":"Fornecendo solu\u00e7\u00f5es profissionais em drones e rob\u00f3tica.","publisher":{"@id":"https:\/\/www.ghostysky.com\/#organization"},"potentialAction":[{"@type":"SearchAction","target":{"@type":"EntryPoint","urlTemplate":"https:\/\/www.ghostysky.com\/?s={search_term_string}"},"query-input":{"@type":"PropertyValueSpecification","valueRequired":true,"valueName":"search_term_string"}}],"inLanguage":"pt-PT"},{"@type":"Organization","@id":"https:\/\/www.ghostysky.com\/#organization","name":"Ghostysky","url":"https:\/\/www.ghostysky.com\/","logo":{"@type":"ImageObject","inLanguage":"pt-PT","@id":"https:\/\/www.ghostysky.com\/#\/schema\/logo\/image\/","url":"https:\/\/www.ghostysky.com\/wp-content\/uploads\/2020\/06\/cropped-ghostyskylogo_text_white2.png","contentUrl":"https:\/\/www.ghostysky.com\/wp-content\/uploads\/2020\/06\/cropped-ghostyskylogo_text_white2.png","width":169,"height":56,"caption":"Ghostysky"},"image":{"@id":"https:\/\/www.ghostysky.com\/#\/schema\/logo\/image\/"},"sameAs":["https:\/\/www.facebook.com\/people\/Ghostysky\/100057676170234\/","https:\/\/x.com\/Gh0stysky","https:\/\/www.linkedin.com\/company\/34739653","https:\/\/www.instagram.com\/gh0stysky"]}]}},"_links":{"self":[{"href":"https:\/\/www.ghostysky.com\/pt\/wp-json\/wp\/v2\/product\/7917","targetHints":{"allow":["GET"]}}],"collection":[{"href":"https:\/\/www.ghostysky.com\/pt\/wp-json\/wp\/v2\/product"}],"about":[{"href":"https:\/\/www.ghostysky.com\/pt\/wp-json\/wp\/v2\/types\/product"}],"replies":[{"embeddable":true,"href":"https:\/\/www.ghostysky.com\/pt\/wp-json\/wp\/v2\/comments?post=7917"}],"version-history":[{"count":0,"href":"https:\/\/www.ghostysky.com\/pt\/wp-json\/wp\/v2\/product\/7917\/revisions"}],"wp:featuredmedia":[{"embeddable":true,"href":"https:\/\/www.ghostysky.com\/pt\/wp-json\/wp\/v2\/media\/16746"}],"wp:attachment":[{"href":"https:\/\/www.ghostysky.com\/pt\/wp-json\/wp\/v2\/media?parent=7917"}],"wp:term":[{"taxonomy":"product_brand","embeddable":true,"href":"https:\/\/www.ghostysky.com\/pt\/wp-json\/wp\/v2\/product_brand?post=7917"},{"taxonomy":"product_cat","embeddable":true,"href":"https:\/\/www.ghostysky.com\/pt\/wp-json\/wp\/v2\/product_cat?post=7917"},{"taxonomy":"product_tag","embeddable":true,"href":"https:\/\/www.ghostysky.com\/pt\/wp-json\/wp\/v2\/product_tag?post=7917"}],"curies":[{"name":"wp","href":"https:\/\/api.w.org\/{rel}","templated":true}]}}