{"id":8489,"date":"2022-08-12T07:43:45","date_gmt":"2022-08-12T07:43:45","guid":{"rendered":"https:\/\/www.ghostysky.com\/?post_type=product&#038;p=8489"},"modified":"2025-10-14T11:36:33","modified_gmt":"2025-10-14T11:36:33","slug":"lidar-for-h850-incl-mount-gairhawk-lidar-100c","status":"publish","type":"product","link":"https:\/\/www.ghostysky.com\/pt\/product\/lidar-for-h850-incl-mount-gairhawk-lidar-100c\/","title":{"rendered":"Lidar GS-100C+"},"content":{"rendered":"<p><strong>Longo Alcance de Detec\u00e7\u00e3o<\/strong><br \/>\nO Livox Avia ajusta o seu alcance de detec\u00e7\u00e3o de acordo com a intensidade da luz, mantendo o ru\u00eddo a um n\u00edvel baixo. O alcance de detec\u00e7\u00e3o aumenta para 450m em ambiente de condi\u00e7\u00f5es de pouca luz (tal como num dia nublado, em ambientes fechados ou \u00e0 noite), garantindo que objectos distantes sejam capturados ao detalhe.<\/p>\n<p><img decoding=\"async\" class=\"lazyi lazyload\" src=\"data:image\/gif;base64,R0lGODlhAQABAAAAACH5BAEKAAEALAAAAAABAAEAAAICTAEAOw==\" alt=\"Geosun-100C 100m AGL integrou o sistema LiDAR do UAV do sensor do laser de DJI L1 0\" data-src=\"https:\/\/www.geosunlidar.com\/photo\/geosunlidar\/editor\/20210105105615_23331.png\"><\/p>\n<p>&nbsp;<\/p>\n<p><strong>Modo de digitaliza\u00e7\u00e3o dupla<\/strong><br \/>\nA utiliza\u00e7\u00e3o do laser multilinha e varredura de alta velocidade permitem que o Livox Avia atinja uma taxa de at\u00e9 240.000 pontos\/s para nuvens de pontos. O dispositivo de alto desempenho est\u00e1 equipado com modos de varredura de repeti\u00e7\u00e3o mas tamb\u00e9m n\u00e3o-repetitivos, para atender \u00e0s necessidades de diferentes cen\u00e1rios.<br \/>\n<img decoding=\"async\" class=\"lazyi lazyload\" src=\"data:image\/gif;base64,R0lGODlhAQABAAAAACH5BAEKAAEALAAAAAABAAEAAAICTAEAOw==\" alt=\"Geosun-100C 100m AGL integrou o sistema LiDAR do UAV do sensor do laser de DJI L1 1\" data-src=\"https:\/\/www.geosunlidar.com\/photo\/geosunlidar\/editor\/20210105105805_80843.png\"><\/p>\n<p>&nbsp;<\/p>\n<p><strong>Especifica\u00e7\u00f5es<\/strong><\/p>\n<table border=\"1\" cellspacing=\"0\" cellpadding=\"0\">\n<tbody>\n<tr>\n<td colspan=\"3\">gAirHawk GS-100C<\/td>\n<\/tr>\n<tr>\n<td><\/td>\n<td>Nome do item<\/td>\n<td>Par\u00e2metro do sistema<\/td>\n<\/tr>\n<tr>\n<td rowspan=\"7\">\n<p align=\"center\">GS-100C+<\/p>\n<p align=\"center\">Par\u00e2metro<\/p>\n<\/td>\n<td>Peso<\/td>\n<td>\u00a01022G<\/td>\n<\/tr>\n<tr>\n<td>Precis\u00e3o de medi\u00e7\u00e3o<\/td>\n<td>Menos de 15 cm (100 m AGL)<\/td>\n<\/tr>\n<tr>\n<td>Faixa de pot\u00eancia<\/td>\n<td>12V~16V<\/td>\n<\/tr>\n<tr>\n<td>Temperatura de trabalho<\/td>\n<td>-20\u2103~+55\u2103<\/td>\n<\/tr>\n<tr>\n<td>Consumo<\/td>\n<td>M\u00e9dia 20W<\/td>\n<\/tr>\n<tr>\n<td>Plataforma de suporte<\/td>\n<td>DJI M300 RTK (modo RTK)<\/td>\n<\/tr>\n<tr>\n<td>Armazenamento<\/td>\n<td>Armazenamento de 64 GB, suporte m\u00e1ximo para cart\u00e3o TF de 128 GB<\/td>\n<\/tr>\n<tr>\n<td rowspan=\"8\">\n<p align=\"center\">Unidade Lidar<\/p>\n<p align=\"center\">\n<\/td>\n<td>Modelo a laser<\/td>\n<td>Livox Avia<\/td>\n<\/tr>\n<tr>\n<td>Faixa de medi\u00e7\u00e3o<\/td>\n<td>190m@10% Refletividade<\/td>\n<\/tr>\n<tr>\n<td>Classe do laser<\/td>\n<td>905nm Classe1 (IEC 60825-1:2014)<\/td>\n<\/tr>\n<tr>\n<td>N\u00fameros da linha do laser<\/td>\n<td>Equivalente a 64 feixes<\/td>\n<\/tr>\n<tr>\n<td>Misturar. variar<\/td>\n<td>0,3 M<\/td>\n<\/tr>\n<tr>\n<td>Precis\u00e3o de alcance<\/td>\n<td>2 cm<\/td>\n<\/tr>\n<tr>\n<td>Dados<\/td>\n<td>Eco triplo, 720.000 pontos\/seg<\/td>\n<\/tr>\n<tr>\n<td>FOV<\/td>\n<td>70\u00b0 a vista circular<\/td>\n<\/tr>\n<tr>\n<td rowspan=\"7\">\u00a0 \u00a0 \u00a0Unidade POS<\/td>\n<td>Tipo de PDV<\/td>\n<td>AG 302<\/td>\n<\/tr>\n<tr>\n<td>Frequ\u00eancia de actualiza\u00e7\u00e3o<\/td>\n<td>200Hz<\/td>\n<\/tr>\n<tr>\n<td>Precis\u00e3o do rumo<\/td>\n<td>0,040\u00b0<\/td>\n<\/tr>\n<tr>\n<td>Precis\u00e3o de afina\u00e7\u00e3o<\/td>\n<td>0,015\u00b0<\/td>\n<\/tr>\n<tr>\n<td>Precis\u00e3o de rolling<\/td>\n<td>0,015\u00b0<\/td>\n<\/tr>\n<tr>\n<td>Precis\u00e3o da posi\u00e7\u00e3o<\/td>\n<td>0,02 - 0,05 m<\/td>\n<\/tr>\n<tr>\n<td>Tipo de sinal GNSS<\/td>\n<td>GPSL1\/L2\/L5 GLONASSL1\/L2 BDS B1\/B2\/B3 GAL E1\/E5a\/5b<\/td>\n<\/tr>\n<tr>\n<td rowspan=\"2\">Software de pr\u00e9-processamento<\/td>\n<td>Software PDV<\/td>\n<td>Informa\u00e7\u00f5es de sa\u00edda: posi\u00e7\u00e3o, velocidade, atitude<\/td>\n<\/tr>\n<tr>\n<td>Software de nuvem de pontos<\/td>\n<td>Formato de dados de nuvem de pontos de sa\u00edda: formato LAS, formato TXT personalizado<\/td>\n<\/tr>\n<tr>\n<td rowspan=\"3\">C\u00e2mera embutida<\/td>\n<td>FOV<\/td>\n<td>83 graus<\/td>\n<\/tr>\n<tr>\n<td>Pixel efetivo<\/td>\n<td>26 Megapixels<\/td>\n<\/tr>\n<tr>\n<td>Evento accionador<\/td>\n<td>Disparador por dist\u00e2ncia ou tempo<\/td>\n<\/tr>\n<\/tbody>\n<\/table>\n<p>&nbsp;<\/p>\n<p><strong>Aplica\u00e7\u00e3o para levantamento e mapeamento<\/strong><\/p>\n<p><strong><img decoding=\"async\" class=\"lazyi lazyload\" src=\"data:image\/gif;base64,R0lGODlhAQABAAAAACH5BAEKAAEALAAAAAABAAEAAAICTAEAOw==\" alt=\"Geosun-100C 100m AGL integrou o sistema LiDAR do UAV do sensor do laser de DJI L1 2\" data-src=\"https:\/\/www.geosunlidar.com\/test\/geosunlidar.com\/photo\/pl94491442-remark.jpg\"><img decoding=\"async\" class=\"lazyi lazyload\" src=\"data:image\/gif;base64,R0lGODlhAQABAAAAACH5BAEKAAEALAAAAAABAAEAAAICTAEAOw==\" alt=\"Geosun-100C 100m AGL integrou o sistema LiDAR do UAV do sensor do laser de DJI L1 3\" data-src=\"https:\/\/www.geosunlidar.com\/test\/geosunlidar.com\/photo\/pl94491441-remark.jpg\"><\/strong><\/p>\n<p>&nbsp;<\/p>\n<p>&nbsp;<\/p>\n<p><b>Pacote\u00a0<\/b><\/p>\n<p>\u00c9 embalado numa mala com forro de material EVA e coberto por caixa de papel\u00e3o.<\/p>\n<p><img decoding=\"async\" class=\"lazyi lazyload\" src=\"data:image\/gif;base64,R0lGODlhAQABAAAAACH5BAEKAAEALAAAAAABAAEAAAICTAEAOw==\" alt=\"Geosun-100C 100m AGL integrou o sistema LiDAR do UAV do sensor do laser de DJI L1 4\" data-src=\"https:\/\/www.geosunlidar.com\/test\/geosunlidar.com\/photo\/pl94959513-remark.jpg\"><img decoding=\"async\" class=\"lazyi lazyload\" src=\"data:image\/gif;base64,R0lGODlhAQABAAAAACH5BAEKAAEALAAAAAABAAEAAAICTAEAOw==\" alt=\"Geosun-100C 100m AGL integrou o sistema LiDAR do UAV do sensor do laser de DJI L1 5\" data-src=\"https:\/\/www.geosunlidar.com\/test\/geosunlidar.com\/photo\/pl94959512-remark.jpg\"><\/p>\n<p>&nbsp;<\/p>\n<p><img decoding=\"async\" class=\"lazyi lazyload\" src=\"data:image\/gif;base64,R0lGODlhAQABAAAAACH5BAEKAAEALAAAAAABAAEAAAICTAEAOw==\" alt=\"Geosun-100C 100m AGL integrou o sistema LiDAR do UAV do sensor do laser de DJI L1 6\" data-src=\"https:\/\/www.geosunlidar.com\/test\/geosunlidar.com\/photo\/pl94754558-remark.jpg\"><\/p>\n<p>&nbsp;<\/p>\n<h3>Nuvem de pontos de cor<\/h3>\n<p><img fetchpriority=\"high\" decoding=\"async\" class=\"size-full wp-image-12300 aligncenter lazyload\" src=\"data:image\/gif;base64,R0lGODlhAQABAAAAACH5BAEKAAEALAAAAAABAAEAAAICTAEAOw==\" alt=\"Pedido de patrulha de linha de energia\" width=\"680\" height=\"353\" data-src=\"https:\/\/globalgpssystems.com\/wp-content\/uploads\/2021\/05\/pl32618553-remark.jpg\"><\/p>\n<p><img decoding=\"async\" class=\"aligncenter lazyload\" src=\"data:image\/gif;base64,R0lGODlhAQABAAAAACH5BAEKAAEALAAAAAABAAEAAAICTAEAOw==\" alt=\"Solu\u00e7\u00e3o topogr\u00e1fica de exame e mapeamento do sistema Geosun GS-100C+ Livox Avia da explora\u00e7\u00e3o do UAV LiDAR 2\" data-src=\"https:\/\/www.geosunlidar.com\/test\/geosunlidar.com\/photo\/pl94492045-remark.jpg\"><\/p>\n<p>O gAirHawk, desenvolvido pela Geosun Navigation, \u00e9 um software de gest\u00e3o de dados obtidos por lidar, e comporta a computa\u00e7\u00e3o em nuvem de pontos. Suporta a configura\u00e7\u00e3o e gest\u00e3o de sistemas de aquisi\u00e7\u00e3o de dados, descodifica\u00e7\u00e3o de varredura a laser em tempo real e p\u00f3s-processamento, tais como o c\u00e1lculo e an\u00e1lise de dados obtidos das nuvens de pontos,.<\/p>\n<p><img decoding=\"async\" class=\"size-medium wp-image-12451 aligncenter lazyload\" src=\"data:image\/gif;base64,R0lGODlhAQABAAAAACH5BAEKAAEALAAAAAABAAEAAAICTAEAOw==\" sizes=\"(max-width: 689px) 100vw, 689px\" alt=\"ponto de cor\" width=\"689\" height=\"400\" data-src=\"https:\/\/globalgpssystems.com\/wp-content\/uploads\/2021\/05\/Color-Point-Cloud-1-689x400.jpg\" data-srcset=\"https:\/\/globalgpssystems.com\/wp-content\/uploads\/2021\/05\/Color-Point-Cloud-1-689x400.jpg 689w, https:\/\/globalgpssystems.com\/wp-content\/uploads\/2021\/05\/Color-Point-Cloud-1-768x446.jpg 768w, https:\/\/globalgpssystems.com\/wp-content\/uploads\/2021\/05\/Color-Point-Cloud-1-800x465.jpg 800w, https:\/\/globalgpssystems.com\/wp-content\/uploads\/2021\/05\/Color-Point-Cloud-1.jpg 1226w\"><img decoding=\"async\" class=\"size-medium wp-image-12452 aligncenter lazyload\" src=\"data:image\/gif;base64,R0lGODlhAQABAAAAACH5BAEKAAEALAAAAAABAAEAAAICTAEAOw==\" sizes=\"(max-width: 688px) 100vw, 688px\" alt=\"\" width=\"688\" height=\"400\" data-src=\"https:\/\/globalgpssystems.com\/wp-content\/uploads\/2021\/05\/Color-Point-Cloud-688x400.jpg\" data-srcset=\"https:\/\/globalgpssystems.com\/wp-content\/uploads\/2021\/05\/Color-Point-Cloud-688x400.jpg 688w, https:\/\/globalgpssystems.com\/wp-content\/uploads\/2021\/05\/Color-Point-Cloud-768x447.jpg 768w, https:\/\/globalgpssystems.com\/wp-content\/uploads\/2021\/05\/Color-Point-Cloud-800x465.jpg 800w, https:\/\/globalgpssystems.com\/wp-content\/uploads\/2021\/05\/Color-Point-Cloud.jpg 1226w\"><\/p>\n<p>&nbsp;<\/p>\n<div><\/div>","protected":false},"excerpt":{"rendered":"<p><strong>Lidar gAirHawk GS-100C+\u00a0<\/strong><\/p>\n<p><strong>gAirHawk GS-100C+<\/strong>\u00a0 \u00e9 um tipo de sistema de aquisi\u00e7\u00e3o de dados de nuvem de pontos LiDAR compacto leve, scanner a laser de nova gera\u00e7\u00e3o Livox integrado, <strong>GNSS<\/strong> e <strong>IMU<\/strong> sistema de determina\u00e7\u00e3o de posicionamento e atitude e unidade de controle de armazenamento, \u00e9 capaz de coletar em tempo real, dinamicamente, massivamente dados de nuvem de pontos de alta precis\u00e3o e informa\u00e7\u00f5es de imagem ricas. \u00c9 amplamente utilizado na aquisi\u00e7\u00e3o de informa\u00e7\u00f5es espaciais 3D em topografia, eletricidade, silvicultura, agricultura, planejamento de terras.<\/p>\n<p><strong>Compatibilidade: <\/strong>DJI Matriz 300\/350 RTK e Yuneec H850RTK<\/p>\n<p>&nbsp;<\/p>","protected":false},"featured_media":15806,"comment_status":"open","ping_status":"closed","template":"","meta":[],"product_brand":[],"product_cat":[650,705],"product_tag":[651,402,401],"class_list":{"0":"post-8489","1":"product","2":"type-product","3":"status-publish","4":"has-post-thumbnail","6":"product_cat-geosun","7":"product_cat-sensors","8":"product_tag-geosun","9":"product_tag-gs-100c","10":"product_tag-lidar","12":"first","13":"onbackorder","14":"sale","15":"taxable","16":"shipping-taxable","17":"purchasable","18":"product-type-simple"},"yoast_head":"<!-- This site is optimized with the Yoast SEO plugin v27.1.1 - https:\/\/yoast.com\/product\/yoast-seo-wordpress\/ -->\n<title>GS-100C+ Lidar -<\/title>\n<meta name=\"description\" content=\"gAirHawk GS-100C+\u00a0 is a kind of light compact LiDAR point cloud data acquisition system, integrated Livox new generation laser scanner, GNSS and IMU positioning and attitude determination system, and storage control unit, is able to real-time, dynamically, massively collect high-precision point cloud data and rich image information.\" \/>\n<meta name=\"robots\" content=\"index, follow, max-snippet:-1, max-image-preview:large, max-video-preview:-1\" \/>\n<link rel=\"canonical\" href=\"https:\/\/www.ghostysky.com\/pt\/produto-2\/lidar-for-h850-incl-mount-gairhawk-lidar-100c\/\" \/>\n<meta property=\"og:locale\" content=\"pt_PT\" \/>\n<meta property=\"og:type\" content=\"article\" \/>\n<meta property=\"og:title\" content=\"GS-100C+ Lidar -\" \/>\n<meta property=\"og:description\" content=\"gAirHawk GS-100C+\u00a0 is a kind of light compact LiDAR point cloud data acquisition system, integrated Livox new generation laser scanner, GNSS and IMU positioning and attitude determination system, and storage control unit, is able to real-time, dynamically, massively collect high-precision point cloud data and rich image information.\" \/>\n<meta property=\"og:url\" content=\"https:\/\/www.ghostysky.com\/pt\/produto-2\/lidar-for-h850-incl-mount-gairhawk-lidar-100c\/\" \/>\n<meta property=\"og:site_name\" content=\"Ghostysky\" \/>\n<meta property=\"article:publisher\" content=\"https:\/\/www.facebook.com\/people\/Ghostysky\/100057676170234\/\" \/>\n<meta property=\"article:modified_time\" content=\"2025-10-14T11:36:33+00:00\" \/>\n<meta property=\"og:image\" content=\"https:\/\/www.ghostysky.com\/wp-content\/uploads\/2022\/08\/GS-100C.jpg\" \/>\n\t<meta property=\"og:image:width\" content=\"800\" \/>\n\t<meta property=\"og:image:height\" content=\"800\" \/>\n\t<meta property=\"og:image:type\" content=\"image\/jpeg\" \/>\n<meta name=\"twitter:card\" content=\"summary_large_image\" \/>\n<meta name=\"twitter:site\" content=\"@Gh0stysky\" \/>\n<meta name=\"twitter:label1\" content=\"Tempo estimado de leitura\" \/>\n\t<meta name=\"twitter:data1\" content=\"4 minutos\" \/>\n<script type=\"application\/ld+json\" class=\"yoast-schema-graph\">{\"@context\":\"https:\/\/schema.org\",\"@graph\":[{\"@type\":\"WebPage\",\"@id\":\"https:\/\/www.ghostysky.com\/product\/lidar-for-h850-incl-mount-gairhawk-lidar-100c\/\",\"url\":\"https:\/\/www.ghostysky.com\/product\/lidar-for-h850-incl-mount-gairhawk-lidar-100c\/\",\"name\":\"GS-100C+ Lidar -\",\"isPartOf\":{\"@id\":\"https:\/\/www.ghostysky.com\/#website\"},\"primaryImageOfPage\":{\"@id\":\"https:\/\/www.ghostysky.com\/product\/lidar-for-h850-incl-mount-gairhawk-lidar-100c\/#primaryimage\"},\"image\":{\"@id\":\"https:\/\/www.ghostysky.com\/product\/lidar-for-h850-incl-mount-gairhawk-lidar-100c\/#primaryimage\"},\"thumbnailUrl\":\"https:\/\/www.ghostysky.com\/wp-content\/uploads\/2022\/08\/GS-100C.jpg\",\"datePublished\":\"2022-08-12T07:43:45+00:00\",\"dateModified\":\"2025-10-14T11:36:33+00:00\",\"description\":\"gAirHawk GS-100C+\u00a0 is a kind of light compact LiDAR point cloud data acquisition system, integrated Livox new generation laser scanner, GNSS and IMU positioning and attitude determination system, and storage control unit, is able to real-time, dynamically, massively collect high-precision point cloud data and rich image information.\",\"breadcrumb\":{\"@id\":\"https:\/\/www.ghostysky.com\/product\/lidar-for-h850-incl-mount-gairhawk-lidar-100c\/#breadcrumb\"},\"inLanguage\":\"pt-PT\",\"potentialAction\":[{\"@type\":\"ReadAction\",\"target\":[\"https:\/\/www.ghostysky.com\/product\/lidar-for-h850-incl-mount-gairhawk-lidar-100c\/\"]}]},{\"@type\":\"ImageObject\",\"inLanguage\":\"pt-PT\",\"@id\":\"https:\/\/www.ghostysky.com\/product\/lidar-for-h850-incl-mount-gairhawk-lidar-100c\/#primaryimage\",\"url\":\"https:\/\/www.ghostysky.com\/wp-content\/uploads\/2022\/08\/GS-100C.jpg\",\"contentUrl\":\"https:\/\/www.ghostysky.com\/wp-content\/uploads\/2022\/08\/GS-100C.jpg\",\"width\":800,\"height\":800},{\"@type\":\"BreadcrumbList\",\"@id\":\"https:\/\/www.ghostysky.com\/product\/lidar-for-h850-incl-mount-gairhawk-lidar-100c\/#breadcrumb\",\"itemListElement\":[{\"@type\":\"ListItem\",\"position\":1,\"name\":\"Home\",\"item\":\"https:\/\/www.ghostysky.com\/\"},{\"@type\":\"ListItem\",\"position\":2,\"name\":\"Shop\",\"item\":\"https:\/\/www.ghostysky.com\/shop\/\"},{\"@type\":\"ListItem\",\"position\":3,\"name\":\"GS-100C+ Lidar\"}]},{\"@type\":\"WebSite\",\"@id\":\"https:\/\/www.ghostysky.com\/#website\",\"url\":\"https:\/\/www.ghostysky.com\/\",\"name\":\"Ghostysky\",\"description\":\"Delivering professional drones and services\",\"publisher\":{\"@id\":\"https:\/\/www.ghostysky.com\/#organization\"},\"potentialAction\":[{\"@type\":\"SearchAction\",\"target\":{\"@type\":\"EntryPoint\",\"urlTemplate\":\"https:\/\/www.ghostysky.com\/?s={search_term_string}\"},\"query-input\":{\"@type\":\"PropertyValueSpecification\",\"valueRequired\":true,\"valueName\":\"search_term_string\"}}],\"inLanguage\":\"pt-PT\"},{\"@type\":\"Organization\",\"@id\":\"https:\/\/www.ghostysky.com\/#organization\",\"name\":\"Ghostysky\",\"url\":\"https:\/\/www.ghostysky.com\/\",\"logo\":{\"@type\":\"ImageObject\",\"inLanguage\":\"pt-PT\",\"@id\":\"https:\/\/www.ghostysky.com\/#\/schema\/logo\/image\/\",\"url\":\"https:\/\/www.ghostysky.com\/wp-content\/uploads\/2020\/06\/cropped-ghostyskylogo_text_white2.png\",\"contentUrl\":\"https:\/\/www.ghostysky.com\/wp-content\/uploads\/2020\/06\/cropped-ghostyskylogo_text_white2.png\",\"width\":169,\"height\":56,\"caption\":\"Ghostysky\"},\"image\":{\"@id\":\"https:\/\/www.ghostysky.com\/#\/schema\/logo\/image\/\"},\"sameAs\":[\"https:\/\/www.facebook.com\/people\/Ghostysky\/100057676170234\/\",\"https:\/\/x.com\/Gh0stysky\",\"https:\/\/www.linkedin.com\/company\/34739653\",\"https:\/\/www.instagram.com\/gh0stysky\"]}]}<\/script>\n<!-- \/ Yoast SEO plugin. -->","yoast_head_json":{"title":"Lidar GS-100C+","description":"gAirHawk GS-100C + \u00e9 um tipo de sistema de aquisi\u00e7\u00e3o de dados de nuvem de pontos LiDAR compacto e leve, scanner a laser Livox integrado de nova gera\u00e7\u00e3o, sistema de determina\u00e7\u00e3o de atitude e posicionamento GNSS e IMU e unidade de controle de armazenamento, \u00e9 capaz de coletar em tempo real, dinamicamente e massivamente altos -dados de nuvem de pontos de precis\u00e3o e informa\u00e7\u00f5es ricas de imagem.","robots":{"index":"index","follow":"follow","max-snippet":"max-snippet:-1","max-image-preview":"max-image-preview:large","max-video-preview":"max-video-preview:-1"},"canonical":"https:\/\/www.ghostysky.com\/pt\/produto-2\/lidar-for-h850-incl-mount-gairhawk-lidar-100c\/","og_locale":"pt_PT","og_type":"article","og_title":"GS-100C+ Lidar -","og_description":"gAirHawk GS-100C+\u00a0 is a kind of light compact LiDAR point cloud data acquisition system, integrated Livox new generation laser scanner, GNSS and IMU positioning and attitude determination system, and storage control unit, is able to real-time, dynamically, massively collect high-precision point cloud data and rich image information.","og_url":"https:\/\/www.ghostysky.com\/pt\/produto-2\/lidar-for-h850-incl-mount-gairhawk-lidar-100c\/","og_site_name":"Ghostysky","article_publisher":"https:\/\/www.facebook.com\/people\/Ghostysky\/100057676170234\/","article_modified_time":"2025-10-14T11:36:33+00:00","og_image":[{"width":800,"height":800,"url":"https:\/\/www.ghostysky.com\/wp-content\/uploads\/2022\/08\/GS-100C.jpg","type":"image\/jpeg"}],"twitter_card":"summary_large_image","twitter_site":"@Gh0stysky","twitter_misc":{"Tempo estimado de leitura":"4 minutos"},"schema":{"@context":"https:\/\/schema.org","@graph":[{"@type":"WebPage","@id":"https:\/\/www.ghostysky.com\/product\/lidar-for-h850-incl-mount-gairhawk-lidar-100c\/","url":"https:\/\/www.ghostysky.com\/product\/lidar-for-h850-incl-mount-gairhawk-lidar-100c\/","name":"Lidar GS-100C+","isPartOf":{"@id":"https:\/\/www.ghostysky.com\/#website"},"primaryImageOfPage":{"@id":"https:\/\/www.ghostysky.com\/product\/lidar-for-h850-incl-mount-gairhawk-lidar-100c\/#primaryimage"},"image":{"@id":"https:\/\/www.ghostysky.com\/product\/lidar-for-h850-incl-mount-gairhawk-lidar-100c\/#primaryimage"},"thumbnailUrl":"https:\/\/www.ghostysky.com\/wp-content\/uploads\/2022\/08\/GS-100C.jpg","datePublished":"2022-08-12T07:43:45+00:00","dateModified":"2025-10-14T11:36:33+00:00","description":"gAirHawk GS-100C + \u00e9 um tipo de sistema de aquisi\u00e7\u00e3o de dados de nuvem de pontos LiDAR compacto e leve, scanner a laser Livox integrado de nova gera\u00e7\u00e3o, sistema de determina\u00e7\u00e3o de atitude e posicionamento GNSS e IMU e unidade de controle de armazenamento, \u00e9 capaz de coletar em tempo real, dinamicamente e massivamente altos -dados de nuvem de pontos de precis\u00e3o e informa\u00e7\u00f5es ricas de imagem.","breadcrumb":{"@id":"https:\/\/www.ghostysky.com\/product\/lidar-for-h850-incl-mount-gairhawk-lidar-100c\/#breadcrumb"},"inLanguage":"pt-PT","potentialAction":[{"@type":"ReadAction","target":["https:\/\/www.ghostysky.com\/product\/lidar-for-h850-incl-mount-gairhawk-lidar-100c\/"]}]},{"@type":"ImageObject","inLanguage":"pt-PT","@id":"https:\/\/www.ghostysky.com\/product\/lidar-for-h850-incl-mount-gairhawk-lidar-100c\/#primaryimage","url":"https:\/\/www.ghostysky.com\/wp-content\/uploads\/2022\/08\/GS-100C.jpg","contentUrl":"https:\/\/www.ghostysky.com\/wp-content\/uploads\/2022\/08\/GS-100C.jpg","width":800,"height":800},{"@type":"BreadcrumbList","@id":"https:\/\/www.ghostysky.com\/product\/lidar-for-h850-incl-mount-gairhawk-lidar-100c\/#breadcrumb","itemListElement":[{"@type":"ListItem","position":1,"name":"Home","item":"https:\/\/www.ghostysky.com\/"},{"@type":"ListItem","position":2,"name":"Shop","item":"https:\/\/www.ghostysky.com\/shop\/"},{"@type":"ListItem","position":3,"name":"GS-100C+ Lidar"}]},{"@type":"WebSite","@id":"https:\/\/www.ghostysky.com\/#website","url":"https:\/\/www.ghostysky.com\/","name":"Ghostysky","description":"Fornecendo drones e servi\u00e7os profissionais","publisher":{"@id":"https:\/\/www.ghostysky.com\/#organization"},"potentialAction":[{"@type":"SearchAction","target":{"@type":"EntryPoint","urlTemplate":"https:\/\/www.ghostysky.com\/?s={search_term_string}"},"query-input":{"@type":"PropertyValueSpecification","valueRequired":true,"valueName":"search_term_string"}}],"inLanguage":"pt-PT"},{"@type":"Organization","@id":"https:\/\/www.ghostysky.com\/#organization","name":"Ghostysky","url":"https:\/\/www.ghostysky.com\/","logo":{"@type":"ImageObject","inLanguage":"pt-PT","@id":"https:\/\/www.ghostysky.com\/#\/schema\/logo\/image\/","url":"https:\/\/www.ghostysky.com\/wp-content\/uploads\/2020\/06\/cropped-ghostyskylogo_text_white2.png","contentUrl":"https:\/\/www.ghostysky.com\/wp-content\/uploads\/2020\/06\/cropped-ghostyskylogo_text_white2.png","width":169,"height":56,"caption":"Ghostysky"},"image":{"@id":"https:\/\/www.ghostysky.com\/#\/schema\/logo\/image\/"},"sameAs":["https:\/\/www.facebook.com\/people\/Ghostysky\/100057676170234\/","https:\/\/x.com\/Gh0stysky","https:\/\/www.linkedin.com\/company\/34739653","https:\/\/www.instagram.com\/gh0stysky"]}]}},"_links":{"self":[{"href":"https:\/\/www.ghostysky.com\/pt\/wp-json\/wp\/v2\/product\/8489","targetHints":{"allow":["GET"]}}],"collection":[{"href":"https:\/\/www.ghostysky.com\/pt\/wp-json\/wp\/v2\/product"}],"about":[{"href":"https:\/\/www.ghostysky.com\/pt\/wp-json\/wp\/v2\/types\/product"}],"replies":[{"embeddable":true,"href":"https:\/\/www.ghostysky.com\/pt\/wp-json\/wp\/v2\/comments?post=8489"}],"wp:featuredmedia":[{"embeddable":true,"href":"https:\/\/www.ghostysky.com\/pt\/wp-json\/wp\/v2\/media\/15806"}],"wp:attachment":[{"href":"https:\/\/www.ghostysky.com\/pt\/wp-json\/wp\/v2\/media?parent=8489"}],"wp:term":[{"taxonomy":"product_brand","embeddable":true,"href":"https:\/\/www.ghostysky.com\/pt\/wp-json\/wp\/v2\/product_brand?post=8489"},{"taxonomy":"product_cat","embeddable":true,"href":"https:\/\/www.ghostysky.com\/pt\/wp-json\/wp\/v2\/product_cat?post=8489"},{"taxonomy":"product_tag","embeddable":true,"href":"https:\/\/www.ghostysky.com\/pt\/wp-json\/wp\/v2\/product_tag?post=8489"}],"curies":[{"name":"wp","href":"https:\/\/api.w.org\/{rel}","templated":true}]}}