{"id":8782,"date":"2020-08-15T11:05:09","date_gmt":"2020-08-15T11:05:09","guid":{"rendered":"https:\/\/www.ghostysky.com\/?post_type=product&#038;p=8782"},"modified":"2023-05-23T20:39:27","modified_gmt":"2023-05-23T20:39:27","slug":"wingtra-micasense-rededge-p","status":"publish","type":"product","link":"https:\/\/www.ghostysky.com\/pt\/product\/wingtra-micasense-rededge-p\/","title":{"rendered":"Payload Wingtra Micasense Rededge-P"},"content":{"rendered":"<p>Esta \u00e9 a solu\u00e7\u00e3o perfeita para a captura de dados RGB e multiespectrais em alta resolu\u00e7\u00e3o. Com a c\u00e2mera multiespectral RedEdge-P, poder\u00e1 obter uma resolu\u00e7\u00e3o m\u00e1xima de 2 cm (a 60 m) \u2013 o dobro do RedEdge-MX. As imagens multiespectrais e RGB s\u00e3o capturadas atrav\u00e9s de uma \u00fanica c\u00e2mera, com um campo de vis\u00e3o e taxa de captura otimizados.<\/p>\n<p>O <i>imager<\/i> de cores do RedEdge-P integra-se perfeitamente com <i>imagers<\/i> multiespectrais sincronizadas afim de permitir sa\u00eddas alinhadas por pixel em resolu\u00e7\u00f5es anteriormente imposs\u00edveis. Os dados em bruto s\u00e3o suportados e podem ser processados no seu software de p\u00f3s-processamento preferido.<\/p>\n<h3>Especifica\u00e7\u00f5es<\/h3>\n<ul>\n<li><strong>Peso:<\/strong>\u00a0300g (10,6 on\u00e7as) RedEdge-P + DLS 2<\/li>\n<li><strong>Dimens\u00f5es:<\/strong>\u00a08,2 x 6,2 x 5,4 cm (3,2 pol x 2,4 pol x 2,1 pol)<\/li>\n<li><strong>Alimenta\u00e7\u00e3o externa:<\/strong>\u00a07,0 V-25,2 V<\/li>\n<li><strong>Bandas espectrais:<\/strong>\u00a0azul, verde, vermelho, rededge, e infravermelho pr\u00f3ximo (obturador global, banda estreita)<\/li>\n<li><strong>Comprimento de onda (nm):<\/strong>\u00a0Azul (centro de 475 nm, largura de banda de 32 nm), verde (centro de 560 nm, largura de banda de 27 nm), vermelho (centro de 668 nm, largura de banda de 14 nm), rededge (centro de 717 nm, largura de banda de 12 nm), infravermelho pr\u00f3ximo (centro de 842 nm) , largura de banda de 57 nm)<\/li>\n<li><strong>Sa\u00edda RGB:<\/strong>\u00a05,1 MP (obturador global, alinhado com todas as bandas)*<\/li>\n<li><strong>Dist\u00e2ncia da amostra do solo:<\/strong>\n<ul>\n<li>o7,7cm por pixel (por banda MS) a 120m AGL<\/li>\n<li>o3,98cm por pixel (banda pancrom\u00e1tica) a 120m AGL<\/li>\n<\/ul>\n<\/li>\n<li><strong>Taxa de captura:<\/strong>\u00a02-3 capturas por segundo DNG bruto<\/li>\n<li><strong>Interfaces:<\/strong>\u00a04 GPIO: Entrada de gatilho, sa\u00edda superior do quadro, 1 sa\u00edda PPS, bot\u00e3o host. Porta USB 2.0 para WiFi, serial, ethernet 10\/100\/1000 e armazenamento CF Express.<\/li>\n<li><strong>Campo de vis\u00e3o:<\/strong>o49,6\u00b0 HFOV x 38,3\u00b0 VFOV (MS) o44,5\u00b0 HFOV x 37,7\u00b0 VFOV (PAN)<\/li>\n<li><strong>Op\u00e7\u00f5es de captura:<\/strong>\u00a0Modo temporizador, modo de sobreposi\u00e7\u00e3o, modo de disparo externo (op\u00e7\u00f5es PWM, GPIO, serial e Ethernet), modo de captura manual<\/li>\n<li><strong>Temperatura:<\/strong>\u00a00-40C ambiente (sem fluxo de ar); 0-50C ambiente com fluxo de ar &gt;0,5 m\/s<\/li>\n<\/ul>\n<p>&nbsp;<\/p>","protected":false},"excerpt":{"rendered":"<p class=\"translation-block\">Wingtra lan\u00e7ou a mais recente c\u00e2mera multiespectral para o WingtraOne: <strong>a Micasense Rededge-P<\/strong>. O que poder\u00e1 obter com a nova c\u00e2mera:<\/p>\n<ul>\n<li>Resolu\u00e7\u00e3o panor\u00e2mica de 2 cm\/pixel a 60m, 4 cm\/pixel a 120m<\/li>\n<li>Taxa de captura de 2-3 imagens por segundo em cart\u00f5es de armazenamento suportados<\/li>\n<li>Cinco bandas espectrais, cada uma de 1,6 MP<\/li>\n<li>Sensor pancrom\u00e1tico de 5,1 MP<\/li>\n<\/ul>","protected":false},"featured_media":8783,"comment_status":"open","ping_status":"closed","template":"","meta":[],"product_brand":[],"product_cat":[29,167,36],"product_tag":[65,66,409,40],"class_list":{"0":"post-8782","1":"product","2":"type-product","3":"status-publish","4":"has-post-thumbnail","6":"product_cat-drones","7":"product_cat-sensors-wingtraone","8":"product_cat-wingtraone","9":"product_tag-micasense","10":"product_tag-multispectral-camera","11":"product_tag-rededge-p","12":"product_tag-wingtraone","14":"first","15":"onbackorder","16":"taxable","17":"shipping-taxable","18":"product-type-simple"},"yoast_head":"<!-- This site is optimized with the Yoast SEO plugin v27.4 - https:\/\/yoast.com\/product\/yoast-seo-wordpress\/ -->\n<title>Wingtra Micasense Rededge-P payload kit -<\/title>\n<meta name=\"description\" content=\"Wingtra unveils latest multispectral camera: Micasense Rededge-P. Pan-sharpened resolution of\u00a02cm\/pixel at 60m,\u00a04cm\/pixel at 120m\" \/>\n<meta name=\"robots\" content=\"index, follow, max-snippet:-1, max-image-preview:large, max-video-preview:-1\" \/>\n<link rel=\"canonical\" href=\"https:\/\/www.ghostysky.com\/pt\/produto-2\/wingtra-micasense-rededge-p\/\" \/>\n<meta property=\"og:locale\" content=\"pt_PT\" \/>\n<meta property=\"og:type\" content=\"article\" \/>\n<meta property=\"og:title\" content=\"Wingtra Micasense Rededge-P payload kit -\" \/>\n<meta property=\"og:description\" content=\"Wingtra unveils latest multispectral camera: Micasense Rededge-P. Pan-sharpened resolution of\u00a02cm\/pixel at 60m,\u00a04cm\/pixel at 120m\" \/>\n<meta property=\"og:url\" content=\"https:\/\/www.ghostysky.com\/pt\/produto-2\/wingtra-micasense-rededge-p\/\" \/>\n<meta property=\"og:site_name\" content=\"Ghostysky\" \/>\n<meta property=\"article:publisher\" content=\"https:\/\/www.facebook.com\/people\/Ghostysky\/100057676170234\/\" \/>\n<meta property=\"article:modified_time\" content=\"2023-05-23T20:39:27+00:00\" \/>\n<meta property=\"og:image\" content=\"https:\/\/www.ghostysky.com\/wp-content\/uploads\/2022\/09\/Wingtra-Micasense-RE-P.webp\" \/>\n\t<meta property=\"og:image:width\" content=\"800\" \/>\n\t<meta property=\"og:image:height\" content=\"800\" \/>\n\t<meta property=\"og:image:type\" content=\"image\/webp\" \/>\n<meta name=\"twitter:card\" content=\"summary_large_image\" \/>\n<meta name=\"twitter:site\" content=\"@Gh0stysky\" \/>\n<meta name=\"twitter:label1\" content=\"Tempo estimado de leitura\" \/>\n\t<meta name=\"twitter:data1\" content=\"2 minutos\" \/>\n<script type=\"application\/ld+json\" class=\"yoast-schema-graph\">{\"@context\":\"https:\\\/\\\/schema.org\",\"@graph\":[{\"@type\":\"WebPage\",\"@id\":\"https:\\\/\\\/www.ghostysky.com\\\/product\\\/wingtra-micasense-rededge-p\\\/\",\"url\":\"https:\\\/\\\/www.ghostysky.com\\\/product\\\/wingtra-micasense-rededge-p\\\/\",\"name\":\"Wingtra Micasense Rededge-P payload kit -\",\"isPartOf\":{\"@id\":\"https:\\\/\\\/www.ghostysky.com\\\/#website\"},\"primaryImageOfPage\":{\"@id\":\"https:\\\/\\\/www.ghostysky.com\\\/product\\\/wingtra-micasense-rededge-p\\\/#primaryimage\"},\"image\":{\"@id\":\"https:\\\/\\\/www.ghostysky.com\\\/product\\\/wingtra-micasense-rededge-p\\\/#primaryimage\"},\"thumbnailUrl\":\"https:\\\/\\\/www.ghostysky.com\\\/wp-content\\\/uploads\\\/2022\\\/09\\\/Wingtra-Micasense-RE-P.webp\",\"datePublished\":\"2020-08-15T11:05:09+00:00\",\"dateModified\":\"2023-05-23T20:39:27+00:00\",\"description\":\"Wingtra unveils latest multispectral camera: Micasense Rededge-P. Pan-sharpened resolution of\u00a02cm\\\/pixel at 60m,\u00a04cm\\\/pixel at 120m\",\"breadcrumb\":{\"@id\":\"https:\\\/\\\/www.ghostysky.com\\\/product\\\/wingtra-micasense-rededge-p\\\/#breadcrumb\"},\"inLanguage\":\"pt-PT\",\"potentialAction\":[{\"@type\":\"ReadAction\",\"target\":[\"https:\\\/\\\/www.ghostysky.com\\\/product\\\/wingtra-micasense-rededge-p\\\/\"]}]},{\"@type\":\"ImageObject\",\"inLanguage\":\"pt-PT\",\"@id\":\"https:\\\/\\\/www.ghostysky.com\\\/product\\\/wingtra-micasense-rededge-p\\\/#primaryimage\",\"url\":\"https:\\\/\\\/www.ghostysky.com\\\/wp-content\\\/uploads\\\/2022\\\/09\\\/Wingtra-Micasense-RE-P.webp\",\"contentUrl\":\"https:\\\/\\\/www.ghostysky.com\\\/wp-content\\\/uploads\\\/2022\\\/09\\\/Wingtra-Micasense-RE-P.webp\",\"width\":800,\"height\":800},{\"@type\":\"BreadcrumbList\",\"@id\":\"https:\\\/\\\/www.ghostysky.com\\\/product\\\/wingtra-micasense-rededge-p\\\/#breadcrumb\",\"itemListElement\":[{\"@type\":\"ListItem\",\"position\":1,\"name\":\"Home\",\"item\":\"https:\\\/\\\/www.ghostysky.com\\\/\"},{\"@type\":\"ListItem\",\"position\":2,\"name\":\"Shop\",\"item\":\"https:\\\/\\\/www.ghostysky.com\\\/shop\\\/\"},{\"@type\":\"ListItem\",\"position\":3,\"name\":\"Wingtra Micasense Rededge-P payload kit\"}]},{\"@type\":\"WebSite\",\"@id\":\"https:\\\/\\\/www.ghostysky.com\\\/#website\",\"url\":\"https:\\\/\\\/www.ghostysky.com\\\/\",\"name\":\"Ghostysky\",\"description\":\"Delivering professional drones and services\",\"publisher\":{\"@id\":\"https:\\\/\\\/www.ghostysky.com\\\/#organization\"},\"potentialAction\":[{\"@type\":\"SearchAction\",\"target\":{\"@type\":\"EntryPoint\",\"urlTemplate\":\"https:\\\/\\\/www.ghostysky.com\\\/?s={search_term_string}\"},\"query-input\":{\"@type\":\"PropertyValueSpecification\",\"valueRequired\":true,\"valueName\":\"search_term_string\"}}],\"inLanguage\":\"pt-PT\"},{\"@type\":\"Organization\",\"@id\":\"https:\\\/\\\/www.ghostysky.com\\\/#organization\",\"name\":\"Ghostysky\",\"url\":\"https:\\\/\\\/www.ghostysky.com\\\/\",\"logo\":{\"@type\":\"ImageObject\",\"inLanguage\":\"pt-PT\",\"@id\":\"https:\\\/\\\/www.ghostysky.com\\\/#\\\/schema\\\/logo\\\/image\\\/\",\"url\":\"https:\\\/\\\/www.ghostysky.com\\\/wp-content\\\/uploads\\\/2020\\\/06\\\/cropped-ghostyskylogo_text_white2.png\",\"contentUrl\":\"https:\\\/\\\/www.ghostysky.com\\\/wp-content\\\/uploads\\\/2020\\\/06\\\/cropped-ghostyskylogo_text_white2.png\",\"width\":169,\"height\":56,\"caption\":\"Ghostysky\"},\"image\":{\"@id\":\"https:\\\/\\\/www.ghostysky.com\\\/#\\\/schema\\\/logo\\\/image\\\/\"},\"sameAs\":[\"https:\\\/\\\/www.facebook.com\\\/people\\\/Ghostysky\\\/100057676170234\\\/\",\"https:\\\/\\\/x.com\\\/Gh0stysky\",\"https:\\\/\\\/www.linkedin.com\\\/company\\\/34739653\",\"https:\\\/\\\/www.instagram.com\\\/gh0stysky\"]}]}<\/script>\n<!-- \/ Yoast SEO plugin. -->","yoast_head_json":{"title":"Kit de carga \u00fatil Wingtra Micasense Rededge-P -","description":"Wingtra revela a mais recente c\u00e2mera multiespectral: Micasense Rededge-P. Resolu\u00e7\u00e3o panor\u00e2mica de 2 cm\/pixel a 60 m, 4 cm\/pixel a 120 m","robots":{"index":"index","follow":"follow","max-snippet":"max-snippet:-1","max-image-preview":"max-image-preview:large","max-video-preview":"max-video-preview:-1"},"canonical":"https:\/\/www.ghostysky.com\/pt\/produto-2\/wingtra-micasense-rededge-p\/","og_locale":"pt_PT","og_type":"article","og_title":"Wingtra Micasense Rededge-P payload kit -","og_description":"Wingtra unveils latest multispectral camera: Micasense Rededge-P. Pan-sharpened resolution of\u00a02cm\/pixel at 60m,\u00a04cm\/pixel at 120m","og_url":"https:\/\/www.ghostysky.com\/pt\/produto-2\/wingtra-micasense-rededge-p\/","og_site_name":"Ghostysky","article_publisher":"https:\/\/www.facebook.com\/people\/Ghostysky\/100057676170234\/","article_modified_time":"2023-05-23T20:39:27+00:00","og_image":[{"width":800,"height":800,"url":"https:\/\/www.ghostysky.com\/wp-content\/uploads\/2022\/09\/Wingtra-Micasense-RE-P.webp","type":"image\/webp"}],"twitter_card":"summary_large_image","twitter_site":"@Gh0stysky","twitter_misc":{"Tempo estimado de leitura":"2 minutos"},"schema":{"@context":"https:\/\/schema.org","@graph":[{"@type":"WebPage","@id":"https:\/\/www.ghostysky.com\/product\/wingtra-micasense-rededge-p\/","url":"https:\/\/www.ghostysky.com\/product\/wingtra-micasense-rededge-p\/","name":"Kit de carga \u00fatil Wingtra Micasense Rededge-P -","isPartOf":{"@id":"https:\/\/www.ghostysky.com\/#website"},"primaryImageOfPage":{"@id":"https:\/\/www.ghostysky.com\/product\/wingtra-micasense-rededge-p\/#primaryimage"},"image":{"@id":"https:\/\/www.ghostysky.com\/product\/wingtra-micasense-rededge-p\/#primaryimage"},"thumbnailUrl":"https:\/\/www.ghostysky.com\/wp-content\/uploads\/2022\/09\/Wingtra-Micasense-RE-P.webp","datePublished":"2020-08-15T11:05:09+00:00","dateModified":"2023-05-23T20:39:27+00:00","description":"Wingtra revela a mais recente c\u00e2mera multiespectral: Micasense Rededge-P. Resolu\u00e7\u00e3o panor\u00e2mica de 2 cm\/pixel a 60 m, 4 cm\/pixel a 120 m","breadcrumb":{"@id":"https:\/\/www.ghostysky.com\/product\/wingtra-micasense-rededge-p\/#breadcrumb"},"inLanguage":"pt-PT","potentialAction":[{"@type":"ReadAction","target":["https:\/\/www.ghostysky.com\/product\/wingtra-micasense-rededge-p\/"]}]},{"@type":"ImageObject","inLanguage":"pt-PT","@id":"https:\/\/www.ghostysky.com\/product\/wingtra-micasense-rededge-p\/#primaryimage","url":"https:\/\/www.ghostysky.com\/wp-content\/uploads\/2022\/09\/Wingtra-Micasense-RE-P.webp","contentUrl":"https:\/\/www.ghostysky.com\/wp-content\/uploads\/2022\/09\/Wingtra-Micasense-RE-P.webp","width":800,"height":800},{"@type":"BreadcrumbList","@id":"https:\/\/www.ghostysky.com\/product\/wingtra-micasense-rededge-p\/#breadcrumb","itemListElement":[{"@type":"ListItem","position":1,"name":"Home","item":"https:\/\/www.ghostysky.com\/"},{"@type":"ListItem","position":2,"name":"Shop","item":"https:\/\/www.ghostysky.com\/shop\/"},{"@type":"ListItem","position":3,"name":"Wingtra Micasense Rededge-P payload kit"}]},{"@type":"WebSite","@id":"https:\/\/www.ghostysky.com\/#website","url":"https:\/\/www.ghostysky.com\/","name":"Ghostysky","description":"Fornecendo drones e servi\u00e7os profissionais","publisher":{"@id":"https:\/\/www.ghostysky.com\/#organization"},"potentialAction":[{"@type":"SearchAction","target":{"@type":"EntryPoint","urlTemplate":"https:\/\/www.ghostysky.com\/?s={search_term_string}"},"query-input":{"@type":"PropertyValueSpecification","valueRequired":true,"valueName":"search_term_string"}}],"inLanguage":"pt-PT"},{"@type":"Organization","@id":"https:\/\/www.ghostysky.com\/#organization","name":"Ghostysky","url":"https:\/\/www.ghostysky.com\/","logo":{"@type":"ImageObject","inLanguage":"pt-PT","@id":"https:\/\/www.ghostysky.com\/#\/schema\/logo\/image\/","url":"https:\/\/www.ghostysky.com\/wp-content\/uploads\/2020\/06\/cropped-ghostyskylogo_text_white2.png","contentUrl":"https:\/\/www.ghostysky.com\/wp-content\/uploads\/2020\/06\/cropped-ghostyskylogo_text_white2.png","width":169,"height":56,"caption":"Ghostysky"},"image":{"@id":"https:\/\/www.ghostysky.com\/#\/schema\/logo\/image\/"},"sameAs":["https:\/\/www.facebook.com\/people\/Ghostysky\/100057676170234\/","https:\/\/x.com\/Gh0stysky","https:\/\/www.linkedin.com\/company\/34739653","https:\/\/www.instagram.com\/gh0stysky"]}]}},"_links":{"self":[{"href":"https:\/\/www.ghostysky.com\/pt\/wp-json\/wp\/v2\/product\/8782","targetHints":{"allow":["GET"]}}],"collection":[{"href":"https:\/\/www.ghostysky.com\/pt\/wp-json\/wp\/v2\/product"}],"about":[{"href":"https:\/\/www.ghostysky.com\/pt\/wp-json\/wp\/v2\/types\/product"}],"replies":[{"embeddable":true,"href":"https:\/\/www.ghostysky.com\/pt\/wp-json\/wp\/v2\/comments?post=8782"}],"version-history":[{"count":0,"href":"https:\/\/www.ghostysky.com\/pt\/wp-json\/wp\/v2\/product\/8782\/revisions"}],"wp:featuredmedia":[{"embeddable":true,"href":"https:\/\/www.ghostysky.com\/pt\/wp-json\/wp\/v2\/media\/8783"}],"wp:attachment":[{"href":"https:\/\/www.ghostysky.com\/pt\/wp-json\/wp\/v2\/media?parent=8782"}],"wp:term":[{"taxonomy":"product_brand","embeddable":true,"href":"https:\/\/www.ghostysky.com\/pt\/wp-json\/wp\/v2\/product_brand?post=8782"},{"taxonomy":"product_cat","embeddable":true,"href":"https:\/\/www.ghostysky.com\/pt\/wp-json\/wp\/v2\/product_cat?post=8782"},{"taxonomy":"product_tag","embeddable":true,"href":"https:\/\/www.ghostysky.com\/pt\/wp-json\/wp\/v2\/product_tag?post=8782"}],"curies":[{"name":"wp","href":"https:\/\/api.w.org\/{rel}","templated":true}]}}