{"id":8791,"date":"2022-09-13T08:02:54","date_gmt":"2022-09-13T08:02:54","guid":{"rendered":"https:\/\/www.ghostysky.com\/?post_type=product&#038;p=8791"},"modified":"2024-02-07T08:42:35","modified_gmt":"2024-02-07T08:42:35","slug":"fast-charge-kit-emlid","status":"publish","type":"product","link":"https:\/\/www.ghostysky.com\/pt\/product\/fast-charge-kit-emlid\/","title":{"rendered":"Carregador R\u00e1pido Emlid"},"content":{"rendered":"<h4>O pacote inclui<\/h4>\n<p>\u2013 1 x carregador de parede USB C<\/p>\n<p>&nbsp;<\/p>\n<p class=\"product-specifications-title\"><strong>Especifica\u00e7\u00f5es<\/strong><\/p>\n<ul class=\"product-specifications-list flex f-wrap\">\n<li>\n<div class=\"rte\">\n<p>Plugue UE<\/p>\n<p><strong>Entrada:\u00a0<\/strong>100-240 V ~ 50\/60 Hz 0,8 A (m\u00e1x.)<\/p>\n<p><strong>Sa\u00edda:\u00a0<\/strong>5V\/3A 9V\/2,22A 12V\/1,67A<\/p>\n<\/div>\n<\/li>\n<\/ul>","protected":false},"excerpt":{"rendered":"<div class=\"wpb_text_column wpb_content_element\">\n<div class=\"wpb_wrapper\">\n<p><strong>Carrega o receptor para 80% em 2,5 horas, para 100% em menos de 3,5 horas<\/strong><br \/>\nCompat\u00edvel com dispositivos USB-C<br \/>\n<strong>Pot\u00eancia de sa\u00edda<\/strong>: 20W<br \/>\nProte\u00e7\u00e3o integrada inteligente para dispositivos<br \/>\nPlugue UE<br \/>\nSuporta carregamento r\u00e1pido PD<\/p>\n<\/div>\n<\/div>","protected":false},"featured_media":15886,"comment_status":"open","ping_status":"closed","template":"","meta":[],"product_brand":[],"product_cat":[367,89,30],"product_tag":[58,410,411],"class_list":{"0":"post-8791","1":"product","2":"type-product","3":"status-publish","4":"has-post-thumbnail","6":"product_cat-accessories-emlid","7":"product_cat-emlid","8":"product_cat-mobile-station","9":"product_tag-emlid","10":"product_tag-fast-charger","11":"product_tag-usb-c","13":"first","14":"onbackorder","15":"taxable","16":"shipping-taxable","17":"purchasable","18":"product-type-simple"},"yoast_head":"<!-- This site is optimized with the Yoast SEO plugin v27.1.1 - https:\/\/yoast.com\/product\/yoast-seo-wordpress\/ -->\n<title>Fast Charger Emlid -<\/title>\n<meta name=\"description\" content=\"Fast Charger Emlid. Charges receiver to 80% in 2.5 hours, to 100% in less than 3.5 hours. Compatible with USB-C devices. Smart integrated protection for devices\" \/>\n<meta name=\"robots\" content=\"index, follow, max-snippet:-1, max-image-preview:large, max-video-preview:-1\" \/>\n<link rel=\"canonical\" href=\"https:\/\/www.ghostysky.com\/pt\/produto-2\/fast-charge-kit-emlid\/\" \/>\n<meta property=\"og:locale\" content=\"pt_PT\" \/>\n<meta property=\"og:type\" content=\"article\" \/>\n<meta property=\"og:title\" content=\"Fast Charger Emlid -\" \/>\n<meta property=\"og:description\" content=\"Fast Charger Emlid. Charges receiver to 80% in 2.5 hours, to 100% in less than 3.5 hours. Compatible with USB-C devices. Smart integrated protection for devices\" \/>\n<meta property=\"og:url\" content=\"https:\/\/www.ghostysky.com\/pt\/produto-2\/fast-charge-kit-emlid\/\" \/>\n<meta property=\"og:site_name\" content=\"Ghostysky\" \/>\n<meta property=\"article:publisher\" content=\"https:\/\/www.facebook.com\/people\/Ghostysky\/100057676170234\/\" \/>\n<meta property=\"article:modified_time\" content=\"2024-02-07T08:42:35+00:00\" \/>\n<meta property=\"og:image\" content=\"https:\/\/www.ghostysky.com\/wp-content\/uploads\/2022\/09\/CHR103_1200x.jpg\" \/>\n\t<meta property=\"og:image:width\" content=\"1200\" \/>\n\t<meta property=\"og:image:height\" content=\"1200\" \/>\n\t<meta property=\"og:image:type\" content=\"image\/jpeg\" \/>\n<meta name=\"twitter:card\" content=\"summary_large_image\" \/>\n<meta name=\"twitter:site\" content=\"@Gh0stysky\" \/>\n<meta name=\"twitter:label1\" content=\"Tempo estimado de leitura\" \/>\n\t<meta name=\"twitter:data1\" content=\"1 minuto\" \/>\n<script type=\"application\/ld+json\" class=\"yoast-schema-graph\">{\"@context\":\"https:\/\/schema.org\",\"@graph\":[{\"@type\":\"WebPage\",\"@id\":\"https:\/\/www.ghostysky.com\/product\/fast-charge-kit-emlid\/\",\"url\":\"https:\/\/www.ghostysky.com\/product\/fast-charge-kit-emlid\/\",\"name\":\"Fast Charger Emlid -\",\"isPartOf\":{\"@id\":\"https:\/\/www.ghostysky.com\/#website\"},\"primaryImageOfPage\":{\"@id\":\"https:\/\/www.ghostysky.com\/product\/fast-charge-kit-emlid\/#primaryimage\"},\"image\":{\"@id\":\"https:\/\/www.ghostysky.com\/product\/fast-charge-kit-emlid\/#primaryimage\"},\"thumbnailUrl\":\"https:\/\/www.ghostysky.com\/wp-content\/uploads\/2022\/09\/CHR103_1200x.jpg\",\"datePublished\":\"2022-09-13T08:02:54+00:00\",\"dateModified\":\"2024-02-07T08:42:35+00:00\",\"description\":\"Fast Charger Emlid. Charges receiver to 80% in 2.5 hours, to 100% in less than 3.5 hours. Compatible with USB-C devices. Smart integrated protection for devices\",\"breadcrumb\":{\"@id\":\"https:\/\/www.ghostysky.com\/product\/fast-charge-kit-emlid\/#breadcrumb\"},\"inLanguage\":\"pt-PT\",\"potentialAction\":[{\"@type\":\"ReadAction\",\"target\":[\"https:\/\/www.ghostysky.com\/product\/fast-charge-kit-emlid\/\"]}]},{\"@type\":\"ImageObject\",\"inLanguage\":\"pt-PT\",\"@id\":\"https:\/\/www.ghostysky.com\/product\/fast-charge-kit-emlid\/#primaryimage\",\"url\":\"https:\/\/www.ghostysky.com\/wp-content\/uploads\/2022\/09\/CHR103_1200x.jpg\",\"contentUrl\":\"https:\/\/www.ghostysky.com\/wp-content\/uploads\/2022\/09\/CHR103_1200x.jpg\",\"width\":1200,\"height\":1200},{\"@type\":\"BreadcrumbList\",\"@id\":\"https:\/\/www.ghostysky.com\/product\/fast-charge-kit-emlid\/#breadcrumb\",\"itemListElement\":[{\"@type\":\"ListItem\",\"position\":1,\"name\":\"Home\",\"item\":\"https:\/\/www.ghostysky.com\/\"},{\"@type\":\"ListItem\",\"position\":2,\"name\":\"Shop\",\"item\":\"https:\/\/www.ghostysky.com\/shop\/\"},{\"@type\":\"ListItem\",\"position\":3,\"name\":\"Fast Charger Emlid\"}]},{\"@type\":\"WebSite\",\"@id\":\"https:\/\/www.ghostysky.com\/#website\",\"url\":\"https:\/\/www.ghostysky.com\/\",\"name\":\"Ghostysky\",\"description\":\"Delivering professional drones and services\",\"publisher\":{\"@id\":\"https:\/\/www.ghostysky.com\/#organization\"},\"potentialAction\":[{\"@type\":\"SearchAction\",\"target\":{\"@type\":\"EntryPoint\",\"urlTemplate\":\"https:\/\/www.ghostysky.com\/?s={search_term_string}\"},\"query-input\":{\"@type\":\"PropertyValueSpecification\",\"valueRequired\":true,\"valueName\":\"search_term_string\"}}],\"inLanguage\":\"pt-PT\"},{\"@type\":\"Organization\",\"@id\":\"https:\/\/www.ghostysky.com\/#organization\",\"name\":\"Ghostysky\",\"url\":\"https:\/\/www.ghostysky.com\/\",\"logo\":{\"@type\":\"ImageObject\",\"inLanguage\":\"pt-PT\",\"@id\":\"https:\/\/www.ghostysky.com\/#\/schema\/logo\/image\/\",\"url\":\"https:\/\/www.ghostysky.com\/wp-content\/uploads\/2020\/06\/cropped-ghostyskylogo_text_white2.png\",\"contentUrl\":\"https:\/\/www.ghostysky.com\/wp-content\/uploads\/2020\/06\/cropped-ghostyskylogo_text_white2.png\",\"width\":169,\"height\":56,\"caption\":\"Ghostysky\"},\"image\":{\"@id\":\"https:\/\/www.ghostysky.com\/#\/schema\/logo\/image\/\"},\"sameAs\":[\"https:\/\/www.facebook.com\/people\/Ghostysky\/100057676170234\/\",\"https:\/\/x.com\/Gh0stysky\",\"https:\/\/www.linkedin.com\/company\/34739653\",\"https:\/\/www.instagram.com\/gh0stysky\"]}]}<\/script>\n<!-- \/ Yoast SEO plugin. -->","yoast_head_json":{"title":"Carregador r\u00e1pido Emlid","description":"Carregador R\u00e1pido Emlid. Carrega o receptor para 80% em 2,5 horas, para 100% em menos de 3,5 horas. Compat\u00edvel com dispositivos USB-C. Prote\u00e7\u00e3o integrada inteligente para dispositivos","robots":{"index":"index","follow":"follow","max-snippet":"max-snippet:-1","max-image-preview":"max-image-preview:large","max-video-preview":"max-video-preview:-1"},"canonical":"https:\/\/www.ghostysky.com\/pt\/produto-2\/fast-charge-kit-emlid\/","og_locale":"pt_PT","og_type":"article","og_title":"Fast Charger Emlid -","og_description":"Fast Charger Emlid. Charges receiver to 80% in 2.5 hours, to 100% in less than 3.5 hours. Compatible with USB-C devices. Smart integrated protection for devices","og_url":"https:\/\/www.ghostysky.com\/pt\/produto-2\/fast-charge-kit-emlid\/","og_site_name":"Ghostysky","article_publisher":"https:\/\/www.facebook.com\/people\/Ghostysky\/100057676170234\/","article_modified_time":"2024-02-07T08:42:35+00:00","og_image":[{"width":1200,"height":1200,"url":"https:\/\/www.ghostysky.com\/wp-content\/uploads\/2022\/09\/CHR103_1200x.jpg","type":"image\/jpeg"}],"twitter_card":"summary_large_image","twitter_site":"@Gh0stysky","twitter_misc":{"Tempo estimado de leitura":"1 minuto"},"schema":{"@context":"https:\/\/schema.org","@graph":[{"@type":"WebPage","@id":"https:\/\/www.ghostysky.com\/product\/fast-charge-kit-emlid\/","url":"https:\/\/www.ghostysky.com\/product\/fast-charge-kit-emlid\/","name":"Carregador r\u00e1pido Emlid","isPartOf":{"@id":"https:\/\/www.ghostysky.com\/#website"},"primaryImageOfPage":{"@id":"https:\/\/www.ghostysky.com\/product\/fast-charge-kit-emlid\/#primaryimage"},"image":{"@id":"https:\/\/www.ghostysky.com\/product\/fast-charge-kit-emlid\/#primaryimage"},"thumbnailUrl":"https:\/\/www.ghostysky.com\/wp-content\/uploads\/2022\/09\/CHR103_1200x.jpg","datePublished":"2022-09-13T08:02:54+00:00","dateModified":"2024-02-07T08:42:35+00:00","description":"Carregador R\u00e1pido Emlid. Carrega o receptor para 80% em 2,5 horas, para 100% em menos de 3,5 horas. Compat\u00edvel com dispositivos USB-C. Prote\u00e7\u00e3o integrada inteligente para dispositivos","breadcrumb":{"@id":"https:\/\/www.ghostysky.com\/product\/fast-charge-kit-emlid\/#breadcrumb"},"inLanguage":"pt-PT","potentialAction":[{"@type":"ReadAction","target":["https:\/\/www.ghostysky.com\/product\/fast-charge-kit-emlid\/"]}]},{"@type":"ImageObject","inLanguage":"pt-PT","@id":"https:\/\/www.ghostysky.com\/product\/fast-charge-kit-emlid\/#primaryimage","url":"https:\/\/www.ghostysky.com\/wp-content\/uploads\/2022\/09\/CHR103_1200x.jpg","contentUrl":"https:\/\/www.ghostysky.com\/wp-content\/uploads\/2022\/09\/CHR103_1200x.jpg","width":1200,"height":1200},{"@type":"BreadcrumbList","@id":"https:\/\/www.ghostysky.com\/product\/fast-charge-kit-emlid\/#breadcrumb","itemListElement":[{"@type":"ListItem","position":1,"name":"Home","item":"https:\/\/www.ghostysky.com\/"},{"@type":"ListItem","position":2,"name":"Shop","item":"https:\/\/www.ghostysky.com\/shop\/"},{"@type":"ListItem","position":3,"name":"Fast Charger Emlid"}]},{"@type":"WebSite","@id":"https:\/\/www.ghostysky.com\/#website","url":"https:\/\/www.ghostysky.com\/","name":"Ghostysky","description":"Fornecendo drones e servi\u00e7os profissionais","publisher":{"@id":"https:\/\/www.ghostysky.com\/#organization"},"potentialAction":[{"@type":"SearchAction","target":{"@type":"EntryPoint","urlTemplate":"https:\/\/www.ghostysky.com\/?s={search_term_string}"},"query-input":{"@type":"PropertyValueSpecification","valueRequired":true,"valueName":"search_term_string"}}],"inLanguage":"pt-PT"},{"@type":"Organization","@id":"https:\/\/www.ghostysky.com\/#organization","name":"Ghostysky","url":"https:\/\/www.ghostysky.com\/","logo":{"@type":"ImageObject","inLanguage":"pt-PT","@id":"https:\/\/www.ghostysky.com\/#\/schema\/logo\/image\/","url":"https:\/\/www.ghostysky.com\/wp-content\/uploads\/2020\/06\/cropped-ghostyskylogo_text_white2.png","contentUrl":"https:\/\/www.ghostysky.com\/wp-content\/uploads\/2020\/06\/cropped-ghostyskylogo_text_white2.png","width":169,"height":56,"caption":"Ghostysky"},"image":{"@id":"https:\/\/www.ghostysky.com\/#\/schema\/logo\/image\/"},"sameAs":["https:\/\/www.facebook.com\/people\/Ghostysky\/100057676170234\/","https:\/\/x.com\/Gh0stysky","https:\/\/www.linkedin.com\/company\/34739653","https:\/\/www.instagram.com\/gh0stysky"]}]}},"_links":{"self":[{"href":"https:\/\/www.ghostysky.com\/pt\/wp-json\/wp\/v2\/product\/8791","targetHints":{"allow":["GET"]}}],"collection":[{"href":"https:\/\/www.ghostysky.com\/pt\/wp-json\/wp\/v2\/product"}],"about":[{"href":"https:\/\/www.ghostysky.com\/pt\/wp-json\/wp\/v2\/types\/product"}],"replies":[{"embeddable":true,"href":"https:\/\/www.ghostysky.com\/pt\/wp-json\/wp\/v2\/comments?post=8791"}],"wp:featuredmedia":[{"embeddable":true,"href":"https:\/\/www.ghostysky.com\/pt\/wp-json\/wp\/v2\/media\/15886"}],"wp:attachment":[{"href":"https:\/\/www.ghostysky.com\/pt\/wp-json\/wp\/v2\/media?parent=8791"}],"wp:term":[{"taxonomy":"product_brand","embeddable":true,"href":"https:\/\/www.ghostysky.com\/pt\/wp-json\/wp\/v2\/product_brand?post=8791"},{"taxonomy":"product_cat","embeddable":true,"href":"https:\/\/www.ghostysky.com\/pt\/wp-json\/wp\/v2\/product_cat?post=8791"},{"taxonomy":"product_tag","embeddable":true,"href":"https:\/\/www.ghostysky.com\/pt\/wp-json\/wp\/v2\/product_tag?post=8791"}],"curies":[{"name":"wp","href":"https:\/\/api.w.org\/{rel}","templated":true}]}}